{"id":837,"date":"2021-10-26T10:44:09","date_gmt":"2021-10-26T10:44:09","guid":{"rendered":"https:\/\/beynur.eu\/?post_type=product&#038;p=837"},"modified":"2026-05-05T10:32:34","modified_gmt":"2026-05-05T10:32:34","slug":"peeled-broad-beans","status":"publish","type":"product","link":"https:\/\/beynur.eu\/en\/urun\/bakla\/","title":{"rendered":"Peeled broad beans"},"content":{"rendered":"<p><b>Usage recommendations<\/b><b><br \/>\n<\/b><span style=\"font-weight: 400;\">Frozen broad beans are a particularly practical choice for dishes with olive oil, vegetable dishes, soups and various stews and one-pot meals. You can add the product directly to the pot and use it very easily. Together with onions, tomatoes, dill and, depending on taste, a little lemon, aromatic dishes can be prepared.<\/span><\/p>\n<p><b>Storage instructions<\/b><\/p>\n<ul>\n<li style=\"font-weight: 400;\" aria-level=\"1\"><span style=\"font-weight: 400;\">Store the product in the freezer without thawing it beforehand.<\/span><\/li>\n<li style=\"font-weight: 400;\" aria-level=\"1\"><span style=\"font-weight: 400;\">Close the packaging tightly after opening.<\/span><\/li>\n<li style=\"font-weight: 400;\" aria-level=\"1\"><span style=\"font-weight: 400;\">Do not frost again after it is defrosted once.<\/span><\/li>\n<li style=\"font-weight: 400;\" aria-level=\"1\"><span style=\"font-weight: 400;\">Store the product under the recommended storage conditions.<\/span><\/li>\n<li style=\"font-weight: 400;\" aria-level=\"1\"><span style=\"font-weight: 400;\">Niet in het vriesvak bewaren naast sterk ruikende levensmiddelen.<\/span><\/li>\n<\/ul>\n<p>&nbsp;<\/p>","protected":false},"excerpt":{"rendered":"<p><b>Frozen broad beans<\/b><b><br \/>\n<\/b><span style=\"font-weight: 400;\">Among our frozen vegetables, you will also find peeled and ready-to-cook broad beans. Carefully selected seasonal beans preserve their natural taste and firm texture in this way, offering you a practical solution for everyday kitchen use. With this product, you save yourself the tedious work of sorting and preparing and can prepare your meals much faster and more easily.\u00a0\u00a0<\/span><\/p>\n<p><span style=\"font-weight: 400;\">With their characteristic taste and nutritious quality, broad beans are a vegetable that is widely used both in traditional home-style dishes and in various recipes. Our product, frozen and packaged under hygienic conditions, combines this popular taste with natural quality and easy handling.<\/span><\/p>","protected":false},"featured_media":1782,"template":"","meta":[],"product_brand":[],"product_cat":[36],"product_tag":[],"class_list":{"0":"post-837","1":"product","2":"type-product","3":"status-publish","4":"has-post-thumbnail","6":"product_cat-dondurulmus-sebze-urunleri","8":"first","9":"instock","10":"shipping-taxable","11":"product-type-simple"},"yoast_head":"<!-- This site is optimized with the Yoast SEO plugin v26.8 - https:\/\/yoast.com\/product\/yoast-seo-wordpress\/ -->\n<title>Bakla - Beynur<\/title>\n<meta name=\"robots\" content=\"index, follow, max-snippet:-1, max-image-preview:large, max-video-preview:-1\" \/>\n<link rel=\"canonical\" href=\"https:\/\/beynur.eu\/en\/product-2\/peeled-broad-beans\/\" \/>\n<meta property=\"og:locale\" content=\"en_GB\" \/>\n<meta property=\"og:type\" content=\"article\" \/>\n<meta property=\"og:title\" content=\"Bakla - Beynur\" \/>\n<meta property=\"og:description\" content=\"Dondurulmu\u015f Bakla Dondurulmu\u015f sebzelerimizin aras\u0131nda kabuklar\u0131 soyulmu\u015f ve yemek yapmaya haz\u0131r bakla da geliyor. Mevsiminde \u00f6zenle se\u00e7ilen bakla taneleri bu sayede do\u011fal lezzetini ve diri yap\u0131s\u0131n\u0131 koruyor ve mutfa\u011f\u0131n\u0131za pratik bir \u00e7\u00f6z\u00fcm sunuyor. Bu \u00fcr\u00fcn\u00fcm\u00fcz sayesinde ay\u0131klama zahmetinden kurtulacak, yeme\u011finizi \u00e7ok daha pratik ve h\u0131zl\u0131 bir \u015fekilde hazrlayabileceksiniz.\u00a0\u00a0  Bakla, kendine \u00f6zg\u00fc tad\u0131 ve besleyici yap\u0131s\u0131yla hem geleneksel ev yemeklerinde hem de farkl\u0131 tariflerde severek kullan\u0131lan bir sebze. Hijyenik \u015fartlarda dondurulup paketlenen \u00fcr\u00fcn\u00fcm\u00fcz, o sevilen lezzeti do\u011fall\u0131k ve kullan\u0131m kolayl\u0131\u011f\u0131yla bir araya getiriyor.\" \/>\n<meta property=\"og:url\" content=\"https:\/\/beynur.eu\/en\/product-2\/peeled-broad-beans\/\" \/>\n<meta property=\"og:site_name\" content=\"Beynur\" \/>\n<meta property=\"article:modified_time\" content=\"2026-05-05T10:32:34+00:00\" \/>\n<meta property=\"og:image\" content=\"https:\/\/beynur.eu\/wp-content\/uploads\/2021\/10\/Bakla-1.jpg\" \/>\n\t<meta property=\"og:image:width\" content=\"2000\" \/>\n\t<meta property=\"og:image:height\" content=\"2000\" \/>\n\t<meta property=\"og:image:type\" content=\"image\/jpeg\" \/>\n<meta name=\"twitter:card\" content=\"summary_large_image\" \/>\n<meta name=\"twitter:label1\" content=\"Estimated reading time\" \/>\n\t<meta name=\"twitter:data1\" content=\"1 minute\" \/>\n<script type=\"application\/ld+json\" class=\"yoast-schema-graph\">{\"@context\":\"https:\/\/schema.org\",\"@graph\":[{\"@type\":\"WebPage\",\"@id\":\"https:\/\/beynur.eu\/urun\/bakla\/\",\"url\":\"https:\/\/beynur.eu\/urun\/bakla\/\",\"name\":\"Bakla - Beynur\",\"isPartOf\":{\"@id\":\"https:\/\/beynur.eu\/#website\"},\"primaryImageOfPage\":{\"@id\":\"https:\/\/beynur.eu\/urun\/bakla\/#primaryimage\"},\"image\":{\"@id\":\"https:\/\/beynur.eu\/urun\/bakla\/#primaryimage\"},\"thumbnailUrl\":\"https:\/\/beynur.eu\/wp-content\/uploads\/2021\/10\/Bakla-1.jpg\",\"datePublished\":\"2021-10-26T10:44:09+00:00\",\"dateModified\":\"2026-05-05T10:32:34+00:00\",\"breadcrumb\":{\"@id\":\"https:\/\/beynur.eu\/urun\/bakla\/#breadcrumb\"},\"inLanguage\":\"en-GB\",\"potentialAction\":[{\"@type\":\"ReadAction\",\"target\":[\"https:\/\/beynur.eu\/urun\/bakla\/\"]}]},{\"@type\":\"ImageObject\",\"inLanguage\":\"en-GB\",\"@id\":\"https:\/\/beynur.eu\/urun\/bakla\/#primaryimage\",\"url\":\"https:\/\/beynur.eu\/wp-content\/uploads\/2021\/10\/Bakla-1.jpg\",\"contentUrl\":\"https:\/\/beynur.eu\/wp-content\/uploads\/2021\/10\/Bakla-1.jpg\",\"width\":2000,\"height\":2000},{\"@type\":\"BreadcrumbList\",\"@id\":\"https:\/\/beynur.eu\/urun\/bakla\/#breadcrumb\",\"itemListElement\":[{\"@type\":\"ListItem\",\"position\":1,\"name\":\"Home\",\"item\":\"https:\/\/beynur.eu\/\"},{\"@type\":\"ListItem\",\"position\":2,\"name\":\"\u00dcr\u00fcnlerimiz\",\"item\":\"https:\/\/beynur.eu\/en\/urunlerimiz\/\"},{\"@type\":\"ListItem\",\"position\":3,\"name\":\"Bakla\"}]},{\"@type\":\"WebSite\",\"@id\":\"https:\/\/beynur.eu\/#website\",\"url\":\"https:\/\/beynur.eu\/\",\"name\":\"Beynur\",\"description\":\"\u0130lk g\u00fcnk\u00fc a\u015fkla, muhte\u015fem tatlar.\",\"potentialAction\":[{\"@type\":\"SearchAction\",\"target\":{\"@type\":\"EntryPoint\",\"urlTemplate\":\"https:\/\/beynur.eu\/?s={search_term_string}\"},\"query-input\":{\"@type\":\"PropertyValueSpecification\",\"valueRequired\":true,\"valueName\":\"search_term_string\"}}],\"inLanguage\":\"en-GB\"}]}<\/script>\n<!-- \/ Yoast SEO plugin. -->","yoast_head_json":{"title":"Bakla - Beynur","robots":{"index":"index","follow":"follow","max-snippet":"max-snippet:-1","max-image-preview":"max-image-preview:large","max-video-preview":"max-video-preview:-1"},"canonical":"https:\/\/beynur.eu\/en\/product-2\/peeled-broad-beans\/","og_locale":"en_GB","og_type":"article","og_title":"Bakla - Beynur","og_description":"Dondurulmu\u015f Bakla Dondurulmu\u015f sebzelerimizin aras\u0131nda kabuklar\u0131 soyulmu\u015f ve yemek yapmaya haz\u0131r bakla da geliyor. Mevsiminde \u00f6zenle se\u00e7ilen bakla taneleri bu sayede do\u011fal lezzetini ve diri yap\u0131s\u0131n\u0131 koruyor ve mutfa\u011f\u0131n\u0131za pratik bir \u00e7\u00f6z\u00fcm sunuyor. Bu \u00fcr\u00fcn\u00fcm\u00fcz sayesinde ay\u0131klama zahmetinden kurtulacak, yeme\u011finizi \u00e7ok daha pratik ve h\u0131zl\u0131 bir \u015fekilde hazrlayabileceksiniz.\u00a0\u00a0  Bakla, kendine \u00f6zg\u00fc tad\u0131 ve besleyici yap\u0131s\u0131yla hem geleneksel ev yemeklerinde hem de farkl\u0131 tariflerde severek kullan\u0131lan bir sebze. Hijyenik \u015fartlarda dondurulup paketlenen \u00fcr\u00fcn\u00fcm\u00fcz, o sevilen lezzeti do\u011fall\u0131k ve kullan\u0131m kolayl\u0131\u011f\u0131yla bir araya getiriyor.","og_url":"https:\/\/beynur.eu\/en\/product-2\/peeled-broad-beans\/","og_site_name":"Beynur","article_modified_time":"2026-05-05T10:32:34+00:00","og_image":[{"width":2000,"height":2000,"url":"https:\/\/beynur.eu\/wp-content\/uploads\/2021\/10\/Bakla-1.jpg","type":"image\/jpeg"}],"twitter_card":"summary_large_image","twitter_misc":{"Estimated reading time":"1 minute"},"schema":{"@context":"https:\/\/schema.org","@graph":[{"@type":"WebPage","@id":"https:\/\/beynur.eu\/urun\/bakla\/","url":"https:\/\/beynur.eu\/urun\/bakla\/","name":"Bakla - Beynur","isPartOf":{"@id":"https:\/\/beynur.eu\/#website"},"primaryImageOfPage":{"@id":"https:\/\/beynur.eu\/urun\/bakla\/#primaryimage"},"image":{"@id":"https:\/\/beynur.eu\/urun\/bakla\/#primaryimage"},"thumbnailUrl":"https:\/\/beynur.eu\/wp-content\/uploads\/2021\/10\/Bakla-1.jpg","datePublished":"2021-10-26T10:44:09+00:00","dateModified":"2026-05-05T10:32:34+00:00","breadcrumb":{"@id":"https:\/\/beynur.eu\/urun\/bakla\/#breadcrumb"},"inLanguage":"en-GB","potentialAction":[{"@type":"ReadAction","target":["https:\/\/beynur.eu\/urun\/bakla\/"]}]},{"@type":"ImageObject","inLanguage":"en-GB","@id":"https:\/\/beynur.eu\/urun\/bakla\/#primaryimage","url":"https:\/\/beynur.eu\/wp-content\/uploads\/2021\/10\/Bakla-1.jpg","contentUrl":"https:\/\/beynur.eu\/wp-content\/uploads\/2021\/10\/Bakla-1.jpg","width":2000,"height":2000},{"@type":"BreadcrumbList","@id":"https:\/\/beynur.eu\/urun\/bakla\/#breadcrumb","itemListElement":[{"@type":"ListItem","position":1,"name":"Home","item":"https:\/\/beynur.eu\/"},{"@type":"ListItem","position":2,"name":"\u00dcr\u00fcnlerimiz","item":"https:\/\/beynur.eu\/en\/urunlerimiz\/"},{"@type":"ListItem","position":3,"name":"Bakla"}]},{"@type":"WebSite","@id":"https:\/\/beynur.eu\/#website","url":"https:\/\/beynur.eu\/","name":"Beynur","description":"\u0130lk g\u00fcnk\u00fc a\u015fkla, muhte\u015fem tatlar.","potentialAction":[{"@type":"SearchAction","target":{"@type":"EntryPoint","urlTemplate":"https:\/\/beynur.eu\/?s={search_term_string}"},"query-input":{"@type":"PropertyValueSpecification","valueRequired":true,"valueName":"search_term_string"}}],"inLanguage":"en-GB"}]}},"_links":{"self":[{"href":"https:\/\/beynur.eu\/en\/wp-json\/wp\/v2\/product\/837","targetHints":{"allow":["GET"]}}],"collection":[{"href":"https:\/\/beynur.eu\/en\/wp-json\/wp\/v2\/product"}],"about":[{"href":"https:\/\/beynur.eu\/en\/wp-json\/wp\/v2\/types\/product"}],"wp:featuredmedia":[{"embeddable":true,"href":"https:\/\/beynur.eu\/en\/wp-json\/wp\/v2\/media\/1782"}],"wp:attachment":[{"href":"https:\/\/beynur.eu\/en\/wp-json\/wp\/v2\/media?parent=837"}],"wp:term":[{"taxonomy":"product_brand","embeddable":true,"href":"https:\/\/beynur.eu\/en\/wp-json\/wp\/v2\/product_brand?post=837"},{"taxonomy":"product_cat","embeddable":true,"href":"https:\/\/beynur.eu\/en\/wp-json\/wp\/v2\/product_cat?post=837"},{"taxonomy":"product_tag","embeddable":true,"href":"https:\/\/beynur.eu\/en\/wp-json\/wp\/v2\/product_tag?post=837"}],"curies":[{"name":"wp","href":"https:\/\/api.w.org\/{rel}","templated":true}]}}