{"id":847,"date":"2021-10-26T10:46:48","date_gmt":"2021-10-26T10:46:48","guid":{"rendered":"https:\/\/beynur.eu\/?post_type=product&#038;p=847"},"modified":"2026-04-30T14:32:57","modified_gmt":"2026-04-30T14:32:57","slug":"ispanak-bloklari","status":"publish","type":"product","link":"https:\/\/beynur.eu\/en\/urun\/ispanak-bloklari\/","title":{"rendered":"Spinach Blocks"},"content":{"rendered":"<p><b>Usage recommendations<\/b><span style=\"font-weight: 400;\"><br \/>\n<\/span><span style=\"font-weight: 400;\">Our frozen spinach is a particularly practical choice for vegetable dishes, soups, b\u00f6rek fillings, omelettes and various one-pot dishes. You can add the portioned spinach blocks directly to the pot or pan and use them very easily. Together with onions, garlic and, depending on taste, yoghurt, cream or cheese, delicious dishes can be prepared. <\/span><\/p>\n<p><span style=\"font-weight: 400;\">The typical taste of spinach also comes through beautifully in meat dishes, oven-baked recipes or light vegetable dishes with olive oil. The block form also helps you use only the amount you really need, without having to thaw too much product at once.<\/span><\/p>\n<p><b>Storage instructions<\/b><\/p>\n<ul>\n<li style=\"font-weight: 400;\" aria-level=\"1\"><span style=\"font-weight: 400;\">Store the product in the freezer without thawing it beforehand.<\/span><\/li>\n<li style=\"font-weight: 400;\" aria-level=\"1\"><span style=\"font-weight: 400;\">\u00a0Close the packaging tightly after opening.<\/span><\/li>\n<li style=\"font-weight: 400;\" aria-level=\"1\"><span style=\"font-weight: 400;\">\u00a0Do not frost again after it is defrosted once.<\/span><\/li>\n<li style=\"font-weight: 400;\" aria-level=\"1\"><span style=\"font-weight: 400;\">\u00a0Store the product under the recommended storage conditions.<\/span><\/li>\n<li style=\"font-weight: 400;\" aria-level=\"1\"><span style=\"font-weight: 400;\">\u00a0Niet in het vriesvak bewaren naast sterk ruikende levensmiddelen.<\/span><\/li>\n<\/ul>\n<p>&nbsp;<\/p>","protected":false},"excerpt":{"rendered":"<p><b>Frozen spinach blocks<\/b><span style=\"font-weight: 400;\"><br \/>\n<\/span><span style=\"font-weight: 400;\">Among our frozen vegetable products, you will also find ready-to-cook prepared spinach blocks. Carefully selected seasonal spinach preserves its nutritional value, natural taste, fresh colour and tender texture, offering you a practical solution for everyday kitchen use. With this product, you save yourself the time-consuming work of cleaning, washing and cutting and can prepare your dishes much faster.\u00a0<\/span><\/p>\n<p><span style=\"font-weight: 400;\">Thanks to the block form, you can take exactly the amount you need at the moment and adjust the portions especially easily. Our product, frozen and packaged under hygienic conditions, brings the popular taste of spinach together with natural quality and practical handling directly to your table.<\/span><\/p>","protected":false},"featured_media":1687,"template":"","meta":[],"product_brand":[],"product_cat":[36],"product_tag":[],"class_list":{"0":"post-847","1":"product","2":"type-product","3":"status-publish","4":"has-post-thumbnail","6":"product_cat-dondurulmus-sebze-urunleri","8":"first","9":"instock","10":"shipping-taxable","11":"product-type-simple"},"yoast_head":"<!-- This site is optimized with the Yoast SEO plugin v26.8 - https:\/\/yoast.com\/product\/yoast-seo-wordpress\/ -->\n<title>Ispanak Bloklar\u0131 - Beynur<\/title>\n<meta name=\"robots\" content=\"index, follow, max-snippet:-1, max-image-preview:large, max-video-preview:-1\" \/>\n<link rel=\"canonical\" href=\"https:\/\/beynur.eu\/en\/product-2\/ispanak-bloklari\/\" \/>\n<meta property=\"og:locale\" content=\"en_GB\" \/>\n<meta property=\"og:type\" content=\"article\" \/>\n<meta property=\"og:title\" content=\"Ispanak Bloklar\u0131 - Beynur\" \/>\n<meta property=\"og:description\" content=\"Dondurulmu\u015f Ispanak Bloklar\u0131 Dondurulmu\u015f sebze \u00fcr\u00fcnlerimizin aras\u0131nda pi\u015firmeye haz\u0131r hale getirilmi\u015f \u0131spanak bloklar\u0131 da yer al\u0131yor. Mevsiminde \u00f6zenle se\u00e7ilen \u0131spanaklar; besin de\u011ferini, do\u011fal lezzetini, canl\u0131 rengini ve yumu\u015fak dokusunu koruyarak mutfa\u011f\u0131n\u0131za pratik bir \u00e7\u00f6z\u00fcm sunuyor. Bu \u00fcr\u00fcn\u00fcm\u00fczle ay\u0131klama, y\u0131kama ve do\u011frama zahmetinden kurtulacak, yemeklerinizi \u00e7ok daha h\u0131zl\u0131 haz\u0131rlayabileceksiniz.\u00a0  \u00dcr\u00fcn\u00fcm\u00fczdeki blok formu sayesinde ihtiyac\u0131n\u0131z kadar kullanabilir, porsiyon ayar\u0131n\u0131 daha kolay yapabilirsiniz. Hijyenik \u015fartlarda dondurulup paketlenen \u0131spanak bloklar\u0131, sevilen lezzeti do\u011fall\u0131k ve kullan\u0131m kolayl\u0131\u011f\u0131yla sofralar\u0131n\u0131za getiriyor.\" \/>\n<meta property=\"og:url\" content=\"https:\/\/beynur.eu\/en\/product-2\/ispanak-bloklari\/\" \/>\n<meta property=\"og:site_name\" content=\"Beynur\" \/>\n<meta property=\"article:modified_time\" content=\"2026-04-30T14:32:57+00:00\" \/>\n<meta property=\"og:image\" content=\"https:\/\/beynur.eu\/wp-content\/uploads\/2021\/10\/ispanak-bloklari.jpg\" \/>\n\t<meta property=\"og:image:width\" content=\"1500\" \/>\n\t<meta property=\"og:image:height\" content=\"1500\" \/>\n\t<meta property=\"og:image:type\" content=\"image\/jpeg\" \/>\n<meta name=\"twitter:card\" content=\"summary_large_image\" \/>\n<meta name=\"twitter:label1\" content=\"Estimated reading time\" \/>\n\t<meta name=\"twitter:data1\" content=\"1 minute\" \/>\n<script type=\"application\/ld+json\" class=\"yoast-schema-graph\">{\"@context\":\"https:\/\/schema.org\",\"@graph\":[{\"@type\":\"WebPage\",\"@id\":\"https:\/\/beynur.eu\/urun\/ispanak-bloklari\/\",\"url\":\"https:\/\/beynur.eu\/urun\/ispanak-bloklari\/\",\"name\":\"Ispanak Bloklar\u0131 - Beynur\",\"isPartOf\":{\"@id\":\"https:\/\/beynur.eu\/#website\"},\"primaryImageOfPage\":{\"@id\":\"https:\/\/beynur.eu\/urun\/ispanak-bloklari\/#primaryimage\"},\"image\":{\"@id\":\"https:\/\/beynur.eu\/urun\/ispanak-bloklari\/#primaryimage\"},\"thumbnailUrl\":\"https:\/\/beynur.eu\/wp-content\/uploads\/2021\/10\/ispanak-bloklari.jpg\",\"datePublished\":\"2021-10-26T10:46:48+00:00\",\"dateModified\":\"2026-04-30T14:32:57+00:00\",\"breadcrumb\":{\"@id\":\"https:\/\/beynur.eu\/urun\/ispanak-bloklari\/#breadcrumb\"},\"inLanguage\":\"en-GB\",\"potentialAction\":[{\"@type\":\"ReadAction\",\"target\":[\"https:\/\/beynur.eu\/urun\/ispanak-bloklari\/\"]}]},{\"@type\":\"ImageObject\",\"inLanguage\":\"en-GB\",\"@id\":\"https:\/\/beynur.eu\/urun\/ispanak-bloklari\/#primaryimage\",\"url\":\"https:\/\/beynur.eu\/wp-content\/uploads\/2021\/10\/ispanak-bloklari.jpg\",\"contentUrl\":\"https:\/\/beynur.eu\/wp-content\/uploads\/2021\/10\/ispanak-bloklari.jpg\",\"width\":1500,\"height\":1500},{\"@type\":\"BreadcrumbList\",\"@id\":\"https:\/\/beynur.eu\/urun\/ispanak-bloklari\/#breadcrumb\",\"itemListElement\":[{\"@type\":\"ListItem\",\"position\":1,\"name\":\"Home\",\"item\":\"https:\/\/beynur.eu\/\"},{\"@type\":\"ListItem\",\"position\":2,\"name\":\"\u00dcr\u00fcnlerimiz\",\"item\":\"https:\/\/beynur.eu\/en\/urunlerimiz\/\"},{\"@type\":\"ListItem\",\"position\":3,\"name\":\"Ispanak Bloklar\u0131\"}]},{\"@type\":\"WebSite\",\"@id\":\"https:\/\/beynur.eu\/#website\",\"url\":\"https:\/\/beynur.eu\/\",\"name\":\"Beynur\",\"description\":\"\u0130lk g\u00fcnk\u00fc a\u015fkla, muhte\u015fem tatlar.\",\"potentialAction\":[{\"@type\":\"SearchAction\",\"target\":{\"@type\":\"EntryPoint\",\"urlTemplate\":\"https:\/\/beynur.eu\/?s={search_term_string}\"},\"query-input\":{\"@type\":\"PropertyValueSpecification\",\"valueRequired\":true,\"valueName\":\"search_term_string\"}}],\"inLanguage\":\"en-GB\"}]}<\/script>\n<!-- \/ Yoast SEO plugin. -->","yoast_head_json":{"title":"Ispanak Bloklar\u0131 - Beynur","robots":{"index":"index","follow":"follow","max-snippet":"max-snippet:-1","max-image-preview":"max-image-preview:large","max-video-preview":"max-video-preview:-1"},"canonical":"https:\/\/beynur.eu\/en\/product-2\/ispanak-bloklari\/","og_locale":"en_GB","og_type":"article","og_title":"Ispanak Bloklar\u0131 - Beynur","og_description":"Dondurulmu\u015f Ispanak Bloklar\u0131 Dondurulmu\u015f sebze \u00fcr\u00fcnlerimizin aras\u0131nda pi\u015firmeye haz\u0131r hale getirilmi\u015f \u0131spanak bloklar\u0131 da yer al\u0131yor. Mevsiminde \u00f6zenle se\u00e7ilen \u0131spanaklar; besin de\u011ferini, do\u011fal lezzetini, canl\u0131 rengini ve yumu\u015fak dokusunu koruyarak mutfa\u011f\u0131n\u0131za pratik bir \u00e7\u00f6z\u00fcm sunuyor. Bu \u00fcr\u00fcn\u00fcm\u00fczle ay\u0131klama, y\u0131kama ve do\u011frama zahmetinden kurtulacak, yemeklerinizi \u00e7ok daha h\u0131zl\u0131 haz\u0131rlayabileceksiniz.\u00a0  \u00dcr\u00fcn\u00fcm\u00fczdeki blok formu sayesinde ihtiyac\u0131n\u0131z kadar kullanabilir, porsiyon ayar\u0131n\u0131 daha kolay yapabilirsiniz. Hijyenik \u015fartlarda dondurulup paketlenen \u0131spanak bloklar\u0131, sevilen lezzeti do\u011fall\u0131k ve kullan\u0131m kolayl\u0131\u011f\u0131yla sofralar\u0131n\u0131za getiriyor.","og_url":"https:\/\/beynur.eu\/en\/product-2\/ispanak-bloklari\/","og_site_name":"Beynur","article_modified_time":"2026-04-30T14:32:57+00:00","og_image":[{"width":1500,"height":1500,"url":"https:\/\/beynur.eu\/wp-content\/uploads\/2021\/10\/ispanak-bloklari.jpg","type":"image\/jpeg"}],"twitter_card":"summary_large_image","twitter_misc":{"Estimated reading time":"1 minute"},"schema":{"@context":"https:\/\/schema.org","@graph":[{"@type":"WebPage","@id":"https:\/\/beynur.eu\/urun\/ispanak-bloklari\/","url":"https:\/\/beynur.eu\/urun\/ispanak-bloklari\/","name":"Ispanak Bloklar\u0131 - Beynur","isPartOf":{"@id":"https:\/\/beynur.eu\/#website"},"primaryImageOfPage":{"@id":"https:\/\/beynur.eu\/urun\/ispanak-bloklari\/#primaryimage"},"image":{"@id":"https:\/\/beynur.eu\/urun\/ispanak-bloklari\/#primaryimage"},"thumbnailUrl":"https:\/\/beynur.eu\/wp-content\/uploads\/2021\/10\/ispanak-bloklari.jpg","datePublished":"2021-10-26T10:46:48+00:00","dateModified":"2026-04-30T14:32:57+00:00","breadcrumb":{"@id":"https:\/\/beynur.eu\/urun\/ispanak-bloklari\/#breadcrumb"},"inLanguage":"en-GB","potentialAction":[{"@type":"ReadAction","target":["https:\/\/beynur.eu\/urun\/ispanak-bloklari\/"]}]},{"@type":"ImageObject","inLanguage":"en-GB","@id":"https:\/\/beynur.eu\/urun\/ispanak-bloklari\/#primaryimage","url":"https:\/\/beynur.eu\/wp-content\/uploads\/2021\/10\/ispanak-bloklari.jpg","contentUrl":"https:\/\/beynur.eu\/wp-content\/uploads\/2021\/10\/ispanak-bloklari.jpg","width":1500,"height":1500},{"@type":"BreadcrumbList","@id":"https:\/\/beynur.eu\/urun\/ispanak-bloklari\/#breadcrumb","itemListElement":[{"@type":"ListItem","position":1,"name":"Home","item":"https:\/\/beynur.eu\/"},{"@type":"ListItem","position":2,"name":"\u00dcr\u00fcnlerimiz","item":"https:\/\/beynur.eu\/en\/urunlerimiz\/"},{"@type":"ListItem","position":3,"name":"Ispanak Bloklar\u0131"}]},{"@type":"WebSite","@id":"https:\/\/beynur.eu\/#website","url":"https:\/\/beynur.eu\/","name":"Beynur","description":"\u0130lk g\u00fcnk\u00fc a\u015fkla, muhte\u015fem tatlar.","potentialAction":[{"@type":"SearchAction","target":{"@type":"EntryPoint","urlTemplate":"https:\/\/beynur.eu\/?s={search_term_string}"},"query-input":{"@type":"PropertyValueSpecification","valueRequired":true,"valueName":"search_term_string"}}],"inLanguage":"en-GB"}]}},"_links":{"self":[{"href":"https:\/\/beynur.eu\/en\/wp-json\/wp\/v2\/product\/847","targetHints":{"allow":["GET"]}}],"collection":[{"href":"https:\/\/beynur.eu\/en\/wp-json\/wp\/v2\/product"}],"about":[{"href":"https:\/\/beynur.eu\/en\/wp-json\/wp\/v2\/types\/product"}],"wp:featuredmedia":[{"embeddable":true,"href":"https:\/\/beynur.eu\/en\/wp-json\/wp\/v2\/media\/1687"}],"wp:attachment":[{"href":"https:\/\/beynur.eu\/en\/wp-json\/wp\/v2\/media?parent=847"}],"wp:term":[{"taxonomy":"product_brand","embeddable":true,"href":"https:\/\/beynur.eu\/en\/wp-json\/wp\/v2\/product_brand?post=847"},{"taxonomy":"product_cat","embeddable":true,"href":"https:\/\/beynur.eu\/en\/wp-json\/wp\/v2\/product_cat?post=847"},{"taxonomy":"product_tag","embeddable":true,"href":"https:\/\/beynur.eu\/en\/wp-json\/wp\/v2\/product_tag?post=847"}],"curies":[{"name":"wp","href":"https:\/\/api.w.org\/{rel}","templated":true}]}}