{"id":863,"date":"2021-12-07T16:42:32","date_gmt":"2021-12-07T16:42:32","guid":{"rendered":"https:\/\/beynur.eu\/?post_type=product&#038;p=863"},"modified":"2026-04-30T13:50:09","modified_gmt":"2026-04-30T13:50:09","slug":"meksi-kebab-8-adet","status":"publish","type":"product","link":"https:\/\/beynur.eu\/en\/urun\/meksi-kebab-8-adet\/","title":{"rendered":"Mexi kebab (pack of 8)"},"content":{"rendered":"<p><strong>Usage recommendations<\/strong><\/p>\n<p><span style=\"font-weight: 400;\">Our Mexi kebab is offered pre-cooked and frozen and can be conveniently prepared in a deep fryer, pan or on the grill. The pack contains 8 pieces, each weighing 100 g. French fries, soft lavash bread, grilled vegetables, fresh salad and garlic or spicy sauces go particularly well with it. <\/span>Mexi-Kebab<span style=\"font-weight: 400;\">, pratik frit\u00f6z, tava ve mangalda kolayca pi\u015firilebilir. Paket i\u00e7inde her biri 100 gram a\u011f\u0131rl\u0131\u011f\u0131nda 8 adet \u00fcr\u00fcn bulunuyor. Mexi-Kebab\u2019a k\u0131zarm\u0131\u015f patates, yumu\u015fak lava\u015f ekme\u011fi, k\u00f6zlenmi\u015f sebze, taze salata ve sar\u0131msakl\u0131 veya ac\u0131 soslar son derece uyumlu e\u015flik\u00e7iler olabilir.<\/span><\/p>\n<p><b>Storage instructions<\/b><\/p>\n<ul>\n<li style=\"font-weight: 400;\" aria-level=\"1\"><span style=\"font-weight: 400;\">Store the product in the freezer without thawing it beforehand.<\/span><\/li>\n<li style=\"font-weight: 400;\" aria-level=\"1\"><span style=\"font-weight: 400;\">Close the packaging carefully after opening.<\/span><\/li>\n<li style=\"font-weight: 400;\" aria-level=\"1\"><span style=\"font-weight: 400;\">Do not frost again after it is defrosted once.<\/span><\/li>\n<li style=\"font-weight: 400;\" aria-level=\"1\"><span style=\"font-weight: 400;\">Store the product under the recommended storage conditions.<\/span><\/li>\n<li style=\"font-weight: 400;\" aria-level=\"1\"><span style=\"font-weight: 400;\">Keep frozen until use.<\/span><\/li>\n<li style=\"font-weight: 400;\" aria-level=\"1\"><span style=\"font-weight: 400;\">For the best result, heat the product thoroughly until it is hot all the way through.<\/span><\/li>\n<\/ul>","protected":false},"excerpt":{"rendered":"<p><b>Frozen Mexi kebab\u00a0<\/b><\/p>\n<p>Mexi-Kebab<span style=\"font-weight: 400;\">Mexi kebab is a practical speciality with its own distinctive flavour profile, which has enjoyed great popularity in Europe since the 1980s. Our product made from spicy minced meat has a flavour character that more than meets the expectations of Antep kebab lovers.\u00a0\u00a0<\/span><\/p>\n<p><span style=\"font-weight: 400;\">This product is made from 100% halal-slaughtered chicken meat. With its spicy taste and satisfying form, it is an extremely practical choice, especially on stressful days, for meals that can be prepared in no time.\u00a0<\/span><\/p>","protected":false},"featured_media":864,"template":"","meta":[],"product_brand":[],"product_cat":[18],"product_tag":[],"class_list":{"0":"post-863","1":"product","2":"type-product","3":"status-publish","4":"has-post-thumbnail","6":"product_cat-tavuk-ve-hindi-urunleri","8":"first","9":"instock","10":"shipping-taxable","11":"product-type-simple"},"yoast_head":"<!-- This site is optimized with the Yoast SEO plugin v26.8 - https:\/\/yoast.com\/product\/yoast-seo-wordpress\/ -->\n<title>Meksi Kebab (8 Adet) - Beynur<\/title>\n<meta name=\"robots\" content=\"index, follow, max-snippet:-1, max-image-preview:large, max-video-preview:-1\" \/>\n<link rel=\"canonical\" href=\"https:\/\/beynur.eu\/en\/product-2\/meksi-kebab-8-adet\/\" \/>\n<meta property=\"og:locale\" content=\"en_GB\" \/>\n<meta property=\"og:type\" content=\"article\" \/>\n<meta property=\"og:title\" content=\"Meksi Kebab (8 Adet) - Beynur\" \/>\n<meta property=\"og:description\" content=\"Dondurulmu\u015f Mexi-Kebab\u00a0  Mexi-Kebab, Avrupa\u2019da 1980\u2019li y\u0131llardan bu yana sevilen, kendine \u00f6zg\u00fc profile sahip pratik bir lezzet se\u00e7ene\u011fi. Ac\u0131l\u0131 k\u0131ymadan \u00fcretti\u011fimiz bu \u00fcr\u00fcn\u00fcm\u00fcz, Antep Kebab\u0131 sevenlerin beklentilerini fazlas\u0131yla kar\u015f\u0131layacak bir lezzet karakterine sahip.\u00a0\u00a0  Y\u00fczde y\u00fcz helal kesim tavuk etinden \u00fcretilen bu \u00fcr\u00fcn, i\u015fte bu lezzet ve doyurucu formuyla \u00f6zellikle yo\u011fun g\u00fcnlerde bir \u00e7\u0131rp\u0131da\u00a0 haz\u0131rlanabilen \u00f6\u011f\u00fcnler i\u00e7in olduk\u00e7a pratik bir tercih olma \u00f6zelli\u011fini ta\u015f\u0131yor.\u00a0\" \/>\n<meta property=\"og:url\" content=\"https:\/\/beynur.eu\/en\/product-2\/meksi-kebab-8-adet\/\" \/>\n<meta property=\"og:site_name\" content=\"Beynur\" \/>\n<meta property=\"article:modified_time\" content=\"2026-04-30T13:50:09+00:00\" \/>\n<meta property=\"og:image\" content=\"https:\/\/beynur.eu\/wp-content\/uploads\/2021\/12\/Antep_Kebap_ET.jpg\" \/>\n\t<meta property=\"og:image:width\" content=\"1000\" \/>\n\t<meta property=\"og:image:height\" content=\"1000\" \/>\n\t<meta property=\"og:image:type\" content=\"image\/jpeg\" \/>\n<meta name=\"twitter:card\" content=\"summary_large_image\" \/>\n<meta name=\"twitter:label1\" content=\"Estimated reading time\" \/>\n\t<meta name=\"twitter:data1\" content=\"1 minute\" \/>\n<script type=\"application\/ld+json\" class=\"yoast-schema-graph\">{\"@context\":\"https:\/\/schema.org\",\"@graph\":[{\"@type\":\"WebPage\",\"@id\":\"https:\/\/beynur.eu\/urun\/meksi-kebab-8-adet\/\",\"url\":\"https:\/\/beynur.eu\/urun\/meksi-kebab-8-adet\/\",\"name\":\"Meksi Kebab (8 Adet) - Beynur\",\"isPartOf\":{\"@id\":\"https:\/\/beynur.eu\/#website\"},\"primaryImageOfPage\":{\"@id\":\"https:\/\/beynur.eu\/urun\/meksi-kebab-8-adet\/#primaryimage\"},\"image\":{\"@id\":\"https:\/\/beynur.eu\/urun\/meksi-kebab-8-adet\/#primaryimage\"},\"thumbnailUrl\":\"https:\/\/beynur.eu\/wp-content\/uploads\/2021\/12\/Antep_Kebap_ET.jpg\",\"datePublished\":\"2021-12-07T16:42:32+00:00\",\"dateModified\":\"2026-04-30T13:50:09+00:00\",\"breadcrumb\":{\"@id\":\"https:\/\/beynur.eu\/urun\/meksi-kebab-8-adet\/#breadcrumb\"},\"inLanguage\":\"en-GB\",\"potentialAction\":[{\"@type\":\"ReadAction\",\"target\":[\"https:\/\/beynur.eu\/urun\/meksi-kebab-8-adet\/\"]}]},{\"@type\":\"ImageObject\",\"inLanguage\":\"en-GB\",\"@id\":\"https:\/\/beynur.eu\/urun\/meksi-kebab-8-adet\/#primaryimage\",\"url\":\"https:\/\/beynur.eu\/wp-content\/uploads\/2021\/12\/Antep_Kebap_ET.jpg\",\"contentUrl\":\"https:\/\/beynur.eu\/wp-content\/uploads\/2021\/12\/Antep_Kebap_ET.jpg\",\"width\":1000,\"height\":1000},{\"@type\":\"BreadcrumbList\",\"@id\":\"https:\/\/beynur.eu\/urun\/meksi-kebab-8-adet\/#breadcrumb\",\"itemListElement\":[{\"@type\":\"ListItem\",\"position\":1,\"name\":\"Home\",\"item\":\"https:\/\/beynur.eu\/\"},{\"@type\":\"ListItem\",\"position\":2,\"name\":\"\u00dcr\u00fcnlerimiz\",\"item\":\"https:\/\/beynur.eu\/en\/urunlerimiz\/\"},{\"@type\":\"ListItem\",\"position\":3,\"name\":\"Meksi Kebab (8 Adet)\"}]},{\"@type\":\"WebSite\",\"@id\":\"https:\/\/beynur.eu\/#website\",\"url\":\"https:\/\/beynur.eu\/\",\"name\":\"Beynur\",\"description\":\"\u0130lk g\u00fcnk\u00fc a\u015fkla, muhte\u015fem tatlar.\",\"potentialAction\":[{\"@type\":\"SearchAction\",\"target\":{\"@type\":\"EntryPoint\",\"urlTemplate\":\"https:\/\/beynur.eu\/?s={search_term_string}\"},\"query-input\":{\"@type\":\"PropertyValueSpecification\",\"valueRequired\":true,\"valueName\":\"search_term_string\"}}],\"inLanguage\":\"en-GB\"}]}<\/script>\n<!-- \/ Yoast SEO plugin. -->","yoast_head_json":{"title":"Meksi Kebab (8 Adet) - Beynur","robots":{"index":"index","follow":"follow","max-snippet":"max-snippet:-1","max-image-preview":"max-image-preview:large","max-video-preview":"max-video-preview:-1"},"canonical":"https:\/\/beynur.eu\/en\/product-2\/meksi-kebab-8-adet\/","og_locale":"en_GB","og_type":"article","og_title":"Meksi Kebab (8 Adet) - Beynur","og_description":"Dondurulmu\u015f Mexi-Kebab\u00a0  Mexi-Kebab, Avrupa\u2019da 1980\u2019li y\u0131llardan bu yana sevilen, kendine \u00f6zg\u00fc profile sahip pratik bir lezzet se\u00e7ene\u011fi. Ac\u0131l\u0131 k\u0131ymadan \u00fcretti\u011fimiz bu \u00fcr\u00fcn\u00fcm\u00fcz, Antep Kebab\u0131 sevenlerin beklentilerini fazlas\u0131yla kar\u015f\u0131layacak bir lezzet karakterine sahip.\u00a0\u00a0  Y\u00fczde y\u00fcz helal kesim tavuk etinden \u00fcretilen bu \u00fcr\u00fcn, i\u015fte bu lezzet ve doyurucu formuyla \u00f6zellikle yo\u011fun g\u00fcnlerde bir \u00e7\u0131rp\u0131da\u00a0 haz\u0131rlanabilen \u00f6\u011f\u00fcnler i\u00e7in olduk\u00e7a pratik bir tercih olma \u00f6zelli\u011fini ta\u015f\u0131yor.\u00a0","og_url":"https:\/\/beynur.eu\/en\/product-2\/meksi-kebab-8-adet\/","og_site_name":"Beynur","article_modified_time":"2026-04-30T13:50:09+00:00","og_image":[{"width":1000,"height":1000,"url":"https:\/\/beynur.eu\/wp-content\/uploads\/2021\/12\/Antep_Kebap_ET.jpg","type":"image\/jpeg"}],"twitter_card":"summary_large_image","twitter_misc":{"Estimated reading time":"1 minute"},"schema":{"@context":"https:\/\/schema.org","@graph":[{"@type":"WebPage","@id":"https:\/\/beynur.eu\/urun\/meksi-kebab-8-adet\/","url":"https:\/\/beynur.eu\/urun\/meksi-kebab-8-adet\/","name":"Meksi Kebab (8 Adet) - Beynur","isPartOf":{"@id":"https:\/\/beynur.eu\/#website"},"primaryImageOfPage":{"@id":"https:\/\/beynur.eu\/urun\/meksi-kebab-8-adet\/#primaryimage"},"image":{"@id":"https:\/\/beynur.eu\/urun\/meksi-kebab-8-adet\/#primaryimage"},"thumbnailUrl":"https:\/\/beynur.eu\/wp-content\/uploads\/2021\/12\/Antep_Kebap_ET.jpg","datePublished":"2021-12-07T16:42:32+00:00","dateModified":"2026-04-30T13:50:09+00:00","breadcrumb":{"@id":"https:\/\/beynur.eu\/urun\/meksi-kebab-8-adet\/#breadcrumb"},"inLanguage":"en-GB","potentialAction":[{"@type":"ReadAction","target":["https:\/\/beynur.eu\/urun\/meksi-kebab-8-adet\/"]}]},{"@type":"ImageObject","inLanguage":"en-GB","@id":"https:\/\/beynur.eu\/urun\/meksi-kebab-8-adet\/#primaryimage","url":"https:\/\/beynur.eu\/wp-content\/uploads\/2021\/12\/Antep_Kebap_ET.jpg","contentUrl":"https:\/\/beynur.eu\/wp-content\/uploads\/2021\/12\/Antep_Kebap_ET.jpg","width":1000,"height":1000},{"@type":"BreadcrumbList","@id":"https:\/\/beynur.eu\/urun\/meksi-kebab-8-adet\/#breadcrumb","itemListElement":[{"@type":"ListItem","position":1,"name":"Home","item":"https:\/\/beynur.eu\/"},{"@type":"ListItem","position":2,"name":"\u00dcr\u00fcnlerimiz","item":"https:\/\/beynur.eu\/en\/urunlerimiz\/"},{"@type":"ListItem","position":3,"name":"Meksi Kebab (8 Adet)"}]},{"@type":"WebSite","@id":"https:\/\/beynur.eu\/#website","url":"https:\/\/beynur.eu\/","name":"Beynur","description":"\u0130lk g\u00fcnk\u00fc a\u015fkla, muhte\u015fem tatlar.","potentialAction":[{"@type":"SearchAction","target":{"@type":"EntryPoint","urlTemplate":"https:\/\/beynur.eu\/?s={search_term_string}"},"query-input":{"@type":"PropertyValueSpecification","valueRequired":true,"valueName":"search_term_string"}}],"inLanguage":"en-GB"}]}},"_links":{"self":[{"href":"https:\/\/beynur.eu\/en\/wp-json\/wp\/v2\/product\/863","targetHints":{"allow":["GET"]}}],"collection":[{"href":"https:\/\/beynur.eu\/en\/wp-json\/wp\/v2\/product"}],"about":[{"href":"https:\/\/beynur.eu\/en\/wp-json\/wp\/v2\/types\/product"}],"wp:featuredmedia":[{"embeddable":true,"href":"https:\/\/beynur.eu\/en\/wp-json\/wp\/v2\/media\/864"}],"wp:attachment":[{"href":"https:\/\/beynur.eu\/en\/wp-json\/wp\/v2\/media?parent=863"}],"wp:term":[{"taxonomy":"product_brand","embeddable":true,"href":"https:\/\/beynur.eu\/en\/wp-json\/wp\/v2\/product_brand?post=863"},{"taxonomy":"product_cat","embeddable":true,"href":"https:\/\/beynur.eu\/en\/wp-json\/wp\/v2\/product_cat?post=863"},{"taxonomy":"product_tag","embeddable":true,"href":"https:\/\/beynur.eu\/en\/wp-json\/wp\/v2\/product_tag?post=863"}],"curies":[{"name":"wp","href":"https:\/\/api.w.org\/{rel}","templated":true}]}}