{"id":865,"date":"2021-12-07T16:44:16","date_gmt":"2021-12-07T16:44:16","guid":{"rendered":"https:\/\/beynur.eu\/?post_type=product&#038;p=865"},"modified":"2026-05-05T10:26:30","modified_gmt":"2026-05-05T10:26:30","slug":"balik-burger-balik-sekli","status":"publish","type":"product","link":"https:\/\/beynur.eu\/en\/urun\/balik-burger-balik-sekli\/","title":{"rendered":"Fish burger in fish shape"},"content":{"rendered":"<p><b>Usage recommendations<\/b><b><br \/>\n<\/b><span style=\"font-weight: 400;\">The fish-shaped fish burgers can be prepared very easily in the oven, pan or deep fryer. They can be cooked in a short time and conveniently served as a main meal. Together with potatoes, salad, vegetable side dishes or various sauces, you can prepare even richer and more satisfying meals. Thanks to their playful shape, they are especially suitable for children\u2019s menus and family meals.<\/span><\/p>\n<p><b>Storage instructions<\/b><\/p>\n<ul>\n<li style=\"font-weight: 400;\" aria-level=\"1\"><span style=\"font-weight: 400;\">Store the product in the freezer without thawing it beforehand.<\/span><\/li>\n<li style=\"font-weight: 400;\" aria-level=\"1\"><span style=\"font-weight: 400;\">Close the packaging carefully after opening.<\/span><\/li>\n<li style=\"font-weight: 400;\" aria-level=\"1\"><span style=\"font-weight: 400;\">Do not frost again after it is defrosted once.<\/span><\/li>\n<li style=\"font-weight: 400;\" aria-level=\"1\"><span style=\"font-weight: 400;\">Store the product under the recommended storage conditions.<\/span><\/li>\n<li style=\"font-weight: 400;\" aria-level=\"1\"><span style=\"font-weight: 400;\">Keep frozen until use.<\/span><\/li>\n<\/ul>\n<p>&nbsp;<\/p>","protected":false},"excerpt":{"rendered":"<p><b>Frozen fish burger in fish shape<\/b><b><br \/>\n<\/b><span style=\"font-weight: 400;\">This practically prepared fish-shaped fish burger brings a particularly appealing option to the table with its good taste and attractive appearance. With its slightly crispy outside and soft texture inside, our product is popular with both children and adults and offers a quick and satisfying meal for everyday life.\u00a0<\/span><\/p>\n<p><span style=\"font-weight: 400;\">This special product is made from seafood certified to comply with sustainable fishing and production standards, combining good taste with practical handling. The pack has a net content of 500 g and contains 4 fish burgers, each weighing 125 g.<\/span><\/p>","protected":false},"featured_media":1774,"template":"","meta":[],"product_brand":[],"product_cat":[19],"product_tag":[],"class_list":{"0":"post-865","1":"product","2":"type-product","3":"status-publish","4":"has-post-thumbnail","6":"product_cat-balik-urunleri","8":"first","9":"instock","10":"shipping-taxable","11":"product-type-simple"},"yoast_head":"<!-- This site is optimized with the Yoast SEO plugin v26.8 - https:\/\/yoast.com\/product\/yoast-seo-wordpress\/ -->\n<title>Bal\u0131k \u015eekilli Bal\u0131k Burger - Beynur<\/title>\n<meta name=\"robots\" content=\"index, follow, max-snippet:-1, max-image-preview:large, max-video-preview:-1\" \/>\n<link rel=\"canonical\" href=\"https:\/\/beynur.eu\/en\/product-2\/balik-burger-balik-sekli\/\" \/>\n<meta property=\"og:locale\" content=\"en_GB\" \/>\n<meta property=\"og:type\" content=\"article\" \/>\n<meta property=\"og:title\" content=\"Bal\u0131k \u015eekilli Bal\u0131k Burger - Beynur\" \/>\n<meta property=\"og:description\" content=\"Dondurulmu\u015f Bal\u0131k \u015eekilli Bal\u0131k Burger Bal\u0131k bi\u00e7iminde haz\u0131rlanan bu pratik bal\u0131k burger, lezzeti ve e\u011flenceli sunumuyla sofralara keyifli bir alternatif getiriyor. D\u0131\u015f\u0131 hafif \u00e7\u0131t\u0131r, i\u00e7i yumu\u015fak yap\u0131s\u0131yla hem \u00e7ocuklar\u0131n hem de yeti\u015fkinlerin severek t\u00fcketebilece\u011fi bu \u00fcr\u00fcn\u00fcm\u00fcz, g\u00fcnl\u00fck \u00f6\u011f\u00fcnlerde h\u0131zl\u0131 ve doyurucu bir se\u00e7enek sunuyor.\u00a0  S\u00fcrd\u00fcr\u00fclebilir avc\u0131l\u0131k ve \u00fcretim standartlar\u0131na uygunlu\u011fu belgelendirilmi\u015f deniz \u00fcr\u00fcnlerinden \u00fcretilen bu \u00f6zel \u00fcr\u00fcn, lezzeti pratik kullan\u0131m avantaj\u0131yla bir araya getiriyor. Net 500 g a\u011f\u0131rl\u0131\u011f\u0131ndaki pakette, her biri 125 g olan 4 adet bal\u0131k burger bulunur.\" \/>\n<meta property=\"og:url\" content=\"https:\/\/beynur.eu\/en\/product-2\/balik-burger-balik-sekli\/\" \/>\n<meta property=\"og:site_name\" content=\"Beynur\" \/>\n<meta property=\"article:modified_time\" content=\"2026-05-05T10:26:30+00:00\" \/>\n<meta property=\"og:image\" content=\"https:\/\/beynur.eu\/wp-content\/uploads\/2021\/12\/Balik-Biciminde-Balik-Burger.jpg\" \/>\n\t<meta property=\"og:image:width\" content=\"2000\" \/>\n\t<meta property=\"og:image:height\" content=\"2000\" \/>\n\t<meta property=\"og:image:type\" content=\"image\/jpeg\" \/>\n<meta name=\"twitter:card\" content=\"summary_large_image\" \/>\n<meta name=\"twitter:label1\" content=\"Estimated reading time\" \/>\n\t<meta name=\"twitter:data1\" content=\"1 minute\" \/>\n<script type=\"application\/ld+json\" class=\"yoast-schema-graph\">{\"@context\":\"https:\/\/schema.org\",\"@graph\":[{\"@type\":\"WebPage\",\"@id\":\"https:\/\/beynur.eu\/urun\/balik-burger-balik-sekli\/\",\"url\":\"https:\/\/beynur.eu\/urun\/balik-burger-balik-sekli\/\",\"name\":\"Bal\u0131k \u015eekilli Bal\u0131k Burger - Beynur\",\"isPartOf\":{\"@id\":\"https:\/\/beynur.eu\/#website\"},\"primaryImageOfPage\":{\"@id\":\"https:\/\/beynur.eu\/urun\/balik-burger-balik-sekli\/#primaryimage\"},\"image\":{\"@id\":\"https:\/\/beynur.eu\/urun\/balik-burger-balik-sekli\/#primaryimage\"},\"thumbnailUrl\":\"https:\/\/beynur.eu\/wp-content\/uploads\/2021\/12\/Balik-Biciminde-Balik-Burger.jpg\",\"datePublished\":\"2021-12-07T16:44:16+00:00\",\"dateModified\":\"2026-05-05T10:26:30+00:00\",\"breadcrumb\":{\"@id\":\"https:\/\/beynur.eu\/urun\/balik-burger-balik-sekli\/#breadcrumb\"},\"inLanguage\":\"en-GB\",\"potentialAction\":[{\"@type\":\"ReadAction\",\"target\":[\"https:\/\/beynur.eu\/urun\/balik-burger-balik-sekli\/\"]}]},{\"@type\":\"ImageObject\",\"inLanguage\":\"en-GB\",\"@id\":\"https:\/\/beynur.eu\/urun\/balik-burger-balik-sekli\/#primaryimage\",\"url\":\"https:\/\/beynur.eu\/wp-content\/uploads\/2021\/12\/Balik-Biciminde-Balik-Burger.jpg\",\"contentUrl\":\"https:\/\/beynur.eu\/wp-content\/uploads\/2021\/12\/Balik-Biciminde-Balik-Burger.jpg\",\"width\":2000,\"height\":2000},{\"@type\":\"BreadcrumbList\",\"@id\":\"https:\/\/beynur.eu\/urun\/balik-burger-balik-sekli\/#breadcrumb\",\"itemListElement\":[{\"@type\":\"ListItem\",\"position\":1,\"name\":\"Home\",\"item\":\"https:\/\/beynur.eu\/\"},{\"@type\":\"ListItem\",\"position\":2,\"name\":\"\u00dcr\u00fcnlerimiz\",\"item\":\"https:\/\/beynur.eu\/en\/urunlerimiz\/\"},{\"@type\":\"ListItem\",\"position\":3,\"name\":\"Bal\u0131k \u015eekilli Bal\u0131k Burger\"}]},{\"@type\":\"WebSite\",\"@id\":\"https:\/\/beynur.eu\/#website\",\"url\":\"https:\/\/beynur.eu\/\",\"name\":\"Beynur\",\"description\":\"\u0130lk g\u00fcnk\u00fc a\u015fkla, muhte\u015fem tatlar.\",\"potentialAction\":[{\"@type\":\"SearchAction\",\"target\":{\"@type\":\"EntryPoint\",\"urlTemplate\":\"https:\/\/beynur.eu\/?s={search_term_string}\"},\"query-input\":{\"@type\":\"PropertyValueSpecification\",\"valueRequired\":true,\"valueName\":\"search_term_string\"}}],\"inLanguage\":\"en-GB\"}]}<\/script>\n<!-- \/ Yoast SEO plugin. -->","yoast_head_json":{"title":"Bal\u0131k \u015eekilli Bal\u0131k Burger - Beynur","robots":{"index":"index","follow":"follow","max-snippet":"max-snippet:-1","max-image-preview":"max-image-preview:large","max-video-preview":"max-video-preview:-1"},"canonical":"https:\/\/beynur.eu\/en\/product-2\/balik-burger-balik-sekli\/","og_locale":"en_GB","og_type":"article","og_title":"Bal\u0131k \u015eekilli Bal\u0131k Burger - Beynur","og_description":"Dondurulmu\u015f Bal\u0131k \u015eekilli Bal\u0131k Burger Bal\u0131k bi\u00e7iminde haz\u0131rlanan bu pratik bal\u0131k burger, lezzeti ve e\u011flenceli sunumuyla sofralara keyifli bir alternatif getiriyor. D\u0131\u015f\u0131 hafif \u00e7\u0131t\u0131r, i\u00e7i yumu\u015fak yap\u0131s\u0131yla hem \u00e7ocuklar\u0131n hem de yeti\u015fkinlerin severek t\u00fcketebilece\u011fi bu \u00fcr\u00fcn\u00fcm\u00fcz, g\u00fcnl\u00fck \u00f6\u011f\u00fcnlerde h\u0131zl\u0131 ve doyurucu bir se\u00e7enek sunuyor.\u00a0  S\u00fcrd\u00fcr\u00fclebilir avc\u0131l\u0131k ve \u00fcretim standartlar\u0131na uygunlu\u011fu belgelendirilmi\u015f deniz \u00fcr\u00fcnlerinden \u00fcretilen bu \u00f6zel \u00fcr\u00fcn, lezzeti pratik kullan\u0131m avantaj\u0131yla bir araya getiriyor. Net 500 g a\u011f\u0131rl\u0131\u011f\u0131ndaki pakette, her biri 125 g olan 4 adet bal\u0131k burger bulunur.","og_url":"https:\/\/beynur.eu\/en\/product-2\/balik-burger-balik-sekli\/","og_site_name":"Beynur","article_modified_time":"2026-05-05T10:26:30+00:00","og_image":[{"width":2000,"height":2000,"url":"https:\/\/beynur.eu\/wp-content\/uploads\/2021\/12\/Balik-Biciminde-Balik-Burger.jpg","type":"image\/jpeg"}],"twitter_card":"summary_large_image","twitter_misc":{"Estimated reading time":"1 minute"},"schema":{"@context":"https:\/\/schema.org","@graph":[{"@type":"WebPage","@id":"https:\/\/beynur.eu\/urun\/balik-burger-balik-sekli\/","url":"https:\/\/beynur.eu\/urun\/balik-burger-balik-sekli\/","name":"Bal\u0131k \u015eekilli Bal\u0131k Burger - Beynur","isPartOf":{"@id":"https:\/\/beynur.eu\/#website"},"primaryImageOfPage":{"@id":"https:\/\/beynur.eu\/urun\/balik-burger-balik-sekli\/#primaryimage"},"image":{"@id":"https:\/\/beynur.eu\/urun\/balik-burger-balik-sekli\/#primaryimage"},"thumbnailUrl":"https:\/\/beynur.eu\/wp-content\/uploads\/2021\/12\/Balik-Biciminde-Balik-Burger.jpg","datePublished":"2021-12-07T16:44:16+00:00","dateModified":"2026-05-05T10:26:30+00:00","breadcrumb":{"@id":"https:\/\/beynur.eu\/urun\/balik-burger-balik-sekli\/#breadcrumb"},"inLanguage":"en-GB","potentialAction":[{"@type":"ReadAction","target":["https:\/\/beynur.eu\/urun\/balik-burger-balik-sekli\/"]}]},{"@type":"ImageObject","inLanguage":"en-GB","@id":"https:\/\/beynur.eu\/urun\/balik-burger-balik-sekli\/#primaryimage","url":"https:\/\/beynur.eu\/wp-content\/uploads\/2021\/12\/Balik-Biciminde-Balik-Burger.jpg","contentUrl":"https:\/\/beynur.eu\/wp-content\/uploads\/2021\/12\/Balik-Biciminde-Balik-Burger.jpg","width":2000,"height":2000},{"@type":"BreadcrumbList","@id":"https:\/\/beynur.eu\/urun\/balik-burger-balik-sekli\/#breadcrumb","itemListElement":[{"@type":"ListItem","position":1,"name":"Home","item":"https:\/\/beynur.eu\/"},{"@type":"ListItem","position":2,"name":"\u00dcr\u00fcnlerimiz","item":"https:\/\/beynur.eu\/en\/urunlerimiz\/"},{"@type":"ListItem","position":3,"name":"Bal\u0131k \u015eekilli Bal\u0131k Burger"}]},{"@type":"WebSite","@id":"https:\/\/beynur.eu\/#website","url":"https:\/\/beynur.eu\/","name":"Beynur","description":"\u0130lk g\u00fcnk\u00fc a\u015fkla, muhte\u015fem tatlar.","potentialAction":[{"@type":"SearchAction","target":{"@type":"EntryPoint","urlTemplate":"https:\/\/beynur.eu\/?s={search_term_string}"},"query-input":{"@type":"PropertyValueSpecification","valueRequired":true,"valueName":"search_term_string"}}],"inLanguage":"en-GB"}]}},"_links":{"self":[{"href":"https:\/\/beynur.eu\/en\/wp-json\/wp\/v2\/product\/865","targetHints":{"allow":["GET"]}}],"collection":[{"href":"https:\/\/beynur.eu\/en\/wp-json\/wp\/v2\/product"}],"about":[{"href":"https:\/\/beynur.eu\/en\/wp-json\/wp\/v2\/types\/product"}],"wp:featuredmedia":[{"embeddable":true,"href":"https:\/\/beynur.eu\/en\/wp-json\/wp\/v2\/media\/1774"}],"wp:attachment":[{"href":"https:\/\/beynur.eu\/en\/wp-json\/wp\/v2\/media?parent=865"}],"wp:term":[{"taxonomy":"product_brand","embeddable":true,"href":"https:\/\/beynur.eu\/en\/wp-json\/wp\/v2\/product_brand?post=865"},{"taxonomy":"product_cat","embeddable":true,"href":"https:\/\/beynur.eu\/en\/wp-json\/wp\/v2\/product_cat?post=865"},{"taxonomy":"product_tag","embeddable":true,"href":"https:\/\/beynur.eu\/en\/wp-json\/wp\/v2\/product_tag?post=865"}],"curies":[{"name":"wp","href":"https:\/\/api.w.org\/{rel}","templated":true}]}}