{"id":130,"date":"2018-03-29T22:13:16","date_gmt":"2018-03-29T22:13:16","guid":{"rendered":"https:\/\/beynur.eu\/?post_type=product&#038;p=130"},"modified":"2026-03-12T12:25:57","modified_gmt":"2026-03-12T12:25:57","slug":"alaska-mezgiti-panellenmis","status":"publish","type":"product","link":"https:\/\/beynur.eu\/fr\/produit\/alaska-mezgiti-panellenmis\/","title":{"rendered":"Collin D'alaska Pan\u00e9"},"content":{"rendered":"<p>Colin d\u2019Alaska pan\u00e9 Beynur\u2026Le Colin d\u2019Alaska, le plus consomm\u00e9 des poissons blancs, sera le plat vedette de vos repas avec sa faible teneur en mati\u00e8re grasse et la qualit\u00e9 Beynur.<\/p>\n<p>Comme le colin d\u2019Alaska est une bonne source nutritive, il peut \u00eatre consomm\u00e9 tous les jours. Il renforce notre syst\u00e8me immunitaire car il contient des prot\u00e9ines, du potassium, du magn\u00e9sium et principalement de la vitamine B12.<\/p>\n<p>Le colin d\u2019Alaska, un d\u00e9lice, vos enfants ne pourront plus s\u2018en passer. Si vous accompagnez le colin d\u2019une salade de saison citronn\u00e9e vous obtiendrez un menu complet que vous pourrez servir \u00e0 vos invit\u00e9s et qu\u2019ils n\u2019oublieront pas.<\/p>\n<p>Vous pouvez facilement pr\u00e9parer notre produit pr\u00e9- frit et surgel\u00e9 au four micro-ondes.<\/p>\n<p><strong>Les Conditions de Conservation : <\/strong><\/p>\n<p>Au frigidaire 2 jours<\/p>\n<p>Au cong\u00e9lateur *\u00e9toile 1 semaine<\/p>\n<p>2 semaines pour un cong\u00e9lateur ** \u00e9toiles<\/p>\n<p>Pour le cong\u00e9lateur *** \u00e9toiles (-18C) : Regardez la date d\u2019expiration.<\/p>","protected":false},"excerpt":{"rendered":"<p>Colin d\u2019Alaska pan\u00e9 Beynur\u2026Le Colin d\u2019Alaska, le plus consomm\u00e9 des poissons blancs, sera le plat vedette de vos repas avec sa faible teneur en mati\u00e8re grasse et la qualit\u00e9 Beynur.<\/p>\n<p>Comme le colin d\u2019Alaska est une bonne source nutritive, il peut \u00eatre consomm\u00e9 tous les jours. Il renforce notre syst\u00e8me immunitaire car il contient des prot\u00e9ines, du potassium, du magn\u00e9sium et principalement de la vitamine B12.<\/p>","protected":false},"featured_media":265,"template":"","meta":[],"product_brand":[],"product_cat":[19],"product_tag":[],"class_list":{"0":"post-130","1":"product","2":"type-product","3":"status-publish","4":"has-post-thumbnail","6":"product_cat-balik-urunleri","8":"first","9":"instock","10":"shipping-taxable","11":"product-type-simple"},"yoast_head":"<!-- This site is optimized with the Yoast SEO plugin v26.8 - https:\/\/yoast.com\/product\/yoast-seo-wordpress\/ -->\n<title>Alaska Mezgiti Panellenmi\u015f - Beynur<\/title>\n<meta name=\"robots\" content=\"index, follow, max-snippet:-1, max-image-preview:large, max-video-preview:-1\" \/>\n<link rel=\"canonical\" href=\"https:\/\/beynur.eu\/fr\/produit\/alaska-mezgiti-panellenmis\/\" \/>\n<meta property=\"og:locale\" content=\"fr_FR\" \/>\n<meta property=\"og:type\" content=\"article\" \/>\n<meta property=\"og:title\" content=\"Alaska Mezgiti Panellenmi\u015f - Beynur\" \/>\n<meta property=\"og:description\" content=\"Beynur\u2019dan, panelenmi\u015f Alaska Mezgiti\u2026 En \u00e7ok t\u00fcketilen beyaz bal\u0131k olan Alaska Mezgiti d\u00fc\u015f\u00fck ya\u011f oran\u0131 ve Beynur kalitesi ile sofralar\u0131n\u0131z\u0131n ba\u015f tac\u0131 olacak.  Alaska Mezgiti iyi bir besin kayna\u011f\u0131 oldu\u011fu i\u00e7in her g\u00fcn rahatl\u0131kla t\u00fcketilebilir. Protein, potasyum, magnezyum gibi proteinleri bar\u0131nd\u0131r\u0131rken \u00f6zellikle B12 vitamini ile ba\u011f\u0131\u015f\u0131kl\u0131k sisteminizi g\u00fc\u00e7lendirir.\" \/>\n<meta property=\"og:url\" content=\"https:\/\/beynur.eu\/fr\/produit\/alaska-mezgiti-panellenmis\/\" \/>\n<meta property=\"og:site_name\" content=\"Beynur\" \/>\n<meta property=\"article:modified_time\" content=\"2026-03-12T12:25:57+00:00\" \/>\n<meta property=\"og:image\" content=\"https:\/\/beynur.eu\/wp-content\/uploads\/2018\/03\/alaska-mezgit-2.jpg\" \/>\n\t<meta property=\"og:image:width\" content=\"1000\" \/>\n\t<meta property=\"og:image:height\" content=\"1000\" \/>\n\t<meta property=\"og:image:type\" content=\"image\/jpeg\" \/>\n<meta name=\"twitter:card\" content=\"summary_large_image\" \/>\n<meta name=\"twitter:label1\" content=\"Dur\u00e9e de lecture estim\u00e9e\" \/>\n\t<meta name=\"twitter:data1\" content=\"1 minute\" \/>\n<script type=\"application\/ld+json\" class=\"yoast-schema-graph\">{\"@context\":\"https:\/\/schema.org\",\"@graph\":[{\"@type\":\"WebPage\",\"@id\":\"https:\/\/beynur.eu\/urun\/alaska-mezgiti-panellenmis\/\",\"url\":\"https:\/\/beynur.eu\/urun\/alaska-mezgiti-panellenmis\/\",\"name\":\"Alaska Mezgiti Panellenmi\u015f - Beynur\",\"isPartOf\":{\"@id\":\"https:\/\/beynur.eu\/#website\"},\"primaryImageOfPage\":{\"@id\":\"https:\/\/beynur.eu\/urun\/alaska-mezgiti-panellenmis\/#primaryimage\"},\"image\":{\"@id\":\"https:\/\/beynur.eu\/urun\/alaska-mezgiti-panellenmis\/#primaryimage\"},\"thumbnailUrl\":\"https:\/\/beynur.eu\/wp-content\/uploads\/2018\/03\/alaska-mezgit-2.jpg\",\"datePublished\":\"2018-03-29T22:13:16+00:00\",\"dateModified\":\"2026-03-12T12:25:57+00:00\",\"breadcrumb\":{\"@id\":\"https:\/\/beynur.eu\/urun\/alaska-mezgiti-panellenmis\/#breadcrumb\"},\"inLanguage\":\"fr-FR\",\"potentialAction\":[{\"@type\":\"ReadAction\",\"target\":[\"https:\/\/beynur.eu\/urun\/alaska-mezgiti-panellenmis\/\"]}]},{\"@type\":\"ImageObject\",\"inLanguage\":\"fr-FR\",\"@id\":\"https:\/\/beynur.eu\/urun\/alaska-mezgiti-panellenmis\/#primaryimage\",\"url\":\"https:\/\/beynur.eu\/wp-content\/uploads\/2018\/03\/alaska-mezgit-2.jpg\",\"contentUrl\":\"https:\/\/beynur.eu\/wp-content\/uploads\/2018\/03\/alaska-mezgit-2.jpg\",\"width\":1000,\"height\":1000},{\"@type\":\"BreadcrumbList\",\"@id\":\"https:\/\/beynur.eu\/urun\/alaska-mezgiti-panellenmis\/#breadcrumb\",\"itemListElement\":[{\"@type\":\"ListItem\",\"position\":1,\"name\":\"Home\",\"item\":\"https:\/\/beynur.eu\/\"},{\"@type\":\"ListItem\",\"position\":2,\"name\":\"\u00dcr\u00fcnlerimiz\",\"item\":\"https:\/\/beynur.eu\/en\/urunlerimiz\/\"},{\"@type\":\"ListItem\",\"position\":3,\"name\":\"Alaska Mezgiti Panellenmi\u015f\"}]},{\"@type\":\"WebSite\",\"@id\":\"https:\/\/beynur.eu\/#website\",\"url\":\"https:\/\/beynur.eu\/\",\"name\":\"Beynur\",\"description\":\"\u0130lk g\u00fcnk\u00fc a\u015fkla, muhte\u015fem tatlar.\",\"potentialAction\":[{\"@type\":\"SearchAction\",\"target\":{\"@type\":\"EntryPoint\",\"urlTemplate\":\"https:\/\/beynur.eu\/?s={search_term_string}\"},\"query-input\":{\"@type\":\"PropertyValueSpecification\",\"valueRequired\":true,\"valueName\":\"search_term_string\"}}],\"inLanguage\":\"fr-FR\"}]}<\/script>\n<!-- \/ Yoast SEO plugin. -->","yoast_head_json":{"title":"Alaska Mezgiti Panellenmi\u015f - Beynur","robots":{"index":"index","follow":"follow","max-snippet":"max-snippet:-1","max-image-preview":"max-image-preview:large","max-video-preview":"max-video-preview:-1"},"canonical":"https:\/\/beynur.eu\/fr\/produit\/alaska-mezgiti-panellenmis\/","og_locale":"fr_FR","og_type":"article","og_title":"Alaska Mezgiti Panellenmi\u015f - Beynur","og_description":"Beynur\u2019dan, panelenmi\u015f Alaska Mezgiti\u2026 En \u00e7ok t\u00fcketilen beyaz bal\u0131k olan Alaska Mezgiti d\u00fc\u015f\u00fck ya\u011f oran\u0131 ve Beynur kalitesi ile sofralar\u0131n\u0131z\u0131n ba\u015f tac\u0131 olacak.  Alaska Mezgiti iyi bir besin kayna\u011f\u0131 oldu\u011fu i\u00e7in her g\u00fcn rahatl\u0131kla t\u00fcketilebilir. Protein, potasyum, magnezyum gibi proteinleri bar\u0131nd\u0131r\u0131rken \u00f6zellikle B12 vitamini ile ba\u011f\u0131\u015f\u0131kl\u0131k sisteminizi g\u00fc\u00e7lendirir.","og_url":"https:\/\/beynur.eu\/fr\/produit\/alaska-mezgiti-panellenmis\/","og_site_name":"Beynur","article_modified_time":"2026-03-12T12:25:57+00:00","og_image":[{"width":1000,"height":1000,"url":"https:\/\/beynur.eu\/wp-content\/uploads\/2018\/03\/alaska-mezgit-2.jpg","type":"image\/jpeg"}],"twitter_card":"summary_large_image","twitter_misc":{"Dur\u00e9e de lecture estim\u00e9e":"1 minute"},"schema":{"@context":"https:\/\/schema.org","@graph":[{"@type":"WebPage","@id":"https:\/\/beynur.eu\/urun\/alaska-mezgiti-panellenmis\/","url":"https:\/\/beynur.eu\/urun\/alaska-mezgiti-panellenmis\/","name":"Alaska Mezgiti Panellenmi\u015f - Beynur","isPartOf":{"@id":"https:\/\/beynur.eu\/#website"},"primaryImageOfPage":{"@id":"https:\/\/beynur.eu\/urun\/alaska-mezgiti-panellenmis\/#primaryimage"},"image":{"@id":"https:\/\/beynur.eu\/urun\/alaska-mezgiti-panellenmis\/#primaryimage"},"thumbnailUrl":"https:\/\/beynur.eu\/wp-content\/uploads\/2018\/03\/alaska-mezgit-2.jpg","datePublished":"2018-03-29T22:13:16+00:00","dateModified":"2026-03-12T12:25:57+00:00","breadcrumb":{"@id":"https:\/\/beynur.eu\/urun\/alaska-mezgiti-panellenmis\/#breadcrumb"},"inLanguage":"fr-FR","potentialAction":[{"@type":"ReadAction","target":["https:\/\/beynur.eu\/urun\/alaska-mezgiti-panellenmis\/"]}]},{"@type":"ImageObject","inLanguage":"fr-FR","@id":"https:\/\/beynur.eu\/urun\/alaska-mezgiti-panellenmis\/#primaryimage","url":"https:\/\/beynur.eu\/wp-content\/uploads\/2018\/03\/alaska-mezgit-2.jpg","contentUrl":"https:\/\/beynur.eu\/wp-content\/uploads\/2018\/03\/alaska-mezgit-2.jpg","width":1000,"height":1000},{"@type":"BreadcrumbList","@id":"https:\/\/beynur.eu\/urun\/alaska-mezgiti-panellenmis\/#breadcrumb","itemListElement":[{"@type":"ListItem","position":1,"name":"Home","item":"https:\/\/beynur.eu\/"},{"@type":"ListItem","position":2,"name":"\u00dcr\u00fcnlerimiz","item":"https:\/\/beynur.eu\/en\/urunlerimiz\/"},{"@type":"ListItem","position":3,"name":"Alaska Mezgiti Panellenmi\u015f"}]},{"@type":"WebSite","@id":"https:\/\/beynur.eu\/#website","url":"https:\/\/beynur.eu\/","name":"Beynur","description":"\u0130lk g\u00fcnk\u00fc a\u015fkla, muhte\u015fem tatlar.","potentialAction":[{"@type":"SearchAction","target":{"@type":"EntryPoint","urlTemplate":"https:\/\/beynur.eu\/?s={search_term_string}"},"query-input":{"@type":"PropertyValueSpecification","valueRequired":true,"valueName":"search_term_string"}}],"inLanguage":"fr-FR"}]}},"_links":{"self":[{"href":"https:\/\/beynur.eu\/fr\/wp-json\/wp\/v2\/product\/130","targetHints":{"allow":["GET"]}}],"collection":[{"href":"https:\/\/beynur.eu\/fr\/wp-json\/wp\/v2\/product"}],"about":[{"href":"https:\/\/beynur.eu\/fr\/wp-json\/wp\/v2\/types\/product"}],"wp:featuredmedia":[{"embeddable":true,"href":"https:\/\/beynur.eu\/fr\/wp-json\/wp\/v2\/media\/265"}],"wp:attachment":[{"href":"https:\/\/beynur.eu\/fr\/wp-json\/wp\/v2\/media?parent=130"}],"wp:term":[{"taxonomy":"product_brand","embeddable":true,"href":"https:\/\/beynur.eu\/fr\/wp-json\/wp\/v2\/product_brand?post=130"},{"taxonomy":"product_cat","embeddable":true,"href":"https:\/\/beynur.eu\/fr\/wp-json\/wp\/v2\/product_cat?post=130"},{"taxonomy":"product_tag","embeddable":true,"href":"https:\/\/beynur.eu\/fr\/wp-json\/wp\/v2\/product_tag?post=130"}],"curies":[{"name":"wp","href":"https:\/\/api.w.org\/{rel}","templated":true}]}}