{"id":145,"date":"2018-03-31T21:31:36","date_gmt":"2018-03-31T21:31:36","guid":{"rendered":"https:\/\/beynur.eu\/?post_type=product&#038;p=145"},"modified":"2026-03-08T12:14:53","modified_gmt":"2026-03-08T12:14:53","slug":"tavuk-sosis-10-adet","status":"publish","type":"product","link":"https:\/\/beynur.eu\/fr\/produit\/tavuk-sosis-10-adet\/","title":{"rendered":"Frikandelles De Poulet (10 Pi\u00e8ces)"},"content":{"rendered":"<p>Les saucisses de poulet surgel\u00e9es Beynur proviennent de volailles \u00e9lev\u00e9es dans les meilleures conditions, tr\u00e8s savoureuses et saines vous pourrez les d\u00e9guster en toute s\u00e9curit\u00e9.<\/p>\n<p>Avec le paquet de saucisses de poulet Beynur de 850g vous comblerez votre apport en viande blanche. Faciles \u00e0 pr\u00e9parer et appr\u00e9ci\u00e9es des enfants, leurs valeurs nutritives moyenne participeront \u00e0 la bonne marche de votre sant\u00e9. Avec les saucisses de poulet Beynur vous pourrez en peu de temps \u00e9tonner vos invit\u00e9s de derni\u00e8res minutes en pr\u00e9parant des p\u00e2tes, des pogatcha, des feuillet\u00e9s et des pizzas.<\/p>\n<p>A la fois l\u00e9g\u00e8res et savoureuses nos saucisses de poulet sont pr\u00e9par\u00e9es avec des poulets d\u00e9coup\u00e9s selon les principes de l\u2019\u0130slam et sur un site qui produit des \u0153ufs et du lait (lactose inclus). Nous vous conseillons de les faire cuire jusqu\u2019au c\u0153ur. Ne laissez pas le produit se d\u00e9congeler dans l\u2019emballage.<\/p>\n<p>&nbsp;<\/p>\n<p><strong>Pr\u00e9paration :<\/strong><\/p>\n<p>Compatible au four, au grill, \u00e0 la po\u00eale, au barbecue et \u00e0 la friteuse. A la friteuse 3 minutes \u00e0 180\u02daC, si surgel\u00e9 et 2 minutes, si d\u00e9congel\u00e9.<\/p>\n<p>&nbsp;<\/p>\n<p><strong>Conditions de conservation :<\/strong><\/p>\n<p>Au cong\u00e9lateur: -18\u02daC, 18 mois apr\u00e8s la date de fabrication<\/p>\n<p>Au frigo-cong\u00e9lateur: -12\u02daC, 1 mois<\/p>\n<p>Au frigidaire: sous 7\u02daC, 2 jours.<\/p>\n<p>Ne recongelez pas apr\u00e8s d\u00e9cong\u00e9lation.<\/p>","protected":false},"excerpt":{"rendered":"<p>Les saucisses de poulet surgel\u00e9es Beynur proviennent de volailles \u00e9lev\u00e9es dans les meilleures conditions, tr\u00e8s savoureuses et saines vous pourrez les d\u00e9guster en toute s\u00e9curit\u00e9.<\/p>\n<p>Avec le paquet de saucisses de poulet Beynur de 850g vous comblerez votre apport en viande blanche. Faciles \u00e0 pr\u00e9parer et appr\u00e9ci\u00e9es des enfants, leurs valeurs nutritives moyenne participeront \u00e0 la bonne marche de votre sant\u00e9. Avec les saucisses de poulet Beynur vous pourrez en peu de temps \u00e9tonner vos invit\u00e9s de derni\u00e8res minutes en pr\u00e9parant des p\u00e2tes, des pogatcha, des feuillet\u00e9s et des pizzas.<\/p>","protected":false},"featured_media":289,"template":"","meta":[],"product_brand":[],"product_cat":[18],"product_tag":[],"class_list":{"0":"post-145","1":"product","2":"type-product","3":"status-publish","4":"has-post-thumbnail","6":"product_cat-tavuk-ve-hindi-urunleri","8":"first","9":"instock","10":"shipping-taxable","11":"product-type-simple"},"yoast_head":"<!-- This site is optimized with the Yoast SEO plugin v26.8 - https:\/\/yoast.com\/product\/yoast-seo-wordpress\/ -->\n<title>Tavuk Sosis (10 Adet) - Beynur<\/title>\n<meta name=\"robots\" content=\"index, follow, max-snippet:-1, max-image-preview:large, max-video-preview:-1\" \/>\n<link rel=\"canonical\" href=\"https:\/\/beynur.eu\/fr\/produit\/tavuk-sosis-10-adet\/\" \/>\n<meta property=\"og:locale\" content=\"fr_FR\" \/>\n<meta property=\"og:type\" content=\"article\" \/>\n<meta property=\"og:title\" content=\"Tavuk Sosis (10 Adet) - Beynur\" \/>\n<meta property=\"og:description\" content=\"Titizlikle yeti\u015ftirilmi\u015f, tad\u0131 g\u00fczel ve sa\u011fl\u0131kl\u0131 pili\u00e7lerden elde edilen Beynur Tavuk Sosis dondurulmu\u015f bir \u015fekilde g\u00fcvenle t\u00fcketebilece\u011finiz lezzettir.  Beynur Tavuk Sosis 850gr\u2019l\u0131k paketi beyaz et ihtiyac\u0131n\u0131z\u0131 sa\u011fl\u0131kl\u0131 bir \u015fekilde giderir. Pratik kullan\u0131m\u0131 ile \u00e7ocuklar\u0131n\u0131z\u0131n damak tad\u0131na uygun olup ortalama besin de\u011ferlerinde sa\u011fl\u0131\u011f\u0131n\u0131za sa\u011fl\u0131k katar. Beynur Tavuk Sosis ile davetsiz misafirleriniz i\u00e7in k\u0131sa s\u00fcrede makarnalar, po\u011fa\u00e7alar, b\u00f6rekler ve pizzalar haz\u0131rlayarak konuklar\u0131n\u0131z\u0131 \u015fa\u015f\u0131rtabilirsiniz.\" \/>\n<meta property=\"og:url\" content=\"https:\/\/beynur.eu\/fr\/produit\/tavuk-sosis-10-adet\/\" \/>\n<meta property=\"og:site_name\" content=\"Beynur\" \/>\n<meta property=\"article:modified_time\" content=\"2026-03-08T12:14:53+00:00\" \/>\n<meta property=\"og:image\" content=\"https:\/\/beynur.eu\/wp-content\/uploads\/2018\/03\/tavuk-sosis-1.jpg\" \/>\n\t<meta property=\"og:image:width\" content=\"1000\" \/>\n\t<meta property=\"og:image:height\" content=\"1000\" \/>\n\t<meta property=\"og:image:type\" content=\"image\/jpeg\" \/>\n<meta name=\"twitter:card\" content=\"summary_large_image\" \/>\n<meta name=\"twitter:label1\" content=\"Dur\u00e9e de lecture estim\u00e9e\" \/>\n\t<meta name=\"twitter:data1\" content=\"2 minutes\" \/>\n<script type=\"application\/ld+json\" class=\"yoast-schema-graph\">{\"@context\":\"https:\/\/schema.org\",\"@graph\":[{\"@type\":\"WebPage\",\"@id\":\"https:\/\/beynur.eu\/urun\/tavuk-sosis-10-adet\/\",\"url\":\"https:\/\/beynur.eu\/urun\/tavuk-sosis-10-adet\/\",\"name\":\"Tavuk Sosis (10 Adet) - Beynur\",\"isPartOf\":{\"@id\":\"https:\/\/beynur.eu\/#website\"},\"primaryImageOfPage\":{\"@id\":\"https:\/\/beynur.eu\/urun\/tavuk-sosis-10-adet\/#primaryimage\"},\"image\":{\"@id\":\"https:\/\/beynur.eu\/urun\/tavuk-sosis-10-adet\/#primaryimage\"},\"thumbnailUrl\":\"https:\/\/beynur.eu\/wp-content\/uploads\/2018\/03\/tavuk-sosis-1.jpg\",\"datePublished\":\"2018-03-31T21:31:36+00:00\",\"dateModified\":\"2026-03-08T12:14:53+00:00\",\"breadcrumb\":{\"@id\":\"https:\/\/beynur.eu\/urun\/tavuk-sosis-10-adet\/#breadcrumb\"},\"inLanguage\":\"fr-FR\",\"potentialAction\":[{\"@type\":\"ReadAction\",\"target\":[\"https:\/\/beynur.eu\/urun\/tavuk-sosis-10-adet\/\"]}]},{\"@type\":\"ImageObject\",\"inLanguage\":\"fr-FR\",\"@id\":\"https:\/\/beynur.eu\/urun\/tavuk-sosis-10-adet\/#primaryimage\",\"url\":\"https:\/\/beynur.eu\/wp-content\/uploads\/2018\/03\/tavuk-sosis-1.jpg\",\"contentUrl\":\"https:\/\/beynur.eu\/wp-content\/uploads\/2018\/03\/tavuk-sosis-1.jpg\",\"width\":1000,\"height\":1000},{\"@type\":\"BreadcrumbList\",\"@id\":\"https:\/\/beynur.eu\/urun\/tavuk-sosis-10-adet\/#breadcrumb\",\"itemListElement\":[{\"@type\":\"ListItem\",\"position\":1,\"name\":\"Home\",\"item\":\"https:\/\/beynur.eu\/\"},{\"@type\":\"ListItem\",\"position\":2,\"name\":\"\u00dcr\u00fcnlerimiz\",\"item\":\"https:\/\/beynur.eu\/en\/urunlerimiz\/\"},{\"@type\":\"ListItem\",\"position\":3,\"name\":\"Tavuk Sosis (10 Adet)\"}]},{\"@type\":\"WebSite\",\"@id\":\"https:\/\/beynur.eu\/#website\",\"url\":\"https:\/\/beynur.eu\/\",\"name\":\"Beynur\",\"description\":\"\u0130lk g\u00fcnk\u00fc a\u015fkla, muhte\u015fem tatlar.\",\"potentialAction\":[{\"@type\":\"SearchAction\",\"target\":{\"@type\":\"EntryPoint\",\"urlTemplate\":\"https:\/\/beynur.eu\/?s={search_term_string}\"},\"query-input\":{\"@type\":\"PropertyValueSpecification\",\"valueRequired\":true,\"valueName\":\"search_term_string\"}}],\"inLanguage\":\"fr-FR\"}]}<\/script>\n<!-- \/ Yoast SEO plugin. -->","yoast_head_json":{"title":"Tavuk Sosis (10 Adet) - Beynur","robots":{"index":"index","follow":"follow","max-snippet":"max-snippet:-1","max-image-preview":"max-image-preview:large","max-video-preview":"max-video-preview:-1"},"canonical":"https:\/\/beynur.eu\/fr\/produit\/tavuk-sosis-10-adet\/","og_locale":"fr_FR","og_type":"article","og_title":"Tavuk Sosis (10 Adet) - Beynur","og_description":"Titizlikle yeti\u015ftirilmi\u015f, tad\u0131 g\u00fczel ve sa\u011fl\u0131kl\u0131 pili\u00e7lerden elde edilen Beynur Tavuk Sosis dondurulmu\u015f bir \u015fekilde g\u00fcvenle t\u00fcketebilece\u011finiz lezzettir.  Beynur Tavuk Sosis 850gr\u2019l\u0131k paketi beyaz et ihtiyac\u0131n\u0131z\u0131 sa\u011fl\u0131kl\u0131 bir \u015fekilde giderir. Pratik kullan\u0131m\u0131 ile \u00e7ocuklar\u0131n\u0131z\u0131n damak tad\u0131na uygun olup ortalama besin de\u011ferlerinde sa\u011fl\u0131\u011f\u0131n\u0131za sa\u011fl\u0131k katar. Beynur Tavuk Sosis ile davetsiz misafirleriniz i\u00e7in k\u0131sa s\u00fcrede makarnalar, po\u011fa\u00e7alar, b\u00f6rekler ve pizzalar haz\u0131rlayarak konuklar\u0131n\u0131z\u0131 \u015fa\u015f\u0131rtabilirsiniz.","og_url":"https:\/\/beynur.eu\/fr\/produit\/tavuk-sosis-10-adet\/","og_site_name":"Beynur","article_modified_time":"2026-03-08T12:14:53+00:00","og_image":[{"width":1000,"height":1000,"url":"https:\/\/beynur.eu\/wp-content\/uploads\/2018\/03\/tavuk-sosis-1.jpg","type":"image\/jpeg"}],"twitter_card":"summary_large_image","twitter_misc":{"Dur\u00e9e de lecture estim\u00e9e":"2 minutes"},"schema":{"@context":"https:\/\/schema.org","@graph":[{"@type":"WebPage","@id":"https:\/\/beynur.eu\/urun\/tavuk-sosis-10-adet\/","url":"https:\/\/beynur.eu\/urun\/tavuk-sosis-10-adet\/","name":"Tavuk Sosis (10 Adet) - Beynur","isPartOf":{"@id":"https:\/\/beynur.eu\/#website"},"primaryImageOfPage":{"@id":"https:\/\/beynur.eu\/urun\/tavuk-sosis-10-adet\/#primaryimage"},"image":{"@id":"https:\/\/beynur.eu\/urun\/tavuk-sosis-10-adet\/#primaryimage"},"thumbnailUrl":"https:\/\/beynur.eu\/wp-content\/uploads\/2018\/03\/tavuk-sosis-1.jpg","datePublished":"2018-03-31T21:31:36+00:00","dateModified":"2026-03-08T12:14:53+00:00","breadcrumb":{"@id":"https:\/\/beynur.eu\/urun\/tavuk-sosis-10-adet\/#breadcrumb"},"inLanguage":"fr-FR","potentialAction":[{"@type":"ReadAction","target":["https:\/\/beynur.eu\/urun\/tavuk-sosis-10-adet\/"]}]},{"@type":"ImageObject","inLanguage":"fr-FR","@id":"https:\/\/beynur.eu\/urun\/tavuk-sosis-10-adet\/#primaryimage","url":"https:\/\/beynur.eu\/wp-content\/uploads\/2018\/03\/tavuk-sosis-1.jpg","contentUrl":"https:\/\/beynur.eu\/wp-content\/uploads\/2018\/03\/tavuk-sosis-1.jpg","width":1000,"height":1000},{"@type":"BreadcrumbList","@id":"https:\/\/beynur.eu\/urun\/tavuk-sosis-10-adet\/#breadcrumb","itemListElement":[{"@type":"ListItem","position":1,"name":"Home","item":"https:\/\/beynur.eu\/"},{"@type":"ListItem","position":2,"name":"\u00dcr\u00fcnlerimiz","item":"https:\/\/beynur.eu\/en\/urunlerimiz\/"},{"@type":"ListItem","position":3,"name":"Tavuk Sosis (10 Adet)"}]},{"@type":"WebSite","@id":"https:\/\/beynur.eu\/#website","url":"https:\/\/beynur.eu\/","name":"Beynur","description":"\u0130lk g\u00fcnk\u00fc a\u015fkla, muhte\u015fem tatlar.","potentialAction":[{"@type":"SearchAction","target":{"@type":"EntryPoint","urlTemplate":"https:\/\/beynur.eu\/?s={search_term_string}"},"query-input":{"@type":"PropertyValueSpecification","valueRequired":true,"valueName":"search_term_string"}}],"inLanguage":"fr-FR"}]}},"_links":{"self":[{"href":"https:\/\/beynur.eu\/fr\/wp-json\/wp\/v2\/product\/145","targetHints":{"allow":["GET"]}}],"collection":[{"href":"https:\/\/beynur.eu\/fr\/wp-json\/wp\/v2\/product"}],"about":[{"href":"https:\/\/beynur.eu\/fr\/wp-json\/wp\/v2\/types\/product"}],"wp:featuredmedia":[{"embeddable":true,"href":"https:\/\/beynur.eu\/fr\/wp-json\/wp\/v2\/media\/289"}],"wp:attachment":[{"href":"https:\/\/beynur.eu\/fr\/wp-json\/wp\/v2\/media?parent=145"}],"wp:term":[{"taxonomy":"product_brand","embeddable":true,"href":"https:\/\/beynur.eu\/fr\/wp-json\/wp\/v2\/product_brand?post=145"},{"taxonomy":"product_cat","embeddable":true,"href":"https:\/\/beynur.eu\/fr\/wp-json\/wp\/v2\/product_cat?post=145"},{"taxonomy":"product_tag","embeddable":true,"href":"https:\/\/beynur.eu\/fr\/wp-json\/wp\/v2\/product_tag?post=145"}],"curies":[{"name":"wp","href":"https:\/\/api.w.org\/{rel}","templated":true}]}}