{"id":150,"date":"2018-03-31T21:36:36","date_gmt":"2018-03-31T21:36:36","guid":{"rendered":"https:\/\/beynur.eu\/?post_type=product&#038;p=150"},"modified":"2026-03-08T12:14:32","modified_gmt":"2026-03-08T12:14:32","slug":"tavuk-burger-36-adet","status":"publish","type":"product","link":"https:\/\/beynur.eu\/fr\/produit\/tavuk-burger-36-adet\/","title":{"rendered":"Burger Au Poulet (36 Pi\u00e8ces)"},"content":{"rendered":"<p>Bonne nouvelle aux amateurs de burgers de poulet! Beynur vous offre de sains et d\u00e9licieux burgers de poulet que vous pourrez manger sereinement en famille.<\/p>\n<p>Avec une saveur de poulet adapt\u00e9e \u00e0 votre go\u00fbt, le burger de poulet Beynur sera une bonne alternative aussi bien pour vous que pour vos enfants. Ce produit savoureux pr\u00e9par\u00e9 dans des paquets surgel\u00e9s de 2340g vous permettra de pr\u00e9parer facilement de d\u00e9licieux repas \u00e0 vos invit\u00e9s surprise tout au long de la journ\u00e9e.<\/p>\n<p>A la fois l\u00e9gers et savoureux nos burgers de poulet sont pr\u00e9par\u00e9s avec des poulets d\u00e9coup\u00e9s selon les principes de l\u2019\u0130slam, sur un site qui produit des \u0153ufs et du lait(lactose compris). Nous vous conseillons de les faire cuire jusqu\u2019au c\u0153ur. Ne laissez pas le produit se d\u00e9congeler dans l\u2019emballage.<\/p>\n<p>&nbsp;<\/p>\n<p><strong>Pr\u00e9paration :<\/strong><\/p>\n<p>Compatible au four, au grill, \u00e0 la po\u00eale, au barbecue et \u00e0 la friteuse. A la friteuse 3 minutes \u00e0 180\u02daC, si surgel\u00e9 et 2 minutes, si d\u00e9congel\u00e9.<\/p>\n<p>&nbsp;<\/p>\n<p><strong>Conditions de conservation :<\/strong><\/p>\n<p>Au cong\u00e9lateur: -18\u02daC, 18 mois apr\u00e8s la date de fabrication<\/p>\n<p>Au frigo-cong\u00e9lateur: -12\u02daC, 1 mois<\/p>\n<p>Au frigidaire: sous 7\u02daC, 2 jours.<\/p>\n<p>Ne recongelez pas apr\u00e8s d\u00e9cong\u00e9lation.<\/p>","protected":false},"excerpt":{"rendered":"<p>Bonne nouvelle aux amateurs de burgers de poulet! Beynur vous offre de sains et d\u00e9licieux burgers de poulet que vous pourrez manger sereinement en famille.<\/p>\n<p>Avec une saveur de poulet adapt\u00e9e \u00e0 votre go\u00fbt, le burger de poulet Beynur sera une bonne alternative aussi bien pour vous que pour vos enfants. Ce produit savoureux pr\u00e9par\u00e9 dans des paquets surgel\u00e9s de 2340g vous permettra de pr\u00e9parer facilement de d\u00e9licieux repas \u00e0 vos invit\u00e9s surprise tout au long de la journ\u00e9e.<\/p>","protected":false},"featured_media":292,"template":"","meta":[],"product_brand":[],"product_cat":[18],"product_tag":[],"class_list":{"0":"post-150","1":"product","2":"type-product","3":"status-publish","4":"has-post-thumbnail","6":"product_cat-tavuk-ve-hindi-urunleri","8":"first","9":"instock","10":"shipping-taxable","11":"product-type-simple"},"yoast_head":"<!-- This site is optimized with the Yoast SEO plugin v26.8 - https:\/\/yoast.com\/product\/yoast-seo-wordpress\/ -->\n<title>Tavuk Burger (36 Adet) - Beynur<\/title>\n<meta name=\"robots\" content=\"index, follow, max-snippet:-1, max-image-preview:large, max-video-preview:-1\" \/>\n<link rel=\"canonical\" href=\"https:\/\/beynur.eu\/fr\/produit\/tavuk-burger-36-adet\/\" \/>\n<meta property=\"og:locale\" content=\"fr_FR\" \/>\n<meta property=\"og:type\" content=\"article\" \/>\n<meta property=\"og:title\" content=\"Tavuk Burger (36 Adet) - Beynur\" \/>\n<meta property=\"og:description\" content=\"Tavuk Burger severlere m\u00fcjde! Beynur\u2019dan g\u00f6n\u00fcl rahatl\u0131\u011f\u0131yla ailecek t\u00fcketilecek lezzetli oldu\u011fu kadar sa\u011fl\u0131kl\u0131 da olan nefis Tavuk Burgerler!  Damak tad\u0131n\u0131za uygun pili\u00e7 tad\u0131 ile Beynur Tavuk Burger, en az \u00e7ocuklar kadar yeti\u015fkinler i\u00e7in de iyi bir alternatif. Sizler i\u00e7in 2340gr\u2019l\u0131k paketlerde dondurulmu\u015f olarak haz\u0131rlanan bu lezzetli \u00fcr\u00fcn ile davetsiz misafirlerinize g\u00fcn boyu kolay bir \u015fekilde enfes sofralar haz\u0131rlayabileceksiniz.\" \/>\n<meta property=\"og:url\" content=\"https:\/\/beynur.eu\/fr\/produit\/tavuk-burger-36-adet\/\" \/>\n<meta property=\"og:site_name\" content=\"Beynur\" \/>\n<meta property=\"article:modified_time\" content=\"2026-03-08T12:14:32+00:00\" \/>\n<meta property=\"og:image\" content=\"https:\/\/beynur.eu\/wp-content\/uploads\/2018\/03\/tavuk-burger-36-1.jpg\" \/>\n\t<meta property=\"og:image:width\" content=\"1000\" \/>\n\t<meta property=\"og:image:height\" content=\"1000\" \/>\n\t<meta property=\"og:image:type\" content=\"image\/jpeg\" \/>\n<meta name=\"twitter:card\" content=\"summary_large_image\" \/>\n<meta name=\"twitter:label1\" content=\"Dur\u00e9e de lecture estim\u00e9e\" \/>\n\t<meta name=\"twitter:data1\" content=\"2 minutes\" \/>\n<script type=\"application\/ld+json\" class=\"yoast-schema-graph\">{\"@context\":\"https:\/\/schema.org\",\"@graph\":[{\"@type\":\"WebPage\",\"@id\":\"https:\/\/beynur.eu\/urun\/tavuk-burger-36-adet\/\",\"url\":\"https:\/\/beynur.eu\/urun\/tavuk-burger-36-adet\/\",\"name\":\"Tavuk Burger (36 Adet) - Beynur\",\"isPartOf\":{\"@id\":\"https:\/\/beynur.eu\/#website\"},\"primaryImageOfPage\":{\"@id\":\"https:\/\/beynur.eu\/urun\/tavuk-burger-36-adet\/#primaryimage\"},\"image\":{\"@id\":\"https:\/\/beynur.eu\/urun\/tavuk-burger-36-adet\/#primaryimage\"},\"thumbnailUrl\":\"https:\/\/beynur.eu\/wp-content\/uploads\/2018\/03\/tavuk-burger-36-1.jpg\",\"datePublished\":\"2018-03-31T21:36:36+00:00\",\"dateModified\":\"2026-03-08T12:14:32+00:00\",\"breadcrumb\":{\"@id\":\"https:\/\/beynur.eu\/urun\/tavuk-burger-36-adet\/#breadcrumb\"},\"inLanguage\":\"fr-FR\",\"potentialAction\":[{\"@type\":\"ReadAction\",\"target\":[\"https:\/\/beynur.eu\/urun\/tavuk-burger-36-adet\/\"]}]},{\"@type\":\"ImageObject\",\"inLanguage\":\"fr-FR\",\"@id\":\"https:\/\/beynur.eu\/urun\/tavuk-burger-36-adet\/#primaryimage\",\"url\":\"https:\/\/beynur.eu\/wp-content\/uploads\/2018\/03\/tavuk-burger-36-1.jpg\",\"contentUrl\":\"https:\/\/beynur.eu\/wp-content\/uploads\/2018\/03\/tavuk-burger-36-1.jpg\",\"width\":1000,\"height\":1000},{\"@type\":\"BreadcrumbList\",\"@id\":\"https:\/\/beynur.eu\/urun\/tavuk-burger-36-adet\/#breadcrumb\",\"itemListElement\":[{\"@type\":\"ListItem\",\"position\":1,\"name\":\"Home\",\"item\":\"https:\/\/beynur.eu\/\"},{\"@type\":\"ListItem\",\"position\":2,\"name\":\"\u00dcr\u00fcnlerimiz\",\"item\":\"https:\/\/beynur.eu\/en\/urunlerimiz\/\"},{\"@type\":\"ListItem\",\"position\":3,\"name\":\"Tavuk Burger (36 Adet)\"}]},{\"@type\":\"WebSite\",\"@id\":\"https:\/\/beynur.eu\/#website\",\"url\":\"https:\/\/beynur.eu\/\",\"name\":\"Beynur\",\"description\":\"\u0130lk g\u00fcnk\u00fc a\u015fkla, muhte\u015fem tatlar.\",\"potentialAction\":[{\"@type\":\"SearchAction\",\"target\":{\"@type\":\"EntryPoint\",\"urlTemplate\":\"https:\/\/beynur.eu\/?s={search_term_string}\"},\"query-input\":{\"@type\":\"PropertyValueSpecification\",\"valueRequired\":true,\"valueName\":\"search_term_string\"}}],\"inLanguage\":\"fr-FR\"}]}<\/script>\n<!-- \/ Yoast SEO plugin. -->","yoast_head_json":{"title":"Tavuk Burger (36 Adet) - Beynur","robots":{"index":"index","follow":"follow","max-snippet":"max-snippet:-1","max-image-preview":"max-image-preview:large","max-video-preview":"max-video-preview:-1"},"canonical":"https:\/\/beynur.eu\/fr\/produit\/tavuk-burger-36-adet\/","og_locale":"fr_FR","og_type":"article","og_title":"Tavuk Burger (36 Adet) - Beynur","og_description":"Tavuk Burger severlere m\u00fcjde! Beynur\u2019dan g\u00f6n\u00fcl rahatl\u0131\u011f\u0131yla ailecek t\u00fcketilecek lezzetli oldu\u011fu kadar sa\u011fl\u0131kl\u0131 da olan nefis Tavuk Burgerler!  Damak tad\u0131n\u0131za uygun pili\u00e7 tad\u0131 ile Beynur Tavuk Burger, en az \u00e7ocuklar kadar yeti\u015fkinler i\u00e7in de iyi bir alternatif. Sizler i\u00e7in 2340gr\u2019l\u0131k paketlerde dondurulmu\u015f olarak haz\u0131rlanan bu lezzetli \u00fcr\u00fcn ile davetsiz misafirlerinize g\u00fcn boyu kolay bir \u015fekilde enfes sofralar haz\u0131rlayabileceksiniz.","og_url":"https:\/\/beynur.eu\/fr\/produit\/tavuk-burger-36-adet\/","og_site_name":"Beynur","article_modified_time":"2026-03-08T12:14:32+00:00","og_image":[{"width":1000,"height":1000,"url":"https:\/\/beynur.eu\/wp-content\/uploads\/2018\/03\/tavuk-burger-36-1.jpg","type":"image\/jpeg"}],"twitter_card":"summary_large_image","twitter_misc":{"Dur\u00e9e de lecture estim\u00e9e":"2 minutes"},"schema":{"@context":"https:\/\/schema.org","@graph":[{"@type":"WebPage","@id":"https:\/\/beynur.eu\/urun\/tavuk-burger-36-adet\/","url":"https:\/\/beynur.eu\/urun\/tavuk-burger-36-adet\/","name":"Tavuk Burger (36 Adet) - Beynur","isPartOf":{"@id":"https:\/\/beynur.eu\/#website"},"primaryImageOfPage":{"@id":"https:\/\/beynur.eu\/urun\/tavuk-burger-36-adet\/#primaryimage"},"image":{"@id":"https:\/\/beynur.eu\/urun\/tavuk-burger-36-adet\/#primaryimage"},"thumbnailUrl":"https:\/\/beynur.eu\/wp-content\/uploads\/2018\/03\/tavuk-burger-36-1.jpg","datePublished":"2018-03-31T21:36:36+00:00","dateModified":"2026-03-08T12:14:32+00:00","breadcrumb":{"@id":"https:\/\/beynur.eu\/urun\/tavuk-burger-36-adet\/#breadcrumb"},"inLanguage":"fr-FR","potentialAction":[{"@type":"ReadAction","target":["https:\/\/beynur.eu\/urun\/tavuk-burger-36-adet\/"]}]},{"@type":"ImageObject","inLanguage":"fr-FR","@id":"https:\/\/beynur.eu\/urun\/tavuk-burger-36-adet\/#primaryimage","url":"https:\/\/beynur.eu\/wp-content\/uploads\/2018\/03\/tavuk-burger-36-1.jpg","contentUrl":"https:\/\/beynur.eu\/wp-content\/uploads\/2018\/03\/tavuk-burger-36-1.jpg","width":1000,"height":1000},{"@type":"BreadcrumbList","@id":"https:\/\/beynur.eu\/urun\/tavuk-burger-36-adet\/#breadcrumb","itemListElement":[{"@type":"ListItem","position":1,"name":"Home","item":"https:\/\/beynur.eu\/"},{"@type":"ListItem","position":2,"name":"\u00dcr\u00fcnlerimiz","item":"https:\/\/beynur.eu\/en\/urunlerimiz\/"},{"@type":"ListItem","position":3,"name":"Tavuk Burger (36 Adet)"}]},{"@type":"WebSite","@id":"https:\/\/beynur.eu\/#website","url":"https:\/\/beynur.eu\/","name":"Beynur","description":"\u0130lk g\u00fcnk\u00fc a\u015fkla, muhte\u015fem tatlar.","potentialAction":[{"@type":"SearchAction","target":{"@type":"EntryPoint","urlTemplate":"https:\/\/beynur.eu\/?s={search_term_string}"},"query-input":{"@type":"PropertyValueSpecification","valueRequired":true,"valueName":"search_term_string"}}],"inLanguage":"fr-FR"}]}},"_links":{"self":[{"href":"https:\/\/beynur.eu\/fr\/wp-json\/wp\/v2\/product\/150","targetHints":{"allow":["GET"]}}],"collection":[{"href":"https:\/\/beynur.eu\/fr\/wp-json\/wp\/v2\/product"}],"about":[{"href":"https:\/\/beynur.eu\/fr\/wp-json\/wp\/v2\/types\/product"}],"wp:featuredmedia":[{"embeddable":true,"href":"https:\/\/beynur.eu\/fr\/wp-json\/wp\/v2\/media\/292"}],"wp:attachment":[{"href":"https:\/\/beynur.eu\/fr\/wp-json\/wp\/v2\/media?parent=150"}],"wp:term":[{"taxonomy":"product_brand","embeddable":true,"href":"https:\/\/beynur.eu\/fr\/wp-json\/wp\/v2\/product_brand?post=150"},{"taxonomy":"product_cat","embeddable":true,"href":"https:\/\/beynur.eu\/fr\/wp-json\/wp\/v2\/product_cat?post=150"},{"taxonomy":"product_tag","embeddable":true,"href":"https:\/\/beynur.eu\/fr\/wp-json\/wp\/v2\/product_tag?post=150"}],"curies":[{"name":"wp","href":"https:\/\/api.w.org\/{rel}","templated":true}]}}