{"id":155,"date":"2018-03-31T21:43:18","date_gmt":"2018-03-31T21:43:18","guid":{"rendered":"https:\/\/beynur.eu\/?post_type=product&#038;p=155"},"modified":"2026-03-08T12:17:58","modified_gmt":"2026-03-08T12:17:58","slug":"peynir-ve-sarimsakli-tavuk-pops","status":"publish","type":"product","link":"https:\/\/beynur.eu\/fr\/produit\/peynir-ve-sarimsakli-tavuk-pops\/","title":{"rendered":"Bouch\u00e9es De Poulet Au Fromage Et \u00c0 L'Ail"},"content":{"rendered":"<p>Peynirin ve sar\u0131msa\u011f\u0131n e\u015fsiz uyumuyla \u00fcretilen Beynur Tavuk Pops lezzeti ve pratikli\u011fi ile sofralar\u0131n\u0131z\u0131n ba\u015f tac\u0131 olacak.<\/p>\n<p>\u00c7ocu\u011fuma peynir ve sar\u0131msak yediremiyorum diye \u00fcz\u00fclmeyin! Yapaca\u011f\u0131n\u0131z \u00e7e\u015fitli soslarla \u00e7ocuklar\u0131n\u0131z\u0131n da severek t\u00fcketece\u011fi Tavuk Pops 500gr\u2019l\u0131k paketi ile beyaz et ihtiyac\u0131n\u0131z\u0131 doyas\u0131ya ve sa\u011fl\u0131kl\u0131 bir \u015fekilde giderir. Pratik kullan\u0131m\u0131 ile ortalama besin de\u011ferlerinde sa\u011fl\u0131\u011f\u0131n\u0131za sa\u011fl\u0131k katar. Beynur Tavuk Pops ile davetsiz misafirleriniz i\u00e7in k\u0131sa s\u00fcrede g\u00fczel bir sofra haz\u0131rlayarak e\u015fsiz ve farkl\u0131 soslarla konuklar\u0131n\u0131z\u0131 \u015fa\u015f\u0131rtabilirsiniz.<\/p>\n<p>A la fois l\u00e9gers et savoureux ce produit est pr\u00e9par\u00e9 avec des poulets d\u00e9coup\u00e9s selon les principes de l\u2019\u0130slam, sur un site qui produit des \u0153ufs, du lait, du soja, du c\u00e9leri et de la moutarde. Bien qu\u2019ayant fait l\u2019objet d\u2019une grande minutie pour enlever tous les os, il est possible qu\u2019il en soit rest\u00e9 quelques-uns. R\u00e9chauffez compl\u00e8tement avant de servir, bon app\u00e9tit.<\/p>\n<p>&nbsp;<\/p>\n<p><strong>Pr\u00e9paration :<\/strong><\/p>\n<p>Dondurulmu\u015f olarak pi\u015firin. Derin k\u0131zartma tavas\u0131: 180\u00b0C, 3-4 dakika. Buzu \u00e7\u00f6z\u00fcld\u00fckten sonra pi\u015firme: Derin k\u0131zartma tavas\u0131: 180\u00b0C, 3-4 dakika. \u00d6nceden \u0131s\u0131t\u0131lm\u0131\u015f f\u0131r\u0131n: 220\u00b0C, 12-16 dakika. Buzu \u00e7\u00f6z\u00fcld\u00fckten sonra pi\u015firme: 12-14 dakika. Tava: 2\u00d78 dakika.<\/p>\n<p>&nbsp;<\/p>\n<p><strong>Conditions de conservation :<\/strong><\/p>\n<p>Au cong\u00e9lateur: -18\u02daC, 18 mois apr\u00e8s la date de fabrication<\/p>\n<p>Au frigo-cong\u00e9lateur: -12\u02daC, 1 mois<\/p>\n<p>Au frigidaire: sous 7\u02daC, 1 jour.<\/p>\n<p>\u00c7\u00f6z\u00fcld\u00fckten hemen sonra t\u00fcketilmelidir. \u00dcr\u00fcn\u00fc \u00e7\u00f6z\u00fcld\u00fckten sonra tekrar dondurmay\u0131n\u0131z.<\/p>","protected":false},"excerpt":{"rendered":"<p>Peynirin ve sar\u0131msa\u011f\u0131n e\u015fsiz uyumuyla \u00fcretilen Beynur Tavuk Pops lezzeti ve pratikli\u011fi ile sofralar\u0131n\u0131z\u0131n ba\u015f tac\u0131 olacak.<\/p>\n<p>\u00c7ocu\u011fuma peynir ve sar\u0131msak yediremiyorum diye \u00fcz\u00fclmeyin! Yapaca\u011f\u0131n\u0131z \u00e7e\u015fitli soslarla \u00e7ocuklar\u0131n\u0131z\u0131n da severek t\u00fcketece\u011fi Tavuk Pops 500gr\u2019l\u0131k paketi ile beyaz et ihtiyac\u0131n\u0131z\u0131 doyas\u0131ya ve sa\u011fl\u0131kl\u0131 bir \u015fekilde giderir. Pratik kullan\u0131m\u0131 ile ortalama besin de\u011ferlerinde sa\u011fl\u0131\u011f\u0131n\u0131za sa\u011fl\u0131k katar. Beynur Tavuk Pops ile davetsiz misafirleriniz i\u00e7in k\u0131sa s\u00fcrede g\u00fczel bir sofra haz\u0131rlayarak e\u015fsiz ve farkl\u0131 soslarla konuklar\u0131n\u0131z\u0131 \u015fa\u015f\u0131rtabilirsiniz.<\/p>","protected":false},"featured_media":1622,"template":"","meta":[],"product_brand":[],"product_cat":[18],"product_tag":[],"class_list":{"0":"post-155","1":"product","2":"type-product","3":"status-publish","4":"has-post-thumbnail","6":"product_cat-tavuk-ve-hindi-urunleri","8":"first","9":"instock","10":"shipping-taxable","11":"product-type-simple"},"yoast_head":"<!-- This site is optimized with the Yoast SEO plugin v26.8 - https:\/\/yoast.com\/product\/yoast-seo-wordpress\/ -->\n<title>Peynir ve Sar\u0131msakl\u0131 Tavuk Pops - Beynur<\/title>\n<meta name=\"robots\" content=\"index, follow, max-snippet:-1, max-image-preview:large, max-video-preview:-1\" \/>\n<link rel=\"canonical\" href=\"https:\/\/beynur.eu\/fr\/produit\/peynir-ve-sarimsakli-tavuk-pops\/\" \/>\n<meta property=\"og:locale\" content=\"fr_FR\" \/>\n<meta property=\"og:type\" content=\"article\" \/>\n<meta property=\"og:title\" content=\"Peynir ve Sar\u0131msakl\u0131 Tavuk Pops - Beynur\" \/>\n<meta property=\"og:description\" content=\"Peynirin ve sar\u0131msa\u011f\u0131n e\u015fsiz uyumuyla \u00fcretilen Beynur Tavuk Pops lezzeti ve pratikli\u011fi ile sofralar\u0131n\u0131z\u0131n ba\u015f tac\u0131 olacak.  \u00c7ocu\u011fuma peynir ve sar\u0131msak yediremiyorum diye \u00fcz\u00fclmeyin! Yapaca\u011f\u0131n\u0131z \u00e7e\u015fitli soslarla \u00e7ocuklar\u0131n\u0131z\u0131n da severek t\u00fcketece\u011fi Tavuk Pops 500gr\u2019l\u0131k paketi ile beyaz et ihtiyac\u0131n\u0131z\u0131 doyas\u0131ya ve sa\u011fl\u0131kl\u0131 bir \u015fekilde giderir. Pratik kullan\u0131m\u0131 ile ortalama besin de\u011ferlerinde sa\u011fl\u0131\u011f\u0131n\u0131za sa\u011fl\u0131k katar. Beynur Tavuk Pops ile davetsiz misafirleriniz i\u00e7in k\u0131sa s\u00fcrede g\u00fczel bir sofra haz\u0131rlayarak e\u015fsiz ve farkl\u0131 soslarla konuklar\u0131n\u0131z\u0131 \u015fa\u015f\u0131rtabilirsiniz.\" \/>\n<meta property=\"og:url\" content=\"https:\/\/beynur.eu\/fr\/produit\/peynir-ve-sarimsakli-tavuk-pops\/\" \/>\n<meta property=\"og:site_name\" content=\"Beynur\" \/>\n<meta property=\"article:modified_time\" content=\"2026-03-08T12:17:58+00:00\" \/>\n<meta property=\"og:image\" content=\"https:\/\/beynur.eu\/wp-content\/uploads\/2020\/12\/6.png\" \/>\n\t<meta property=\"og:image:width\" content=\"1000\" \/>\n\t<meta property=\"og:image:height\" content=\"1000\" \/>\n\t<meta property=\"og:image:type\" content=\"image\/png\" \/>\n<meta name=\"twitter:card\" content=\"summary_large_image\" \/>\n<meta name=\"twitter:label1\" content=\"Dur\u00e9e de lecture estim\u00e9e\" \/>\n\t<meta name=\"twitter:data1\" content=\"2 minutes\" \/>\n<script type=\"application\/ld+json\" class=\"yoast-schema-graph\">{\"@context\":\"https:\/\/schema.org\",\"@graph\":[{\"@type\":\"WebPage\",\"@id\":\"https:\/\/beynur.eu\/urun\/peynir-ve-sarimsakli-tavuk-pops\/\",\"url\":\"https:\/\/beynur.eu\/urun\/peynir-ve-sarimsakli-tavuk-pops\/\",\"name\":\"Peynir ve Sar\u0131msakl\u0131 Tavuk Pops - Beynur\",\"isPartOf\":{\"@id\":\"https:\/\/beynur.eu\/#website\"},\"primaryImageOfPage\":{\"@id\":\"https:\/\/beynur.eu\/urun\/peynir-ve-sarimsakli-tavuk-pops\/#primaryimage\"},\"image\":{\"@id\":\"https:\/\/beynur.eu\/urun\/peynir-ve-sarimsakli-tavuk-pops\/#primaryimage\"},\"thumbnailUrl\":\"https:\/\/beynur.eu\/wp-content\/uploads\/2020\/12\/6.png\",\"datePublished\":\"2018-03-31T21:43:18+00:00\",\"dateModified\":\"2026-03-08T12:17:58+00:00\",\"breadcrumb\":{\"@id\":\"https:\/\/beynur.eu\/urun\/peynir-ve-sarimsakli-tavuk-pops\/#breadcrumb\"},\"inLanguage\":\"fr-FR\",\"potentialAction\":[{\"@type\":\"ReadAction\",\"target\":[\"https:\/\/beynur.eu\/urun\/peynir-ve-sarimsakli-tavuk-pops\/\"]}]},{\"@type\":\"ImageObject\",\"inLanguage\":\"fr-FR\",\"@id\":\"https:\/\/beynur.eu\/urun\/peynir-ve-sarimsakli-tavuk-pops\/#primaryimage\",\"url\":\"https:\/\/beynur.eu\/wp-content\/uploads\/2020\/12\/6.png\",\"contentUrl\":\"https:\/\/beynur.eu\/wp-content\/uploads\/2020\/12\/6.png\",\"width\":1000,\"height\":1000},{\"@type\":\"BreadcrumbList\",\"@id\":\"https:\/\/beynur.eu\/urun\/peynir-ve-sarimsakli-tavuk-pops\/#breadcrumb\",\"itemListElement\":[{\"@type\":\"ListItem\",\"position\":1,\"name\":\"Home\",\"item\":\"https:\/\/beynur.eu\/\"},{\"@type\":\"ListItem\",\"position\":2,\"name\":\"\u00dcr\u00fcnlerimiz\",\"item\":\"https:\/\/beynur.eu\/en\/urunlerimiz\/\"},{\"@type\":\"ListItem\",\"position\":3,\"name\":\"Peynir ve Sar\u0131msakl\u0131 Tavuk Pops\"}]},{\"@type\":\"WebSite\",\"@id\":\"https:\/\/beynur.eu\/#website\",\"url\":\"https:\/\/beynur.eu\/\",\"name\":\"Beynur\",\"description\":\"\u0130lk g\u00fcnk\u00fc a\u015fkla, muhte\u015fem tatlar.\",\"potentialAction\":[{\"@type\":\"SearchAction\",\"target\":{\"@type\":\"EntryPoint\",\"urlTemplate\":\"https:\/\/beynur.eu\/?s={search_term_string}\"},\"query-input\":{\"@type\":\"PropertyValueSpecification\",\"valueRequired\":true,\"valueName\":\"search_term_string\"}}],\"inLanguage\":\"fr-FR\"}]}<\/script>\n<!-- \/ Yoast SEO plugin. -->","yoast_head_json":{"title":"Peynir ve Sar\u0131msakl\u0131 Tavuk Pops - Beynur","robots":{"index":"index","follow":"follow","max-snippet":"max-snippet:-1","max-image-preview":"max-image-preview:large","max-video-preview":"max-video-preview:-1"},"canonical":"https:\/\/beynur.eu\/fr\/produit\/peynir-ve-sarimsakli-tavuk-pops\/","og_locale":"fr_FR","og_type":"article","og_title":"Peynir ve Sar\u0131msakl\u0131 Tavuk Pops - Beynur","og_description":"Peynirin ve sar\u0131msa\u011f\u0131n e\u015fsiz uyumuyla \u00fcretilen Beynur Tavuk Pops lezzeti ve pratikli\u011fi ile sofralar\u0131n\u0131z\u0131n ba\u015f tac\u0131 olacak.  \u00c7ocu\u011fuma peynir ve sar\u0131msak yediremiyorum diye \u00fcz\u00fclmeyin! Yapaca\u011f\u0131n\u0131z \u00e7e\u015fitli soslarla \u00e7ocuklar\u0131n\u0131z\u0131n da severek t\u00fcketece\u011fi Tavuk Pops 500gr\u2019l\u0131k paketi ile beyaz et ihtiyac\u0131n\u0131z\u0131 doyas\u0131ya ve sa\u011fl\u0131kl\u0131 bir \u015fekilde giderir. Pratik kullan\u0131m\u0131 ile ortalama besin de\u011ferlerinde sa\u011fl\u0131\u011f\u0131n\u0131za sa\u011fl\u0131k katar. Beynur Tavuk Pops ile davetsiz misafirleriniz i\u00e7in k\u0131sa s\u00fcrede g\u00fczel bir sofra haz\u0131rlayarak e\u015fsiz ve farkl\u0131 soslarla konuklar\u0131n\u0131z\u0131 \u015fa\u015f\u0131rtabilirsiniz.","og_url":"https:\/\/beynur.eu\/fr\/produit\/peynir-ve-sarimsakli-tavuk-pops\/","og_site_name":"Beynur","article_modified_time":"2026-03-08T12:17:58+00:00","og_image":[{"width":1000,"height":1000,"url":"https:\/\/beynur.eu\/wp-content\/uploads\/2020\/12\/6.png","type":"image\/png"}],"twitter_card":"summary_large_image","twitter_misc":{"Dur\u00e9e de lecture estim\u00e9e":"2 minutes"},"schema":{"@context":"https:\/\/schema.org","@graph":[{"@type":"WebPage","@id":"https:\/\/beynur.eu\/urun\/peynir-ve-sarimsakli-tavuk-pops\/","url":"https:\/\/beynur.eu\/urun\/peynir-ve-sarimsakli-tavuk-pops\/","name":"Peynir ve Sar\u0131msakl\u0131 Tavuk Pops - Beynur","isPartOf":{"@id":"https:\/\/beynur.eu\/#website"},"primaryImageOfPage":{"@id":"https:\/\/beynur.eu\/urun\/peynir-ve-sarimsakli-tavuk-pops\/#primaryimage"},"image":{"@id":"https:\/\/beynur.eu\/urun\/peynir-ve-sarimsakli-tavuk-pops\/#primaryimage"},"thumbnailUrl":"https:\/\/beynur.eu\/wp-content\/uploads\/2020\/12\/6.png","datePublished":"2018-03-31T21:43:18+00:00","dateModified":"2026-03-08T12:17:58+00:00","breadcrumb":{"@id":"https:\/\/beynur.eu\/urun\/peynir-ve-sarimsakli-tavuk-pops\/#breadcrumb"},"inLanguage":"fr-FR","potentialAction":[{"@type":"ReadAction","target":["https:\/\/beynur.eu\/urun\/peynir-ve-sarimsakli-tavuk-pops\/"]}]},{"@type":"ImageObject","inLanguage":"fr-FR","@id":"https:\/\/beynur.eu\/urun\/peynir-ve-sarimsakli-tavuk-pops\/#primaryimage","url":"https:\/\/beynur.eu\/wp-content\/uploads\/2020\/12\/6.png","contentUrl":"https:\/\/beynur.eu\/wp-content\/uploads\/2020\/12\/6.png","width":1000,"height":1000},{"@type":"BreadcrumbList","@id":"https:\/\/beynur.eu\/urun\/peynir-ve-sarimsakli-tavuk-pops\/#breadcrumb","itemListElement":[{"@type":"ListItem","position":1,"name":"Home","item":"https:\/\/beynur.eu\/"},{"@type":"ListItem","position":2,"name":"\u00dcr\u00fcnlerimiz","item":"https:\/\/beynur.eu\/en\/urunlerimiz\/"},{"@type":"ListItem","position":3,"name":"Peynir ve Sar\u0131msakl\u0131 Tavuk Pops"}]},{"@type":"WebSite","@id":"https:\/\/beynur.eu\/#website","url":"https:\/\/beynur.eu\/","name":"Beynur","description":"\u0130lk g\u00fcnk\u00fc a\u015fkla, muhte\u015fem tatlar.","potentialAction":[{"@type":"SearchAction","target":{"@type":"EntryPoint","urlTemplate":"https:\/\/beynur.eu\/?s={search_term_string}"},"query-input":{"@type":"PropertyValueSpecification","valueRequired":true,"valueName":"search_term_string"}}],"inLanguage":"fr-FR"}]}},"_links":{"self":[{"href":"https:\/\/beynur.eu\/fr\/wp-json\/wp\/v2\/product\/155","targetHints":{"allow":["GET"]}}],"collection":[{"href":"https:\/\/beynur.eu\/fr\/wp-json\/wp\/v2\/product"}],"about":[{"href":"https:\/\/beynur.eu\/fr\/wp-json\/wp\/v2\/types\/product"}],"wp:featuredmedia":[{"embeddable":true,"href":"https:\/\/beynur.eu\/fr\/wp-json\/wp\/v2\/media\/1622"}],"wp:attachment":[{"href":"https:\/\/beynur.eu\/fr\/wp-json\/wp\/v2\/media?parent=155"}],"wp:term":[{"taxonomy":"product_brand","embeddable":true,"href":"https:\/\/beynur.eu\/fr\/wp-json\/wp\/v2\/product_brand?post=155"},{"taxonomy":"product_cat","embeddable":true,"href":"https:\/\/beynur.eu\/fr\/wp-json\/wp\/v2\/product_cat?post=155"},{"taxonomy":"product_tag","embeddable":true,"href":"https:\/\/beynur.eu\/fr\/wp-json\/wp\/v2\/product_tag?post=155"}],"curies":[{"name":"wp","href":"https:\/\/api.w.org\/{rel}","templated":true}]}}