{"id":156,"date":"2018-03-31T21:44:19","date_gmt":"2018-03-31T21:44:19","guid":{"rendered":"https:\/\/beynur.eu\/?post_type=product&#038;p=156"},"modified":"2026-03-08T12:44:42","modified_gmt":"2026-03-08T12:44:42","slug":"tavuklu-pizza","status":"publish","type":"product","link":"https:\/\/beynur.eu\/fr\/urun\/tavuklu-pizza\/","title":{"rendered":"Pizza Au Poulet"},"content":{"rendered":"<p>La pizza au poulet Beynur, avec son go\u00fbt et sa saveur, vous apporte le meilleur de l\u2019\u0130talie saveur pr\u00e9cisement recherch\u00e9e.<\/p>\n<p>Vous pourrez \u00e9tonner vos invit\u00e9s surprise avec les Pizzas de poulet Beynur qui unissent une viande de poulet d\u00e9licieuse et un super fromage. C\u2019est un r\u00e9gal gustatif aussi bien pour vos enfants que pour vos invit\u00e9s et que vous pourrez consommer avec plaisir \u00e0 chaque repas.<\/p>\n<p>A la fois pratique et savoureuse cette recette est pr\u00e9par\u00e9e avec des poulets d\u00e9coup\u00e9s selon les principes de l\u2019\u0130slam.<\/p>\n<p>&nbsp;<\/p>\n<p><strong>Pr\u00e9paration :<\/strong><\/p>\n<p class=\"translation-block\">Au four: pr\u00e9chauffez votre four \u00e0 200\u02daC , enfournez, 10 -12 minutes apr\u00e8s votre pizza est pr\u00eate. Servez seulement apr\u00e8s cuisson compl\u00e8te.<\/p>\n<p>&nbsp;<\/p>\n<p><strong>Conditions de conservation :<\/strong><\/p>\n<p>Au frigidaire : 2 jours<\/p>\n<p>Au cong\u00e9lateur * \u00e9toile : 1 semaine<\/p>\n<p>Au cong\u00e9lateur ** \u00e9toiles: 2 semaines<\/p>\n<p>Au cong\u00e9lateur ***\u00e9toiles -18\u02daC: regardez la date limite de consommation\nNe recongelez pas apr\u00e8s d\u00e9cong\u00e9lation.<\/p>","protected":false},"excerpt":{"rendered":"<p>La pizza au poulet Beynur, avec son go\u00fbt et sa saveur, vous apporte le meilleur de l\u2019\u0130talie saveur pr\u00e9cisement recherch\u00e9e.<\/p>\n<p>Vous pourrez \u00e9tonner vos invit\u00e9s surprise avec les Pizzas de poulet Beynur qui unissent une viande de poulet d\u00e9licieuse et un super fromage. C\u2019est un r\u00e9gal gustatif aussi bien pour vos enfants que pour vos invit\u00e9s et que vous pourrez consommer avec plaisir \u00e0 chaque repas.<\/p>","protected":false},"featured_media":296,"template":"","meta":[],"product_brand":[],"product_cat":[20],"product_tag":[],"class_list":{"0":"post-156","1":"product","2":"type-product","3":"status-publish","4":"has-post-thumbnail","6":"product_cat-unlu-mamuller","8":"first","9":"instock","10":"featured","11":"shipping-taxable","12":"product-type-simple"},"yoast_head":"<!-- This site is optimized with the Yoast SEO plugin v26.8 - https:\/\/yoast.com\/product\/yoast-seo-wordpress\/ -->\n<title>Tavuklu Pizza - Beynur<\/title>\n<meta name=\"robots\" content=\"index, follow, max-snippet:-1, max-image-preview:large, max-video-preview:-1\" \/>\n<link rel=\"canonical\" href=\"https:\/\/beynur.eu\/fr\/produit\/tavuklu-pizza\/\" \/>\n<meta property=\"og:locale\" content=\"fr_FR\" \/>\n<meta property=\"og:type\" content=\"article\" \/>\n<meta property=\"og:title\" content=\"Tavuklu Pizza - Beynur\" \/>\n<meta property=\"og:description\" content=\"Beynur Tavuk Pizza, pratik ve lezzetli y\u00f6n\u00fcyle \u0130talyan tarz\u0131 tam arad\u0131\u011f\u0131n\u0131z lezzet!  Nefis pili\u00e7 eti ve do\u011fal peynirin m\u00fcthi\u015f uyumuyla Beynur Tavuk Pizza\u2019y\u0131 dondurucunuzda saklayarak davetsiz misafirlerinizi \u015fa\u015f\u0131rtabilirsiniz. Sadece misafirler i\u00e7in de\u011fil \u00e7ocuklar\u0131n\u0131z\u0131n da keyifle t\u00fcketebilece\u011fi, her \u00f6\u011f\u00fcn sofralar\u0131n\u0131z\u0131 \u015fenlendirecek doyurucu bir lezzet.\" \/>\n<meta property=\"og:url\" content=\"https:\/\/beynur.eu\/fr\/produit\/tavuklu-pizza\/\" \/>\n<meta property=\"og:site_name\" content=\"Beynur\" \/>\n<meta property=\"article:modified_time\" content=\"2026-03-08T12:44:42+00:00\" \/>\n<meta property=\"og:image\" content=\"https:\/\/beynur.eu\/wp-content\/uploads\/2018\/03\/pizza.jpg\" \/>\n\t<meta property=\"og:image:width\" content=\"1000\" \/>\n\t<meta property=\"og:image:height\" content=\"1000\" \/>\n\t<meta property=\"og:image:type\" content=\"image\/jpeg\" \/>\n<meta name=\"twitter:card\" content=\"summary_large_image\" \/>\n<meta name=\"twitter:label1\" content=\"Dur\u00e9e de lecture estim\u00e9e\" \/>\n\t<meta name=\"twitter:data1\" content=\"1 minute\" \/>\n<script type=\"application\/ld+json\" class=\"yoast-schema-graph\">{\"@context\":\"https:\/\/schema.org\",\"@graph\":[{\"@type\":\"WebPage\",\"@id\":\"https:\/\/beynur.eu\/urun\/tavuklu-pizza\/\",\"url\":\"https:\/\/beynur.eu\/urun\/tavuklu-pizza\/\",\"name\":\"Tavuklu Pizza - Beynur\",\"isPartOf\":{\"@id\":\"https:\/\/beynur.eu\/#website\"},\"primaryImageOfPage\":{\"@id\":\"https:\/\/beynur.eu\/urun\/tavuklu-pizza\/#primaryimage\"},\"image\":{\"@id\":\"https:\/\/beynur.eu\/urun\/tavuklu-pizza\/#primaryimage\"},\"thumbnailUrl\":\"https:\/\/beynur.eu\/wp-content\/uploads\/2018\/03\/pizza.jpg\",\"datePublished\":\"2018-03-31T21:44:19+00:00\",\"dateModified\":\"2026-03-08T12:44:42+00:00\",\"breadcrumb\":{\"@id\":\"https:\/\/beynur.eu\/urun\/tavuklu-pizza\/#breadcrumb\"},\"inLanguage\":\"fr-FR\",\"potentialAction\":[{\"@type\":\"ReadAction\",\"target\":[\"https:\/\/beynur.eu\/urun\/tavuklu-pizza\/\"]}]},{\"@type\":\"ImageObject\",\"inLanguage\":\"fr-FR\",\"@id\":\"https:\/\/beynur.eu\/urun\/tavuklu-pizza\/#primaryimage\",\"url\":\"https:\/\/beynur.eu\/wp-content\/uploads\/2018\/03\/pizza.jpg\",\"contentUrl\":\"https:\/\/beynur.eu\/wp-content\/uploads\/2018\/03\/pizza.jpg\",\"width\":1000,\"height\":1000},{\"@type\":\"BreadcrumbList\",\"@id\":\"https:\/\/beynur.eu\/urun\/tavuklu-pizza\/#breadcrumb\",\"itemListElement\":[{\"@type\":\"ListItem\",\"position\":1,\"name\":\"Home\",\"item\":\"https:\/\/beynur.eu\/\"},{\"@type\":\"ListItem\",\"position\":2,\"name\":\"\u00dcr\u00fcnlerimiz\",\"item\":\"https:\/\/beynur.eu\/en\/urunlerimiz\/\"},{\"@type\":\"ListItem\",\"position\":3,\"name\":\"Tavuklu Pizza\"}]},{\"@type\":\"WebSite\",\"@id\":\"https:\/\/beynur.eu\/#website\",\"url\":\"https:\/\/beynur.eu\/\",\"name\":\"Beynur\",\"description\":\"\u0130lk g\u00fcnk\u00fc a\u015fkla, muhte\u015fem tatlar.\",\"potentialAction\":[{\"@type\":\"SearchAction\",\"target\":{\"@type\":\"EntryPoint\",\"urlTemplate\":\"https:\/\/beynur.eu\/?s={search_term_string}\"},\"query-input\":{\"@type\":\"PropertyValueSpecification\",\"valueRequired\":true,\"valueName\":\"search_term_string\"}}],\"inLanguage\":\"fr-FR\"}]}<\/script>\n<!-- \/ Yoast SEO plugin. -->","yoast_head_json":{"title":"Tavuklu Pizza - Beynur","robots":{"index":"index","follow":"follow","max-snippet":"max-snippet:-1","max-image-preview":"max-image-preview:large","max-video-preview":"max-video-preview:-1"},"canonical":"https:\/\/beynur.eu\/fr\/produit\/tavuklu-pizza\/","og_locale":"fr_FR","og_type":"article","og_title":"Tavuklu Pizza - Beynur","og_description":"Beynur Tavuk Pizza, pratik ve lezzetli y\u00f6n\u00fcyle \u0130talyan tarz\u0131 tam arad\u0131\u011f\u0131n\u0131z lezzet!  Nefis pili\u00e7 eti ve do\u011fal peynirin m\u00fcthi\u015f uyumuyla Beynur Tavuk Pizza\u2019y\u0131 dondurucunuzda saklayarak davetsiz misafirlerinizi \u015fa\u015f\u0131rtabilirsiniz. Sadece misafirler i\u00e7in de\u011fil \u00e7ocuklar\u0131n\u0131z\u0131n da keyifle t\u00fcketebilece\u011fi, her \u00f6\u011f\u00fcn sofralar\u0131n\u0131z\u0131 \u015fenlendirecek doyurucu bir lezzet.","og_url":"https:\/\/beynur.eu\/fr\/produit\/tavuklu-pizza\/","og_site_name":"Beynur","article_modified_time":"2026-03-08T12:44:42+00:00","og_image":[{"width":1000,"height":1000,"url":"https:\/\/beynur.eu\/wp-content\/uploads\/2018\/03\/pizza.jpg","type":"image\/jpeg"}],"twitter_card":"summary_large_image","twitter_misc":{"Dur\u00e9e de lecture estim\u00e9e":"1 minute"},"schema":{"@context":"https:\/\/schema.org","@graph":[{"@type":"WebPage","@id":"https:\/\/beynur.eu\/urun\/tavuklu-pizza\/","url":"https:\/\/beynur.eu\/urun\/tavuklu-pizza\/","name":"Tavuklu Pizza - Beynur","isPartOf":{"@id":"https:\/\/beynur.eu\/#website"},"primaryImageOfPage":{"@id":"https:\/\/beynur.eu\/urun\/tavuklu-pizza\/#primaryimage"},"image":{"@id":"https:\/\/beynur.eu\/urun\/tavuklu-pizza\/#primaryimage"},"thumbnailUrl":"https:\/\/beynur.eu\/wp-content\/uploads\/2018\/03\/pizza.jpg","datePublished":"2018-03-31T21:44:19+00:00","dateModified":"2026-03-08T12:44:42+00:00","breadcrumb":{"@id":"https:\/\/beynur.eu\/urun\/tavuklu-pizza\/#breadcrumb"},"inLanguage":"fr-FR","potentialAction":[{"@type":"ReadAction","target":["https:\/\/beynur.eu\/urun\/tavuklu-pizza\/"]}]},{"@type":"ImageObject","inLanguage":"fr-FR","@id":"https:\/\/beynur.eu\/urun\/tavuklu-pizza\/#primaryimage","url":"https:\/\/beynur.eu\/wp-content\/uploads\/2018\/03\/pizza.jpg","contentUrl":"https:\/\/beynur.eu\/wp-content\/uploads\/2018\/03\/pizza.jpg","width":1000,"height":1000},{"@type":"BreadcrumbList","@id":"https:\/\/beynur.eu\/urun\/tavuklu-pizza\/#breadcrumb","itemListElement":[{"@type":"ListItem","position":1,"name":"Home","item":"https:\/\/beynur.eu\/"},{"@type":"ListItem","position":2,"name":"\u00dcr\u00fcnlerimiz","item":"https:\/\/beynur.eu\/en\/urunlerimiz\/"},{"@type":"ListItem","position":3,"name":"Tavuklu Pizza"}]},{"@type":"WebSite","@id":"https:\/\/beynur.eu\/#website","url":"https:\/\/beynur.eu\/","name":"Beynur","description":"\u0130lk g\u00fcnk\u00fc a\u015fkla, muhte\u015fem tatlar.","potentialAction":[{"@type":"SearchAction","target":{"@type":"EntryPoint","urlTemplate":"https:\/\/beynur.eu\/?s={search_term_string}"},"query-input":{"@type":"PropertyValueSpecification","valueRequired":true,"valueName":"search_term_string"}}],"inLanguage":"fr-FR"}]}},"_links":{"self":[{"href":"https:\/\/beynur.eu\/fr\/wp-json\/wp\/v2\/product\/156","targetHints":{"allow":["GET"]}}],"collection":[{"href":"https:\/\/beynur.eu\/fr\/wp-json\/wp\/v2\/product"}],"about":[{"href":"https:\/\/beynur.eu\/fr\/wp-json\/wp\/v2\/types\/product"}],"wp:featuredmedia":[{"embeddable":true,"href":"https:\/\/beynur.eu\/fr\/wp-json\/wp\/v2\/media\/296"}],"wp:attachment":[{"href":"https:\/\/beynur.eu\/fr\/wp-json\/wp\/v2\/media?parent=156"}],"wp:term":[{"taxonomy":"product_brand","embeddable":true,"href":"https:\/\/beynur.eu\/fr\/wp-json\/wp\/v2\/product_brand?post=156"},{"taxonomy":"product_cat","embeddable":true,"href":"https:\/\/beynur.eu\/fr\/wp-json\/wp\/v2\/product_cat?post=156"},{"taxonomy":"product_tag","embeddable":true,"href":"https:\/\/beynur.eu\/fr\/wp-json\/wp\/v2\/product_tag?post=156"}],"curies":[{"name":"wp","href":"https:\/\/api.w.org\/{rel}","templated":true}]}}