{"id":1615,"date":"2024-09-25T14:48:38","date_gmt":"2024-09-25T14:48:38","guid":{"rendered":"https:\/\/beynur.eu\/?post_type=product&#038;p=1615"},"modified":"2026-04-30T07:57:34","modified_gmt":"2026-04-30T07:57:34","slug":"feves-pelees-2","status":"publish","type":"product","link":"https:\/\/beynur.eu\/fr\/urun\/bezelye-ve-havuc\/","title":{"rendered":"Petits pois aux carottes"},"content":{"rendered":"<p><b>Conseils d\u2019utilisation<\/b><\/p>\n<p><span style=\"font-weight: 400;\">Les petits pois aux carottes surgel\u00e9s conviennent parfaitement aux plats de riz, aux po\u00eal\u00e9es de l\u00e9gumes, aux soupes, aux rago\u00fbts et \u00e0 de nombreux accompagnements classiques. Vous pouvez ajouter le m\u00e9lange directement dans la casserole ou la po\u00eale et le pr\u00e9parer sans grand effort. Avec de la viande, de la volaille ou d\u2019autres l\u00e9gumes, il est possible de r\u00e9aliser rapidement des plats \u00e9quilibr\u00e9s et aromatiques. Ce m\u00e9lange de l\u00e9gumes offre \u00e9galement une solution pratique et polyvalente pour les accompagnements chauds ou comme compl\u00e9ment aux repas du quotidien.\u00a0<\/span><\/p>\n<p><b>Instructions de conservation<\/b><\/p>\n<ul>\n<li style=\"font-weight: 400;\" aria-level=\"1\"><span style=\"font-weight: 400;\">Conserver le produit au cong\u00e9lateur sans d\u00e9cong\u00e9lation pr\u00e9alable.<\/span><\/li>\n<li style=\"font-weight: 400;\" aria-level=\"1\"><span style=\"font-weight: 400;\">Bien refermer l\u2019emballage apr\u00e8s ouverture.<\/span><\/li>\n<li style=\"font-weight: 400;\" aria-level=\"1\"><span style=\"font-weight: 400;\">Ne pas recongeler un produit d\u00e9congel\u00e9.<\/span><\/li>\n<li style=\"font-weight: 400;\" aria-level=\"1\"><span style=\"font-weight: 400;\">Conserver le produit dans les conditions de stockage recommand\u00e9es.<\/span><\/li>\n<li style=\"font-weight: 400;\" aria-level=\"1\"><span style=\"font-weight: 400;\">Ne pas conserver au cong\u00e9lateur \u00e0 c\u00f4t\u00e9 d\u2019aliments \u00e0 forte odeur.<\/span><\/li>\n<\/ul>","protected":false},"excerpt":{"rendered":"<p><b>Petits pois aux carottes surgel\u00e9s<\/b><\/p>\n<p><span style=\"font-weight: 400;\">Apportez couleur, fra\u00eecheur et vari\u00e9t\u00e9 pratique \u00e0 votre cuisine avec des petits pois et carottes surgel\u00e9s. Des l\u00e9gumes de saison soigneusement s\u00e9lectionn\u00e9s s\u00e9duisent par leur go\u00fbt naturel et se pr\u00e9parent rapidement et facilement. Ce m\u00e9lange \u00e9quilibr\u00e9 vous fait gagner du temps lors de la pr\u00e9paration et vous accompagne au quotidien dans de nombreuses recettes classiques et modernes. Que ce soit comme accompagnement, pour des po\u00eal\u00e9es ou pour des id\u00e9es de l\u00e9gumes savoureuses, les petits pois aux carottes surgel\u00e9s associent praticit\u00e9, go\u00fbt et polyvalence dans un seul produit.\u00a0<\/span><\/p>","protected":false},"featured_media":1732,"template":"","meta":[],"product_brand":[],"product_cat":[36],"product_tag":[],"class_list":{"0":"post-1615","1":"product","2":"type-product","3":"status-publish","4":"has-post-thumbnail","6":"product_cat-dondurulmus-sebze-urunleri","8":"first","9":"instock","10":"shipping-taxable","11":"product-type-simple"},"yoast_head":"<!-- This site is optimized with the Yoast SEO plugin v26.8 - https:\/\/yoast.com\/product\/yoast-seo-wordpress\/ -->\n<title>Bezelye ve Havu\u00e7 - Beynur<\/title>\n<meta name=\"robots\" content=\"index, follow, max-snippet:-1, max-image-preview:large, max-video-preview:-1\" \/>\n<link rel=\"canonical\" href=\"https:\/\/beynur.eu\/fr\/produit\/feves-pelees-2\/\" \/>\n<meta property=\"og:locale\" content=\"fr_FR\" \/>\n<meta property=\"og:type\" content=\"article\" \/>\n<meta property=\"og:title\" content=\"Bezelye ve Havu\u00e7 - Beynur\" \/>\n<meta property=\"og:description\" content=\"Dondurulmu\u015f Bezelye ve Havu\u00e7  Mevsiminde \u00f6zenle se\u00e7ilen bezelye ve havu\u00e7 \u00fcr\u00fcn\u00fcm\u00fcz, do\u011fal lezzetini ve canl\u0131 g\u00f6r\u00fcn\u00fcm\u00fcn\u00fc koruyarak mutfa\u011f\u0131n\u0131za pratik bir \u00e7\u00f6z\u00fcm sunuyor. G\u00fcnl\u00fck yemek haz\u0131rl\u0131\u011f\u0131n\u0131 kolayla\u015ft\u0131ran bu kar\u0131\u015f\u0131mla ay\u0131klama ve do\u011frama zahmetinden kurtulacak, zamandan tasarruf edeceksiniz. Hem klasik ev yemeklerinde hem de modern tariflerde rahatl\u0131kla kullanabilece\u011finiz dondurulmu\u015f bezelye ve havu\u00e7, dengeli tad\u0131 ve \u00e7ok y\u00f6nl\u00fc kullan\u0131m\u0131yla her an elinizin alt\u0131nda.\u00a0\" \/>\n<meta property=\"og:url\" content=\"https:\/\/beynur.eu\/fr\/produit\/feves-pelees-2\/\" \/>\n<meta property=\"og:site_name\" content=\"Beynur\" \/>\n<meta property=\"article:modified_time\" content=\"2026-04-30T07:57:34+00:00\" \/>\n<meta property=\"og:image\" content=\"https:\/\/beynur.eu\/wp-content\/uploads\/2024\/09\/Bezelye-Havuc-1024x1024.png\" \/>\n\t<meta property=\"og:image:width\" content=\"1024\" \/>\n\t<meta property=\"og:image:height\" content=\"1024\" \/>\n\t<meta property=\"og:image:type\" content=\"image\/png\" \/>\n<meta name=\"twitter:card\" content=\"summary_large_image\" \/>\n<meta name=\"twitter:label1\" content=\"Dur\u00e9e de lecture estim\u00e9e\" \/>\n\t<meta name=\"twitter:data1\" content=\"1 minute\" \/>\n<script type=\"application\/ld+json\" class=\"yoast-schema-graph\">{\"@context\":\"https:\/\/schema.org\",\"@graph\":[{\"@type\":\"WebPage\",\"@id\":\"https:\/\/beynur.eu\/urun\/bezelye-ve-havuc\/\",\"url\":\"https:\/\/beynur.eu\/urun\/bezelye-ve-havuc\/\",\"name\":\"Bezelye ve Havu\u00e7 - Beynur\",\"isPartOf\":{\"@id\":\"https:\/\/beynur.eu\/#website\"},\"primaryImageOfPage\":{\"@id\":\"https:\/\/beynur.eu\/urun\/bezelye-ve-havuc\/#primaryimage\"},\"image\":{\"@id\":\"https:\/\/beynur.eu\/urun\/bezelye-ve-havuc\/#primaryimage\"},\"thumbnailUrl\":\"https:\/\/beynur.eu\/wp-content\/uploads\/2024\/09\/Bezelye-Havuc.png\",\"datePublished\":\"2024-09-25T14:48:38+00:00\",\"dateModified\":\"2026-04-30T07:57:34+00:00\",\"breadcrumb\":{\"@id\":\"https:\/\/beynur.eu\/urun\/bezelye-ve-havuc\/#breadcrumb\"},\"inLanguage\":\"fr-FR\",\"potentialAction\":[{\"@type\":\"ReadAction\",\"target\":[\"https:\/\/beynur.eu\/urun\/bezelye-ve-havuc\/\"]}]},{\"@type\":\"ImageObject\",\"inLanguage\":\"fr-FR\",\"@id\":\"https:\/\/beynur.eu\/urun\/bezelye-ve-havuc\/#primaryimage\",\"url\":\"https:\/\/beynur.eu\/wp-content\/uploads\/2024\/09\/Bezelye-Havuc.png\",\"contentUrl\":\"https:\/\/beynur.eu\/wp-content\/uploads\/2024\/09\/Bezelye-Havuc.png\",\"width\":2000,\"height\":2000},{\"@type\":\"BreadcrumbList\",\"@id\":\"https:\/\/beynur.eu\/urun\/bezelye-ve-havuc\/#breadcrumb\",\"itemListElement\":[{\"@type\":\"ListItem\",\"position\":1,\"name\":\"Home\",\"item\":\"https:\/\/beynur.eu\/\"},{\"@type\":\"ListItem\",\"position\":2,\"name\":\"\u00dcr\u00fcnlerimiz\",\"item\":\"https:\/\/beynur.eu\/en\/urunlerimiz\/\"},{\"@type\":\"ListItem\",\"position\":3,\"name\":\"Bezelye ve Havu\u00e7\"}]},{\"@type\":\"WebSite\",\"@id\":\"https:\/\/beynur.eu\/#website\",\"url\":\"https:\/\/beynur.eu\/\",\"name\":\"Beynur\",\"description\":\"\u0130lk g\u00fcnk\u00fc a\u015fkla, muhte\u015fem tatlar.\",\"potentialAction\":[{\"@type\":\"SearchAction\",\"target\":{\"@type\":\"EntryPoint\",\"urlTemplate\":\"https:\/\/beynur.eu\/?s={search_term_string}\"},\"query-input\":{\"@type\":\"PropertyValueSpecification\",\"valueRequired\":true,\"valueName\":\"search_term_string\"}}],\"inLanguage\":\"fr-FR\"}]}<\/script>\n<!-- \/ Yoast SEO plugin. -->","yoast_head_json":{"title":"Bezelye ve Havu\u00e7 - Beynur","robots":{"index":"index","follow":"follow","max-snippet":"max-snippet:-1","max-image-preview":"max-image-preview:large","max-video-preview":"max-video-preview:-1"},"canonical":"https:\/\/beynur.eu\/fr\/produit\/feves-pelees-2\/","og_locale":"fr_FR","og_type":"article","og_title":"Bezelye ve Havu\u00e7 - Beynur","og_description":"Dondurulmu\u015f Bezelye ve Havu\u00e7  Mevsiminde \u00f6zenle se\u00e7ilen bezelye ve havu\u00e7 \u00fcr\u00fcn\u00fcm\u00fcz, do\u011fal lezzetini ve canl\u0131 g\u00f6r\u00fcn\u00fcm\u00fcn\u00fc koruyarak mutfa\u011f\u0131n\u0131za pratik bir \u00e7\u00f6z\u00fcm sunuyor. G\u00fcnl\u00fck yemek haz\u0131rl\u0131\u011f\u0131n\u0131 kolayla\u015ft\u0131ran bu kar\u0131\u015f\u0131mla ay\u0131klama ve do\u011frama zahmetinden kurtulacak, zamandan tasarruf edeceksiniz. Hem klasik ev yemeklerinde hem de modern tariflerde rahatl\u0131kla kullanabilece\u011finiz dondurulmu\u015f bezelye ve havu\u00e7, dengeli tad\u0131 ve \u00e7ok y\u00f6nl\u00fc kullan\u0131m\u0131yla her an elinizin alt\u0131nda.\u00a0","og_url":"https:\/\/beynur.eu\/fr\/produit\/feves-pelees-2\/","og_site_name":"Beynur","article_modified_time":"2026-04-30T07:57:34+00:00","og_image":[{"width":1024,"height":1024,"url":"https:\/\/beynur.eu\/wp-content\/uploads\/2024\/09\/Bezelye-Havuc-1024x1024.png","type":"image\/png"}],"twitter_card":"summary_large_image","twitter_misc":{"Dur\u00e9e de lecture estim\u00e9e":"1 minute"},"schema":{"@context":"https:\/\/schema.org","@graph":[{"@type":"WebPage","@id":"https:\/\/beynur.eu\/urun\/bezelye-ve-havuc\/","url":"https:\/\/beynur.eu\/urun\/bezelye-ve-havuc\/","name":"Bezelye ve Havu\u00e7 - Beynur","isPartOf":{"@id":"https:\/\/beynur.eu\/#website"},"primaryImageOfPage":{"@id":"https:\/\/beynur.eu\/urun\/bezelye-ve-havuc\/#primaryimage"},"image":{"@id":"https:\/\/beynur.eu\/urun\/bezelye-ve-havuc\/#primaryimage"},"thumbnailUrl":"https:\/\/beynur.eu\/wp-content\/uploads\/2024\/09\/Bezelye-Havuc.png","datePublished":"2024-09-25T14:48:38+00:00","dateModified":"2026-04-30T07:57:34+00:00","breadcrumb":{"@id":"https:\/\/beynur.eu\/urun\/bezelye-ve-havuc\/#breadcrumb"},"inLanguage":"fr-FR","potentialAction":[{"@type":"ReadAction","target":["https:\/\/beynur.eu\/urun\/bezelye-ve-havuc\/"]}]},{"@type":"ImageObject","inLanguage":"fr-FR","@id":"https:\/\/beynur.eu\/urun\/bezelye-ve-havuc\/#primaryimage","url":"https:\/\/beynur.eu\/wp-content\/uploads\/2024\/09\/Bezelye-Havuc.png","contentUrl":"https:\/\/beynur.eu\/wp-content\/uploads\/2024\/09\/Bezelye-Havuc.png","width":2000,"height":2000},{"@type":"BreadcrumbList","@id":"https:\/\/beynur.eu\/urun\/bezelye-ve-havuc\/#breadcrumb","itemListElement":[{"@type":"ListItem","position":1,"name":"Home","item":"https:\/\/beynur.eu\/"},{"@type":"ListItem","position":2,"name":"\u00dcr\u00fcnlerimiz","item":"https:\/\/beynur.eu\/en\/urunlerimiz\/"},{"@type":"ListItem","position":3,"name":"Bezelye ve Havu\u00e7"}]},{"@type":"WebSite","@id":"https:\/\/beynur.eu\/#website","url":"https:\/\/beynur.eu\/","name":"Beynur","description":"\u0130lk g\u00fcnk\u00fc a\u015fkla, muhte\u015fem tatlar.","potentialAction":[{"@type":"SearchAction","target":{"@type":"EntryPoint","urlTemplate":"https:\/\/beynur.eu\/?s={search_term_string}"},"query-input":{"@type":"PropertyValueSpecification","valueRequired":true,"valueName":"search_term_string"}}],"inLanguage":"fr-FR"}]}},"_links":{"self":[{"href":"https:\/\/beynur.eu\/fr\/wp-json\/wp\/v2\/product\/1615","targetHints":{"allow":["GET"]}}],"collection":[{"href":"https:\/\/beynur.eu\/fr\/wp-json\/wp\/v2\/product"}],"about":[{"href":"https:\/\/beynur.eu\/fr\/wp-json\/wp\/v2\/types\/product"}],"wp:featuredmedia":[{"embeddable":true,"href":"https:\/\/beynur.eu\/fr\/wp-json\/wp\/v2\/media\/1732"}],"wp:attachment":[{"href":"https:\/\/beynur.eu\/fr\/wp-json\/wp\/v2\/media?parent=1615"}],"wp:term":[{"taxonomy":"product_brand","embeddable":true,"href":"https:\/\/beynur.eu\/fr\/wp-json\/wp\/v2\/product_brand?post=1615"},{"taxonomy":"product_cat","embeddable":true,"href":"https:\/\/beynur.eu\/fr\/wp-json\/wp\/v2\/product_cat?post=1615"},{"taxonomy":"product_tag","embeddable":true,"href":"https:\/\/beynur.eu\/fr\/wp-json\/wp\/v2\/product_tag?post=1615"}],"curies":[{"name":"wp","href":"https:\/\/api.w.org\/{rel}","templated":true}]}}