{"id":1617,"date":"2024-09-25T14:49:49","date_gmt":"2024-09-25T14:49:49","guid":{"rendered":"https:\/\/beynur.eu\/?post_type=product&#038;p=1617"},"modified":"2026-04-30T07:45:42","modified_gmt":"2026-04-30T07:45:42","slug":"feves-pelees-3","status":"publish","type":"product","link":"https:\/\/beynur.eu\/fr\/urun\/taze-fasulye\/","title":{"rendered":"Haricots verts"},"content":{"rendered":"<p><b>Conseils d\u2019utilisation<\/b><\/p>\n<p><span style=\"font-weight: 400;\">Les haricots verts surgel\u00e9s conviennent parfaitement aux plats classiques tels que les haricots verts \u00e0 l\u2019huile d\u2019olive, les po\u00eal\u00e9es de l\u00e9gumes ou diff\u00e9rents plats mijot\u00e9s et pr\u00e9parations en cocotte. Vous pouvez ajouter le produit directement dans la casserole et le pr\u00e9parer facilement. Avec des oignons, des tomates et, selon la recette, de l\u2019ail, vous pr\u00e9parez rapidement un plat aromatique et \u00e9quilibr\u00e9. Les haricots peuvent \u00e9galement \u00eatre utilis\u00e9s de nombreuses fa\u00e7ons comme accompagnement, dans des plats de l\u00e9gumes m\u00e9lang\u00e9s ou dans des repas l\u00e9gers.\u00a0<\/span><\/p>\n<p><b>Instructions de conservation<\/b><\/p>\n<ul>\n<li style=\"font-weight: 400;\" aria-level=\"1\"><span style=\"font-weight: 400;\">Conserver le produit au cong\u00e9lateur sans d\u00e9cong\u00e9lation pr\u00e9alable.<\/span><\/li>\n<li style=\"font-weight: 400;\" aria-level=\"1\"><span style=\"font-weight: 400;\">Bien refermer l\u2019emballage apr\u00e8s ouverture.<\/span><\/li>\n<li style=\"font-weight: 400;\" aria-level=\"1\"><span style=\"font-weight: 400;\">Ne pas recongeler un produit d\u00e9congel\u00e9.<\/span><\/li>\n<li style=\"font-weight: 400;\" aria-level=\"1\"><span style=\"font-weight: 400;\">Conserver le produit dans les conditions de stockage recommand\u00e9es.<\/span><\/li>\n<li style=\"font-weight: 400;\" aria-level=\"1\"><span style=\"font-weight: 400;\">Ne pas conserver au cong\u00e9lateur \u00e0 c\u00f4t\u00e9 d\u2019aliments \u00e0 forte odeur.<\/span><\/li>\n<\/ul>\n<p>&nbsp;<\/p>","protected":false},"excerpt":{"rendered":"<p><b>Haricots verts surgel\u00e9s<\/b><\/p>\n<p><span style=\"font-weight: 400;\">Apportez fra\u00eecheur et praticit\u00e9 \u00e0 votre cuisine avec des haricots verts naturellement cultiv\u00e9s, sans additifs. Des haricots de saison soigneusement s\u00e9lectionn\u00e9s vous offrent toute l\u2019ann\u00e9e le go\u00fbt typique des haricots verts frais. Ce produit facilite la pr\u00e9paration quotidienne, permet de gagner du temps en cuisine et vous accompagne dans de nombreuses recettes classiques et modernes. Que ce soit pour des plats maison g\u00e9n\u00e9reux ou des pr\u00e9parations l\u00e9g\u00e8res \u00e0 base de l\u00e9gumes, les haricots verts surgel\u00e9s s\u00e9duisent par leur go\u00fbt naturel, leur polyvalence et leur grande praticit\u00e9 au quotidien.<\/span><\/p>","protected":false},"featured_media":1618,"template":"","meta":[],"product_brand":[],"product_cat":[36],"product_tag":[],"class_list":{"0":"post-1617","1":"product","2":"type-product","3":"status-publish","4":"has-post-thumbnail","6":"product_cat-dondurulmus-sebze-urunleri","8":"first","9":"instock","10":"shipping-taxable","11":"product-type-simple"},"yoast_head":"<!-- This site is optimized with the Yoast SEO plugin v26.8 - https:\/\/yoast.com\/product\/yoast-seo-wordpress\/ -->\n<title>Taze Fasulye - Beynur<\/title>\n<meta name=\"robots\" content=\"index, follow, max-snippet:-1, max-image-preview:large, max-video-preview:-1\" \/>\n<link rel=\"canonical\" href=\"https:\/\/beynur.eu\/fr\/produit\/feves-pelees-3\/\" \/>\n<meta property=\"og:locale\" content=\"fr_FR\" \/>\n<meta property=\"og:type\" content=\"article\" \/>\n<meta property=\"og:title\" content=\"Taze Fasulye - Beynur\" \/>\n<meta property=\"og:description\" content=\"Dondurulmu\u015f Taze Fasulye  Mevsiminde \u00f6zenle se\u00e7ilen do\u011fal ve katk\u0131s\u0131z taze fasulye, lezzetini ve tazeli\u011fini koruyarak mutfa\u011f\u0131n\u0131za pratik bir \u00e7\u00f6z\u00fcm sunuyor. G\u00fcnl\u00fck yemek haz\u0131rl\u0131\u011f\u0131n\u0131 kolayla\u015ft\u0131ran bu \u00fcr\u00fcn sizi ay\u0131klama ve temizleme zahmetinden kurtar\u0131yor ve zamandan tasarruf etmenize yard\u0131mc\u0131 oluyor. Geleneksel ev yemeklerinden hafif sebze tariflerine kadar bir\u00e7ok lezzet i\u00e7in ideal olan dondurulmu\u015f taze fasulyemiz, do\u011fal tad\u0131 ve dengeli yap\u0131s\u0131yla mutfakta herkesin g\u00fcvenini kazan\u0131yor.\" \/>\n<meta property=\"og:url\" content=\"https:\/\/beynur.eu\/fr\/produit\/feves-pelees-3\/\" \/>\n<meta property=\"og:site_name\" content=\"Beynur\" \/>\n<meta property=\"article:modified_time\" content=\"2026-04-30T07:45:42+00:00\" \/>\n<meta property=\"og:image\" content=\"https:\/\/beynur.eu\/wp-content\/uploads\/2024\/09\/Taze-Faulye.jpg\" \/>\n\t<meta property=\"og:image:width\" content=\"1000\" \/>\n\t<meta property=\"og:image:height\" content=\"1000\" \/>\n\t<meta property=\"og:image:type\" content=\"image\/jpeg\" \/>\n<meta name=\"twitter:card\" content=\"summary_large_image\" \/>\n<meta name=\"twitter:label1\" content=\"Dur\u00e9e de lecture estim\u00e9e\" \/>\n\t<meta name=\"twitter:data1\" content=\"1 minute\" \/>\n<script type=\"application\/ld+json\" class=\"yoast-schema-graph\">{\"@context\":\"https:\/\/schema.org\",\"@graph\":[{\"@type\":\"WebPage\",\"@id\":\"https:\/\/beynur.eu\/urun\/taze-fasulye\/\",\"url\":\"https:\/\/beynur.eu\/urun\/taze-fasulye\/\",\"name\":\"Taze Fasulye - Beynur\",\"isPartOf\":{\"@id\":\"https:\/\/beynur.eu\/#website\"},\"primaryImageOfPage\":{\"@id\":\"https:\/\/beynur.eu\/urun\/taze-fasulye\/#primaryimage\"},\"image\":{\"@id\":\"https:\/\/beynur.eu\/urun\/taze-fasulye\/#primaryimage\"},\"thumbnailUrl\":\"https:\/\/beynur.eu\/wp-content\/uploads\/2024\/09\/Taze-Faulye.jpg\",\"datePublished\":\"2024-09-25T14:49:49+00:00\",\"dateModified\":\"2026-04-30T07:45:42+00:00\",\"breadcrumb\":{\"@id\":\"https:\/\/beynur.eu\/urun\/taze-fasulye\/#breadcrumb\"},\"inLanguage\":\"fr-FR\",\"potentialAction\":[{\"@type\":\"ReadAction\",\"target\":[\"https:\/\/beynur.eu\/urun\/taze-fasulye\/\"]}]},{\"@type\":\"ImageObject\",\"inLanguage\":\"fr-FR\",\"@id\":\"https:\/\/beynur.eu\/urun\/taze-fasulye\/#primaryimage\",\"url\":\"https:\/\/beynur.eu\/wp-content\/uploads\/2024\/09\/Taze-Faulye.jpg\",\"contentUrl\":\"https:\/\/beynur.eu\/wp-content\/uploads\/2024\/09\/Taze-Faulye.jpg\",\"width\":1000,\"height\":1000},{\"@type\":\"BreadcrumbList\",\"@id\":\"https:\/\/beynur.eu\/urun\/taze-fasulye\/#breadcrumb\",\"itemListElement\":[{\"@type\":\"ListItem\",\"position\":1,\"name\":\"Home\",\"item\":\"https:\/\/beynur.eu\/\"},{\"@type\":\"ListItem\",\"position\":2,\"name\":\"\u00dcr\u00fcnlerimiz\",\"item\":\"https:\/\/beynur.eu\/en\/urunlerimiz\/\"},{\"@type\":\"ListItem\",\"position\":3,\"name\":\"Taze Fasulye\"}]},{\"@type\":\"WebSite\",\"@id\":\"https:\/\/beynur.eu\/#website\",\"url\":\"https:\/\/beynur.eu\/\",\"name\":\"Beynur\",\"description\":\"\u0130lk g\u00fcnk\u00fc a\u015fkla, muhte\u015fem tatlar.\",\"potentialAction\":[{\"@type\":\"SearchAction\",\"target\":{\"@type\":\"EntryPoint\",\"urlTemplate\":\"https:\/\/beynur.eu\/?s={search_term_string}\"},\"query-input\":{\"@type\":\"PropertyValueSpecification\",\"valueRequired\":true,\"valueName\":\"search_term_string\"}}],\"inLanguage\":\"fr-FR\"}]}<\/script>\n<!-- \/ Yoast SEO plugin. -->","yoast_head_json":{"title":"Taze Fasulye - Beynur","robots":{"index":"index","follow":"follow","max-snippet":"max-snippet:-1","max-image-preview":"max-image-preview:large","max-video-preview":"max-video-preview:-1"},"canonical":"https:\/\/beynur.eu\/fr\/produit\/feves-pelees-3\/","og_locale":"fr_FR","og_type":"article","og_title":"Taze Fasulye - Beynur","og_description":"Dondurulmu\u015f Taze Fasulye  Mevsiminde \u00f6zenle se\u00e7ilen do\u011fal ve katk\u0131s\u0131z taze fasulye, lezzetini ve tazeli\u011fini koruyarak mutfa\u011f\u0131n\u0131za pratik bir \u00e7\u00f6z\u00fcm sunuyor. G\u00fcnl\u00fck yemek haz\u0131rl\u0131\u011f\u0131n\u0131 kolayla\u015ft\u0131ran bu \u00fcr\u00fcn sizi ay\u0131klama ve temizleme zahmetinden kurtar\u0131yor ve zamandan tasarruf etmenize yard\u0131mc\u0131 oluyor. Geleneksel ev yemeklerinden hafif sebze tariflerine kadar bir\u00e7ok lezzet i\u00e7in ideal olan dondurulmu\u015f taze fasulyemiz, do\u011fal tad\u0131 ve dengeli yap\u0131s\u0131yla mutfakta herkesin g\u00fcvenini kazan\u0131yor.","og_url":"https:\/\/beynur.eu\/fr\/produit\/feves-pelees-3\/","og_site_name":"Beynur","article_modified_time":"2026-04-30T07:45:42+00:00","og_image":[{"width":1000,"height":1000,"url":"https:\/\/beynur.eu\/wp-content\/uploads\/2024\/09\/Taze-Faulye.jpg","type":"image\/jpeg"}],"twitter_card":"summary_large_image","twitter_misc":{"Dur\u00e9e de lecture estim\u00e9e":"1 minute"},"schema":{"@context":"https:\/\/schema.org","@graph":[{"@type":"WebPage","@id":"https:\/\/beynur.eu\/urun\/taze-fasulye\/","url":"https:\/\/beynur.eu\/urun\/taze-fasulye\/","name":"Taze Fasulye - Beynur","isPartOf":{"@id":"https:\/\/beynur.eu\/#website"},"primaryImageOfPage":{"@id":"https:\/\/beynur.eu\/urun\/taze-fasulye\/#primaryimage"},"image":{"@id":"https:\/\/beynur.eu\/urun\/taze-fasulye\/#primaryimage"},"thumbnailUrl":"https:\/\/beynur.eu\/wp-content\/uploads\/2024\/09\/Taze-Faulye.jpg","datePublished":"2024-09-25T14:49:49+00:00","dateModified":"2026-04-30T07:45:42+00:00","breadcrumb":{"@id":"https:\/\/beynur.eu\/urun\/taze-fasulye\/#breadcrumb"},"inLanguage":"fr-FR","potentialAction":[{"@type":"ReadAction","target":["https:\/\/beynur.eu\/urun\/taze-fasulye\/"]}]},{"@type":"ImageObject","inLanguage":"fr-FR","@id":"https:\/\/beynur.eu\/urun\/taze-fasulye\/#primaryimage","url":"https:\/\/beynur.eu\/wp-content\/uploads\/2024\/09\/Taze-Faulye.jpg","contentUrl":"https:\/\/beynur.eu\/wp-content\/uploads\/2024\/09\/Taze-Faulye.jpg","width":1000,"height":1000},{"@type":"BreadcrumbList","@id":"https:\/\/beynur.eu\/urun\/taze-fasulye\/#breadcrumb","itemListElement":[{"@type":"ListItem","position":1,"name":"Home","item":"https:\/\/beynur.eu\/"},{"@type":"ListItem","position":2,"name":"\u00dcr\u00fcnlerimiz","item":"https:\/\/beynur.eu\/en\/urunlerimiz\/"},{"@type":"ListItem","position":3,"name":"Taze Fasulye"}]},{"@type":"WebSite","@id":"https:\/\/beynur.eu\/#website","url":"https:\/\/beynur.eu\/","name":"Beynur","description":"\u0130lk g\u00fcnk\u00fc a\u015fkla, muhte\u015fem tatlar.","potentialAction":[{"@type":"SearchAction","target":{"@type":"EntryPoint","urlTemplate":"https:\/\/beynur.eu\/?s={search_term_string}"},"query-input":{"@type":"PropertyValueSpecification","valueRequired":true,"valueName":"search_term_string"}}],"inLanguage":"fr-FR"}]}},"_links":{"self":[{"href":"https:\/\/beynur.eu\/fr\/wp-json\/wp\/v2\/product\/1617","targetHints":{"allow":["GET"]}}],"collection":[{"href":"https:\/\/beynur.eu\/fr\/wp-json\/wp\/v2\/product"}],"about":[{"href":"https:\/\/beynur.eu\/fr\/wp-json\/wp\/v2\/types\/product"}],"wp:featuredmedia":[{"embeddable":true,"href":"https:\/\/beynur.eu\/fr\/wp-json\/wp\/v2\/media\/1618"}],"wp:attachment":[{"href":"https:\/\/beynur.eu\/fr\/wp-json\/wp\/v2\/media?parent=1617"}],"wp:term":[{"taxonomy":"product_brand","embeddable":true,"href":"https:\/\/beynur.eu\/fr\/wp-json\/wp\/v2\/product_brand?post=1617"},{"taxonomy":"product_cat","embeddable":true,"href":"https:\/\/beynur.eu\/fr\/wp-json\/wp\/v2\/product_cat?post=1617"},{"taxonomy":"product_tag","embeddable":true,"href":"https:\/\/beynur.eu\/fr\/wp-json\/wp\/v2\/product_tag?post=1617"}],"curies":[{"name":"wp","href":"https:\/\/api.w.org\/{rel}","templated":true}]}}