{"id":1679,"date":"2026-02-04T14:13:05","date_gmt":"2026-02-04T14:13:05","guid":{"rendered":"https:\/\/beynur.eu\/?post_type=product&#038;p=1679"},"modified":"2026-05-05T10:50:12","modified_gmt":"2026-05-05T10:50:12","slug":"kemiksiz-tavuk-kanatlari","status":"publish","type":"product","link":"https:\/\/beynur.eu\/fr\/urun\/kemiksiz-tavuk-kanatlari\/","title":{"rendered":"Ailes de poulet croustillantes sans os"},"content":{"rendered":"<p><b>Conseils d\u2019utilisation<\/b><b><br \/>\n<\/b><span style=\"font-weight: 400;\">Les ailes de poulet croustillantes d\u00e9soss\u00e9es se pr\u00e9parent tr\u00e8s facilement \u00e0 la po\u00eale, \u00e0 l\u2019air fryer, au four ou \u00e0 la friteuse. Vous pouvez cuire le produit sans d\u00e9cong\u00e9lation pr\u00e9alable et les servir en peu de temps. Avec des frites, une salade, des sauces dip ou diff\u00e9rents accompagnements, il est possible de composer des repas vari\u00e9s et rassasiants.\u00a0<\/span><\/p>\n<p><b>Instructions de conservation<\/b><\/p>\n<ul>\n<li style=\"font-weight: 400;\" aria-level=\"1\"><span style=\"font-weight: 400;\">Conserver le produit au cong\u00e9lateur sans d\u00e9cong\u00e9lation pr\u00e9alable.<\/span><\/li>\n<li style=\"font-weight: 400;\" aria-level=\"1\"><span style=\"font-weight: 400;\">Refermer soigneusement l\u2019emballage apr\u00e8s ouverture.<\/span><\/li>\n<li style=\"font-weight: 400;\" aria-level=\"1\"><span style=\"font-weight: 400;\">Ne pas recongeler un produit d\u00e9congel\u00e9.<\/span><\/li>\n<li style=\"font-weight: 400;\" aria-level=\"1\"><span style=\"font-weight: 400;\">Conserver le produit dans les conditions de stockage recommand\u00e9es.<\/span><\/li>\n<li style=\"font-weight: 400;\" aria-level=\"1\"><span style=\"font-weight: 400;\">Conserver surgel\u00e9 jusqu\u2019\u00e0 utilisation.<\/span><\/li>\n<li style=\"font-weight: 400;\" aria-level=\"1\"><span style=\"font-weight: 400;\">Pour un r\u00e9sultat optimal, chauffer le produit enti\u00e8rement jusqu\u2019au c\u0153ur.<\/span><\/li>\n<\/ul>\n<p>&nbsp;<\/p>","protected":false},"excerpt":{"rendered":"<p><b>Ailes de poulet d\u00e9soss\u00e9es surgel\u00e9es<\/b><b><br \/>\n<\/b><span style=\"font-weight: 400;\">Les ailes de poulet croustillantes d\u00e9soss\u00e9es offrent, avec leur panure croustillante et leur int\u00e9rieur tendre \u00e0 base de filet de poulet 100%, une option de repas pratique et particuli\u00e8rement savoureuse. Ce produit sp\u00e9cial de Beynur s\u00e9duit par son assaisonnement piquant et constitue ainsi un excellent choix pour tous ceux qui appr\u00e9cient les plats de volaille \u00e9pic\u00e9s.\u00a0<\/span><\/p>\n<p><span style=\"font-weight: 400;\">Gr\u00e2ce \u00e0 sa forme pr\u00e9cuite, le produit peut \u00eatre pr\u00e9par\u00e9 en peu de temps et apporte un r\u00e9el gain de praticit\u00e9 au quotidien en cuisine. Le produit est fabriqu\u00e9 \u00e0 partir de viande de poulet abattue selon le rite halal et convient aussi bien aux repas du quotidien qu\u2019aux plateaux de snacks app\u00e9tissants.<\/span><\/p>","protected":false},"featured_media":1819,"template":"","meta":[],"product_brand":[],"product_cat":[18],"product_tag":[],"class_list":{"0":"post-1679","1":"product","2":"type-product","3":"status-publish","4":"has-post-thumbnail","6":"product_cat-tavuk-ve-hindi-urunleri","8":"first","9":"instock","10":"shipping-taxable","11":"product-type-simple"},"yoast_head":"<!-- This site is optimized with the Yoast SEO plugin v26.8 - https:\/\/yoast.com\/product\/yoast-seo-wordpress\/ -->\n<title>Kemiksiz Tavuk Kanatlar\u0131 - Beynur<\/title>\n<meta name=\"robots\" content=\"index, follow, max-snippet:-1, max-image-preview:large, max-video-preview:-1\" \/>\n<link rel=\"canonical\" href=\"https:\/\/beynur.eu\/fr\/produit\/kemiksiz-tavuk-kanatlari\/\" \/>\n<meta property=\"og:locale\" content=\"fr_FR\" \/>\n<meta property=\"og:type\" content=\"article\" \/>\n<meta property=\"og:title\" content=\"Kemiksiz Tavuk Kanatlar\u0131 - Beynur\" \/>\n<meta property=\"og:description\" content=\"Dondurulmu\u015f Kemiksiz \u00c7\u0131t\u0131r Tavuk Kanatlar\u0131 Beynur\u2019un kemiksiz \u00e7\u0131t\u0131r tavuk kanatlar\u0131, d\u0131\u015f\u0131 \u00e7\u0131t\u0131r kaplamas\u0131 ve i\u00e7i yumu\u015fak tavuk filetosuyla pratik ve lezzetli bir \u00f6\u011f\u00fcn alternatifi sunuyor. Y\u00fczde y\u00fcz tavuk filetodandan elde edilen bu \u00f6zel \u00fcr\u00fcn, ac\u0131l\u0131 lezzetiyle baharatl\u0131 tatlar\u0131 sevenler i\u00e7in g\u00fc\u00e7l\u00fc bir se\u00e7enek olu\u015fturuyor. Kemiksiz olmas\u0131 ise t\u00fcketimi zahmetsiz hale getirir.\u00a0  Dondurulmu\u015f \u00fcr\u00fcn\u00fcm\u00fcz, \u00f6nceden pi\u015firilmi\u015f yap\u0131s\u0131 sayesinde k\u0131sa s\u00fcrede haz\u0131rlan\u0131r ve mutfakta b\u00fcy\u00fck kolayl\u0131k sa\u011flar. Helal kesim tavuk etinden \u00fcretilen bu \u00fcr\u00fcn, hem g\u00fcnl\u00fck \u00f6\u011f\u00fcnlerde hem de at\u0131\u015ft\u0131rmal\u0131k sunumlarda i\u015ftah a\u00e7\u0131c\u0131 ve doyurucu bir tercih olarak \u00f6ne \u00e7\u0131kar.\" \/>\n<meta property=\"og:url\" content=\"https:\/\/beynur.eu\/fr\/produit\/kemiksiz-tavuk-kanatlari\/\" \/>\n<meta property=\"og:site_name\" content=\"Beynur\" \/>\n<meta property=\"article:modified_time\" content=\"2026-05-05T10:50:12+00:00\" \/>\n<meta property=\"og:image\" content=\"https:\/\/beynur.eu\/wp-content\/uploads\/2026\/02\/Boneless-Chicken-Wings.jpg\" \/>\n\t<meta property=\"og:image:width\" content=\"2000\" \/>\n\t<meta property=\"og:image:height\" content=\"2000\" \/>\n\t<meta property=\"og:image:type\" content=\"image\/jpeg\" \/>\n<meta name=\"twitter:card\" content=\"summary_large_image\" \/>\n<meta name=\"twitter:label1\" content=\"Dur\u00e9e de lecture estim\u00e9e\" \/>\n\t<meta name=\"twitter:data1\" content=\"1 minute\" \/>\n<script type=\"application\/ld+json\" class=\"yoast-schema-graph\">{\"@context\":\"https:\/\/schema.org\",\"@graph\":[{\"@type\":\"WebPage\",\"@id\":\"https:\/\/beynur.eu\/urun\/kemiksiz-tavuk-kanatlari\/\",\"url\":\"https:\/\/beynur.eu\/urun\/kemiksiz-tavuk-kanatlari\/\",\"name\":\"Kemiksiz Tavuk Kanatlar\u0131 - Beynur\",\"isPartOf\":{\"@id\":\"https:\/\/beynur.eu\/#website\"},\"primaryImageOfPage\":{\"@id\":\"https:\/\/beynur.eu\/urun\/kemiksiz-tavuk-kanatlari\/#primaryimage\"},\"image\":{\"@id\":\"https:\/\/beynur.eu\/urun\/kemiksiz-tavuk-kanatlari\/#primaryimage\"},\"thumbnailUrl\":\"https:\/\/beynur.eu\/wp-content\/uploads\/2026\/02\/Boneless-Chicken-Wings.jpg\",\"datePublished\":\"2026-02-04T14:13:05+00:00\",\"dateModified\":\"2026-05-05T10:50:12+00:00\",\"breadcrumb\":{\"@id\":\"https:\/\/beynur.eu\/urun\/kemiksiz-tavuk-kanatlari\/#breadcrumb\"},\"inLanguage\":\"fr-FR\",\"potentialAction\":[{\"@type\":\"ReadAction\",\"target\":[\"https:\/\/beynur.eu\/urun\/kemiksiz-tavuk-kanatlari\/\"]}]},{\"@type\":\"ImageObject\",\"inLanguage\":\"fr-FR\",\"@id\":\"https:\/\/beynur.eu\/urun\/kemiksiz-tavuk-kanatlari\/#primaryimage\",\"url\":\"https:\/\/beynur.eu\/wp-content\/uploads\/2026\/02\/Boneless-Chicken-Wings.jpg\",\"contentUrl\":\"https:\/\/beynur.eu\/wp-content\/uploads\/2026\/02\/Boneless-Chicken-Wings.jpg\",\"width\":2000,\"height\":2000},{\"@type\":\"BreadcrumbList\",\"@id\":\"https:\/\/beynur.eu\/urun\/kemiksiz-tavuk-kanatlari\/#breadcrumb\",\"itemListElement\":[{\"@type\":\"ListItem\",\"position\":1,\"name\":\"Home\",\"item\":\"https:\/\/beynur.eu\/\"},{\"@type\":\"ListItem\",\"position\":2,\"name\":\"\u00dcr\u00fcnlerimiz\",\"item\":\"https:\/\/beynur.eu\/en\/urunlerimiz\/\"},{\"@type\":\"ListItem\",\"position\":3,\"name\":\"Kemiksiz Tavuk Kanatlar\u0131\"}]},{\"@type\":\"WebSite\",\"@id\":\"https:\/\/beynur.eu\/#website\",\"url\":\"https:\/\/beynur.eu\/\",\"name\":\"Beynur\",\"description\":\"\u0130lk g\u00fcnk\u00fc a\u015fkla, muhte\u015fem tatlar.\",\"potentialAction\":[{\"@type\":\"SearchAction\",\"target\":{\"@type\":\"EntryPoint\",\"urlTemplate\":\"https:\/\/beynur.eu\/?s={search_term_string}\"},\"query-input\":{\"@type\":\"PropertyValueSpecification\",\"valueRequired\":true,\"valueName\":\"search_term_string\"}}],\"inLanguage\":\"fr-FR\"}]}<\/script>\n<!-- \/ Yoast SEO plugin. -->","yoast_head_json":{"title":"Kemiksiz Tavuk Kanatlar\u0131 - Beynur","robots":{"index":"index","follow":"follow","max-snippet":"max-snippet:-1","max-image-preview":"max-image-preview:large","max-video-preview":"max-video-preview:-1"},"canonical":"https:\/\/beynur.eu\/fr\/produit\/kemiksiz-tavuk-kanatlari\/","og_locale":"fr_FR","og_type":"article","og_title":"Kemiksiz Tavuk Kanatlar\u0131 - Beynur","og_description":"Dondurulmu\u015f Kemiksiz \u00c7\u0131t\u0131r Tavuk Kanatlar\u0131 Beynur\u2019un kemiksiz \u00e7\u0131t\u0131r tavuk kanatlar\u0131, d\u0131\u015f\u0131 \u00e7\u0131t\u0131r kaplamas\u0131 ve i\u00e7i yumu\u015fak tavuk filetosuyla pratik ve lezzetli bir \u00f6\u011f\u00fcn alternatifi sunuyor. Y\u00fczde y\u00fcz tavuk filetodandan elde edilen bu \u00f6zel \u00fcr\u00fcn, ac\u0131l\u0131 lezzetiyle baharatl\u0131 tatlar\u0131 sevenler i\u00e7in g\u00fc\u00e7l\u00fc bir se\u00e7enek olu\u015fturuyor. Kemiksiz olmas\u0131 ise t\u00fcketimi zahmetsiz hale getirir.\u00a0  Dondurulmu\u015f \u00fcr\u00fcn\u00fcm\u00fcz, \u00f6nceden pi\u015firilmi\u015f yap\u0131s\u0131 sayesinde k\u0131sa s\u00fcrede haz\u0131rlan\u0131r ve mutfakta b\u00fcy\u00fck kolayl\u0131k sa\u011flar. Helal kesim tavuk etinden \u00fcretilen bu \u00fcr\u00fcn, hem g\u00fcnl\u00fck \u00f6\u011f\u00fcnlerde hem de at\u0131\u015ft\u0131rmal\u0131k sunumlarda i\u015ftah a\u00e7\u0131c\u0131 ve doyurucu bir tercih olarak \u00f6ne \u00e7\u0131kar.","og_url":"https:\/\/beynur.eu\/fr\/produit\/kemiksiz-tavuk-kanatlari\/","og_site_name":"Beynur","article_modified_time":"2026-05-05T10:50:12+00:00","og_image":[{"width":2000,"height":2000,"url":"https:\/\/beynur.eu\/wp-content\/uploads\/2026\/02\/Boneless-Chicken-Wings.jpg","type":"image\/jpeg"}],"twitter_card":"summary_large_image","twitter_misc":{"Dur\u00e9e de lecture estim\u00e9e":"1 minute"},"schema":{"@context":"https:\/\/schema.org","@graph":[{"@type":"WebPage","@id":"https:\/\/beynur.eu\/urun\/kemiksiz-tavuk-kanatlari\/","url":"https:\/\/beynur.eu\/urun\/kemiksiz-tavuk-kanatlari\/","name":"Kemiksiz Tavuk Kanatlar\u0131 - Beynur","isPartOf":{"@id":"https:\/\/beynur.eu\/#website"},"primaryImageOfPage":{"@id":"https:\/\/beynur.eu\/urun\/kemiksiz-tavuk-kanatlari\/#primaryimage"},"image":{"@id":"https:\/\/beynur.eu\/urun\/kemiksiz-tavuk-kanatlari\/#primaryimage"},"thumbnailUrl":"https:\/\/beynur.eu\/wp-content\/uploads\/2026\/02\/Boneless-Chicken-Wings.jpg","datePublished":"2026-02-04T14:13:05+00:00","dateModified":"2026-05-05T10:50:12+00:00","breadcrumb":{"@id":"https:\/\/beynur.eu\/urun\/kemiksiz-tavuk-kanatlari\/#breadcrumb"},"inLanguage":"fr-FR","potentialAction":[{"@type":"ReadAction","target":["https:\/\/beynur.eu\/urun\/kemiksiz-tavuk-kanatlari\/"]}]},{"@type":"ImageObject","inLanguage":"fr-FR","@id":"https:\/\/beynur.eu\/urun\/kemiksiz-tavuk-kanatlari\/#primaryimage","url":"https:\/\/beynur.eu\/wp-content\/uploads\/2026\/02\/Boneless-Chicken-Wings.jpg","contentUrl":"https:\/\/beynur.eu\/wp-content\/uploads\/2026\/02\/Boneless-Chicken-Wings.jpg","width":2000,"height":2000},{"@type":"BreadcrumbList","@id":"https:\/\/beynur.eu\/urun\/kemiksiz-tavuk-kanatlari\/#breadcrumb","itemListElement":[{"@type":"ListItem","position":1,"name":"Home","item":"https:\/\/beynur.eu\/"},{"@type":"ListItem","position":2,"name":"\u00dcr\u00fcnlerimiz","item":"https:\/\/beynur.eu\/en\/urunlerimiz\/"},{"@type":"ListItem","position":3,"name":"Kemiksiz Tavuk Kanatlar\u0131"}]},{"@type":"WebSite","@id":"https:\/\/beynur.eu\/#website","url":"https:\/\/beynur.eu\/","name":"Beynur","description":"\u0130lk g\u00fcnk\u00fc a\u015fkla, muhte\u015fem tatlar.","potentialAction":[{"@type":"SearchAction","target":{"@type":"EntryPoint","urlTemplate":"https:\/\/beynur.eu\/?s={search_term_string}"},"query-input":{"@type":"PropertyValueSpecification","valueRequired":true,"valueName":"search_term_string"}}],"inLanguage":"fr-FR"}]}},"_links":{"self":[{"href":"https:\/\/beynur.eu\/fr\/wp-json\/wp\/v2\/product\/1679","targetHints":{"allow":["GET"]}}],"collection":[{"href":"https:\/\/beynur.eu\/fr\/wp-json\/wp\/v2\/product"}],"about":[{"href":"https:\/\/beynur.eu\/fr\/wp-json\/wp\/v2\/types\/product"}],"wp:featuredmedia":[{"embeddable":true,"href":"https:\/\/beynur.eu\/fr\/wp-json\/wp\/v2\/media\/1819"}],"wp:attachment":[{"href":"https:\/\/beynur.eu\/fr\/wp-json\/wp\/v2\/media?parent=1679"}],"wp:term":[{"taxonomy":"product_brand","embeddable":true,"href":"https:\/\/beynur.eu\/fr\/wp-json\/wp\/v2\/product_brand?post=1679"},{"taxonomy":"product_cat","embeddable":true,"href":"https:\/\/beynur.eu\/fr\/wp-json\/wp\/v2\/product_cat?post=1679"},{"taxonomy":"product_tag","embeddable":true,"href":"https:\/\/beynur.eu\/fr\/wp-json\/wp\/v2\/product_tag?post=1679"}],"curies":[{"name":"wp","href":"https:\/\/api.w.org\/{rel}","templated":true}]}}