{"id":168,"date":"2018-04-01T10:00:40","date_gmt":"2018-04-01T10:00:40","guid":{"rendered":"https:\/\/beynur.eu\/?post_type=product&#038;p=168"},"modified":"2026-05-05T10:33:45","modified_gmt":"2026-05-05T10:33:45","slug":"les-boulettes-de-viande-facon-akcaabat","status":"publish","type":"product","link":"https:\/\/beynur.eu\/fr\/urun\/akcaabat-kofte\/","title":{"rendered":"Boulettes De Viande Akcaabat"},"content":{"rendered":"<p>L\u2019odeur app\u00e9tissante des boulettes de viande Ak\u00e7aabat Beynur est un m\u00e9lange qui m\u00eale l\u2019ar\u00f4me intense et unique de l\u2019ail finement hach\u00e9 et de la viande. Si vous recherchez un plat de viande cuisin\u00e9 pratique et savoureux \u00e0 la fois pour vos repas, les boulettes de viande Ak\u00e7aabat Beynur sont id\u00e9ales pour vous.<\/p>\n<p>C\u2019est une saveur l\u00e9gendaire qui trouve son origine dans la r\u00e9gion de Trabzon Ak\u00e7aabat et qui a conquis avec son go\u00fbt et son nom toute la Turquie \u2026 Chaque fois que vous aurez envie de boulettes de viande Ak\u00e7aabat, vous pourrez d\u00e9guster cette saveur l\u00e9gendaire chez vous.<\/p>\n<p>Satisfaisant les besoins de prot\u00e9ines de vos enfants de mani\u00e8re \u00e9quilibr\u00e9e les Boulettes de Viande Fa\u00e7on Ak\u00e7abat Beynur peuvent se cuisiner facilement au grill, au four et \u00e0 la po\u00eale et vous pourrez pr\u00e9parer des repas que vos enfants attendront avec impatience.\n\nNos produits sont pr\u00e9par\u00e9s selon les principes de l\u2019Islam et sont halals.<\/p>\n<p>&nbsp;<\/p>\n<p><strong>Pr\u00e9paration :<\/strong><\/p>\n<p>Faites frire les boulettes de viande \u00e0 feu mod\u00e9r\u00e9 dans une po\u00eale pr\u00e9alablement chauff\u00e9e avec un peu de mati\u00e8re grasse. Faites bien cuire, ne doit pas \u00eatre mang\u00e9 cru. Ce produit contient du gluten et du soja.<\/p>\n<p>&nbsp;<\/p>\n<p><strong>Conditions de conservation :<\/strong><\/p>\n<p>Au frigidaire 2 jours<\/p>\n<p>Au cong\u00e9lateur *\u00e9toile 1 semaine<\/p>\n<p>Au cong\u00e9lateur **\u00e9toiles 2 semaines<\/p>\n<p>Au cong\u00e9lateur ***\u00e9toiles (-18\u02daC) Regardez la date limite de consommation.<\/p>\n<p>Ne recongelez pas d\u00e9cong\u00e9lation.<\/p>","protected":false},"excerpt":{"rendered":"<p>L\u2019odeur app\u00e9tissante des boulettes de viande Ak\u00e7aabat Beynur est un m\u00e9lange qui m\u00eale l\u2019ar\u00f4me intense et unique de l\u2019ail finement hach\u00e9 et de la viande. Si vous recherchez un plat de viande cuisin\u00e9 pratique et savoureux \u00e0 la fois pour vos repas, les boulettes de viande Ak\u00e7aabat Beynur sont id\u00e9ales pour vous.<\/p>\n<p>C\u2019est une saveur l\u00e9gendaire qui trouve son origine dans la r\u00e9gion de Trabzon Ak\u00e7aabat et qui a conquis avec son go\u00fbt et son nom toute la Turquie \u2026 Chaque fois que vous aurez envie de boulettes de viande Ak\u00e7aabat, vous pourrez d\u00e9guster cette saveur l\u00e9gendaire chez vous.<\/p>","protected":false},"featured_media":1784,"template":"","meta":[],"product_brand":[],"product_cat":[17],"product_tag":[],"class_list":{"0":"post-168","1":"product","2":"type-product","3":"status-publish","4":"has-post-thumbnail","6":"product_cat-et-urunleri","8":"first","9":"instock","10":"shipping-taxable","11":"product-type-simple"},"yoast_head":"<!-- This site is optimized with the Yoast SEO plugin v26.8 - https:\/\/yoast.com\/product\/yoast-seo-wordpress\/ -->\n<title>Ak\u00e7aabat K\u00f6fte - Beynur<\/title>\n<meta name=\"robots\" content=\"index, follow, max-snippet:-1, max-image-preview:large, max-video-preview:-1\" \/>\n<link rel=\"canonical\" href=\"https:\/\/beynur.eu\/fr\/produit\/les-boulettes-de-viande-facon-akcaabat\/\" \/>\n<meta property=\"og:locale\" content=\"fr_FR\" \/>\n<meta property=\"og:type\" content=\"article\" \/>\n<meta property=\"og:title\" content=\"Ak\u00e7aabat K\u00f6fte - Beynur\" \/>\n<meta property=\"og:description\" content=\"Beynur Ak\u00e7aabat K\u00f6ftesi\u2019nin i\u015ftah a\u00e7an kokusunda, et ile birlikte ince olarak \u00e7ekilen sar\u0131msa\u011f\u0131n keskin ve benzersiz aromas\u0131 vard\u0131r. Mutfa\u011f\u0131n\u0131zda pratik, sofran\u0131zda lezzetli bir haz\u0131r et \u00fcr\u00fcn\u00fc ar\u0131yorsan\u0131z Beynur Ak\u00e7aabat Kebap sizin i\u00e7in tam ideal.  Trabzon\u2019un Ak\u00e7aabat y\u00f6resinden ad\u0131yla, tad\u0131yla t\u00fcm T\u00fcrkiye\u2019ye yay\u0131lan bir efsane lezzettir\u2026 Can\u0131n\u0131z ne zaman Ak\u00e7aabat K\u00f6ftesi isterse, Beynur Ak\u00e7aabat Usul\u00fc K\u00f6fte ile bu efsanevi lezzeti evinizde ya\u015fayabilirsiniz.\" \/>\n<meta property=\"og:url\" content=\"https:\/\/beynur.eu\/fr\/produit\/les-boulettes-de-viande-facon-akcaabat\/\" \/>\n<meta property=\"og:site_name\" content=\"Beynur\" \/>\n<meta property=\"article:modified_time\" content=\"2026-05-05T10:33:45+00:00\" \/>\n<meta property=\"og:image\" content=\"https:\/\/beynur.eu\/wp-content\/uploads\/2018\/04\/Akcaabat-Kofte-500g.jpg\" \/>\n\t<meta property=\"og:image:width\" content=\"2000\" \/>\n\t<meta property=\"og:image:height\" content=\"2000\" \/>\n\t<meta property=\"og:image:type\" content=\"image\/jpeg\" \/>\n<meta name=\"twitter:card\" content=\"summary_large_image\" \/>\n<meta name=\"twitter:label1\" content=\"Dur\u00e9e de lecture estim\u00e9e\" \/>\n\t<meta name=\"twitter:data1\" content=\"1 minute\" \/>\n<script type=\"application\/ld+json\" class=\"yoast-schema-graph\">{\"@context\":\"https:\/\/schema.org\",\"@graph\":[{\"@type\":\"WebPage\",\"@id\":\"https:\/\/beynur.eu\/urun\/akcaabat-kofte\/\",\"url\":\"https:\/\/beynur.eu\/urun\/akcaabat-kofte\/\",\"name\":\"Ak\u00e7aabat K\u00f6fte - Beynur\",\"isPartOf\":{\"@id\":\"https:\/\/beynur.eu\/#website\"},\"primaryImageOfPage\":{\"@id\":\"https:\/\/beynur.eu\/urun\/akcaabat-kofte\/#primaryimage\"},\"image\":{\"@id\":\"https:\/\/beynur.eu\/urun\/akcaabat-kofte\/#primaryimage\"},\"thumbnailUrl\":\"https:\/\/beynur.eu\/wp-content\/uploads\/2018\/04\/Akcaabat-Kofte-500g.jpg\",\"datePublished\":\"2018-04-01T10:00:40+00:00\",\"dateModified\":\"2026-05-05T10:33:45+00:00\",\"breadcrumb\":{\"@id\":\"https:\/\/beynur.eu\/urun\/akcaabat-kofte\/#breadcrumb\"},\"inLanguage\":\"fr-FR\",\"potentialAction\":[{\"@type\":\"ReadAction\",\"target\":[\"https:\/\/beynur.eu\/urun\/akcaabat-kofte\/\"]}]},{\"@type\":\"ImageObject\",\"inLanguage\":\"fr-FR\",\"@id\":\"https:\/\/beynur.eu\/urun\/akcaabat-kofte\/#primaryimage\",\"url\":\"https:\/\/beynur.eu\/wp-content\/uploads\/2018\/04\/Akcaabat-Kofte-500g.jpg\",\"contentUrl\":\"https:\/\/beynur.eu\/wp-content\/uploads\/2018\/04\/Akcaabat-Kofte-500g.jpg\",\"width\":2000,\"height\":2000},{\"@type\":\"BreadcrumbList\",\"@id\":\"https:\/\/beynur.eu\/urun\/akcaabat-kofte\/#breadcrumb\",\"itemListElement\":[{\"@type\":\"ListItem\",\"position\":1,\"name\":\"Home\",\"item\":\"https:\/\/beynur.eu\/\"},{\"@type\":\"ListItem\",\"position\":2,\"name\":\"\u00dcr\u00fcnler\",\"item\":\"https:\/\/beynur.eu\/urunlerimiz\/\"},{\"@type\":\"ListItem\",\"position\":3,\"name\":\"Ak\u00e7aabat K\u00f6fte\"}]},{\"@type\":\"WebSite\",\"@id\":\"https:\/\/beynur.eu\/#website\",\"url\":\"https:\/\/beynur.eu\/\",\"name\":\"Beynur\",\"description\":\"\u0130lk g\u00fcnk\u00fc a\u015fkla, muhte\u015fem tatlar.\",\"potentialAction\":[{\"@type\":\"SearchAction\",\"target\":{\"@type\":\"EntryPoint\",\"urlTemplate\":\"https:\/\/beynur.eu\/?s={search_term_string}\"},\"query-input\":{\"@type\":\"PropertyValueSpecification\",\"valueRequired\":true,\"valueName\":\"search_term_string\"}}],\"inLanguage\":\"fr-FR\"}]}<\/script>\n<!-- \/ Yoast SEO plugin. -->","yoast_head_json":{"title":"Ak\u00e7aabat K\u00f6fte - Beynur","robots":{"index":"index","follow":"follow","max-snippet":"max-snippet:-1","max-image-preview":"max-image-preview:large","max-video-preview":"max-video-preview:-1"},"canonical":"https:\/\/beynur.eu\/fr\/produit\/les-boulettes-de-viande-facon-akcaabat\/","og_locale":"fr_FR","og_type":"article","og_title":"Ak\u00e7aabat K\u00f6fte - Beynur","og_description":"Beynur Ak\u00e7aabat K\u00f6ftesi\u2019nin i\u015ftah a\u00e7an kokusunda, et ile birlikte ince olarak \u00e7ekilen sar\u0131msa\u011f\u0131n keskin ve benzersiz aromas\u0131 vard\u0131r. Mutfa\u011f\u0131n\u0131zda pratik, sofran\u0131zda lezzetli bir haz\u0131r et \u00fcr\u00fcn\u00fc ar\u0131yorsan\u0131z Beynur Ak\u00e7aabat Kebap sizin i\u00e7in tam ideal.  Trabzon\u2019un Ak\u00e7aabat y\u00f6resinden ad\u0131yla, tad\u0131yla t\u00fcm T\u00fcrkiye\u2019ye yay\u0131lan bir efsane lezzettir\u2026 Can\u0131n\u0131z ne zaman Ak\u00e7aabat K\u00f6ftesi isterse, Beynur Ak\u00e7aabat Usul\u00fc K\u00f6fte ile bu efsanevi lezzeti evinizde ya\u015fayabilirsiniz.","og_url":"https:\/\/beynur.eu\/fr\/produit\/les-boulettes-de-viande-facon-akcaabat\/","og_site_name":"Beynur","article_modified_time":"2026-05-05T10:33:45+00:00","og_image":[{"width":2000,"height":2000,"url":"https:\/\/beynur.eu\/wp-content\/uploads\/2018\/04\/Akcaabat-Kofte-500g.jpg","type":"image\/jpeg"}],"twitter_card":"summary_large_image","twitter_misc":{"Dur\u00e9e de lecture estim\u00e9e":"1 minute"},"schema":{"@context":"https:\/\/schema.org","@graph":[{"@type":"WebPage","@id":"https:\/\/beynur.eu\/urun\/akcaabat-kofte\/","url":"https:\/\/beynur.eu\/urun\/akcaabat-kofte\/","name":"Ak\u00e7aabat K\u00f6fte - Beynur","isPartOf":{"@id":"https:\/\/beynur.eu\/#website"},"primaryImageOfPage":{"@id":"https:\/\/beynur.eu\/urun\/akcaabat-kofte\/#primaryimage"},"image":{"@id":"https:\/\/beynur.eu\/urun\/akcaabat-kofte\/#primaryimage"},"thumbnailUrl":"https:\/\/beynur.eu\/wp-content\/uploads\/2018\/04\/Akcaabat-Kofte-500g.jpg","datePublished":"2018-04-01T10:00:40+00:00","dateModified":"2026-05-05T10:33:45+00:00","breadcrumb":{"@id":"https:\/\/beynur.eu\/urun\/akcaabat-kofte\/#breadcrumb"},"inLanguage":"fr-FR","potentialAction":[{"@type":"ReadAction","target":["https:\/\/beynur.eu\/urun\/akcaabat-kofte\/"]}]},{"@type":"ImageObject","inLanguage":"fr-FR","@id":"https:\/\/beynur.eu\/urun\/akcaabat-kofte\/#primaryimage","url":"https:\/\/beynur.eu\/wp-content\/uploads\/2018\/04\/Akcaabat-Kofte-500g.jpg","contentUrl":"https:\/\/beynur.eu\/wp-content\/uploads\/2018\/04\/Akcaabat-Kofte-500g.jpg","width":2000,"height":2000},{"@type":"BreadcrumbList","@id":"https:\/\/beynur.eu\/urun\/akcaabat-kofte\/#breadcrumb","itemListElement":[{"@type":"ListItem","position":1,"name":"Home","item":"https:\/\/beynur.eu\/"},{"@type":"ListItem","position":2,"name":"\u00dcr\u00fcnler","item":"https:\/\/beynur.eu\/urunlerimiz\/"},{"@type":"ListItem","position":3,"name":"Ak\u00e7aabat K\u00f6fte"}]},{"@type":"WebSite","@id":"https:\/\/beynur.eu\/#website","url":"https:\/\/beynur.eu\/","name":"Beynur","description":"\u0130lk g\u00fcnk\u00fc a\u015fkla, muhte\u015fem tatlar.","potentialAction":[{"@type":"SearchAction","target":{"@type":"EntryPoint","urlTemplate":"https:\/\/beynur.eu\/?s={search_term_string}"},"query-input":{"@type":"PropertyValueSpecification","valueRequired":true,"valueName":"search_term_string"}}],"inLanguage":"fr-FR"}]}},"_links":{"self":[{"href":"https:\/\/beynur.eu\/fr\/wp-json\/wp\/v2\/product\/168","targetHints":{"allow":["GET"]}}],"collection":[{"href":"https:\/\/beynur.eu\/fr\/wp-json\/wp\/v2\/product"}],"about":[{"href":"https:\/\/beynur.eu\/fr\/wp-json\/wp\/v2\/types\/product"}],"wp:featuredmedia":[{"embeddable":true,"href":"https:\/\/beynur.eu\/fr\/wp-json\/wp\/v2\/media\/1784"}],"wp:attachment":[{"href":"https:\/\/beynur.eu\/fr\/wp-json\/wp\/v2\/media?parent=168"}],"wp:term":[{"taxonomy":"product_brand","embeddable":true,"href":"https:\/\/beynur.eu\/fr\/wp-json\/wp\/v2\/product_brand?post=168"},{"taxonomy":"product_cat","embeddable":true,"href":"https:\/\/beynur.eu\/fr\/wp-json\/wp\/v2\/product_cat?post=168"},{"taxonomy":"product_tag","embeddable":true,"href":"https:\/\/beynur.eu\/fr\/wp-json\/wp\/v2\/product_tag?post=168"}],"curies":[{"name":"wp","href":"https:\/\/api.w.org\/{rel}","templated":true}]}}