{"id":1690,"date":"2026-02-04T14:17:35","date_gmt":"2026-02-04T14:17:35","guid":{"rendered":"https:\/\/beynur.eu\/?post_type=product&#038;p=1690"},"modified":"2026-05-05T10:49:14","modified_gmt":"2026-05-05T10:49:14","slug":"gevrek-tavuk-tenders","status":"publish","type":"product","link":"https:\/\/beynur.eu\/fr\/urun\/gevrek-tavuk-tenders\/","title":{"rendered":"Tendres De Poulet Croustillants"},"content":{"rendered":"<p><b>Conseils d\u2019utilisation<\/b><b><br \/>\n<\/b><span style=\"font-weight: 400;\">Les Crispy Chicken Tenders se pr\u00e9parent tr\u00e8s facilement \u00e0 la po\u00eale, \u00e0 l\u2019air fryer, \u00e0 la friteuse ou au four. Vous pouvez cuire le produit sans d\u00e9cong\u00e9lation pr\u00e9alable et le servir en peu de temps. Avec des frites, une salade, des sauces dip ou m\u00eame dans un sandwich, il est possible de pr\u00e9parer des repas vari\u00e9s et rassasiants. Gr\u00e2ce \u00e0 leur texture croustillante et \u00e0 leur note \u00e9pic\u00e9e, ils conviennent aussi bien au quotidien qu\u2019aux plateaux de snacks et aux moments de d\u00e9gustation simples.<\/span><\/p>\n<p><b>Instructions de conservation<\/b><\/p>\n<ul>\n<li style=\"font-weight: 400;\" aria-level=\"1\"><span style=\"font-weight: 400;\">Conserver le produit au cong\u00e9lateur sans d\u00e9cong\u00e9lation pr\u00e9alable.<\/span><\/li>\n<li style=\"font-weight: 400;\" aria-level=\"1\"><span style=\"font-weight: 400;\">Refermer soigneusement l\u2019emballage apr\u00e8s ouverture.<\/span><\/li>\n<li style=\"font-weight: 400;\" aria-level=\"1\"><span style=\"font-weight: 400;\">Ne pas recongeler un produit d\u00e9congel\u00e9.<\/span><\/li>\n<li style=\"font-weight: 400;\" aria-level=\"1\"><span style=\"font-weight: 400;\">Conserver le produit dans les conditions de stockage recommand\u00e9es.<\/span><\/li>\n<li style=\"font-weight: 400;\" aria-level=\"1\"><span style=\"font-weight: 400;\">Conserver surgel\u00e9 jusqu\u2019\u00e0 utilisation.<\/span><\/li>\n<li style=\"font-weight: 400;\" aria-level=\"1\"><span style=\"font-weight: 400;\">Pour un r\u00e9sultat optimal, chauffer le produit enti\u00e8rement jusqu\u2019au c\u0153ur.<\/span><\/li>\n<\/ul>","protected":false},"excerpt":{"rendered":"<p><b>\u00c9minc\u00e9s de poulet croustillants surgel\u00e9s<\/b> <b>Crispy Chicken Tenders<\/b><b><br \/>\n<\/b><span style=\"font-weight: 400;\">Les crispy chicken tenders offrent, avec leur panure croustillante et leur int\u00e9rieur tendre \u00e0 base de filet de poulet 100%, une option de repas pratique et particuli\u00e8rement savoureuse. Les \u00e9minc\u00e9s de poulet croustillants sont fabriqu\u00e9s \u00e0 partir de filet de poulet abattu selon le rite halal et s\u00e9duisent par leur assaisonnement hot-spicy, qui apporte une exp\u00e9rience gustative plus intense et plus vivante.<\/span><\/p>\n<p><span style=\"font-weight: 400;\">Que ce soit comme repas principal rapide lors des journ\u00e9es charg\u00e9es, comme snack rassasiant ou comme plateau sal\u00e9 \u00e0 partager, ce produit sp\u00e9cial se pr\u00eate \u00e0 de nombreuses utilisations. Avec un contenu net de 750 g, il apporte plaisir et praticit\u00e9 \u00e0 votre quotidien en cuisine.<\/span><\/p>","protected":false},"featured_media":1817,"template":"","meta":[],"product_brand":[],"product_cat":[18],"product_tag":[],"class_list":{"0":"post-1690","1":"product","2":"type-product","3":"status-publish","4":"has-post-thumbnail","6":"product_cat-tavuk-ve-hindi-urunleri","8":"first","9":"instock","10":"shipping-taxable","11":"product-type-simple"},"yoast_head":"<!-- This site is optimized with the Yoast SEO plugin v26.8 - https:\/\/yoast.com\/product\/yoast-seo-wordpress\/ -->\n<title>Gevrek Tavuk Tenders - Beynur<\/title>\n<meta name=\"robots\" content=\"index, follow, max-snippet:-1, max-image-preview:large, max-video-preview:-1\" \/>\n<link rel=\"canonical\" href=\"https:\/\/beynur.eu\/fr\/produit\/gevrek-tavuk-tenders\/\" \/>\n<meta property=\"og:locale\" content=\"fr_FR\" \/>\n<meta property=\"og:type\" content=\"article\" \/>\n<meta property=\"og:title\" content=\"Gevrek Tavuk Tenders - Beynur\" \/>\n<meta property=\"og:description\" content=\"Dondurulmu\u015f Crispy Chicken Tenders Crispy Chicken Tenders, d\u0131\u015f\u0131 \u00e7\u0131t\u0131r kaplamas\u0131 ve i\u00e7i yumu\u015fak tavuk filetosuyla pratik ve lezzetli bir \u00f6\u011f\u00fcn alternatifi sunar. Y\u00fczde y\u00fcz tavuk filetodandan \u00fcretti\u011fimiz \u00e7\u0131t\u0131r tavuk \u015feritleri, helal kesim kalitesiyle haz\u0131rl\u0131yor ve bol ac\u0131 sevenlerin damak tad\u0131na uygun \u015fekilde baharatland\u0131r\u0131yoruz.  Bu \u00f6zel \u00fcr\u00fcn, yo\u011fun g\u00fcnlerde h\u0131zl\u0131 bir ana \u00f6\u011f\u00fcn, doyurucu bir at\u0131\u015ft\u0131rmal\u0131k ya da payla\u015fmal\u0131k bir sunum haz\u0131rlamak isteyenler i\u00e7in ideal bir tercih. Net 750 g i\u00e7eri\u011fe sahip \u00fcr\u00fcn, pratik haz\u0131rlan\u0131\u015f\u0131yla mutfakta b\u00fcy\u00fck kolayl\u0131k sa\u011flar.\" \/>\n<meta property=\"og:url\" content=\"https:\/\/beynur.eu\/fr\/produit\/gevrek-tavuk-tenders\/\" \/>\n<meta property=\"og:site_name\" content=\"Beynur\" \/>\n<meta property=\"article:modified_time\" content=\"2026-05-05T10:49:14+00:00\" \/>\n<meta property=\"og:image\" content=\"https:\/\/beynur.eu\/wp-content\/uploads\/2026\/02\/Crispy-chicken-tenders-1.jpg\" \/>\n\t<meta property=\"og:image:width\" content=\"2000\" \/>\n\t<meta property=\"og:image:height\" content=\"2000\" \/>\n\t<meta property=\"og:image:type\" content=\"image\/jpeg\" \/>\n<meta name=\"twitter:card\" content=\"summary_large_image\" \/>\n<meta name=\"twitter:label1\" content=\"Dur\u00e9e de lecture estim\u00e9e\" \/>\n\t<meta name=\"twitter:data1\" content=\"1 minute\" \/>\n<script type=\"application\/ld+json\" class=\"yoast-schema-graph\">{\"@context\":\"https:\/\/schema.org\",\"@graph\":[{\"@type\":\"WebPage\",\"@id\":\"https:\/\/beynur.eu\/urun\/gevrek-tavuk-tenders\/\",\"url\":\"https:\/\/beynur.eu\/urun\/gevrek-tavuk-tenders\/\",\"name\":\"Gevrek Tavuk Tenders - Beynur\",\"isPartOf\":{\"@id\":\"https:\/\/beynur.eu\/#website\"},\"primaryImageOfPage\":{\"@id\":\"https:\/\/beynur.eu\/urun\/gevrek-tavuk-tenders\/#primaryimage\"},\"image\":{\"@id\":\"https:\/\/beynur.eu\/urun\/gevrek-tavuk-tenders\/#primaryimage\"},\"thumbnailUrl\":\"https:\/\/beynur.eu\/wp-content\/uploads\/2026\/02\/Crispy-chicken-tenders-1.jpg\",\"datePublished\":\"2026-02-04T14:17:35+00:00\",\"dateModified\":\"2026-05-05T10:49:14+00:00\",\"breadcrumb\":{\"@id\":\"https:\/\/beynur.eu\/urun\/gevrek-tavuk-tenders\/#breadcrumb\"},\"inLanguage\":\"fr-FR\",\"potentialAction\":[{\"@type\":\"ReadAction\",\"target\":[\"https:\/\/beynur.eu\/urun\/gevrek-tavuk-tenders\/\"]}]},{\"@type\":\"ImageObject\",\"inLanguage\":\"fr-FR\",\"@id\":\"https:\/\/beynur.eu\/urun\/gevrek-tavuk-tenders\/#primaryimage\",\"url\":\"https:\/\/beynur.eu\/wp-content\/uploads\/2026\/02\/Crispy-chicken-tenders-1.jpg\",\"contentUrl\":\"https:\/\/beynur.eu\/wp-content\/uploads\/2026\/02\/Crispy-chicken-tenders-1.jpg\",\"width\":2000,\"height\":2000},{\"@type\":\"BreadcrumbList\",\"@id\":\"https:\/\/beynur.eu\/urun\/gevrek-tavuk-tenders\/#breadcrumb\",\"itemListElement\":[{\"@type\":\"ListItem\",\"position\":1,\"name\":\"Home\",\"item\":\"https:\/\/beynur.eu\/\"},{\"@type\":\"ListItem\",\"position\":2,\"name\":\"\u00dcr\u00fcnlerimiz\",\"item\":\"https:\/\/beynur.eu\/en\/urunlerimiz\/\"},{\"@type\":\"ListItem\",\"position\":3,\"name\":\"Gevrek Tavuk Tenders\"}]},{\"@type\":\"WebSite\",\"@id\":\"https:\/\/beynur.eu\/#website\",\"url\":\"https:\/\/beynur.eu\/\",\"name\":\"Beynur\",\"description\":\"\u0130lk g\u00fcnk\u00fc a\u015fkla, muhte\u015fem tatlar.\",\"potentialAction\":[{\"@type\":\"SearchAction\",\"target\":{\"@type\":\"EntryPoint\",\"urlTemplate\":\"https:\/\/beynur.eu\/?s={search_term_string}\"},\"query-input\":{\"@type\":\"PropertyValueSpecification\",\"valueRequired\":true,\"valueName\":\"search_term_string\"}}],\"inLanguage\":\"fr-FR\"}]}<\/script>\n<!-- \/ Yoast SEO plugin. -->","yoast_head_json":{"title":"Gevrek Tavuk Tenders - Beynur","robots":{"index":"index","follow":"follow","max-snippet":"max-snippet:-1","max-image-preview":"max-image-preview:large","max-video-preview":"max-video-preview:-1"},"canonical":"https:\/\/beynur.eu\/fr\/produit\/gevrek-tavuk-tenders\/","og_locale":"fr_FR","og_type":"article","og_title":"Gevrek Tavuk Tenders - Beynur","og_description":"Dondurulmu\u015f Crispy Chicken Tenders Crispy Chicken Tenders, d\u0131\u015f\u0131 \u00e7\u0131t\u0131r kaplamas\u0131 ve i\u00e7i yumu\u015fak tavuk filetosuyla pratik ve lezzetli bir \u00f6\u011f\u00fcn alternatifi sunar. Y\u00fczde y\u00fcz tavuk filetodandan \u00fcretti\u011fimiz \u00e7\u0131t\u0131r tavuk \u015feritleri, helal kesim kalitesiyle haz\u0131rl\u0131yor ve bol ac\u0131 sevenlerin damak tad\u0131na uygun \u015fekilde baharatland\u0131r\u0131yoruz.  Bu \u00f6zel \u00fcr\u00fcn, yo\u011fun g\u00fcnlerde h\u0131zl\u0131 bir ana \u00f6\u011f\u00fcn, doyurucu bir at\u0131\u015ft\u0131rmal\u0131k ya da payla\u015fmal\u0131k bir sunum haz\u0131rlamak isteyenler i\u00e7in ideal bir tercih. Net 750 g i\u00e7eri\u011fe sahip \u00fcr\u00fcn, pratik haz\u0131rlan\u0131\u015f\u0131yla mutfakta b\u00fcy\u00fck kolayl\u0131k sa\u011flar.","og_url":"https:\/\/beynur.eu\/fr\/produit\/gevrek-tavuk-tenders\/","og_site_name":"Beynur","article_modified_time":"2026-05-05T10:49:14+00:00","og_image":[{"width":2000,"height":2000,"url":"https:\/\/beynur.eu\/wp-content\/uploads\/2026\/02\/Crispy-chicken-tenders-1.jpg","type":"image\/jpeg"}],"twitter_card":"summary_large_image","twitter_misc":{"Dur\u00e9e de lecture estim\u00e9e":"1 minute"},"schema":{"@context":"https:\/\/schema.org","@graph":[{"@type":"WebPage","@id":"https:\/\/beynur.eu\/urun\/gevrek-tavuk-tenders\/","url":"https:\/\/beynur.eu\/urun\/gevrek-tavuk-tenders\/","name":"Gevrek Tavuk Tenders - Beynur","isPartOf":{"@id":"https:\/\/beynur.eu\/#website"},"primaryImageOfPage":{"@id":"https:\/\/beynur.eu\/urun\/gevrek-tavuk-tenders\/#primaryimage"},"image":{"@id":"https:\/\/beynur.eu\/urun\/gevrek-tavuk-tenders\/#primaryimage"},"thumbnailUrl":"https:\/\/beynur.eu\/wp-content\/uploads\/2026\/02\/Crispy-chicken-tenders-1.jpg","datePublished":"2026-02-04T14:17:35+00:00","dateModified":"2026-05-05T10:49:14+00:00","breadcrumb":{"@id":"https:\/\/beynur.eu\/urun\/gevrek-tavuk-tenders\/#breadcrumb"},"inLanguage":"fr-FR","potentialAction":[{"@type":"ReadAction","target":["https:\/\/beynur.eu\/urun\/gevrek-tavuk-tenders\/"]}]},{"@type":"ImageObject","inLanguage":"fr-FR","@id":"https:\/\/beynur.eu\/urun\/gevrek-tavuk-tenders\/#primaryimage","url":"https:\/\/beynur.eu\/wp-content\/uploads\/2026\/02\/Crispy-chicken-tenders-1.jpg","contentUrl":"https:\/\/beynur.eu\/wp-content\/uploads\/2026\/02\/Crispy-chicken-tenders-1.jpg","width":2000,"height":2000},{"@type":"BreadcrumbList","@id":"https:\/\/beynur.eu\/urun\/gevrek-tavuk-tenders\/#breadcrumb","itemListElement":[{"@type":"ListItem","position":1,"name":"Home","item":"https:\/\/beynur.eu\/"},{"@type":"ListItem","position":2,"name":"\u00dcr\u00fcnlerimiz","item":"https:\/\/beynur.eu\/en\/urunlerimiz\/"},{"@type":"ListItem","position":3,"name":"Gevrek Tavuk Tenders"}]},{"@type":"WebSite","@id":"https:\/\/beynur.eu\/#website","url":"https:\/\/beynur.eu\/","name":"Beynur","description":"\u0130lk g\u00fcnk\u00fc a\u015fkla, muhte\u015fem tatlar.","potentialAction":[{"@type":"SearchAction","target":{"@type":"EntryPoint","urlTemplate":"https:\/\/beynur.eu\/?s={search_term_string}"},"query-input":{"@type":"PropertyValueSpecification","valueRequired":true,"valueName":"search_term_string"}}],"inLanguage":"fr-FR"}]}},"_links":{"self":[{"href":"https:\/\/beynur.eu\/fr\/wp-json\/wp\/v2\/product\/1690","targetHints":{"allow":["GET"]}}],"collection":[{"href":"https:\/\/beynur.eu\/fr\/wp-json\/wp\/v2\/product"}],"about":[{"href":"https:\/\/beynur.eu\/fr\/wp-json\/wp\/v2\/types\/product"}],"wp:featuredmedia":[{"embeddable":true,"href":"https:\/\/beynur.eu\/fr\/wp-json\/wp\/v2\/media\/1817"}],"wp:attachment":[{"href":"https:\/\/beynur.eu\/fr\/wp-json\/wp\/v2\/media?parent=1690"}],"wp:term":[{"taxonomy":"product_brand","embeddable":true,"href":"https:\/\/beynur.eu\/fr\/wp-json\/wp\/v2\/product_brand?post=1690"},{"taxonomy":"product_cat","embeddable":true,"href":"https:\/\/beynur.eu\/fr\/wp-json\/wp\/v2\/product_cat?post=1690"},{"taxonomy":"product_tag","embeddable":true,"href":"https:\/\/beynur.eu\/fr\/wp-json\/wp\/v2\/product_tag?post=1690"}],"curies":[{"name":"wp","href":"https:\/\/api.w.org\/{rel}","templated":true}]}}