{"id":1692,"date":"2026-02-04T14:25:36","date_gmt":"2026-02-04T14:25:36","guid":{"rendered":"https:\/\/beynur.eu\/?post_type=product&#038;p=1692"},"modified":"2026-05-05T10:48:26","modified_gmt":"2026-05-05T10:48:26","slug":"citir-tavuk-tenders","status":"publish","type":"product","link":"https:\/\/beynur.eu\/fr\/urun\/citir-tavuk-tenders\/","title":{"rendered":"Tendres de poulet croustillants"},"content":{"rendered":"<p><b>Conseils d\u2019utilisation<\/b><b><br \/>\n<\/b><span style=\"font-weight: 400;\">Les Crunchy Chicken Tenders se pr\u00e9parent tr\u00e8s facilement \u00e0 la po\u00eale, \u00e0 l\u2019air fryer, au four ou \u00e0 la friteuse. Vous pouvez r\u00e9chauffer le produit rapidement et le servir en peu de temps. Avec des frites, une salade, des sauces dip ou dans un sandwich, il est possible de pr\u00e9parer des repas vari\u00e9s et rassasiants. Gr\u00e2ce \u00e0 leur texture croustillante, ils conviennent aussi bien comme repas principal rapide que pour les plateaux de snacks.<\/span><\/p>\n<p><b>Instructions de conservation<\/b><\/p>\n<ul>\n<li style=\"font-weight: 400;\" aria-level=\"1\"><span style=\"font-weight: 400;\">Conserver le produit au cong\u00e9lateur sans d\u00e9cong\u00e9lation pr\u00e9alable.<\/span><\/li>\n<li style=\"font-weight: 400;\" aria-level=\"1\"><span style=\"font-weight: 400;\">Refermer soigneusement l\u2019emballage apr\u00e8s ouverture.<\/span><\/li>\n<li style=\"font-weight: 400;\" aria-level=\"1\"><span style=\"font-weight: 400;\">Ne pas recongeler un produit d\u00e9congel\u00e9.<\/span><\/li>\n<li style=\"font-weight: 400;\" aria-level=\"1\"><span style=\"font-weight: 400;\">Conserver le produit dans les conditions de stockage recommand\u00e9es.<\/span><\/li>\n<li style=\"font-weight: 400;\" aria-level=\"1\"><span style=\"font-weight: 400;\">Conserver surgel\u00e9 jusqu\u2019\u00e0 utilisation.<\/span><\/li>\n<li style=\"font-weight: 400;\" aria-level=\"1\"><span style=\"font-weight: 400;\">Pour un r\u00e9sultat optimal, chauffer le produit enti\u00e8rement jusqu\u2019au c\u0153ur.<\/span><\/li>\n<\/ul>","protected":false},"excerpt":{"rendered":"<p><b>Chicken tenders croustillants surgel\u00e9s<\/b><b><br \/>\n<\/b><span style=\"font-weight: 400;\">Les mini-filets de poulet croustillants Beynur offrent, avec leur panure croustillante et leur texture tendre de mini-filet de poulet, une option de repas pratique et savoureuse. Ces mini-filets de poulet pr\u00e9cuits et surgel\u00e9s vous font gagner du temps en cuisine et permettent d\u2019obtenir rapidement un r\u00e9sultat app\u00e9tissant.\u00a0<\/span><\/p>\n<p><span style=\"font-weight: 400;\">Les filets de poulet croustillants sont fabriqu\u00e9s 100% halal et constituent un choix id\u00e9al pour de nombreuses utilisations \u2013 des repas du quotidien aux plateaux de snacks. Gr\u00e2ce \u00e0 leur bon go\u00fbt et \u00e0 leur pr\u00e9paration simple, ils conviennent aussi bien aux portions individuelles qu\u2019aux moments de d\u00e9gustation partag\u00e9s.<\/span><\/p>","protected":false},"featured_media":1815,"template":"","meta":[],"product_brand":[],"product_cat":[18],"product_tag":[],"class_list":{"0":"post-1692","1":"product","2":"type-product","3":"status-publish","4":"has-post-thumbnail","6":"product_cat-tavuk-ve-hindi-urunleri","8":"first","9":"instock","10":"shipping-taxable","11":"product-type-simple"},"yoast_head":"<!-- This site is optimized with the Yoast SEO plugin v26.8 - https:\/\/yoast.com\/product\/yoast-seo-wordpress\/ -->\n<title>\u00c7\u0131t\u0131r Tavuk Tenders - Beynur<\/title>\n<meta name=\"robots\" content=\"index, follow, max-snippet:-1, max-image-preview:large, max-video-preview:-1\" \/>\n<link rel=\"canonical\" href=\"https:\/\/beynur.eu\/fr\/produit\/citir-tavuk-tenders\/\" \/>\n<meta property=\"og:locale\" content=\"fr_FR\" \/>\n<meta property=\"og:type\" content=\"article\" \/>\n<meta property=\"og:title\" content=\"\u00c7\u0131t\u0131r Tavuk Tenders - Beynur\" \/>\n<meta property=\"og:description\" content=\"Dondurulmu\u015f Crunchy Chicken Tenders Crunchy Chicken Tenders, d\u0131\u015f\u0131 \u00e7\u0131t\u0131r kaplamas\u0131 ve i\u00e7i yumu\u015fak mini tavuk fileto yap\u0131s\u0131yla pratik ve lezzetli bir \u00f6\u011f\u00fcn alternatifi sunuyor. \u00d6nceden pi\u015firilip dondurulan bu \u00fcr\u00fcn, size mutfa\u011f\u0131n\u0131zda zaman kazand\u0131rmakla kalm\u0131yor, ayn\u0131 zamanda k\u0131sa s\u00fcrede i\u015ftah a\u00e7\u0131c\u0131 sonu\u00e7lar elde etmenizi sa\u011fl\u0131yor.\u00a0  Y\u00fczde y\u00fcz helal kaliteyle haz\u0131rlanan mini \u00e7\u0131t\u0131r filetolar, g\u00fcnl\u00fck \u00f6\u011f\u00fcnlerden at\u0131\u015ft\u0131rmal\u0131k sunumlara kadar pek \u00e7ok kullan\u0131m i\u00e7in ideal bir se\u00e7enek. Lezzetli yap\u0131s\u0131 ve kolay haz\u0131rlan\u0131\u015f\u0131 sayesinde hem bireysel \u00f6\u011f\u00fcnlerde hem de payla\u015fmal\u0131k tabaklarda rahatl\u0131kla tercih edebilirsiniz.\" \/>\n<meta property=\"og:url\" content=\"https:\/\/beynur.eu\/fr\/produit\/citir-tavuk-tenders\/\" \/>\n<meta property=\"og:site_name\" content=\"Beynur\" \/>\n<meta property=\"article:modified_time\" content=\"2026-05-05T10:48:26+00:00\" \/>\n<meta property=\"og:image\" content=\"https:\/\/beynur.eu\/wp-content\/uploads\/2026\/02\/Crunchy-Chicken-Tenders.jpg\" \/>\n\t<meta property=\"og:image:width\" content=\"2000\" \/>\n\t<meta property=\"og:image:height\" content=\"2000\" \/>\n\t<meta property=\"og:image:type\" content=\"image\/jpeg\" \/>\n<meta name=\"twitter:card\" content=\"summary_large_image\" \/>\n<meta name=\"twitter:label1\" content=\"Dur\u00e9e de lecture estim\u00e9e\" \/>\n\t<meta name=\"twitter:data1\" content=\"1 minute\" \/>\n<script type=\"application\/ld+json\" class=\"yoast-schema-graph\">{\"@context\":\"https:\/\/schema.org\",\"@graph\":[{\"@type\":\"WebPage\",\"@id\":\"https:\/\/beynur.eu\/urun\/citir-tavuk-tenders\/\",\"url\":\"https:\/\/beynur.eu\/urun\/citir-tavuk-tenders\/\",\"name\":\"\u00c7\u0131t\u0131r Tavuk Tenders - Beynur\",\"isPartOf\":{\"@id\":\"https:\/\/beynur.eu\/#website\"},\"primaryImageOfPage\":{\"@id\":\"https:\/\/beynur.eu\/urun\/citir-tavuk-tenders\/#primaryimage\"},\"image\":{\"@id\":\"https:\/\/beynur.eu\/urun\/citir-tavuk-tenders\/#primaryimage\"},\"thumbnailUrl\":\"https:\/\/beynur.eu\/wp-content\/uploads\/2026\/02\/Crunchy-Chicken-Tenders.jpg\",\"datePublished\":\"2026-02-04T14:25:36+00:00\",\"dateModified\":\"2026-05-05T10:48:26+00:00\",\"breadcrumb\":{\"@id\":\"https:\/\/beynur.eu\/urun\/citir-tavuk-tenders\/#breadcrumb\"},\"inLanguage\":\"fr-FR\",\"potentialAction\":[{\"@type\":\"ReadAction\",\"target\":[\"https:\/\/beynur.eu\/urun\/citir-tavuk-tenders\/\"]}]},{\"@type\":\"ImageObject\",\"inLanguage\":\"fr-FR\",\"@id\":\"https:\/\/beynur.eu\/urun\/citir-tavuk-tenders\/#primaryimage\",\"url\":\"https:\/\/beynur.eu\/wp-content\/uploads\/2026\/02\/Crunchy-Chicken-Tenders.jpg\",\"contentUrl\":\"https:\/\/beynur.eu\/wp-content\/uploads\/2026\/02\/Crunchy-Chicken-Tenders.jpg\",\"width\":2000,\"height\":2000},{\"@type\":\"BreadcrumbList\",\"@id\":\"https:\/\/beynur.eu\/urun\/citir-tavuk-tenders\/#breadcrumb\",\"itemListElement\":[{\"@type\":\"ListItem\",\"position\":1,\"name\":\"Home\",\"item\":\"https:\/\/beynur.eu\/\"},{\"@type\":\"ListItem\",\"position\":2,\"name\":\"\u00dcr\u00fcnlerimiz\",\"item\":\"https:\/\/beynur.eu\/en\/urunlerimiz\/\"},{\"@type\":\"ListItem\",\"position\":3,\"name\":\"\u00c7\u0131t\u0131r Tavuk Tenders\"}]},{\"@type\":\"WebSite\",\"@id\":\"https:\/\/beynur.eu\/#website\",\"url\":\"https:\/\/beynur.eu\/\",\"name\":\"Beynur\",\"description\":\"\u0130lk g\u00fcnk\u00fc a\u015fkla, muhte\u015fem tatlar.\",\"potentialAction\":[{\"@type\":\"SearchAction\",\"target\":{\"@type\":\"EntryPoint\",\"urlTemplate\":\"https:\/\/beynur.eu\/?s={search_term_string}\"},\"query-input\":{\"@type\":\"PropertyValueSpecification\",\"valueRequired\":true,\"valueName\":\"search_term_string\"}}],\"inLanguage\":\"fr-FR\"}]}<\/script>\n<!-- \/ Yoast SEO plugin. -->","yoast_head_json":{"title":"\u00c7\u0131t\u0131r Tavuk Tenders - Beynur","robots":{"index":"index","follow":"follow","max-snippet":"max-snippet:-1","max-image-preview":"max-image-preview:large","max-video-preview":"max-video-preview:-1"},"canonical":"https:\/\/beynur.eu\/fr\/produit\/citir-tavuk-tenders\/","og_locale":"fr_FR","og_type":"article","og_title":"\u00c7\u0131t\u0131r Tavuk Tenders - Beynur","og_description":"Dondurulmu\u015f Crunchy Chicken Tenders Crunchy Chicken Tenders, d\u0131\u015f\u0131 \u00e7\u0131t\u0131r kaplamas\u0131 ve i\u00e7i yumu\u015fak mini tavuk fileto yap\u0131s\u0131yla pratik ve lezzetli bir \u00f6\u011f\u00fcn alternatifi sunuyor. \u00d6nceden pi\u015firilip dondurulan bu \u00fcr\u00fcn, size mutfa\u011f\u0131n\u0131zda zaman kazand\u0131rmakla kalm\u0131yor, ayn\u0131 zamanda k\u0131sa s\u00fcrede i\u015ftah a\u00e7\u0131c\u0131 sonu\u00e7lar elde etmenizi sa\u011fl\u0131yor.\u00a0  Y\u00fczde y\u00fcz helal kaliteyle haz\u0131rlanan mini \u00e7\u0131t\u0131r filetolar, g\u00fcnl\u00fck \u00f6\u011f\u00fcnlerden at\u0131\u015ft\u0131rmal\u0131k sunumlara kadar pek \u00e7ok kullan\u0131m i\u00e7in ideal bir se\u00e7enek. Lezzetli yap\u0131s\u0131 ve kolay haz\u0131rlan\u0131\u015f\u0131 sayesinde hem bireysel \u00f6\u011f\u00fcnlerde hem de payla\u015fmal\u0131k tabaklarda rahatl\u0131kla tercih edebilirsiniz.","og_url":"https:\/\/beynur.eu\/fr\/produit\/citir-tavuk-tenders\/","og_site_name":"Beynur","article_modified_time":"2026-05-05T10:48:26+00:00","og_image":[{"width":2000,"height":2000,"url":"https:\/\/beynur.eu\/wp-content\/uploads\/2026\/02\/Crunchy-Chicken-Tenders.jpg","type":"image\/jpeg"}],"twitter_card":"summary_large_image","twitter_misc":{"Dur\u00e9e de lecture estim\u00e9e":"1 minute"},"schema":{"@context":"https:\/\/schema.org","@graph":[{"@type":"WebPage","@id":"https:\/\/beynur.eu\/urun\/citir-tavuk-tenders\/","url":"https:\/\/beynur.eu\/urun\/citir-tavuk-tenders\/","name":"\u00c7\u0131t\u0131r Tavuk Tenders - Beynur","isPartOf":{"@id":"https:\/\/beynur.eu\/#website"},"primaryImageOfPage":{"@id":"https:\/\/beynur.eu\/urun\/citir-tavuk-tenders\/#primaryimage"},"image":{"@id":"https:\/\/beynur.eu\/urun\/citir-tavuk-tenders\/#primaryimage"},"thumbnailUrl":"https:\/\/beynur.eu\/wp-content\/uploads\/2026\/02\/Crunchy-Chicken-Tenders.jpg","datePublished":"2026-02-04T14:25:36+00:00","dateModified":"2026-05-05T10:48:26+00:00","breadcrumb":{"@id":"https:\/\/beynur.eu\/urun\/citir-tavuk-tenders\/#breadcrumb"},"inLanguage":"fr-FR","potentialAction":[{"@type":"ReadAction","target":["https:\/\/beynur.eu\/urun\/citir-tavuk-tenders\/"]}]},{"@type":"ImageObject","inLanguage":"fr-FR","@id":"https:\/\/beynur.eu\/urun\/citir-tavuk-tenders\/#primaryimage","url":"https:\/\/beynur.eu\/wp-content\/uploads\/2026\/02\/Crunchy-Chicken-Tenders.jpg","contentUrl":"https:\/\/beynur.eu\/wp-content\/uploads\/2026\/02\/Crunchy-Chicken-Tenders.jpg","width":2000,"height":2000},{"@type":"BreadcrumbList","@id":"https:\/\/beynur.eu\/urun\/citir-tavuk-tenders\/#breadcrumb","itemListElement":[{"@type":"ListItem","position":1,"name":"Home","item":"https:\/\/beynur.eu\/"},{"@type":"ListItem","position":2,"name":"\u00dcr\u00fcnlerimiz","item":"https:\/\/beynur.eu\/en\/urunlerimiz\/"},{"@type":"ListItem","position":3,"name":"\u00c7\u0131t\u0131r Tavuk Tenders"}]},{"@type":"WebSite","@id":"https:\/\/beynur.eu\/#website","url":"https:\/\/beynur.eu\/","name":"Beynur","description":"\u0130lk g\u00fcnk\u00fc a\u015fkla, muhte\u015fem tatlar.","potentialAction":[{"@type":"SearchAction","target":{"@type":"EntryPoint","urlTemplate":"https:\/\/beynur.eu\/?s={search_term_string}"},"query-input":{"@type":"PropertyValueSpecification","valueRequired":true,"valueName":"search_term_string"}}],"inLanguage":"fr-FR"}]}},"_links":{"self":[{"href":"https:\/\/beynur.eu\/fr\/wp-json\/wp\/v2\/product\/1692","targetHints":{"allow":["GET"]}}],"collection":[{"href":"https:\/\/beynur.eu\/fr\/wp-json\/wp\/v2\/product"}],"about":[{"href":"https:\/\/beynur.eu\/fr\/wp-json\/wp\/v2\/types\/product"}],"wp:featuredmedia":[{"embeddable":true,"href":"https:\/\/beynur.eu\/fr\/wp-json\/wp\/v2\/media\/1815"}],"wp:attachment":[{"href":"https:\/\/beynur.eu\/fr\/wp-json\/wp\/v2\/media?parent=1692"}],"wp:term":[{"taxonomy":"product_brand","embeddable":true,"href":"https:\/\/beynur.eu\/fr\/wp-json\/wp\/v2\/product_brand?post=1692"},{"taxonomy":"product_cat","embeddable":true,"href":"https:\/\/beynur.eu\/fr\/wp-json\/wp\/v2\/product_cat?post=1692"},{"taxonomy":"product_tag","embeddable":true,"href":"https:\/\/beynur.eu\/fr\/wp-json\/wp\/v2\/product_tag?post=1692"}],"curies":[{"name":"wp","href":"https:\/\/api.w.org\/{rel}","templated":true}]}}