{"id":1694,"date":"2026-02-04T14:32:14","date_gmt":"2026-02-04T14:32:14","guid":{"rendered":"https:\/\/beynur.eu\/?post_type=product&#038;p=1694"},"modified":"2026-05-05T10:55:42","modified_gmt":"2026-05-05T10:55:42","slug":"tavuklu-nachos","status":"publish","type":"product","link":"https:\/\/beynur.eu\/fr\/urun\/tavuklu-nachos\/","title":{"rendered":"Nachos Au Poulet"},"content":{"rendered":"<p><b>Conseils d\u2019utilisation<\/b><b><br \/>\n<\/b><span style=\"font-weight: 400;\">Les nachos au poulet avec fromage cheddar se pr\u00e9parent tr\u00e8s facilement \u00e0 la po\u00eale, \u00e0 l\u2019air fryer, au four ou \u00e0 la friteuse. Vous pouvez r\u00e9chauffer le produit en peu de temps et le servir facilement. Avec des frites, une salade, des sauces dip ou diff\u00e9rents accompagnements, il est possible de composer des repas vari\u00e9s et rassasiants.\u00a0<\/span><\/p>\n<p><b>Instructions de conservation<\/b><\/p>\n<ul>\n<li style=\"font-weight: 400;\" aria-level=\"1\"><span style=\"font-weight: 400;\">Conserver le produit au cong\u00e9lateur sans d\u00e9cong\u00e9lation pr\u00e9alable.<\/span><\/li>\n<li style=\"font-weight: 400;\" aria-level=\"1\"><span style=\"font-weight: 400;\">Refermer soigneusement l\u2019emballage apr\u00e8s ouverture.<\/span><\/li>\n<li style=\"font-weight: 400;\" aria-level=\"1\"><span style=\"font-weight: 400;\">Ne pas recongeler un produit d\u00e9congel\u00e9.<\/span><\/li>\n<li style=\"font-weight: 400;\" aria-level=\"1\"><span style=\"font-weight: 400;\">Conserver le produit dans les conditions de stockage recommand\u00e9es.<\/span><\/li>\n<li style=\"font-weight: 400;\" aria-level=\"1\"><span style=\"font-weight: 400;\">Conserver surgel\u00e9 jusqu\u2019\u00e0 utilisation.<\/span><\/li>\n<li style=\"font-weight: 400;\" aria-level=\"1\"><span style=\"font-weight: 400;\">Pour un r\u00e9sultat optimal, chauffer le produit enti\u00e8rement jusqu\u2019au c\u0153ur.<\/span><\/li>\n<\/ul>","protected":false},"excerpt":{"rendered":"<p><b>Nachos au poulet surgel\u00e9s avec fromage cheddar<\/b><b><br \/>\n<\/b><span style=\"font-weight: 400;\">Les nachos au poulet avec fromage cheddar offrent, avec leur enveloppe croustillante et leur int\u00e9rieur tendre \u00e0 base de filet de poulet, une option pratique et savoureuse pour un snack ou un repas. Notre produit est fabriqu\u00e9 \u00e0 partir de 100% filet de poulet et affin\u00e9 avec le go\u00fbt intense et app\u00e9tissant du fromage cheddar.\u00a0<\/span><\/p>\n<p><span style=\"font-weight: 400;\">H\u00e4hnchen-Nachos mit Cheddar-K\u00e4se lassen sich ganz einfach in der Pfanne, im Airfryer, im Backofen oder in der Fritteuse zubereiten. Sie k\u00f6nnen das Produkt in kurzer Zeit erhitzen und praktisch servieren. Zusammen mit Pommes frites, Salat, Dips oder verschiedenen Beilagen lassen sich abwechslungsreiche und s\u00e4ttigende Mahlzeiten zusammenstellen.<\/span><\/p>","protected":false},"featured_media":1826,"template":"","meta":[],"product_brand":[],"product_cat":[18],"product_tag":[],"class_list":{"0":"post-1694","1":"product","2":"type-product","3":"status-publish","4":"has-post-thumbnail","6":"product_cat-tavuk-ve-hindi-urunleri","8":"first","9":"instock","10":"shipping-taxable","11":"product-type-simple"},"yoast_head":"<!-- This site is optimized with the Yoast SEO plugin v26.8 - https:\/\/yoast.com\/product\/yoast-seo-wordpress\/ -->\n<title>Tavuklu Nachos - Beynur<\/title>\n<meta name=\"robots\" content=\"index, follow, max-snippet:-1, max-image-preview:large, max-video-preview:-1\" \/>\n<link rel=\"canonical\" href=\"https:\/\/beynur.eu\/fr\/produit\/tavuklu-nachos\/\" \/>\n<meta property=\"og:locale\" content=\"fr_FR\" \/>\n<meta property=\"og:type\" content=\"article\" \/>\n<meta property=\"og:title\" content=\"Tavuklu Nachos - Beynur\" \/>\n<meta property=\"og:description\" content=\"Dondurulmu\u015f \u00c7edar Peynirli Tavuk Nachos \u00c7edar Peynirli Tavuk Nachos, d\u0131\u015f\u0131 \u00e7\u0131t\u0131r kaplamas\u0131 ve i\u00e7indeki yumu\u015fak tavuk filetosuyla pratik ve lezzetli bir at\u0131\u015ft\u0131rmal\u0131k veya m\u00fckemmel bir ana \u00f6\u011f\u00fcn alternatif. Y\u00fczde y\u00fcz tavuk filetosundan \u00fcretilen bu \u00f6zel \u00fcr\u00fcn, \u00e7edar peynirinin yo\u011fun ve i\u015ftah a\u00e7\u0131c\u0131 tad\u0131yla zenginle\u015fir. \u00d6nceden pi\u015firilmi\u015f yap\u0131s\u0131 sayesinde k\u0131sa s\u00fcrede haz\u0131rlan\u0131r ve mutfakta b\u00fcy\u00fck kolayl\u0131k sa\u011flar.\u00a0  Y\u00fczde y\u00fcz helal kesim tavuk etiyle haz\u0131rlanan bu lezzeti, hem g\u00fcnl\u00fck \u00f6\u011f\u00fcnlerde hem de at\u0131\u015ft\u0131rmal\u0131k sunumlar\u0131nda keyifle tercih edebilirsiniz.\" \/>\n<meta property=\"og:url\" content=\"https:\/\/beynur.eu\/fr\/produit\/tavuklu-nachos\/\" \/>\n<meta property=\"og:site_name\" content=\"Beynur\" \/>\n<meta property=\"article:modified_time\" content=\"2026-05-05T10:55:42+00:00\" \/>\n<meta property=\"og:image\" content=\"https:\/\/beynur.eu\/wp-content\/uploads\/2026\/02\/Chicken-Nachos.jpg\" \/>\n\t<meta property=\"og:image:width\" content=\"2000\" \/>\n\t<meta property=\"og:image:height\" content=\"2000\" \/>\n\t<meta property=\"og:image:type\" content=\"image\/jpeg\" \/>\n<meta name=\"twitter:card\" content=\"summary_large_image\" \/>\n<meta name=\"twitter:label1\" content=\"Dur\u00e9e de lecture estim\u00e9e\" \/>\n\t<meta name=\"twitter:data1\" content=\"1 minute\" \/>\n<script type=\"application\/ld+json\" class=\"yoast-schema-graph\">{\"@context\":\"https:\/\/schema.org\",\"@graph\":[{\"@type\":\"WebPage\",\"@id\":\"https:\/\/beynur.eu\/urun\/tavuklu-nachos\/\",\"url\":\"https:\/\/beynur.eu\/urun\/tavuklu-nachos\/\",\"name\":\"Tavuklu Nachos - Beynur\",\"isPartOf\":{\"@id\":\"https:\/\/beynur.eu\/#website\"},\"primaryImageOfPage\":{\"@id\":\"https:\/\/beynur.eu\/urun\/tavuklu-nachos\/#primaryimage\"},\"image\":{\"@id\":\"https:\/\/beynur.eu\/urun\/tavuklu-nachos\/#primaryimage\"},\"thumbnailUrl\":\"https:\/\/beynur.eu\/wp-content\/uploads\/2026\/02\/Chicken-Nachos.jpg\",\"datePublished\":\"2026-02-04T14:32:14+00:00\",\"dateModified\":\"2026-05-05T10:55:42+00:00\",\"breadcrumb\":{\"@id\":\"https:\/\/beynur.eu\/urun\/tavuklu-nachos\/#breadcrumb\"},\"inLanguage\":\"fr-FR\",\"potentialAction\":[{\"@type\":\"ReadAction\",\"target\":[\"https:\/\/beynur.eu\/urun\/tavuklu-nachos\/\"]}]},{\"@type\":\"ImageObject\",\"inLanguage\":\"fr-FR\",\"@id\":\"https:\/\/beynur.eu\/urun\/tavuklu-nachos\/#primaryimage\",\"url\":\"https:\/\/beynur.eu\/wp-content\/uploads\/2026\/02\/Chicken-Nachos.jpg\",\"contentUrl\":\"https:\/\/beynur.eu\/wp-content\/uploads\/2026\/02\/Chicken-Nachos.jpg\",\"width\":2000,\"height\":2000},{\"@type\":\"BreadcrumbList\",\"@id\":\"https:\/\/beynur.eu\/urun\/tavuklu-nachos\/#breadcrumb\",\"itemListElement\":[{\"@type\":\"ListItem\",\"position\":1,\"name\":\"Home\",\"item\":\"https:\/\/beynur.eu\/\"},{\"@type\":\"ListItem\",\"position\":2,\"name\":\"\u00dcr\u00fcnlerimiz\",\"item\":\"https:\/\/beynur.eu\/en\/urunlerimiz\/\"},{\"@type\":\"ListItem\",\"position\":3,\"name\":\"Tavuklu Nachos\"}]},{\"@type\":\"WebSite\",\"@id\":\"https:\/\/beynur.eu\/#website\",\"url\":\"https:\/\/beynur.eu\/\",\"name\":\"Beynur\",\"description\":\"\u0130lk g\u00fcnk\u00fc a\u015fkla, muhte\u015fem tatlar.\",\"potentialAction\":[{\"@type\":\"SearchAction\",\"target\":{\"@type\":\"EntryPoint\",\"urlTemplate\":\"https:\/\/beynur.eu\/?s={search_term_string}\"},\"query-input\":{\"@type\":\"PropertyValueSpecification\",\"valueRequired\":true,\"valueName\":\"search_term_string\"}}],\"inLanguage\":\"fr-FR\"}]}<\/script>\n<!-- \/ Yoast SEO plugin. -->","yoast_head_json":{"title":"Tavuklu Nachos - Beynur","robots":{"index":"index","follow":"follow","max-snippet":"max-snippet:-1","max-image-preview":"max-image-preview:large","max-video-preview":"max-video-preview:-1"},"canonical":"https:\/\/beynur.eu\/fr\/produit\/tavuklu-nachos\/","og_locale":"fr_FR","og_type":"article","og_title":"Tavuklu Nachos - Beynur","og_description":"Dondurulmu\u015f \u00c7edar Peynirli Tavuk Nachos \u00c7edar Peynirli Tavuk Nachos, d\u0131\u015f\u0131 \u00e7\u0131t\u0131r kaplamas\u0131 ve i\u00e7indeki yumu\u015fak tavuk filetosuyla pratik ve lezzetli bir at\u0131\u015ft\u0131rmal\u0131k veya m\u00fckemmel bir ana \u00f6\u011f\u00fcn alternatif. Y\u00fczde y\u00fcz tavuk filetosundan \u00fcretilen bu \u00f6zel \u00fcr\u00fcn, \u00e7edar peynirinin yo\u011fun ve i\u015ftah a\u00e7\u0131c\u0131 tad\u0131yla zenginle\u015fir. \u00d6nceden pi\u015firilmi\u015f yap\u0131s\u0131 sayesinde k\u0131sa s\u00fcrede haz\u0131rlan\u0131r ve mutfakta b\u00fcy\u00fck kolayl\u0131k sa\u011flar.\u00a0  Y\u00fczde y\u00fcz helal kesim tavuk etiyle haz\u0131rlanan bu lezzeti, hem g\u00fcnl\u00fck \u00f6\u011f\u00fcnlerde hem de at\u0131\u015ft\u0131rmal\u0131k sunumlar\u0131nda keyifle tercih edebilirsiniz.","og_url":"https:\/\/beynur.eu\/fr\/produit\/tavuklu-nachos\/","og_site_name":"Beynur","article_modified_time":"2026-05-05T10:55:42+00:00","og_image":[{"width":2000,"height":2000,"url":"https:\/\/beynur.eu\/wp-content\/uploads\/2026\/02\/Chicken-Nachos.jpg","type":"image\/jpeg"}],"twitter_card":"summary_large_image","twitter_misc":{"Dur\u00e9e de lecture estim\u00e9e":"1 minute"},"schema":{"@context":"https:\/\/schema.org","@graph":[{"@type":"WebPage","@id":"https:\/\/beynur.eu\/urun\/tavuklu-nachos\/","url":"https:\/\/beynur.eu\/urun\/tavuklu-nachos\/","name":"Tavuklu Nachos - Beynur","isPartOf":{"@id":"https:\/\/beynur.eu\/#website"},"primaryImageOfPage":{"@id":"https:\/\/beynur.eu\/urun\/tavuklu-nachos\/#primaryimage"},"image":{"@id":"https:\/\/beynur.eu\/urun\/tavuklu-nachos\/#primaryimage"},"thumbnailUrl":"https:\/\/beynur.eu\/wp-content\/uploads\/2026\/02\/Chicken-Nachos.jpg","datePublished":"2026-02-04T14:32:14+00:00","dateModified":"2026-05-05T10:55:42+00:00","breadcrumb":{"@id":"https:\/\/beynur.eu\/urun\/tavuklu-nachos\/#breadcrumb"},"inLanguage":"fr-FR","potentialAction":[{"@type":"ReadAction","target":["https:\/\/beynur.eu\/urun\/tavuklu-nachos\/"]}]},{"@type":"ImageObject","inLanguage":"fr-FR","@id":"https:\/\/beynur.eu\/urun\/tavuklu-nachos\/#primaryimage","url":"https:\/\/beynur.eu\/wp-content\/uploads\/2026\/02\/Chicken-Nachos.jpg","contentUrl":"https:\/\/beynur.eu\/wp-content\/uploads\/2026\/02\/Chicken-Nachos.jpg","width":2000,"height":2000},{"@type":"BreadcrumbList","@id":"https:\/\/beynur.eu\/urun\/tavuklu-nachos\/#breadcrumb","itemListElement":[{"@type":"ListItem","position":1,"name":"Home","item":"https:\/\/beynur.eu\/"},{"@type":"ListItem","position":2,"name":"\u00dcr\u00fcnlerimiz","item":"https:\/\/beynur.eu\/en\/urunlerimiz\/"},{"@type":"ListItem","position":3,"name":"Tavuklu Nachos"}]},{"@type":"WebSite","@id":"https:\/\/beynur.eu\/#website","url":"https:\/\/beynur.eu\/","name":"Beynur","description":"\u0130lk g\u00fcnk\u00fc a\u015fkla, muhte\u015fem tatlar.","potentialAction":[{"@type":"SearchAction","target":{"@type":"EntryPoint","urlTemplate":"https:\/\/beynur.eu\/?s={search_term_string}"},"query-input":{"@type":"PropertyValueSpecification","valueRequired":true,"valueName":"search_term_string"}}],"inLanguage":"fr-FR"}]}},"_links":{"self":[{"href":"https:\/\/beynur.eu\/fr\/wp-json\/wp\/v2\/product\/1694","targetHints":{"allow":["GET"]}}],"collection":[{"href":"https:\/\/beynur.eu\/fr\/wp-json\/wp\/v2\/product"}],"about":[{"href":"https:\/\/beynur.eu\/fr\/wp-json\/wp\/v2\/types\/product"}],"wp:featuredmedia":[{"embeddable":true,"href":"https:\/\/beynur.eu\/fr\/wp-json\/wp\/v2\/media\/1826"}],"wp:attachment":[{"href":"https:\/\/beynur.eu\/fr\/wp-json\/wp\/v2\/media?parent=1694"}],"wp:term":[{"taxonomy":"product_brand","embeddable":true,"href":"https:\/\/beynur.eu\/fr\/wp-json\/wp\/v2\/product_brand?post=1694"},{"taxonomy":"product_cat","embeddable":true,"href":"https:\/\/beynur.eu\/fr\/wp-json\/wp\/v2\/product_cat?post=1694"},{"taxonomy":"product_tag","embeddable":true,"href":"https:\/\/beynur.eu\/fr\/wp-json\/wp\/v2\/product_tag?post=1694"}],"curies":[{"name":"wp","href":"https:\/\/api.w.org\/{rel}","templated":true}]}}