{"id":170,"date":"2018-04-01T10:02:57","date_gmt":"2018-04-01T10:02:57","guid":{"rendered":"https:\/\/beynur.eu\/?post_type=product&#038;p=170"},"modified":"2026-03-08T12:10:38","modified_gmt":"2026-03-08T12:10:38","slug":"tekirdag-kofte","status":"publish","type":"product","link":"https:\/\/beynur.eu\/fr\/produit\/les-boulettes-de-viande-facon-tekirdag\/","title":{"rendered":"Boulettes De Viande Tekirdag"},"content":{"rendered":"<p>Cette saveur unique apport\u00e9e par des migrants venus de Selanique en 1920 dans la r\u00e9gion de Tekirda\u011f , est maintenant chez vous avec les boulettes de viande fa\u00e7on Tekirda\u011f Beynur.<\/p>\n<p>C\u2019est une saveur l\u00e9gendaire venue de la r\u00e9gion de Tekirda\u011f qui s\u2019est \u00e9tendue dans toute la Turquie en gardant son nom et son go\u00fbt\u2026 Chaque fois que vous aurez envie de boulettes de viande fa\u00e7on Tekirda\u011f vous pouvez d\u00e9guster ce d\u00e9lice l\u00e9gendaire chez vous avec les Boulettes de Viande fa\u00e7on Tekirda\u011f.<\/p>\n<p>Vous pouvez servir de mani\u00e8re originale les Boulettes de viande fa\u00e7on Tekirda\u011f avec des l\u00e9gumes frais grill\u00e9s et du riz.<\/p>\n<p>Satisfaisant les besoins de prot\u00e9ines de vos enfants de mani\u00e8re \u00e9quilibr\u00e9e les Boulettes de Viande fa\u00e7on Tekirda\u011f Beynur peuvent se cuisiner facilement au grill, au four et \u00e0 la po\u00eale et vous pourrez pr\u00e9parer des repas que vos enfants attendront avec impatience. Nos produits sont pr\u00e9par\u00e9s selon les principes de l\u2019Islam et sont halals.<\/p>\n<p>&nbsp;<\/p>\n<p><strong>Pr\u00e9paration :<\/strong><\/p>\n<p>Faites frire les Boulettes de Viande fa\u00e7on Ineg\u00f6l \u00e0 feu mod\u00e9r\u00e9 dans une po\u00eale pr\u00e9alablement chauff\u00e9e avec un peu de mati\u00e8re grasse. Faites bien cuire, ne doit pas \u00eatre consommer cru. Ce produit contient du gluten et du soja.<\/p>\n<p>&nbsp;<\/p>\n<p><strong>Conditions de conservation :<\/strong><\/p>\n<p>Au frigidaire 2 jours<\/p>\n<p>Au cong\u00e9lateur *\u00e9toile 1 semaine<\/p>\n<p>Au cong\u00e9lateur **\u00e9toiles 2 semaines<\/p>\n<p>Au cong\u00e9lateur ***\u00e9toiles (-18\u02daC) Regardez la date limite de consommation.<\/p>\n<p>Ne recongelez pas d\u00e9cong\u00e9lation.<\/p>","protected":false},"excerpt":{"rendered":"<p>Cette saveur unique apport\u00e9e par des migrants venus de Selanique en 1920 dans la r\u00e9gion de Tekirda\u011f , est maintenant chez vous avec les boulettes de viande fa\u00e7on Tekirda\u011f Beynur.<\/p>\n<p>C\u2019est une saveur l\u00e9gendaire venue de la r\u00e9gion de Tekirda\u011f qui s\u2019est \u00e9tendue dans toute la Turquie en gardant son nom et son go\u00fbt\u2026 Chaque fois que vous aurez envie de boulettes de viande fa\u00e7on Tekirda\u011f vous pouvez d\u00e9guster ce d\u00e9lice l\u00e9gendaire chez vous avec les Boulettes de Viande fa\u00e7on Tekirda\u011f.<\/p>","protected":false},"featured_media":1683,"template":"","meta":[],"product_brand":[],"product_cat":[17],"product_tag":[],"class_list":{"0":"post-170","1":"product","2":"type-product","3":"status-publish","4":"has-post-thumbnail","6":"product_cat-et-urunleri","8":"first","9":"instock","10":"shipping-taxable","11":"product-type-simple"},"yoast_head":"<!-- This site is optimized with the Yoast SEO plugin v26.8 - https:\/\/yoast.com\/product\/yoast-seo-wordpress\/ -->\n<title>Tekirda\u011f K\u00f6fte - Beynur<\/title>\n<meta name=\"robots\" content=\"index, follow, max-snippet:-1, max-image-preview:large, max-video-preview:-1\" \/>\n<link rel=\"canonical\" href=\"https:\/\/beynur.eu\/fr\/produit\/les-boulettes-de-viande-facon-tekirdag\/\" \/>\n<meta property=\"og:locale\" content=\"fr_FR\" \/>\n<meta property=\"og:type\" content=\"article\" \/>\n<meta property=\"og:title\" content=\"Tekirda\u011f K\u00f6fte - Beynur\" \/>\n<meta property=\"og:description\" content=\"1920\u2019li y\u0131llarda Selanik\u2019ten g\u00f6\u00e7 edenlerin Tekirda\u011f b\u00f6lgesine getirdi\u011fi bilinen bu e\u015fsiz lezzet, Beynur Tekirda\u011f Usul\u00fc K\u00f6fte ile evinizde.  Tekirda\u011f y\u00f6resinden ad\u0131yla, tad\u0131yla t\u00fcm T\u00fcrkiye\u2019ye yay\u0131lan bir efsane lezzettir\u2026 Can\u0131n\u0131z ne zaman Tekirda\u011f K\u00f6ftesi isterse, Beynur Tekirda\u011f K\u00f6fte ile bu efsanevi lezzeti evinizde ya\u015fayabilirsiniz.\" \/>\n<meta property=\"og:url\" content=\"https:\/\/beynur.eu\/fr\/produit\/les-boulettes-de-viande-facon-tekirdag\/\" \/>\n<meta property=\"og:site_name\" content=\"Beynur\" \/>\n<meta property=\"article:modified_time\" content=\"2026-03-08T12:10:38+00:00\" \/>\n<meta property=\"og:image\" content=\"https:\/\/beynur.eu\/wp-content\/uploads\/2018\/04\/tekirdag-kofte-2.jpg\" \/>\n\t<meta property=\"og:image:width\" content=\"1500\" \/>\n\t<meta property=\"og:image:height\" content=\"1500\" \/>\n\t<meta property=\"og:image:type\" content=\"image\/jpeg\" \/>\n<meta name=\"twitter:card\" content=\"summary_large_image\" \/>\n<meta name=\"twitter:label1\" content=\"Dur\u00e9e de lecture estim\u00e9e\" \/>\n\t<meta name=\"twitter:data1\" content=\"2 minutes\" \/>\n<script type=\"application\/ld+json\" class=\"yoast-schema-graph\">{\"@context\":\"https:\/\/schema.org\",\"@graph\":[{\"@type\":\"WebPage\",\"@id\":\"https:\/\/beynur.eu\/urun\/tekirdag-kofte\/\",\"url\":\"https:\/\/beynur.eu\/urun\/tekirdag-kofte\/\",\"name\":\"Tekirda\u011f K\u00f6fte - Beynur\",\"isPartOf\":{\"@id\":\"https:\/\/beynur.eu\/#website\"},\"primaryImageOfPage\":{\"@id\":\"https:\/\/beynur.eu\/urun\/tekirdag-kofte\/#primaryimage\"},\"image\":{\"@id\":\"https:\/\/beynur.eu\/urun\/tekirdag-kofte\/#primaryimage\"},\"thumbnailUrl\":\"https:\/\/beynur.eu\/wp-content\/uploads\/2018\/04\/tekirdag-kofte-2.jpg\",\"datePublished\":\"2018-04-01T10:02:57+00:00\",\"dateModified\":\"2026-03-08T12:10:38+00:00\",\"breadcrumb\":{\"@id\":\"https:\/\/beynur.eu\/urun\/tekirdag-kofte\/#breadcrumb\"},\"inLanguage\":\"fr-FR\",\"potentialAction\":[{\"@type\":\"ReadAction\",\"target\":[\"https:\/\/beynur.eu\/urun\/tekirdag-kofte\/\"]}]},{\"@type\":\"ImageObject\",\"inLanguage\":\"fr-FR\",\"@id\":\"https:\/\/beynur.eu\/urun\/tekirdag-kofte\/#primaryimage\",\"url\":\"https:\/\/beynur.eu\/wp-content\/uploads\/2018\/04\/tekirdag-kofte-2.jpg\",\"contentUrl\":\"https:\/\/beynur.eu\/wp-content\/uploads\/2018\/04\/tekirdag-kofte-2.jpg\",\"width\":1500,\"height\":1500},{\"@type\":\"BreadcrumbList\",\"@id\":\"https:\/\/beynur.eu\/urun\/tekirdag-kofte\/#breadcrumb\",\"itemListElement\":[{\"@type\":\"ListItem\",\"position\":1,\"name\":\"Home\",\"item\":\"https:\/\/beynur.eu\/\"},{\"@type\":\"ListItem\",\"position\":2,\"name\":\"\u00dcr\u00fcnlerimiz\",\"item\":\"https:\/\/beynur.eu\/en\/urunlerimiz\/\"},{\"@type\":\"ListItem\",\"position\":3,\"name\":\"Tekirda\u011f K\u00f6fte\"}]},{\"@type\":\"WebSite\",\"@id\":\"https:\/\/beynur.eu\/#website\",\"url\":\"https:\/\/beynur.eu\/\",\"name\":\"Beynur\",\"description\":\"\u0130lk g\u00fcnk\u00fc a\u015fkla, muhte\u015fem tatlar.\",\"potentialAction\":[{\"@type\":\"SearchAction\",\"target\":{\"@type\":\"EntryPoint\",\"urlTemplate\":\"https:\/\/beynur.eu\/?s={search_term_string}\"},\"query-input\":{\"@type\":\"PropertyValueSpecification\",\"valueRequired\":true,\"valueName\":\"search_term_string\"}}],\"inLanguage\":\"fr-FR\"}]}<\/script>\n<!-- \/ Yoast SEO plugin. -->","yoast_head_json":{"title":"Tekirda\u011f K\u00f6fte - Beynur","robots":{"index":"index","follow":"follow","max-snippet":"max-snippet:-1","max-image-preview":"max-image-preview:large","max-video-preview":"max-video-preview:-1"},"canonical":"https:\/\/beynur.eu\/fr\/produit\/les-boulettes-de-viande-facon-tekirdag\/","og_locale":"fr_FR","og_type":"article","og_title":"Tekirda\u011f K\u00f6fte - Beynur","og_description":"1920\u2019li y\u0131llarda Selanik\u2019ten g\u00f6\u00e7 edenlerin Tekirda\u011f b\u00f6lgesine getirdi\u011fi bilinen bu e\u015fsiz lezzet, Beynur Tekirda\u011f Usul\u00fc K\u00f6fte ile evinizde.  Tekirda\u011f y\u00f6resinden ad\u0131yla, tad\u0131yla t\u00fcm T\u00fcrkiye\u2019ye yay\u0131lan bir efsane lezzettir\u2026 Can\u0131n\u0131z ne zaman Tekirda\u011f K\u00f6ftesi isterse, Beynur Tekirda\u011f K\u00f6fte ile bu efsanevi lezzeti evinizde ya\u015fayabilirsiniz.","og_url":"https:\/\/beynur.eu\/fr\/produit\/les-boulettes-de-viande-facon-tekirdag\/","og_site_name":"Beynur","article_modified_time":"2026-03-08T12:10:38+00:00","og_image":[{"width":1500,"height":1500,"url":"https:\/\/beynur.eu\/wp-content\/uploads\/2018\/04\/tekirdag-kofte-2.jpg","type":"image\/jpeg"}],"twitter_card":"summary_large_image","twitter_misc":{"Dur\u00e9e de lecture estim\u00e9e":"2 minutes"},"schema":{"@context":"https:\/\/schema.org","@graph":[{"@type":"WebPage","@id":"https:\/\/beynur.eu\/urun\/tekirdag-kofte\/","url":"https:\/\/beynur.eu\/urun\/tekirdag-kofte\/","name":"Tekirda\u011f K\u00f6fte - Beynur","isPartOf":{"@id":"https:\/\/beynur.eu\/#website"},"primaryImageOfPage":{"@id":"https:\/\/beynur.eu\/urun\/tekirdag-kofte\/#primaryimage"},"image":{"@id":"https:\/\/beynur.eu\/urun\/tekirdag-kofte\/#primaryimage"},"thumbnailUrl":"https:\/\/beynur.eu\/wp-content\/uploads\/2018\/04\/tekirdag-kofte-2.jpg","datePublished":"2018-04-01T10:02:57+00:00","dateModified":"2026-03-08T12:10:38+00:00","breadcrumb":{"@id":"https:\/\/beynur.eu\/urun\/tekirdag-kofte\/#breadcrumb"},"inLanguage":"fr-FR","potentialAction":[{"@type":"ReadAction","target":["https:\/\/beynur.eu\/urun\/tekirdag-kofte\/"]}]},{"@type":"ImageObject","inLanguage":"fr-FR","@id":"https:\/\/beynur.eu\/urun\/tekirdag-kofte\/#primaryimage","url":"https:\/\/beynur.eu\/wp-content\/uploads\/2018\/04\/tekirdag-kofte-2.jpg","contentUrl":"https:\/\/beynur.eu\/wp-content\/uploads\/2018\/04\/tekirdag-kofte-2.jpg","width":1500,"height":1500},{"@type":"BreadcrumbList","@id":"https:\/\/beynur.eu\/urun\/tekirdag-kofte\/#breadcrumb","itemListElement":[{"@type":"ListItem","position":1,"name":"Home","item":"https:\/\/beynur.eu\/"},{"@type":"ListItem","position":2,"name":"\u00dcr\u00fcnlerimiz","item":"https:\/\/beynur.eu\/en\/urunlerimiz\/"},{"@type":"ListItem","position":3,"name":"Tekirda\u011f K\u00f6fte"}]},{"@type":"WebSite","@id":"https:\/\/beynur.eu\/#website","url":"https:\/\/beynur.eu\/","name":"Beynur","description":"\u0130lk g\u00fcnk\u00fc a\u015fkla, muhte\u015fem tatlar.","potentialAction":[{"@type":"SearchAction","target":{"@type":"EntryPoint","urlTemplate":"https:\/\/beynur.eu\/?s={search_term_string}"},"query-input":{"@type":"PropertyValueSpecification","valueRequired":true,"valueName":"search_term_string"}}],"inLanguage":"fr-FR"}]}},"_links":{"self":[{"href":"https:\/\/beynur.eu\/fr\/wp-json\/wp\/v2\/product\/170","targetHints":{"allow":["GET"]}}],"collection":[{"href":"https:\/\/beynur.eu\/fr\/wp-json\/wp\/v2\/product"}],"about":[{"href":"https:\/\/beynur.eu\/fr\/wp-json\/wp\/v2\/types\/product"}],"wp:featuredmedia":[{"embeddable":true,"href":"https:\/\/beynur.eu\/fr\/wp-json\/wp\/v2\/media\/1683"}],"wp:attachment":[{"href":"https:\/\/beynur.eu\/fr\/wp-json\/wp\/v2\/media?parent=170"}],"wp:term":[{"taxonomy":"product_brand","embeddable":true,"href":"https:\/\/beynur.eu\/fr\/wp-json\/wp\/v2\/product_brand?post=170"},{"taxonomy":"product_cat","embeddable":true,"href":"https:\/\/beynur.eu\/fr\/wp-json\/wp\/v2\/product_cat?post=170"},{"taxonomy":"product_tag","embeddable":true,"href":"https:\/\/beynur.eu\/fr\/wp-json\/wp\/v2\/product_tag?post=170"}],"curies":[{"name":"wp","href":"https:\/\/api.w.org\/{rel}","templated":true}]}}