{"id":1704,"date":"2026-02-04T14:56:47","date_gmt":"2026-02-04T14:56:47","guid":{"rendered":"https:\/\/beynur.eu\/?post_type=product&#038;p=1704"},"modified":"2026-04-29T13:36:57","modified_gmt":"2026-04-29T13:36:57","slug":"brokoli","status":"publish","type":"product","link":"https:\/\/beynur.eu\/fr\/urun\/brokoli\/","title":{"rendered":"Brocoli"},"content":{"rendered":"<p><b>Conseils d\u2019utilisation<\/b><b><br \/>\n<\/b><span style=\"font-weight: 400;\">Le brocoli surgel\u00e9 est un choix particuli\u00e8rement pratique pour les plats de l\u00e9gumes, les soupes, les plats au four et diff\u00e9rents plats mijot\u00e9s. Vous pouvez ajouter le produit directement dans la casserole ou la po\u00eale et l\u2019utiliser tr\u00e8s facilement. Avec de l\u2019ail, des oignons, des carottes et, selon le go\u00fbt, un peu de cr\u00e8me ou de fromage, il est possible de pr\u00e9parer de d\u00e9licieux plats.<\/span><\/p>\n<p><b>Instructions de conservation<\/b><b><br \/>\n<\/b><span style=\"font-weight: 400;\"> Conserver le produit au cong\u00e9lateur sans d\u00e9cong\u00e9lation pr\u00e9alable.<\/span><span style=\"font-weight: 400;\"><br \/>\n<\/span><span style=\"font-weight: 400;\"> Bien refermer l\u2019emballage apr\u00e8s ouverture.<\/span><span style=\"font-weight: 400;\"><br \/>\n<\/span><span style=\"font-weight: 400;\"> Ne pas recongeler un produit d\u00e9congel\u00e9.<\/span><span style=\"font-weight: 400;\"><br \/>\n<\/span><span style=\"font-weight: 400;\"> Conserver le produit dans les conditions de stockage recommand\u00e9es.<\/span><span style=\"font-weight: 400;\"><br \/>\n<\/span><span style=\"font-weight: 400;\"> Ne pas conserver au cong\u00e9lateur \u00e0 c\u00f4t\u00e9 d\u2019aliments \u00e0 forte odeur.<\/span><\/p>\n<p>&nbsp;<\/p>","protected":false},"excerpt":{"rendered":"<p><b>Brocoli surgel\u00e9<\/b><b><br \/>\n<\/b><span style=\"font-weight: 400;\">Parmi nos l\u00e9gumes surgel\u00e9s, vous trouverez \u00e9galement du brocoli pr\u00e9par\u00e9 et pr\u00eat \u00e0 cuisiner. Le brocoli de saison soigneusement s\u00e9lectionn\u00e9 conserve ainsi son go\u00fbt naturel, sa couleur fra\u00eeche et sa texture ferme, tout en vous offrant une solution pratique pour le quotidien en cuisine. Avec ce produit, vous \u00e9vitez le travail de pr\u00e9paration et pouvez pr\u00e9parer vos plats beaucoup plus rapidement et facilement.\u00a0<\/span><\/p>\n<p><span style=\"font-weight: 400;\">Avec son ar\u00f4me doux et caract\u00e9ristique ainsi que sa qualit\u00e9 nutritive, le brocoli est un l\u00e9gume appr\u00e9ci\u00e9 aussi bien dans les plats maison traditionnels que dans diff\u00e9rentes recettes. Notre produit, surgel\u00e9 et emball\u00e9 dans des conditions hygi\u00e9niques, est toujours \u00e0 votre disposition afin que vous puissiez pr\u00e9parer rapidement cette saveur appr\u00e9ci\u00e9e sous sa forme naturelle.<\/span><\/p>","protected":false},"featured_media":1733,"template":"","meta":[],"product_brand":[],"product_cat":[36],"product_tag":[],"class_list":{"0":"post-1704","1":"product","2":"type-product","3":"status-publish","4":"has-post-thumbnail","6":"product_cat-dondurulmus-sebze-urunleri","8":"first","9":"instock","10":"shipping-taxable","11":"product-type-simple"},"yoast_head":"<!-- This site is optimized with the Yoast SEO plugin v26.8 - https:\/\/yoast.com\/product\/yoast-seo-wordpress\/ -->\n<title>Brokoli - Beynur<\/title>\n<meta name=\"robots\" content=\"index, follow, max-snippet:-1, max-image-preview:large, max-video-preview:-1\" \/>\n<link rel=\"canonical\" href=\"https:\/\/beynur.eu\/fr\/produit\/brokoli\/\" \/>\n<meta property=\"og:locale\" content=\"fr_FR\" \/>\n<meta property=\"og:type\" content=\"article\" \/>\n<meta property=\"og:title\" content=\"Brokoli - Beynur\" \/>\n<meta property=\"og:description\" content=\"Dondurulmu\u015f Brokoli Dondurulmu\u015f sebze \u00fcr\u00fcnlerimizin aras\u0131nda pi\u015firmeye haz\u0131r hale getirilmi\u015f brokoli de yer al\u0131yor. Mevsiminde \u00f6zenle se\u00e7ilen brokoli, bu sayede do\u011fal lezzetini, canl\u0131 rengini ve diri yap\u0131s\u0131n\u0131 koruyor ve mutfa\u011f\u0131n\u0131za pratik bir \u00e7\u00f6z\u00fcm sunuyor. Bu \u00fcr\u00fcn\u00fcm\u00fczle temizleme ve haz\u0131rl\u0131k zahmetinden kurtulacak, yemeklerinizi \u00e7ok daha pratik ve h\u0131zl\u0131 bir \u015fekilde haz\u0131rlayabileceksiniz.\u00a0  Brokoli, kendine \u00f6zg\u00fc hafif aromas\u0131 ve besleyici yap\u0131s\u0131yla hem geleneksel ev yemeklerinde hem de farkl\u0131 tariflerde severek kullan\u0131lan bir sebze. Hijyenik \u015fartlarda dondurulup paketlenen \u00fcr\u00fcn\u00fcm\u00fcz, bu sevilen lezzeti \u00e7abucak ve do\u011fal haliyle haz\u0131rlaman\u0131z i\u00e7in her an elinizin alt\u0131nda.\" \/>\n<meta property=\"og:url\" content=\"https:\/\/beynur.eu\/fr\/produit\/brokoli\/\" \/>\n<meta property=\"og:site_name\" content=\"Beynur\" \/>\n<meta property=\"article:modified_time\" content=\"2026-04-29T13:36:57+00:00\" \/>\n<meta property=\"og:image\" content=\"https:\/\/beynur.eu\/wp-content\/uploads\/2026\/02\/Brokoli-1024x1024.png\" \/>\n\t<meta property=\"og:image:width\" content=\"1024\" \/>\n\t<meta property=\"og:image:height\" content=\"1024\" \/>\n\t<meta property=\"og:image:type\" content=\"image\/png\" \/>\n<meta name=\"twitter:card\" content=\"summary_large_image\" \/>\n<meta name=\"twitter:label1\" content=\"Dur\u00e9e de lecture estim\u00e9e\" \/>\n\t<meta name=\"twitter:data1\" content=\"1 minute\" \/>\n<script type=\"application\/ld+json\" class=\"yoast-schema-graph\">{\"@context\":\"https:\/\/schema.org\",\"@graph\":[{\"@type\":\"WebPage\",\"@id\":\"https:\/\/beynur.eu\/urun\/brokoli\/\",\"url\":\"https:\/\/beynur.eu\/urun\/brokoli\/\",\"name\":\"Brokoli - Beynur\",\"isPartOf\":{\"@id\":\"https:\/\/beynur.eu\/#website\"},\"primaryImageOfPage\":{\"@id\":\"https:\/\/beynur.eu\/urun\/brokoli\/#primaryimage\"},\"image\":{\"@id\":\"https:\/\/beynur.eu\/urun\/brokoli\/#primaryimage\"},\"thumbnailUrl\":\"https:\/\/beynur.eu\/wp-content\/uploads\/2026\/02\/Brokoli.png\",\"datePublished\":\"2026-02-04T14:56:47+00:00\",\"dateModified\":\"2026-04-29T13:36:57+00:00\",\"breadcrumb\":{\"@id\":\"https:\/\/beynur.eu\/urun\/brokoli\/#breadcrumb\"},\"inLanguage\":\"fr-FR\",\"potentialAction\":[{\"@type\":\"ReadAction\",\"target\":[\"https:\/\/beynur.eu\/urun\/brokoli\/\"]}]},{\"@type\":\"ImageObject\",\"inLanguage\":\"fr-FR\",\"@id\":\"https:\/\/beynur.eu\/urun\/brokoli\/#primaryimage\",\"url\":\"https:\/\/beynur.eu\/wp-content\/uploads\/2026\/02\/Brokoli.png\",\"contentUrl\":\"https:\/\/beynur.eu\/wp-content\/uploads\/2026\/02\/Brokoli.png\",\"width\":2000,\"height\":2000},{\"@type\":\"BreadcrumbList\",\"@id\":\"https:\/\/beynur.eu\/urun\/brokoli\/#breadcrumb\",\"itemListElement\":[{\"@type\":\"ListItem\",\"position\":1,\"name\":\"Home\",\"item\":\"https:\/\/beynur.eu\/\"},{\"@type\":\"ListItem\",\"position\":2,\"name\":\"\u00dcr\u00fcnlerimiz\",\"item\":\"https:\/\/beynur.eu\/en\/urunlerimiz\/\"},{\"@type\":\"ListItem\",\"position\":3,\"name\":\"Brokoli\"}]},{\"@type\":\"WebSite\",\"@id\":\"https:\/\/beynur.eu\/#website\",\"url\":\"https:\/\/beynur.eu\/\",\"name\":\"Beynur\",\"description\":\"\u0130lk g\u00fcnk\u00fc a\u015fkla, muhte\u015fem tatlar.\",\"potentialAction\":[{\"@type\":\"SearchAction\",\"target\":{\"@type\":\"EntryPoint\",\"urlTemplate\":\"https:\/\/beynur.eu\/?s={search_term_string}\"},\"query-input\":{\"@type\":\"PropertyValueSpecification\",\"valueRequired\":true,\"valueName\":\"search_term_string\"}}],\"inLanguage\":\"fr-FR\"}]}<\/script>\n<!-- \/ Yoast SEO plugin. -->","yoast_head_json":{"title":"Brokoli - Beynur","robots":{"index":"index","follow":"follow","max-snippet":"max-snippet:-1","max-image-preview":"max-image-preview:large","max-video-preview":"max-video-preview:-1"},"canonical":"https:\/\/beynur.eu\/fr\/produit\/brokoli\/","og_locale":"fr_FR","og_type":"article","og_title":"Brokoli - Beynur","og_description":"Dondurulmu\u015f Brokoli Dondurulmu\u015f sebze \u00fcr\u00fcnlerimizin aras\u0131nda pi\u015firmeye haz\u0131r hale getirilmi\u015f brokoli de yer al\u0131yor. Mevsiminde \u00f6zenle se\u00e7ilen brokoli, bu sayede do\u011fal lezzetini, canl\u0131 rengini ve diri yap\u0131s\u0131n\u0131 koruyor ve mutfa\u011f\u0131n\u0131za pratik bir \u00e7\u00f6z\u00fcm sunuyor. Bu \u00fcr\u00fcn\u00fcm\u00fczle temizleme ve haz\u0131rl\u0131k zahmetinden kurtulacak, yemeklerinizi \u00e7ok daha pratik ve h\u0131zl\u0131 bir \u015fekilde haz\u0131rlayabileceksiniz.\u00a0  Brokoli, kendine \u00f6zg\u00fc hafif aromas\u0131 ve besleyici yap\u0131s\u0131yla hem geleneksel ev yemeklerinde hem de farkl\u0131 tariflerde severek kullan\u0131lan bir sebze. Hijyenik \u015fartlarda dondurulup paketlenen \u00fcr\u00fcn\u00fcm\u00fcz, bu sevilen lezzeti \u00e7abucak ve do\u011fal haliyle haz\u0131rlaman\u0131z i\u00e7in her an elinizin alt\u0131nda.","og_url":"https:\/\/beynur.eu\/fr\/produit\/brokoli\/","og_site_name":"Beynur","article_modified_time":"2026-04-29T13:36:57+00:00","og_image":[{"width":1024,"height":1024,"url":"https:\/\/beynur.eu\/wp-content\/uploads\/2026\/02\/Brokoli-1024x1024.png","type":"image\/png"}],"twitter_card":"summary_large_image","twitter_misc":{"Dur\u00e9e de lecture estim\u00e9e":"1 minute"},"schema":{"@context":"https:\/\/schema.org","@graph":[{"@type":"WebPage","@id":"https:\/\/beynur.eu\/urun\/brokoli\/","url":"https:\/\/beynur.eu\/urun\/brokoli\/","name":"Brokoli - Beynur","isPartOf":{"@id":"https:\/\/beynur.eu\/#website"},"primaryImageOfPage":{"@id":"https:\/\/beynur.eu\/urun\/brokoli\/#primaryimage"},"image":{"@id":"https:\/\/beynur.eu\/urun\/brokoli\/#primaryimage"},"thumbnailUrl":"https:\/\/beynur.eu\/wp-content\/uploads\/2026\/02\/Brokoli.png","datePublished":"2026-02-04T14:56:47+00:00","dateModified":"2026-04-29T13:36:57+00:00","breadcrumb":{"@id":"https:\/\/beynur.eu\/urun\/brokoli\/#breadcrumb"},"inLanguage":"fr-FR","potentialAction":[{"@type":"ReadAction","target":["https:\/\/beynur.eu\/urun\/brokoli\/"]}]},{"@type":"ImageObject","inLanguage":"fr-FR","@id":"https:\/\/beynur.eu\/urun\/brokoli\/#primaryimage","url":"https:\/\/beynur.eu\/wp-content\/uploads\/2026\/02\/Brokoli.png","contentUrl":"https:\/\/beynur.eu\/wp-content\/uploads\/2026\/02\/Brokoli.png","width":2000,"height":2000},{"@type":"BreadcrumbList","@id":"https:\/\/beynur.eu\/urun\/brokoli\/#breadcrumb","itemListElement":[{"@type":"ListItem","position":1,"name":"Home","item":"https:\/\/beynur.eu\/"},{"@type":"ListItem","position":2,"name":"\u00dcr\u00fcnlerimiz","item":"https:\/\/beynur.eu\/en\/urunlerimiz\/"},{"@type":"ListItem","position":3,"name":"Brokoli"}]},{"@type":"WebSite","@id":"https:\/\/beynur.eu\/#website","url":"https:\/\/beynur.eu\/","name":"Beynur","description":"\u0130lk g\u00fcnk\u00fc a\u015fkla, muhte\u015fem tatlar.","potentialAction":[{"@type":"SearchAction","target":{"@type":"EntryPoint","urlTemplate":"https:\/\/beynur.eu\/?s={search_term_string}"},"query-input":{"@type":"PropertyValueSpecification","valueRequired":true,"valueName":"search_term_string"}}],"inLanguage":"fr-FR"}]}},"_links":{"self":[{"href":"https:\/\/beynur.eu\/fr\/wp-json\/wp\/v2\/product\/1704","targetHints":{"allow":["GET"]}}],"collection":[{"href":"https:\/\/beynur.eu\/fr\/wp-json\/wp\/v2\/product"}],"about":[{"href":"https:\/\/beynur.eu\/fr\/wp-json\/wp\/v2\/types\/product"}],"wp:featuredmedia":[{"embeddable":true,"href":"https:\/\/beynur.eu\/fr\/wp-json\/wp\/v2\/media\/1733"}],"wp:attachment":[{"href":"https:\/\/beynur.eu\/fr\/wp-json\/wp\/v2\/media?parent=1704"}],"wp:term":[{"taxonomy":"product_brand","embeddable":true,"href":"https:\/\/beynur.eu\/fr\/wp-json\/wp\/v2\/product_brand?post=1704"},{"taxonomy":"product_cat","embeddable":true,"href":"https:\/\/beynur.eu\/fr\/wp-json\/wp\/v2\/product_cat?post=1704"},{"taxonomy":"product_tag","embeddable":true,"href":"https:\/\/beynur.eu\/fr\/wp-json\/wp\/v2\/product_tag?post=1704"}],"curies":[{"name":"wp","href":"https:\/\/api.w.org\/{rel}","templated":true}]}}