{"id":1708,"date":"2026-02-04T15:04:56","date_gmt":"2026-02-04T15:04:56","guid":{"rendered":"https:\/\/beynur.eu\/?post_type=product&#038;p=1708"},"modified":"2026-05-05T10:53:36","modified_gmt":"2026-05-05T10:53:36","slug":"tavuk-kanatlari","status":"publish","type":"product","link":"https:\/\/beynur.eu\/fr\/urun\/tavuk-kanatlari\/","title":{"rendered":"Ailes de poulet marin\u00e9es croustillantes"},"content":{"rendered":"<p><b>Conseils d\u2019utilisation<\/b><b><br \/>\n<\/b><span style=\"font-weight: 400;\">Les ailes de poulet Beynur surgel\u00e9es, pr\u00eates \u00e0 cuisiner et assaisonn\u00e9es de fa\u00e7on \u00e9pic\u00e9e, se pr\u00e9parent tr\u00e8s facilement \u00e0 la po\u00eale, \u00e0 l\u2019air fryer, \u00e0 la friteuse, au four ou au micro-ondes. Vous pouvez r\u00e9chauffer le produit en peu de temps et le servir facilement. Avec des frites, une salade, diff\u00e9rentes sauces dip ou des accompagnements de l\u00e9gumes, il est possible de composer des repas vari\u00e9s et rassasiants.\u00a0<\/span><\/p>\n<p><b>Instructions de conservation<\/b><\/p>\n<ul>\n<li style=\"font-weight: 400;\" aria-level=\"1\"><span style=\"font-weight: 400;\">Conserver le produit au cong\u00e9lateur sans d\u00e9cong\u00e9lation pr\u00e9alable.<\/span><\/li>\n<li style=\"font-weight: 400;\" aria-level=\"1\"><span style=\"font-weight: 400;\">Refermer soigneusement l\u2019emballage apr\u00e8s ouverture.<\/span><\/li>\n<li style=\"font-weight: 400;\" aria-level=\"1\"><span style=\"font-weight: 400;\">Ne pas recongeler un produit d\u00e9congel\u00e9.<\/span><\/li>\n<li style=\"font-weight: 400;\" aria-level=\"1\"><span style=\"font-weight: 400;\">Conserver le produit dans les conditions de stockage recommand\u00e9es.<\/span><\/li>\n<li style=\"font-weight: 400;\" aria-level=\"1\"><span style=\"font-weight: 400;\">Conserver surgel\u00e9 jusqu\u2019\u00e0 utilisation.<\/span><\/li>\n<li style=\"font-weight: 400;\" aria-level=\"1\"><span style=\"font-weight: 400;\">Pour un r\u00e9sultat optimal, chauffer le produit enti\u00e8rement jusqu\u2019au c\u0153ur.<\/span><\/li>\n<\/ul>","protected":false},"excerpt":{"rendered":"<p><b>Ailes de poulet marin\u00e9es surgel\u00e9es<\/b><b><br \/>\n<\/b><span style=\"font-weight: 400;\">Les ailes de poulet surgel\u00e9es de Beynur, avec leur surface croustillante marin\u00e9e et leur assaisonnement piquant, constituent un choix pratique et particuli\u00e8rement app\u00e9tissant pour tous ceux qui appr\u00e9cient le poulet savoureux et relev\u00e9. Ce produit est fabriqu\u00e9 \u00e0 partir de viande de poulet 100% halal, marin\u00e9e, pr\u00e9cuite et surgel\u00e9e, ce qui permet de gagner du temps au quotidien en cuisine et de le servir rapidement.\u00a0<\/span><\/p>\n<p><span style=\"font-weight: 400;\">\u00c0 l\u2019ext\u00e9rieur, la marinade \u00e9pic\u00e9e s\u00e9duit, tandis qu\u2019\u00e0 l\u2019int\u00e9rieur, la viande reste agr\u00e9ablement tendre. Elles conviennent ainsi aussi bien aux repas du quotidien qu\u2019aux plateaux ap\u00e9ritifs et aux moments de d\u00e9gustation conviviaux.<\/span><\/p>","protected":false},"featured_media":1822,"template":"","meta":[],"product_brand":[],"product_cat":[18],"product_tag":[],"class_list":{"0":"post-1708","1":"product","2":"type-product","3":"status-publish","4":"has-post-thumbnail","6":"product_cat-tavuk-ve-hindi-urunleri","8":"first","9":"instock","10":"shipping-taxable","11":"product-type-simple"},"yoast_head":"<!-- This site is optimized with the Yoast SEO plugin v26.8 - https:\/\/yoast.com\/product\/yoast-seo-wordpress\/ -->\n<title>Tavuk Kanatlar\u0131 - Beynur<\/title>\n<meta name=\"robots\" content=\"index, follow, max-snippet:-1, max-image-preview:large, max-video-preview:-1\" \/>\n<link rel=\"canonical\" href=\"https:\/\/beynur.eu\/fr\/produit\/tavuk-kanatlari\/\" \/>\n<meta property=\"og:locale\" content=\"fr_FR\" \/>\n<meta property=\"og:type\" content=\"article\" \/>\n<meta property=\"og:title\" content=\"Tavuk Kanatlar\u0131 - Beynur\" \/>\n<meta property=\"og:description\" content=\"Dondurulmu\u015f Marinasyonlu Tavuk Kanatlar\u0131 Beynur Dondurulmu\u015f Ac\u0131l\u0131 Tavuk Kanatlar\u0131, \u00e7\u0131t\u0131r marine edilmi\u015f yap\u0131s\u0131 ve ac\u0131l\u0131 lezzetiyle tavuk severlere pratik ve i\u015ftah a\u00e7\u0131c\u0131 bir se\u00e7enek sunuyor. Y\u00fczde y\u00fcz helal tavuk etinden \u00fcretilen bu \u00f6zel \u00fcr\u00fcn, \u00f6nceden pi\u015firilip donduruldu\u011fu i\u00e7in mutfakta zaman kazand\u0131r\u0131r ve k\u0131sa s\u00fcrede servis edilmeye haz\u0131r hale gelir.\u00a0  D\u0131\u015f\u0131 lezzetli marine kaplamas\u0131yla \u00f6ne \u00e7\u0131kan, i\u00e7i ise yumu\u015fak kalan tavuk kanatlar\u0131ni hem g\u00fcnl\u00fck \u00f6\u011f\u00fcnlerde hem de at\u0131\u015ft\u0131rmal\u0131k sunumlarda tercih edilebilirsiniz. Bu \u00fcr\u00fcn, baharatl\u0131 tad\u0131 ve kolay haz\u0131rlan\u0131\u015f\u0131yla yo\u011fun g\u00fcnler i\u00e7in g\u00fc\u00e7l\u00fc bir alternatif.\" \/>\n<meta property=\"og:url\" content=\"https:\/\/beynur.eu\/fr\/produit\/tavuk-kanatlari\/\" \/>\n<meta property=\"og:site_name\" content=\"Beynur\" \/>\n<meta property=\"article:modified_time\" content=\"2026-05-05T10:53:36+00:00\" \/>\n<meta property=\"og:image\" content=\"https:\/\/beynur.eu\/wp-content\/uploads\/2026\/02\/Chicken-Wings.jpg\" \/>\n\t<meta property=\"og:image:width\" content=\"2000\" \/>\n\t<meta property=\"og:image:height\" content=\"2000\" \/>\n\t<meta property=\"og:image:type\" content=\"image\/jpeg\" \/>\n<meta name=\"twitter:card\" content=\"summary_large_image\" \/>\n<meta name=\"twitter:label1\" content=\"Dur\u00e9e de lecture estim\u00e9e\" \/>\n\t<meta name=\"twitter:data1\" content=\"1 minute\" \/>\n<script type=\"application\/ld+json\" class=\"yoast-schema-graph\">{\"@context\":\"https:\/\/schema.org\",\"@graph\":[{\"@type\":\"WebPage\",\"@id\":\"https:\/\/beynur.eu\/urun\/tavuk-kanatlari\/\",\"url\":\"https:\/\/beynur.eu\/urun\/tavuk-kanatlari\/\",\"name\":\"Tavuk Kanatlar\u0131 - Beynur\",\"isPartOf\":{\"@id\":\"https:\/\/beynur.eu\/#website\"},\"primaryImageOfPage\":{\"@id\":\"https:\/\/beynur.eu\/urun\/tavuk-kanatlari\/#primaryimage\"},\"image\":{\"@id\":\"https:\/\/beynur.eu\/urun\/tavuk-kanatlari\/#primaryimage\"},\"thumbnailUrl\":\"https:\/\/beynur.eu\/wp-content\/uploads\/2026\/02\/Chicken-Wings.jpg\",\"datePublished\":\"2026-02-04T15:04:56+00:00\",\"dateModified\":\"2026-05-05T10:53:36+00:00\",\"breadcrumb\":{\"@id\":\"https:\/\/beynur.eu\/urun\/tavuk-kanatlari\/#breadcrumb\"},\"inLanguage\":\"fr-FR\",\"potentialAction\":[{\"@type\":\"ReadAction\",\"target\":[\"https:\/\/beynur.eu\/urun\/tavuk-kanatlari\/\"]}]},{\"@type\":\"ImageObject\",\"inLanguage\":\"fr-FR\",\"@id\":\"https:\/\/beynur.eu\/urun\/tavuk-kanatlari\/#primaryimage\",\"url\":\"https:\/\/beynur.eu\/wp-content\/uploads\/2026\/02\/Chicken-Wings.jpg\",\"contentUrl\":\"https:\/\/beynur.eu\/wp-content\/uploads\/2026\/02\/Chicken-Wings.jpg\",\"width\":2000,\"height\":2000},{\"@type\":\"BreadcrumbList\",\"@id\":\"https:\/\/beynur.eu\/urun\/tavuk-kanatlari\/#breadcrumb\",\"itemListElement\":[{\"@type\":\"ListItem\",\"position\":1,\"name\":\"Home\",\"item\":\"https:\/\/beynur.eu\/\"},{\"@type\":\"ListItem\",\"position\":2,\"name\":\"\u00dcr\u00fcnlerimiz\",\"item\":\"https:\/\/beynur.eu\/en\/urunlerimiz\/\"},{\"@type\":\"ListItem\",\"position\":3,\"name\":\"Tavuk Kanatlar\u0131\"}]},{\"@type\":\"WebSite\",\"@id\":\"https:\/\/beynur.eu\/#website\",\"url\":\"https:\/\/beynur.eu\/\",\"name\":\"Beynur\",\"description\":\"\u0130lk g\u00fcnk\u00fc a\u015fkla, muhte\u015fem tatlar.\",\"potentialAction\":[{\"@type\":\"SearchAction\",\"target\":{\"@type\":\"EntryPoint\",\"urlTemplate\":\"https:\/\/beynur.eu\/?s={search_term_string}\"},\"query-input\":{\"@type\":\"PropertyValueSpecification\",\"valueRequired\":true,\"valueName\":\"search_term_string\"}}],\"inLanguage\":\"fr-FR\"}]}<\/script>\n<!-- \/ Yoast SEO plugin. -->","yoast_head_json":{"title":"Tavuk Kanatlar\u0131 - Beynur","robots":{"index":"index","follow":"follow","max-snippet":"max-snippet:-1","max-image-preview":"max-image-preview:large","max-video-preview":"max-video-preview:-1"},"canonical":"https:\/\/beynur.eu\/fr\/produit\/tavuk-kanatlari\/","og_locale":"fr_FR","og_type":"article","og_title":"Tavuk Kanatlar\u0131 - Beynur","og_description":"Dondurulmu\u015f Marinasyonlu Tavuk Kanatlar\u0131 Beynur Dondurulmu\u015f Ac\u0131l\u0131 Tavuk Kanatlar\u0131, \u00e7\u0131t\u0131r marine edilmi\u015f yap\u0131s\u0131 ve ac\u0131l\u0131 lezzetiyle tavuk severlere pratik ve i\u015ftah a\u00e7\u0131c\u0131 bir se\u00e7enek sunuyor. Y\u00fczde y\u00fcz helal tavuk etinden \u00fcretilen bu \u00f6zel \u00fcr\u00fcn, \u00f6nceden pi\u015firilip donduruldu\u011fu i\u00e7in mutfakta zaman kazand\u0131r\u0131r ve k\u0131sa s\u00fcrede servis edilmeye haz\u0131r hale gelir.\u00a0  D\u0131\u015f\u0131 lezzetli marine kaplamas\u0131yla \u00f6ne \u00e7\u0131kan, i\u00e7i ise yumu\u015fak kalan tavuk kanatlar\u0131ni hem g\u00fcnl\u00fck \u00f6\u011f\u00fcnlerde hem de at\u0131\u015ft\u0131rmal\u0131k sunumlarda tercih edilebilirsiniz. Bu \u00fcr\u00fcn, baharatl\u0131 tad\u0131 ve kolay haz\u0131rlan\u0131\u015f\u0131yla yo\u011fun g\u00fcnler i\u00e7in g\u00fc\u00e7l\u00fc bir alternatif.","og_url":"https:\/\/beynur.eu\/fr\/produit\/tavuk-kanatlari\/","og_site_name":"Beynur","article_modified_time":"2026-05-05T10:53:36+00:00","og_image":[{"width":2000,"height":2000,"url":"https:\/\/beynur.eu\/wp-content\/uploads\/2026\/02\/Chicken-Wings.jpg","type":"image\/jpeg"}],"twitter_card":"summary_large_image","twitter_misc":{"Dur\u00e9e de lecture estim\u00e9e":"1 minute"},"schema":{"@context":"https:\/\/schema.org","@graph":[{"@type":"WebPage","@id":"https:\/\/beynur.eu\/urun\/tavuk-kanatlari\/","url":"https:\/\/beynur.eu\/urun\/tavuk-kanatlari\/","name":"Tavuk Kanatlar\u0131 - Beynur","isPartOf":{"@id":"https:\/\/beynur.eu\/#website"},"primaryImageOfPage":{"@id":"https:\/\/beynur.eu\/urun\/tavuk-kanatlari\/#primaryimage"},"image":{"@id":"https:\/\/beynur.eu\/urun\/tavuk-kanatlari\/#primaryimage"},"thumbnailUrl":"https:\/\/beynur.eu\/wp-content\/uploads\/2026\/02\/Chicken-Wings.jpg","datePublished":"2026-02-04T15:04:56+00:00","dateModified":"2026-05-05T10:53:36+00:00","breadcrumb":{"@id":"https:\/\/beynur.eu\/urun\/tavuk-kanatlari\/#breadcrumb"},"inLanguage":"fr-FR","potentialAction":[{"@type":"ReadAction","target":["https:\/\/beynur.eu\/urun\/tavuk-kanatlari\/"]}]},{"@type":"ImageObject","inLanguage":"fr-FR","@id":"https:\/\/beynur.eu\/urun\/tavuk-kanatlari\/#primaryimage","url":"https:\/\/beynur.eu\/wp-content\/uploads\/2026\/02\/Chicken-Wings.jpg","contentUrl":"https:\/\/beynur.eu\/wp-content\/uploads\/2026\/02\/Chicken-Wings.jpg","width":2000,"height":2000},{"@type":"BreadcrumbList","@id":"https:\/\/beynur.eu\/urun\/tavuk-kanatlari\/#breadcrumb","itemListElement":[{"@type":"ListItem","position":1,"name":"Home","item":"https:\/\/beynur.eu\/"},{"@type":"ListItem","position":2,"name":"\u00dcr\u00fcnlerimiz","item":"https:\/\/beynur.eu\/en\/urunlerimiz\/"},{"@type":"ListItem","position":3,"name":"Tavuk Kanatlar\u0131"}]},{"@type":"WebSite","@id":"https:\/\/beynur.eu\/#website","url":"https:\/\/beynur.eu\/","name":"Beynur","description":"\u0130lk g\u00fcnk\u00fc a\u015fkla, muhte\u015fem tatlar.","potentialAction":[{"@type":"SearchAction","target":{"@type":"EntryPoint","urlTemplate":"https:\/\/beynur.eu\/?s={search_term_string}"},"query-input":{"@type":"PropertyValueSpecification","valueRequired":true,"valueName":"search_term_string"}}],"inLanguage":"fr-FR"}]}},"_links":{"self":[{"href":"https:\/\/beynur.eu\/fr\/wp-json\/wp\/v2\/product\/1708","targetHints":{"allow":["GET"]}}],"collection":[{"href":"https:\/\/beynur.eu\/fr\/wp-json\/wp\/v2\/product"}],"about":[{"href":"https:\/\/beynur.eu\/fr\/wp-json\/wp\/v2\/types\/product"}],"wp:featuredmedia":[{"embeddable":true,"href":"https:\/\/beynur.eu\/fr\/wp-json\/wp\/v2\/media\/1822"}],"wp:attachment":[{"href":"https:\/\/beynur.eu\/fr\/wp-json\/wp\/v2\/media?parent=1708"}],"wp:term":[{"taxonomy":"product_brand","embeddable":true,"href":"https:\/\/beynur.eu\/fr\/wp-json\/wp\/v2\/product_brand?post=1708"},{"taxonomy":"product_cat","embeddable":true,"href":"https:\/\/beynur.eu\/fr\/wp-json\/wp\/v2\/product_cat?post=1708"},{"taxonomy":"product_tag","embeddable":true,"href":"https:\/\/beynur.eu\/fr\/wp-json\/wp\/v2\/product_tag?post=1708"}],"curies":[{"name":"wp","href":"https:\/\/api.w.org\/{rel}","templated":true}]}}