{"id":172,"date":"2018-04-01T10:05:09","date_gmt":"2018-04-01T10:05:09","guid":{"rendered":"https:\/\/beynur.eu\/?post_type=product&#038;p=172"},"modified":"2026-03-08T12:10:18","modified_gmt":"2026-03-08T12:10:18","slug":"inegol-kofte","status":"publish","type":"product","link":"https:\/\/beynur.eu\/fr\/produit\/les-boulettes-de-viande-facon-inegol\/","title":{"rendered":"Boulettes De Viande Inegol"},"content":{"rendered":"<p>Saveur traditionnelle les Boulettes de Viande fa\u00e7on Ineg\u00f6l apport\u00e9es dans les ann\u00e9es 900 par les Turcs venus des Balkans est une recette irrempla\u00e7able.<\/p>\n<p>Beynur vous apporte cette saveur transmise de g\u00e9n\u00e9ration en g\u00e9n\u00e9ration depuis 110 ans. La saveur des Boulettes de Viande Fa\u00e7on Ineg\u00f6l provient de l\u2019accord du m\u00e9lange viande d\u2019agneau et de b\u0153uf dans une certaine proportion avec des \u00e9pices ad\u00e9quats.<\/p>\n<p>Vous pouvez faire plaisir \u00e0 vos enfants en choisissant les Boulettes de Viande Fa\u00e7on Ineg\u00f6l Beynur pratiques et savoureuses et les accompagner de frites et de riz.<\/p>\n<p>Satisfaisant les besoins de prot\u00e9ines de vos enfants de mani\u00e8re \u00e9quilibr\u00e9e les Boulettes de Viande fa\u00e7on \u0130neg\u00f6l Beynur peuvent se cuisiner facilement au grill, au four et \u00e0 la po\u00eale et vous pourrez pr\u00e9parer des repas que vos enfants attendront avec impatience. Nos produits sont pr\u00e9par\u00e9s selon les principes de l\u2019Islam et sont halals.<\/p>\n<p>&nbsp;<\/p>\n<p><strong>Pr\u00e9paration :<\/strong><\/p>\n<p>Faites frire les Boulettes de Viande fa\u00e7on Ineg\u00f6l \u00e0 feu mod\u00e9r\u00e9 dans une po\u00eale pr\u00e9alablement chauff\u00e9e avec un peu de mati\u00e8re grasse. Faites bien cuire, ne doit pas \u00eatre consommer cru. Ce produit contient du gluten et du soja.<\/p>\n<p>&nbsp;<\/p>\n<p><strong>Conditions de conservation :<\/strong><\/p>\n<p>Au frigidaire 2 jours<\/p>\n<p>Au cong\u00e9lateur *\u00e9toile 1 semaine<\/p>\n<p>Au cong\u00e9lateur **\u00e9toiles 2 semaines<\/p>\n<p>Au cong\u00e9lateur ***\u00e9toiles (-18\u02daC) Regardez la date limite de consommation.<\/p>\n<p>Ne recongelez pas d\u00e9cong\u00e9lation.<\/p>","protected":false},"excerpt":{"rendered":"<p>Saveur traditionnelle les Boulettes de Viande fa\u00e7on Ineg\u00f6l apport\u00e9es dans les ann\u00e9es 900 par les Turcs venus des Balkans est une recette irrempla\u00e7able.<\/p>\n<p>Beynur vous apporte cette saveur transmise de g\u00e9n\u00e9ration en g\u00e9n\u00e9ration depuis 110 ans. La saveur des Boulettes de Viande Fa\u00e7on Ineg\u00f6l provient de l\u2019accord du m\u00e9lange viande d\u2019agneau et de b\u0153uf dans une certaine proportion avec des \u00e9pices ad\u00e9quats.<\/p>","protected":false},"featured_media":1682,"template":"","meta":[],"product_brand":[],"product_cat":[17],"product_tag":[],"class_list":{"0":"post-172","1":"product","2":"type-product","3":"status-publish","4":"has-post-thumbnail","6":"product_cat-et-urunleri","8":"first","9":"instock","10":"shipping-taxable","11":"product-type-simple"},"yoast_head":"<!-- This site is optimized with the Yoast SEO plugin v26.8 - https:\/\/yoast.com\/product\/yoast-seo-wordpress\/ -->\n<title>\u0130neg\u00f6l K\u00f6fte - Beynur<\/title>\n<meta name=\"robots\" content=\"index, follow, max-snippet:-1, max-image-preview:large, max-video-preview:-1\" \/>\n<link rel=\"canonical\" href=\"https:\/\/beynur.eu\/fr\/produit\/les-boulettes-de-viande-facon-inegol\/\" \/>\n<meta property=\"og:locale\" content=\"fr_FR\" \/>\n<meta property=\"og:type\" content=\"article\" \/>\n<meta property=\"og:title\" content=\"\u0130neg\u00f6l K\u00f6fte - Beynur\" \/>\n<meta property=\"og:description\" content=\"Geleneksel bir lezzet olan \u0130neg\u00f6l K\u00f6fte \u00a0900\u2019l\u00fc y\u0131llarda \u0130neg\u00f6l\u2019e g\u00f6\u00e7 eden Balkan T\u00fcrklerinin beraberlerinde getirdikleri vazge\u00e7ilmez bir lezzettir.  Beynur, 110 y\u0131ld\u0131r ku\u015faktan ku\u015fa\u011fa ya\u015fat\u0131lan bu lezzeti ger\u00e7ek tad\u0131nda sofralar\u0131n\u0131za getiriyor. Beynur \u0130neg\u00f6l K\u00f6fte\u2019nin lezzeti kuzu ve dana etinin belli bir oranda baharatla uyumundan gelir.\" \/>\n<meta property=\"og:url\" content=\"https:\/\/beynur.eu\/fr\/produit\/les-boulettes-de-viande-facon-inegol\/\" \/>\n<meta property=\"og:site_name\" content=\"Beynur\" \/>\n<meta property=\"article:modified_time\" content=\"2026-03-08T12:10:18+00:00\" \/>\n<meta property=\"og:image\" content=\"https:\/\/beynur.eu\/wp-content\/uploads\/2018\/04\/inegol-kofte-3.jpg\" \/>\n\t<meta property=\"og:image:width\" content=\"1500\" \/>\n\t<meta property=\"og:image:height\" content=\"1500\" \/>\n\t<meta property=\"og:image:type\" content=\"image\/jpeg\" \/>\n<meta name=\"twitter:card\" content=\"summary_large_image\" \/>\n<meta name=\"twitter:label1\" content=\"Dur\u00e9e de lecture estim\u00e9e\" \/>\n\t<meta name=\"twitter:data1\" content=\"2 minutes\" \/>\n<script type=\"application\/ld+json\" class=\"yoast-schema-graph\">{\"@context\":\"https:\/\/schema.org\",\"@graph\":[{\"@type\":\"WebPage\",\"@id\":\"https:\/\/beynur.eu\/urun\/inegol-kofte\/\",\"url\":\"https:\/\/beynur.eu\/urun\/inegol-kofte\/\",\"name\":\"\u0130neg\u00f6l K\u00f6fte - Beynur\",\"isPartOf\":{\"@id\":\"https:\/\/beynur.eu\/#website\"},\"primaryImageOfPage\":{\"@id\":\"https:\/\/beynur.eu\/urun\/inegol-kofte\/#primaryimage\"},\"image\":{\"@id\":\"https:\/\/beynur.eu\/urun\/inegol-kofte\/#primaryimage\"},\"thumbnailUrl\":\"https:\/\/beynur.eu\/wp-content\/uploads\/2018\/04\/inegol-kofte-3.jpg\",\"datePublished\":\"2018-04-01T10:05:09+00:00\",\"dateModified\":\"2026-03-08T12:10:18+00:00\",\"breadcrumb\":{\"@id\":\"https:\/\/beynur.eu\/urun\/inegol-kofte\/#breadcrumb\"},\"inLanguage\":\"fr-FR\",\"potentialAction\":[{\"@type\":\"ReadAction\",\"target\":[\"https:\/\/beynur.eu\/urun\/inegol-kofte\/\"]}]},{\"@type\":\"ImageObject\",\"inLanguage\":\"fr-FR\",\"@id\":\"https:\/\/beynur.eu\/urun\/inegol-kofte\/#primaryimage\",\"url\":\"https:\/\/beynur.eu\/wp-content\/uploads\/2018\/04\/inegol-kofte-3.jpg\",\"contentUrl\":\"https:\/\/beynur.eu\/wp-content\/uploads\/2018\/04\/inegol-kofte-3.jpg\",\"width\":1500,\"height\":1500},{\"@type\":\"BreadcrumbList\",\"@id\":\"https:\/\/beynur.eu\/urun\/inegol-kofte\/#breadcrumb\",\"itemListElement\":[{\"@type\":\"ListItem\",\"position\":1,\"name\":\"Home\",\"item\":\"https:\/\/beynur.eu\/\"},{\"@type\":\"ListItem\",\"position\":2,\"name\":\"\u00dcr\u00fcnlerimiz\",\"item\":\"https:\/\/beynur.eu\/en\/urunlerimiz\/\"},{\"@type\":\"ListItem\",\"position\":3,\"name\":\"\u0130neg\u00f6l K\u00f6fte\"}]},{\"@type\":\"WebSite\",\"@id\":\"https:\/\/beynur.eu\/#website\",\"url\":\"https:\/\/beynur.eu\/\",\"name\":\"Beynur\",\"description\":\"\u0130lk g\u00fcnk\u00fc a\u015fkla, muhte\u015fem tatlar.\",\"potentialAction\":[{\"@type\":\"SearchAction\",\"target\":{\"@type\":\"EntryPoint\",\"urlTemplate\":\"https:\/\/beynur.eu\/?s={search_term_string}\"},\"query-input\":{\"@type\":\"PropertyValueSpecification\",\"valueRequired\":true,\"valueName\":\"search_term_string\"}}],\"inLanguage\":\"fr-FR\"}]}<\/script>\n<!-- \/ Yoast SEO plugin. -->","yoast_head_json":{"title":"\u0130neg\u00f6l K\u00f6fte - Beynur","robots":{"index":"index","follow":"follow","max-snippet":"max-snippet:-1","max-image-preview":"max-image-preview:large","max-video-preview":"max-video-preview:-1"},"canonical":"https:\/\/beynur.eu\/fr\/produit\/les-boulettes-de-viande-facon-inegol\/","og_locale":"fr_FR","og_type":"article","og_title":"\u0130neg\u00f6l K\u00f6fte - Beynur","og_description":"Geleneksel bir lezzet olan \u0130neg\u00f6l K\u00f6fte \u00a0900\u2019l\u00fc y\u0131llarda \u0130neg\u00f6l\u2019e g\u00f6\u00e7 eden Balkan T\u00fcrklerinin beraberlerinde getirdikleri vazge\u00e7ilmez bir lezzettir.  Beynur, 110 y\u0131ld\u0131r ku\u015faktan ku\u015fa\u011fa ya\u015fat\u0131lan bu lezzeti ger\u00e7ek tad\u0131nda sofralar\u0131n\u0131za getiriyor. Beynur \u0130neg\u00f6l K\u00f6fte\u2019nin lezzeti kuzu ve dana etinin belli bir oranda baharatla uyumundan gelir.","og_url":"https:\/\/beynur.eu\/fr\/produit\/les-boulettes-de-viande-facon-inegol\/","og_site_name":"Beynur","article_modified_time":"2026-03-08T12:10:18+00:00","og_image":[{"width":1500,"height":1500,"url":"https:\/\/beynur.eu\/wp-content\/uploads\/2018\/04\/inegol-kofte-3.jpg","type":"image\/jpeg"}],"twitter_card":"summary_large_image","twitter_misc":{"Dur\u00e9e de lecture estim\u00e9e":"2 minutes"},"schema":{"@context":"https:\/\/schema.org","@graph":[{"@type":"WebPage","@id":"https:\/\/beynur.eu\/urun\/inegol-kofte\/","url":"https:\/\/beynur.eu\/urun\/inegol-kofte\/","name":"\u0130neg\u00f6l K\u00f6fte - Beynur","isPartOf":{"@id":"https:\/\/beynur.eu\/#website"},"primaryImageOfPage":{"@id":"https:\/\/beynur.eu\/urun\/inegol-kofte\/#primaryimage"},"image":{"@id":"https:\/\/beynur.eu\/urun\/inegol-kofte\/#primaryimage"},"thumbnailUrl":"https:\/\/beynur.eu\/wp-content\/uploads\/2018\/04\/inegol-kofte-3.jpg","datePublished":"2018-04-01T10:05:09+00:00","dateModified":"2026-03-08T12:10:18+00:00","breadcrumb":{"@id":"https:\/\/beynur.eu\/urun\/inegol-kofte\/#breadcrumb"},"inLanguage":"fr-FR","potentialAction":[{"@type":"ReadAction","target":["https:\/\/beynur.eu\/urun\/inegol-kofte\/"]}]},{"@type":"ImageObject","inLanguage":"fr-FR","@id":"https:\/\/beynur.eu\/urun\/inegol-kofte\/#primaryimage","url":"https:\/\/beynur.eu\/wp-content\/uploads\/2018\/04\/inegol-kofte-3.jpg","contentUrl":"https:\/\/beynur.eu\/wp-content\/uploads\/2018\/04\/inegol-kofte-3.jpg","width":1500,"height":1500},{"@type":"BreadcrumbList","@id":"https:\/\/beynur.eu\/urun\/inegol-kofte\/#breadcrumb","itemListElement":[{"@type":"ListItem","position":1,"name":"Home","item":"https:\/\/beynur.eu\/"},{"@type":"ListItem","position":2,"name":"\u00dcr\u00fcnlerimiz","item":"https:\/\/beynur.eu\/en\/urunlerimiz\/"},{"@type":"ListItem","position":3,"name":"\u0130neg\u00f6l K\u00f6fte"}]},{"@type":"WebSite","@id":"https:\/\/beynur.eu\/#website","url":"https:\/\/beynur.eu\/","name":"Beynur","description":"\u0130lk g\u00fcnk\u00fc a\u015fkla, muhte\u015fem tatlar.","potentialAction":[{"@type":"SearchAction","target":{"@type":"EntryPoint","urlTemplate":"https:\/\/beynur.eu\/?s={search_term_string}"},"query-input":{"@type":"PropertyValueSpecification","valueRequired":true,"valueName":"search_term_string"}}],"inLanguage":"fr-FR"}]}},"_links":{"self":[{"href":"https:\/\/beynur.eu\/fr\/wp-json\/wp\/v2\/product\/172","targetHints":{"allow":["GET"]}}],"collection":[{"href":"https:\/\/beynur.eu\/fr\/wp-json\/wp\/v2\/product"}],"about":[{"href":"https:\/\/beynur.eu\/fr\/wp-json\/wp\/v2\/types\/product"}],"wp:featuredmedia":[{"embeddable":true,"href":"https:\/\/beynur.eu\/fr\/wp-json\/wp\/v2\/media\/1682"}],"wp:attachment":[{"href":"https:\/\/beynur.eu\/fr\/wp-json\/wp\/v2\/media?parent=172"}],"wp:term":[{"taxonomy":"product_brand","embeddable":true,"href":"https:\/\/beynur.eu\/fr\/wp-json\/wp\/v2\/product_brand?post=172"},{"taxonomy":"product_cat","embeddable":true,"href":"https:\/\/beynur.eu\/fr\/wp-json\/wp\/v2\/product_cat?post=172"},{"taxonomy":"product_tag","embeddable":true,"href":"https:\/\/beynur.eu\/fr\/wp-json\/wp\/v2\/product_tag?post=172"}],"curies":[{"name":"wp","href":"https:\/\/api.w.org\/{rel}","templated":true}]}}