{"id":175,"date":"2018-04-01T10:08:18","date_gmt":"2018-04-01T10:08:18","guid":{"rendered":"https:\/\/beynur.eu\/?post_type=product&#038;p=175"},"modified":"2026-03-12T11:16:35","modified_gmt":"2026-03-12T11:16:35","slug":"dana-burger-12-adet","status":"publish","type":"product","link":"https:\/\/beynur.eu\/fr\/produit\/dana-burger-12-adet\/","title":{"rendered":"Hamburgers De B\u0153uf (12 Morceaux)"},"content":{"rendered":"<p>Bonne nouvelle \u00e0 ceux qui aiment le burger de b\u0153uf ! Sains et tout aussi d\u00e9licieux, le Burger de b\u0153uf Beynur peut \u00eatre consomm\u00e9 en famille et en toute confiance !<\/p>\n<p>Le burger de b\u0153uf Beynur est une bonne alternative pour les adultes et les enfants avec une viande de b\u0153uf appropri\u00e9e \u00e0 votre go\u00fbt. Ce produit savoureux, surgel\u00e9 et pr\u00e9par\u00e9 en paquet de 780g, vous aidera \u00e0 pr\u00e9parer rapidement des repas d\u00e9licieux pour vos invit\u00e9s de derni\u00e8re minute.<\/p>\n<p>Nos Burgers de b\u0153uf, pratiques et savoureux, sont produits selon les principes de l\u2019islam avec du lait (au lactose) et des \u0153ufs ajout\u00e9s . Nous vous recommandons de les r\u00e9chauffer jusqu\u2019au c\u0153ur. Ne laissez pas le produit se d\u00e9congeler dans l\u2019emballage.<\/p>\n<p>&nbsp;<\/p>\n<p><strong>Pr\u00e9paration :<\/strong><\/p>\n<p>Compatible au four, au grill, , \u00e0 la po\u00eale, au barbecue et \u00e0 la friteuse. 3 minutes dans la friteuse \u00e0 180\u02daC s\u2019il est surgel\u00e9 et 2 minutes s\u2019il est d\u00e9congel\u00e9. R\u00e9chauff\u00e9 jusqu\u2019au c\u0153ur. Ne d\u00e9congelez pas dans son emballage.<\/p>\n<p>&nbsp;<\/p>\n<p><strong>Conditions de conservation :<\/strong><\/p>\n<p>Cong\u00e9lateur : au- dessous de -18\u02daC, 12 mois apr\u00e8s la date de fabrication<\/p>\n<p>Frigo- Cong\u00e9lateur: -12\u02daC, 1 mois<\/p>\n<p>R\u00e9frig\u00e9rateur :au-dessous de 7\u02daC, 2 jours<\/p>\n<p>Ne recongelez pas apr\u00e8s d\u00e9cong\u00e9lation.<\/p>","protected":false},"excerpt":{"rendered":"<p>Bonne nouvelle \u00e0 ceux qui aiment le burger de b\u0153uf ! Sains et tout aussi d\u00e9licieux, le Burger de b\u0153uf Beynur peut \u00eatre consomm\u00e9 en famille et en toute confiance !<\/p>\n<p>Le burger de b\u0153uf Beynur est une bonne alternative pour les adultes et les enfants avec une viande de b\u0153uf appropri\u00e9e \u00e0 votre go\u00fbt. Ce produit savoureux, surgel\u00e9 et pr\u00e9par\u00e9 en paquet de 780g, vous aidera \u00e0 pr\u00e9parer rapidement des repas d\u00e9licieux pour vos invit\u00e9s de derni\u00e8re minute.<\/p>","protected":false},"featured_media":1741,"template":"","meta":[],"product_brand":[],"product_cat":[17],"product_tag":[],"class_list":{"0":"post-175","1":"product","2":"type-product","3":"status-publish","4":"has-post-thumbnail","6":"product_cat-et-urunleri","8":"first","9":"instock","10":"shipping-taxable","11":"product-type-simple"},"yoast_head":"<!-- This site is optimized with the Yoast SEO plugin v26.8 - https:\/\/yoast.com\/product\/yoast-seo-wordpress\/ -->\n<title>Dana Burger (12 Adet) - Beynur<\/title>\n<meta name=\"robots\" content=\"index, follow, max-snippet:-1, max-image-preview:large, max-video-preview:-1\" \/>\n<link rel=\"canonical\" href=\"https:\/\/beynur.eu\/fr\/produit\/dana-burger-12-adet\/\" \/>\n<meta property=\"og:locale\" content=\"fr_FR\" \/>\n<meta property=\"og:type\" content=\"article\" \/>\n<meta property=\"og:title\" content=\"Dana Burger (12 Adet) - Beynur\" \/>\n<meta property=\"og:description\" content=\"S\u0131\u011f\u0131r Burger severlere m\u00fcjde! Beynur\u2019dan g\u00f6n\u00fcl rahatl\u0131\u011f\u0131yla ailecek t\u00fcketilecek, lezzetli oldu\u011fu kadar sa\u011fl\u0131kl\u0131 da olan nefis S\u0131\u011f\u0131r Burgerler!  Damak tad\u0131n\u0131za uygun dana eti ile Beynur S\u0131\u011f\u0131r Burger, en az \u00e7ocuklar kadar yeti\u015fkinler i\u00e7in de iyi bir alternatif. Sizler i\u00e7in 780gr\u2019l\u0131k paketlerde dondurulmu\u015f olarak haz\u0131rlanan bu lezzetli \u00fcr\u00fcn ile; davetsiz misafirlerinize g\u00fcn boyu kolay bir \u015fekilde enfes sofralar haz\u0131rlayabileceksiniz.\" \/>\n<meta property=\"og:url\" content=\"https:\/\/beynur.eu\/fr\/produit\/dana-burger-12-adet\/\" \/>\n<meta property=\"og:site_name\" content=\"Beynur\" \/>\n<meta property=\"article:modified_time\" content=\"2026-03-12T11:16:35+00:00\" \/>\n<meta property=\"og:image\" content=\"https:\/\/beynur.eu\/wp-content\/uploads\/2018\/04\/Dana-Burger-12-1024x1024.png\" \/>\n\t<meta property=\"og:image:width\" content=\"1024\" \/>\n\t<meta property=\"og:image:height\" content=\"1024\" \/>\n\t<meta property=\"og:image:type\" content=\"image\/png\" \/>\n<meta name=\"twitter:card\" content=\"summary_large_image\" \/>\n<meta name=\"twitter:label1\" content=\"Dur\u00e9e de lecture estim\u00e9e\" \/>\n\t<meta name=\"twitter:data1\" content=\"1 minute\" \/>\n<script type=\"application\/ld+json\" class=\"yoast-schema-graph\">{\"@context\":\"https:\/\/schema.org\",\"@graph\":[{\"@type\":\"WebPage\",\"@id\":\"https:\/\/beynur.eu\/urun\/dana-burger-12-adet\/\",\"url\":\"https:\/\/beynur.eu\/urun\/dana-burger-12-adet\/\",\"name\":\"Dana Burger (12 Adet) - Beynur\",\"isPartOf\":{\"@id\":\"https:\/\/beynur.eu\/#website\"},\"primaryImageOfPage\":{\"@id\":\"https:\/\/beynur.eu\/urun\/dana-burger-12-adet\/#primaryimage\"},\"image\":{\"@id\":\"https:\/\/beynur.eu\/urun\/dana-burger-12-adet\/#primaryimage\"},\"thumbnailUrl\":\"https:\/\/beynur.eu\/wp-content\/uploads\/2018\/04\/Dana-Burger-12.png\",\"datePublished\":\"2018-04-01T10:08:18+00:00\",\"dateModified\":\"2026-03-12T11:16:35+00:00\",\"breadcrumb\":{\"@id\":\"https:\/\/beynur.eu\/urun\/dana-burger-12-adet\/#breadcrumb\"},\"inLanguage\":\"fr-FR\",\"potentialAction\":[{\"@type\":\"ReadAction\",\"target\":[\"https:\/\/beynur.eu\/urun\/dana-burger-12-adet\/\"]}]},{\"@type\":\"ImageObject\",\"inLanguage\":\"fr-FR\",\"@id\":\"https:\/\/beynur.eu\/urun\/dana-burger-12-adet\/#primaryimage\",\"url\":\"https:\/\/beynur.eu\/wp-content\/uploads\/2018\/04\/Dana-Burger-12.png\",\"contentUrl\":\"https:\/\/beynur.eu\/wp-content\/uploads\/2018\/04\/Dana-Burger-12.png\",\"width\":2000,\"height\":2000},{\"@type\":\"BreadcrumbList\",\"@id\":\"https:\/\/beynur.eu\/urun\/dana-burger-12-adet\/#breadcrumb\",\"itemListElement\":[{\"@type\":\"ListItem\",\"position\":1,\"name\":\"Home\",\"item\":\"https:\/\/beynur.eu\/\"},{\"@type\":\"ListItem\",\"position\":2,\"name\":\"\u00dcr\u00fcnlerimiz\",\"item\":\"https:\/\/beynur.eu\/en\/urunlerimiz\/\"},{\"@type\":\"ListItem\",\"position\":3,\"name\":\"Dana Burger (12 Adet)\"}]},{\"@type\":\"WebSite\",\"@id\":\"https:\/\/beynur.eu\/#website\",\"url\":\"https:\/\/beynur.eu\/\",\"name\":\"Beynur\",\"description\":\"\u0130lk g\u00fcnk\u00fc a\u015fkla, muhte\u015fem tatlar.\",\"potentialAction\":[{\"@type\":\"SearchAction\",\"target\":{\"@type\":\"EntryPoint\",\"urlTemplate\":\"https:\/\/beynur.eu\/?s={search_term_string}\"},\"query-input\":{\"@type\":\"PropertyValueSpecification\",\"valueRequired\":true,\"valueName\":\"search_term_string\"}}],\"inLanguage\":\"fr-FR\"}]}<\/script>\n<!-- \/ Yoast SEO plugin. -->","yoast_head_json":{"title":"Dana Burger (12 Adet) - Beynur","robots":{"index":"index","follow":"follow","max-snippet":"max-snippet:-1","max-image-preview":"max-image-preview:large","max-video-preview":"max-video-preview:-1"},"canonical":"https:\/\/beynur.eu\/fr\/produit\/dana-burger-12-adet\/","og_locale":"fr_FR","og_type":"article","og_title":"Dana Burger (12 Adet) - Beynur","og_description":"S\u0131\u011f\u0131r Burger severlere m\u00fcjde! Beynur\u2019dan g\u00f6n\u00fcl rahatl\u0131\u011f\u0131yla ailecek t\u00fcketilecek, lezzetli oldu\u011fu kadar sa\u011fl\u0131kl\u0131 da olan nefis S\u0131\u011f\u0131r Burgerler!  Damak tad\u0131n\u0131za uygun dana eti ile Beynur S\u0131\u011f\u0131r Burger, en az \u00e7ocuklar kadar yeti\u015fkinler i\u00e7in de iyi bir alternatif. Sizler i\u00e7in 780gr\u2019l\u0131k paketlerde dondurulmu\u015f olarak haz\u0131rlanan bu lezzetli \u00fcr\u00fcn ile; davetsiz misafirlerinize g\u00fcn boyu kolay bir \u015fekilde enfes sofralar haz\u0131rlayabileceksiniz.","og_url":"https:\/\/beynur.eu\/fr\/produit\/dana-burger-12-adet\/","og_site_name":"Beynur","article_modified_time":"2026-03-12T11:16:35+00:00","og_image":[{"width":1024,"height":1024,"url":"https:\/\/beynur.eu\/wp-content\/uploads\/2018\/04\/Dana-Burger-12-1024x1024.png","type":"image\/png"}],"twitter_card":"summary_large_image","twitter_misc":{"Dur\u00e9e de lecture estim\u00e9e":"1 minute"},"schema":{"@context":"https:\/\/schema.org","@graph":[{"@type":"WebPage","@id":"https:\/\/beynur.eu\/urun\/dana-burger-12-adet\/","url":"https:\/\/beynur.eu\/urun\/dana-burger-12-adet\/","name":"Dana Burger (12 Adet) - Beynur","isPartOf":{"@id":"https:\/\/beynur.eu\/#website"},"primaryImageOfPage":{"@id":"https:\/\/beynur.eu\/urun\/dana-burger-12-adet\/#primaryimage"},"image":{"@id":"https:\/\/beynur.eu\/urun\/dana-burger-12-adet\/#primaryimage"},"thumbnailUrl":"https:\/\/beynur.eu\/wp-content\/uploads\/2018\/04\/Dana-Burger-12.png","datePublished":"2018-04-01T10:08:18+00:00","dateModified":"2026-03-12T11:16:35+00:00","breadcrumb":{"@id":"https:\/\/beynur.eu\/urun\/dana-burger-12-adet\/#breadcrumb"},"inLanguage":"fr-FR","potentialAction":[{"@type":"ReadAction","target":["https:\/\/beynur.eu\/urun\/dana-burger-12-adet\/"]}]},{"@type":"ImageObject","inLanguage":"fr-FR","@id":"https:\/\/beynur.eu\/urun\/dana-burger-12-adet\/#primaryimage","url":"https:\/\/beynur.eu\/wp-content\/uploads\/2018\/04\/Dana-Burger-12.png","contentUrl":"https:\/\/beynur.eu\/wp-content\/uploads\/2018\/04\/Dana-Burger-12.png","width":2000,"height":2000},{"@type":"BreadcrumbList","@id":"https:\/\/beynur.eu\/urun\/dana-burger-12-adet\/#breadcrumb","itemListElement":[{"@type":"ListItem","position":1,"name":"Home","item":"https:\/\/beynur.eu\/"},{"@type":"ListItem","position":2,"name":"\u00dcr\u00fcnlerimiz","item":"https:\/\/beynur.eu\/en\/urunlerimiz\/"},{"@type":"ListItem","position":3,"name":"Dana Burger (12 Adet)"}]},{"@type":"WebSite","@id":"https:\/\/beynur.eu\/#website","url":"https:\/\/beynur.eu\/","name":"Beynur","description":"\u0130lk g\u00fcnk\u00fc a\u015fkla, muhte\u015fem tatlar.","potentialAction":[{"@type":"SearchAction","target":{"@type":"EntryPoint","urlTemplate":"https:\/\/beynur.eu\/?s={search_term_string}"},"query-input":{"@type":"PropertyValueSpecification","valueRequired":true,"valueName":"search_term_string"}}],"inLanguage":"fr-FR"}]}},"_links":{"self":[{"href":"https:\/\/beynur.eu\/fr\/wp-json\/wp\/v2\/product\/175","targetHints":{"allow":["GET"]}}],"collection":[{"href":"https:\/\/beynur.eu\/fr\/wp-json\/wp\/v2\/product"}],"about":[{"href":"https:\/\/beynur.eu\/fr\/wp-json\/wp\/v2\/types\/product"}],"wp:featuredmedia":[{"embeddable":true,"href":"https:\/\/beynur.eu\/fr\/wp-json\/wp\/v2\/media\/1741"}],"wp:attachment":[{"href":"https:\/\/beynur.eu\/fr\/wp-json\/wp\/v2\/media?parent=175"}],"wp:term":[{"taxonomy":"product_brand","embeddable":true,"href":"https:\/\/beynur.eu\/fr\/wp-json\/wp\/v2\/product_brand?post=175"},{"taxonomy":"product_cat","embeddable":true,"href":"https:\/\/beynur.eu\/fr\/wp-json\/wp\/v2\/product_cat?post=175"},{"taxonomy":"product_tag","embeddable":true,"href":"https:\/\/beynur.eu\/fr\/wp-json\/wp\/v2\/product_tag?post=175"}],"curies":[{"name":"wp","href":"https:\/\/api.w.org\/{rel}","templated":true}]}}