{"id":844,"date":"2021-10-26T10:44:24","date_gmt":"2021-10-26T10:44:24","guid":{"rendered":"https:\/\/beynur.eu\/?post_type=product&#038;p=844"},"modified":"2026-04-30T14:55:54","modified_gmt":"2026-04-30T14:55:54","slug":"okra","status":"publish","type":"product","link":"https:\/\/beynur.eu\/fr\/urun\/bamya\/","title":{"rendered":"Okra fin"},"content":{"rendered":"<p><b>Conseils d\u2019utilisation<\/b><\/p>\n<p><span style=\"font-weight: 400;\">L\u2019okra surgel\u00e9e convient parfaitement aux plats classiques comme l\u2019okra \u00e0 l\u2019huile d\u2019olive, l\u2019okra \u00e0 la viande ou les plats d\u2019okra l\u00e9g\u00e8rement acidul\u00e9s. Vous pouvez ajouter le produit directement dans la casserole et l\u2019utiliser tr\u00e8s facilement. Avec des oignons, des tomates et, selon le go\u00fbt, un peu de jus de citron, vous pr\u00e9parez en un rien de temps un plat aromatique. L\u2019okra peut \u00e9galement \u00eatre utilis\u00e9e de nombreuses fa\u00e7ons dans les soupes et diff\u00e9rents plats de l\u00e9gumes. Vous gagnez ainsi du temps au quotidien tout en apportant \u00e0 table le go\u00fbt de la saison.<\/span><\/p>\n<p><b>Instructions de conservation<\/b><\/p>\n<ul>\n<li style=\"font-weight: 400;\" aria-level=\"1\"><span style=\"font-weight: 400;\">Conserver le produit au cong\u00e9lateur sans d\u00e9cong\u00e9lation pr\u00e9alable.<\/span><\/li>\n<li style=\"font-weight: 400;\" aria-level=\"1\"><span style=\"font-weight: 400;\">Bien refermer l\u2019emballage apr\u00e8s ouverture.<\/span><\/li>\n<li style=\"font-weight: 400;\" aria-level=\"1\"><span style=\"font-weight: 400;\">Ne pas recongeler un produit d\u00e9congel\u00e9.<\/span><\/li>\n<li style=\"font-weight: 400;\" aria-level=\"1\"><span style=\"font-weight: 400;\">\u00dcr\u00fcn\u00fc son t\u00fcketim tarihine kadar \u00f6nerilen saklama ko\u015fullar\u0131nda koruyun.<\/span><\/li>\n<li style=\"font-weight: 400;\" aria-level=\"1\"><span style=\"font-weight: 400;\">Dondurucuda yabanc\u0131 koku yayan \u00fcr\u00fcnlerden uzak tutun.<\/span><\/li>\n<\/ul>\n<p>&nbsp;<\/p>","protected":false},"excerpt":{"rendered":"<p><b>Okra surgel\u00e9e<\/b><\/p>\n<p><span style=\"font-weight: 400;\">Apportez go\u00fbt et praticit\u00e9 \u00e0 votre cuisine avec de l\u2019okra naturellement cultiv\u00e9e, sans additifs, soigneusement r\u00e9colt\u00e9e en saison. Avec un contenu net de 400 g, ce produit vous permet de garder \u00e0 port\u00e9e de main toute l\u2019ann\u00e9e le go\u00fbt appr\u00e9ci\u00e9 de l\u2019okra frais. Il vous \u00e9vite le travail fastidieux de nettoyage et de pr\u00e9paration, r\u00e9duit le temps de cuisson et apporte plus d\u2019efficacit\u00e9 au quotidien en cuisine.\u00a0<\/span><\/p>\n<p><span style=\"font-weight: 400;\">Que ce soit pour des plats traditionnels ou des repas rapides entre deux, vous pouvez utiliser cette okra de nombreuses fa\u00e7ons et appr\u00e9cier son caract\u00e8re naturel ainsi que son go\u00fbt \u00e9quilibr\u00e9 \u00e0 chaque portion. L\u2019okra surgel\u00e9e associe naturel, praticit\u00e9 et pr\u00e9paration simple dans un seul produit.<\/span><\/p>","protected":false},"featured_media":1729,"template":"","meta":[],"product_brand":[],"product_cat":[36],"product_tag":[],"class_list":{"0":"post-844","1":"product","2":"type-product","3":"status-publish","4":"has-post-thumbnail","6":"product_cat-dondurulmus-sebze-urunleri","8":"first","9":"instock","10":"shipping-taxable","11":"product-type-simple"},"yoast_head":"<!-- This site is optimized with the Yoast SEO plugin v26.8 - https:\/\/yoast.com\/product\/yoast-seo-wordpress\/ -->\n<title>Bamya - Beynur<\/title>\n<meta name=\"robots\" content=\"index, follow, max-snippet:-1, max-image-preview:large, max-video-preview:-1\" \/>\n<link rel=\"canonical\" href=\"https:\/\/beynur.eu\/fr\/produit\/okra\/\" \/>\n<meta property=\"og:locale\" content=\"fr_FR\" \/>\n<meta property=\"og:type\" content=\"article\" \/>\n<meta property=\"og:title\" content=\"Bamya - Beynur\" \/>\n<meta property=\"og:description\" content=\"Dondurulmu\u015f Bamya  Mevsiminde \u00f6zenle toplanan do\u011fal ve katk\u0131s\u0131z bamyalarla sofralar\u0131n\u0131za pratiklik ve lezzet ta\u015f\u0131y\u0131n. Net 400 g i\u00e7eri\u011fe sahip bu \u00fcr\u00fcn, taze bamyan\u0131n sevilen tad\u0131n\u0131 y\u0131l\u0131n her d\u00f6neminde elinizin alt\u0131na getiriyor. Ay\u0131klama ve temizleme zahmetini ortadan kald\u0131r\u0131yor, yemek haz\u0131rl\u0131\u011f\u0131n\u0131 h\u0131zland\u0131r\u0131yor ve mutfakta b\u00fcy\u00fck kolayl\u0131k sa\u011fl\u0131yor.\u00a0  Geleneksel tariflerden g\u00fcnl\u00fck \u00f6\u011f\u00fcnlere kadar pek \u00e7ok yemekte g\u00fcvenle kullanabilece\u011finiz bu \u00fcr\u00fcn\u00fcm\u00fcz\u00fcn do\u011fal yap\u0131s\u0131n\u0131 ve dengeli lezzetini her lokmada hissedeceksiniz. Pratikli\u011fi, do\u011fall\u0131\u011f\u0131 ve kullan\u0131m kolayl\u0131\u011f\u0131n\u0131 bir arada sunan dondurulmu\u015f bamya, zamandan tasarruf etmek isteyenler i\u00e7in ideal bir se\u00e7im.\" \/>\n<meta property=\"og:url\" content=\"https:\/\/beynur.eu\/fr\/produit\/okra\/\" \/>\n<meta property=\"og:site_name\" content=\"Beynur\" \/>\n<meta property=\"article:modified_time\" content=\"2026-04-30T14:55:54+00:00\" \/>\n<meta property=\"og:image\" content=\"https:\/\/beynur.eu\/wp-content\/uploads\/2021\/10\/Bamya-Okra-1024x1024.png\" \/>\n\t<meta property=\"og:image:width\" content=\"1024\" \/>\n\t<meta property=\"og:image:height\" content=\"1024\" \/>\n\t<meta property=\"og:image:type\" content=\"image\/png\" \/>\n<meta name=\"twitter:card\" content=\"summary_large_image\" \/>\n<meta name=\"twitter:label1\" content=\"Dur\u00e9e de lecture estim\u00e9e\" \/>\n\t<meta name=\"twitter:data1\" content=\"1 minute\" \/>\n<script type=\"application\/ld+json\" class=\"yoast-schema-graph\">{\"@context\":\"https:\/\/schema.org\",\"@graph\":[{\"@type\":\"WebPage\",\"@id\":\"https:\/\/beynur.eu\/urun\/bamya\/\",\"url\":\"https:\/\/beynur.eu\/urun\/bamya\/\",\"name\":\"Bamya - Beynur\",\"isPartOf\":{\"@id\":\"https:\/\/beynur.eu\/#website\"},\"primaryImageOfPage\":{\"@id\":\"https:\/\/beynur.eu\/urun\/bamya\/#primaryimage\"},\"image\":{\"@id\":\"https:\/\/beynur.eu\/urun\/bamya\/#primaryimage\"},\"thumbnailUrl\":\"https:\/\/beynur.eu\/wp-content\/uploads\/2021\/10\/Bamya-Okra.png\",\"datePublished\":\"2021-10-26T10:44:24+00:00\",\"dateModified\":\"2026-04-30T14:55:54+00:00\",\"breadcrumb\":{\"@id\":\"https:\/\/beynur.eu\/urun\/bamya\/#breadcrumb\"},\"inLanguage\":\"fr-FR\",\"potentialAction\":[{\"@type\":\"ReadAction\",\"target\":[\"https:\/\/beynur.eu\/urun\/bamya\/\"]}]},{\"@type\":\"ImageObject\",\"inLanguage\":\"fr-FR\",\"@id\":\"https:\/\/beynur.eu\/urun\/bamya\/#primaryimage\",\"url\":\"https:\/\/beynur.eu\/wp-content\/uploads\/2021\/10\/Bamya-Okra.png\",\"contentUrl\":\"https:\/\/beynur.eu\/wp-content\/uploads\/2021\/10\/Bamya-Okra.png\",\"width\":2000,\"height\":2000},{\"@type\":\"BreadcrumbList\",\"@id\":\"https:\/\/beynur.eu\/urun\/bamya\/#breadcrumb\",\"itemListElement\":[{\"@type\":\"ListItem\",\"position\":1,\"name\":\"Home\",\"item\":\"https:\/\/beynur.eu\/\"},{\"@type\":\"ListItem\",\"position\":2,\"name\":\"\u00dcr\u00fcnlerimiz\",\"item\":\"https:\/\/beynur.eu\/en\/urunlerimiz\/\"},{\"@type\":\"ListItem\",\"position\":3,\"name\":\"Bamya\"}]},{\"@type\":\"WebSite\",\"@id\":\"https:\/\/beynur.eu\/#website\",\"url\":\"https:\/\/beynur.eu\/\",\"name\":\"Beynur\",\"description\":\"\u0130lk g\u00fcnk\u00fc a\u015fkla, muhte\u015fem tatlar.\",\"potentialAction\":[{\"@type\":\"SearchAction\",\"target\":{\"@type\":\"EntryPoint\",\"urlTemplate\":\"https:\/\/beynur.eu\/?s={search_term_string}\"},\"query-input\":{\"@type\":\"PropertyValueSpecification\",\"valueRequired\":true,\"valueName\":\"search_term_string\"}}],\"inLanguage\":\"fr-FR\"}]}<\/script>\n<!-- \/ Yoast SEO plugin. -->","yoast_head_json":{"title":"Bamya - Beynur","robots":{"index":"index","follow":"follow","max-snippet":"max-snippet:-1","max-image-preview":"max-image-preview:large","max-video-preview":"max-video-preview:-1"},"canonical":"https:\/\/beynur.eu\/fr\/produit\/okra\/","og_locale":"fr_FR","og_type":"article","og_title":"Bamya - Beynur","og_description":"Dondurulmu\u015f Bamya  Mevsiminde \u00f6zenle toplanan do\u011fal ve katk\u0131s\u0131z bamyalarla sofralar\u0131n\u0131za pratiklik ve lezzet ta\u015f\u0131y\u0131n. Net 400 g i\u00e7eri\u011fe sahip bu \u00fcr\u00fcn, taze bamyan\u0131n sevilen tad\u0131n\u0131 y\u0131l\u0131n her d\u00f6neminde elinizin alt\u0131na getiriyor. Ay\u0131klama ve temizleme zahmetini ortadan kald\u0131r\u0131yor, yemek haz\u0131rl\u0131\u011f\u0131n\u0131 h\u0131zland\u0131r\u0131yor ve mutfakta b\u00fcy\u00fck kolayl\u0131k sa\u011fl\u0131yor.\u00a0  Geleneksel tariflerden g\u00fcnl\u00fck \u00f6\u011f\u00fcnlere kadar pek \u00e7ok yemekte g\u00fcvenle kullanabilece\u011finiz bu \u00fcr\u00fcn\u00fcm\u00fcz\u00fcn do\u011fal yap\u0131s\u0131n\u0131 ve dengeli lezzetini her lokmada hissedeceksiniz. Pratikli\u011fi, do\u011fall\u0131\u011f\u0131 ve kullan\u0131m kolayl\u0131\u011f\u0131n\u0131 bir arada sunan dondurulmu\u015f bamya, zamandan tasarruf etmek isteyenler i\u00e7in ideal bir se\u00e7im.","og_url":"https:\/\/beynur.eu\/fr\/produit\/okra\/","og_site_name":"Beynur","article_modified_time":"2026-04-30T14:55:54+00:00","og_image":[{"width":1024,"height":1024,"url":"https:\/\/beynur.eu\/wp-content\/uploads\/2021\/10\/Bamya-Okra-1024x1024.png","type":"image\/png"}],"twitter_card":"summary_large_image","twitter_misc":{"Dur\u00e9e de lecture estim\u00e9e":"1 minute"},"schema":{"@context":"https:\/\/schema.org","@graph":[{"@type":"WebPage","@id":"https:\/\/beynur.eu\/urun\/bamya\/","url":"https:\/\/beynur.eu\/urun\/bamya\/","name":"Bamya - Beynur","isPartOf":{"@id":"https:\/\/beynur.eu\/#website"},"primaryImageOfPage":{"@id":"https:\/\/beynur.eu\/urun\/bamya\/#primaryimage"},"image":{"@id":"https:\/\/beynur.eu\/urun\/bamya\/#primaryimage"},"thumbnailUrl":"https:\/\/beynur.eu\/wp-content\/uploads\/2021\/10\/Bamya-Okra.png","datePublished":"2021-10-26T10:44:24+00:00","dateModified":"2026-04-30T14:55:54+00:00","breadcrumb":{"@id":"https:\/\/beynur.eu\/urun\/bamya\/#breadcrumb"},"inLanguage":"fr-FR","potentialAction":[{"@type":"ReadAction","target":["https:\/\/beynur.eu\/urun\/bamya\/"]}]},{"@type":"ImageObject","inLanguage":"fr-FR","@id":"https:\/\/beynur.eu\/urun\/bamya\/#primaryimage","url":"https:\/\/beynur.eu\/wp-content\/uploads\/2021\/10\/Bamya-Okra.png","contentUrl":"https:\/\/beynur.eu\/wp-content\/uploads\/2021\/10\/Bamya-Okra.png","width":2000,"height":2000},{"@type":"BreadcrumbList","@id":"https:\/\/beynur.eu\/urun\/bamya\/#breadcrumb","itemListElement":[{"@type":"ListItem","position":1,"name":"Home","item":"https:\/\/beynur.eu\/"},{"@type":"ListItem","position":2,"name":"\u00dcr\u00fcnlerimiz","item":"https:\/\/beynur.eu\/en\/urunlerimiz\/"},{"@type":"ListItem","position":3,"name":"Bamya"}]},{"@type":"WebSite","@id":"https:\/\/beynur.eu\/#website","url":"https:\/\/beynur.eu\/","name":"Beynur","description":"\u0130lk g\u00fcnk\u00fc a\u015fkla, muhte\u015fem tatlar.","potentialAction":[{"@type":"SearchAction","target":{"@type":"EntryPoint","urlTemplate":"https:\/\/beynur.eu\/?s={search_term_string}"},"query-input":{"@type":"PropertyValueSpecification","valueRequired":true,"valueName":"search_term_string"}}],"inLanguage":"fr-FR"}]}},"_links":{"self":[{"href":"https:\/\/beynur.eu\/fr\/wp-json\/wp\/v2\/product\/844","targetHints":{"allow":["GET"]}}],"collection":[{"href":"https:\/\/beynur.eu\/fr\/wp-json\/wp\/v2\/product"}],"about":[{"href":"https:\/\/beynur.eu\/fr\/wp-json\/wp\/v2\/types\/product"}],"wp:featuredmedia":[{"embeddable":true,"href":"https:\/\/beynur.eu\/fr\/wp-json\/wp\/v2\/media\/1729"}],"wp:attachment":[{"href":"https:\/\/beynur.eu\/fr\/wp-json\/wp\/v2\/media?parent=844"}],"wp:term":[{"taxonomy":"product_brand","embeddable":true,"href":"https:\/\/beynur.eu\/fr\/wp-json\/wp\/v2\/product_brand?post=844"},{"taxonomy":"product_cat","embeddable":true,"href":"https:\/\/beynur.eu\/fr\/wp-json\/wp\/v2\/product_cat?post=844"},{"taxonomy":"product_tag","embeddable":true,"href":"https:\/\/beynur.eu\/fr\/wp-json\/wp\/v2\/product_tag?post=844"}],"curies":[{"name":"wp","href":"https:\/\/api.w.org\/{rel}","templated":true}]}}