{"id":847,"date":"2021-10-26T10:46:48","date_gmt":"2021-10-26T10:46:48","guid":{"rendered":"https:\/\/beynur.eu\/?post_type=product&#038;p=847"},"modified":"2026-04-30T14:32:57","modified_gmt":"2026-04-30T14:32:57","slug":"ispanak-bloklari","status":"publish","type":"product","link":"https:\/\/beynur.eu\/fr\/urun\/ispanak-bloklari\/","title":{"rendered":"Blocs d'epinards"},"content":{"rendered":"<p><b>Conseils d\u2019utilisation<\/b><span style=\"font-weight: 400;\"><br \/>\n<\/span><span style=\"font-weight: 400;\">Dondurulmu\u015f \u0131spanak bloklar\u0131; sebze yemeklerinde, \u00e7orbalarda, b\u00f6rek i\u00e7lerinde, omletlerde ve farkl\u0131 tencere yemeklerinde olduk\u00e7a pratik bir tercih sunuyor. \u00dcr\u00fcn\u00fc do\u011frudan tencereye ya da tavaya ekleyerek kolayca kullanabilirsiniz. So\u011fan, sar\u0131msak ve iste\u011fe g\u00f6re yo\u011furt, krema ya da peynirle bir araya getirerek lezzetli tarifler haz\u0131rlayabilirsiniz. <\/span><\/p>\n<p><span style=\"font-weight: 400;\">Le go\u00fbt typique des \u00e9pinards se r\u00e9v\u00e8le \u00e9galement parfaitement dans les plats de viande, les recettes au four ou les plats de l\u00e9gumes l\u00e9gers \u00e0 l\u2019huile d\u2019olive. La forme en palets vous aide en outre \u00e0 n\u2019utiliser que la quantit\u00e9 dont vous avez r\u00e9ellement besoin, sans devoir d\u00e9congeler trop de produit \u00e0 la fois.<\/span><\/p>\n<p><b>Instructions de conservation<\/b><\/p>\n<ul>\n<li style=\"font-weight: 400;\" aria-level=\"1\"><span style=\"font-weight: 400;\">Conserver le produit au cong\u00e9lateur sans d\u00e9cong\u00e9lation pr\u00e9alable.<\/span><\/li>\n<li style=\"font-weight: 400;\" aria-level=\"1\"><span style=\"font-weight: 400;\">\u00a0Bien refermer l\u2019emballage apr\u00e8s ouverture.<\/span><\/li>\n<li style=\"font-weight: 400;\" aria-level=\"1\"><span style=\"font-weight: 400;\">\u00a0Ne pas recongeler un produit d\u00e9congel\u00e9.<\/span><\/li>\n<li style=\"font-weight: 400;\" aria-level=\"1\"><span style=\"font-weight: 400;\">\u00a0Conserver le produit dans les conditions de stockage recommand\u00e9es.<\/span><\/li>\n<li style=\"font-weight: 400;\" aria-level=\"1\"><span style=\"font-weight: 400;\">\u00a0Ne pas conserver au cong\u00e9lateur \u00e0 c\u00f4t\u00e9 d\u2019aliments \u00e0 forte odeur.<\/span><\/li>\n<\/ul>\n<p>&nbsp;<\/p>","protected":false},"excerpt":{"rendered":"<p><b>Palets d\u2019\u00e9pinards surgel\u00e9s<\/b><span style=\"font-weight: 400;\"><br \/>\n<\/span><span style=\"font-weight: 400;\">Parmi nos l\u00e9gumes surgel\u00e9s, vous trouverez \u00e9galement des palets d\u2019\u00e9pinards pr\u00e9par\u00e9s et pr\u00eats \u00e0 cuisiner. Des \u00e9pinards de saison soigneusement s\u00e9lectionn\u00e9s conservent leur valeur nutritive, leur go\u00fbt naturel, leur couleur fra\u00eeche et leur texture tendre, vous offrant ainsi une solution pratique pour le quotidien en cuisine. Avec ce produit, vous \u00e9vitez le travail fastidieux de nettoyage, de lavage et de d\u00e9coupe et pouvez pr\u00e9parer vos plats beaucoup plus rapidement.\u00a0<\/span><\/p>\n<p><span style=\"font-weight: 400;\">Gr\u00e2ce \u00e0 leur forme en palets, vous pouvez pr\u00e9lever exactement la quantit\u00e9 dont vous avez besoin et adapter les portions tr\u00e8s facilement. Notre produit, surgel\u00e9 et emball\u00e9 dans des conditions hygi\u00e9niques, apporte directement \u00e0 votre table le go\u00fbt appr\u00e9ci\u00e9 des \u00e9pinards, associ\u00e9 au naturel et \u00e0 une utilisation pratique.<\/span><\/p>","protected":false},"featured_media":1687,"template":"","meta":[],"product_brand":[],"product_cat":[36],"product_tag":[],"class_list":{"0":"post-847","1":"product","2":"type-product","3":"status-publish","4":"has-post-thumbnail","6":"product_cat-dondurulmus-sebze-urunleri","8":"first","9":"instock","10":"shipping-taxable","11":"product-type-simple"},"yoast_head":"<!-- This site is optimized with the Yoast SEO plugin v26.8 - https:\/\/yoast.com\/product\/yoast-seo-wordpress\/ -->\n<title>Ispanak Bloklar\u0131 - Beynur<\/title>\n<meta name=\"robots\" content=\"index, follow, max-snippet:-1, max-image-preview:large, max-video-preview:-1\" \/>\n<link rel=\"canonical\" href=\"https:\/\/beynur.eu\/fr\/produit\/ispanak-bloklari\/\" \/>\n<meta property=\"og:locale\" content=\"fr_FR\" \/>\n<meta property=\"og:type\" content=\"article\" \/>\n<meta property=\"og:title\" content=\"Ispanak Bloklar\u0131 - Beynur\" \/>\n<meta property=\"og:description\" content=\"Dondurulmu\u015f Ispanak Bloklar\u0131 Dondurulmu\u015f sebze \u00fcr\u00fcnlerimizin aras\u0131nda pi\u015firmeye haz\u0131r hale getirilmi\u015f \u0131spanak bloklar\u0131 da yer al\u0131yor. Mevsiminde \u00f6zenle se\u00e7ilen \u0131spanaklar; besin de\u011ferini, do\u011fal lezzetini, canl\u0131 rengini ve yumu\u015fak dokusunu koruyarak mutfa\u011f\u0131n\u0131za pratik bir \u00e7\u00f6z\u00fcm sunuyor. Bu \u00fcr\u00fcn\u00fcm\u00fczle ay\u0131klama, y\u0131kama ve do\u011frama zahmetinden kurtulacak, yemeklerinizi \u00e7ok daha h\u0131zl\u0131 haz\u0131rlayabileceksiniz.\u00a0  \u00dcr\u00fcn\u00fcm\u00fczdeki blok formu sayesinde ihtiyac\u0131n\u0131z kadar kullanabilir, porsiyon ayar\u0131n\u0131 daha kolay yapabilirsiniz. Hijyenik \u015fartlarda dondurulup paketlenen \u0131spanak bloklar\u0131, sevilen lezzeti do\u011fall\u0131k ve kullan\u0131m kolayl\u0131\u011f\u0131yla sofralar\u0131n\u0131za getiriyor.\" \/>\n<meta property=\"og:url\" content=\"https:\/\/beynur.eu\/fr\/produit\/ispanak-bloklari\/\" \/>\n<meta property=\"og:site_name\" content=\"Beynur\" \/>\n<meta property=\"article:modified_time\" content=\"2026-04-30T14:32:57+00:00\" \/>\n<meta property=\"og:image\" content=\"https:\/\/beynur.eu\/wp-content\/uploads\/2021\/10\/ispanak-bloklari.jpg\" \/>\n\t<meta property=\"og:image:width\" content=\"1500\" \/>\n\t<meta property=\"og:image:height\" content=\"1500\" \/>\n\t<meta property=\"og:image:type\" content=\"image\/jpeg\" \/>\n<meta name=\"twitter:card\" content=\"summary_large_image\" \/>\n<meta name=\"twitter:label1\" content=\"Dur\u00e9e de lecture estim\u00e9e\" \/>\n\t<meta name=\"twitter:data1\" content=\"1 minute\" \/>\n<script type=\"application\/ld+json\" class=\"yoast-schema-graph\">{\"@context\":\"https:\/\/schema.org\",\"@graph\":[{\"@type\":\"WebPage\",\"@id\":\"https:\/\/beynur.eu\/urun\/ispanak-bloklari\/\",\"url\":\"https:\/\/beynur.eu\/urun\/ispanak-bloklari\/\",\"name\":\"Ispanak Bloklar\u0131 - Beynur\",\"isPartOf\":{\"@id\":\"https:\/\/beynur.eu\/#website\"},\"primaryImageOfPage\":{\"@id\":\"https:\/\/beynur.eu\/urun\/ispanak-bloklari\/#primaryimage\"},\"image\":{\"@id\":\"https:\/\/beynur.eu\/urun\/ispanak-bloklari\/#primaryimage\"},\"thumbnailUrl\":\"https:\/\/beynur.eu\/wp-content\/uploads\/2021\/10\/ispanak-bloklari.jpg\",\"datePublished\":\"2021-10-26T10:46:48+00:00\",\"dateModified\":\"2026-04-30T14:32:57+00:00\",\"breadcrumb\":{\"@id\":\"https:\/\/beynur.eu\/urun\/ispanak-bloklari\/#breadcrumb\"},\"inLanguage\":\"fr-FR\",\"potentialAction\":[{\"@type\":\"ReadAction\",\"target\":[\"https:\/\/beynur.eu\/urun\/ispanak-bloklari\/\"]}]},{\"@type\":\"ImageObject\",\"inLanguage\":\"fr-FR\",\"@id\":\"https:\/\/beynur.eu\/urun\/ispanak-bloklari\/#primaryimage\",\"url\":\"https:\/\/beynur.eu\/wp-content\/uploads\/2021\/10\/ispanak-bloklari.jpg\",\"contentUrl\":\"https:\/\/beynur.eu\/wp-content\/uploads\/2021\/10\/ispanak-bloklari.jpg\",\"width\":1500,\"height\":1500},{\"@type\":\"BreadcrumbList\",\"@id\":\"https:\/\/beynur.eu\/urun\/ispanak-bloklari\/#breadcrumb\",\"itemListElement\":[{\"@type\":\"ListItem\",\"position\":1,\"name\":\"Home\",\"item\":\"https:\/\/beynur.eu\/\"},{\"@type\":\"ListItem\",\"position\":2,\"name\":\"\u00dcr\u00fcnlerimiz\",\"item\":\"https:\/\/beynur.eu\/en\/urunlerimiz\/\"},{\"@type\":\"ListItem\",\"position\":3,\"name\":\"Ispanak Bloklar\u0131\"}]},{\"@type\":\"WebSite\",\"@id\":\"https:\/\/beynur.eu\/#website\",\"url\":\"https:\/\/beynur.eu\/\",\"name\":\"Beynur\",\"description\":\"\u0130lk g\u00fcnk\u00fc a\u015fkla, muhte\u015fem tatlar.\",\"potentialAction\":[{\"@type\":\"SearchAction\",\"target\":{\"@type\":\"EntryPoint\",\"urlTemplate\":\"https:\/\/beynur.eu\/?s={search_term_string}\"},\"query-input\":{\"@type\":\"PropertyValueSpecification\",\"valueRequired\":true,\"valueName\":\"search_term_string\"}}],\"inLanguage\":\"fr-FR\"}]}<\/script>\n<!-- \/ Yoast SEO plugin. -->","yoast_head_json":{"title":"Ispanak Bloklar\u0131 - Beynur","robots":{"index":"index","follow":"follow","max-snippet":"max-snippet:-1","max-image-preview":"max-image-preview:large","max-video-preview":"max-video-preview:-1"},"canonical":"https:\/\/beynur.eu\/fr\/produit\/ispanak-bloklari\/","og_locale":"fr_FR","og_type":"article","og_title":"Ispanak Bloklar\u0131 - Beynur","og_description":"Dondurulmu\u015f Ispanak Bloklar\u0131 Dondurulmu\u015f sebze \u00fcr\u00fcnlerimizin aras\u0131nda pi\u015firmeye haz\u0131r hale getirilmi\u015f \u0131spanak bloklar\u0131 da yer al\u0131yor. Mevsiminde \u00f6zenle se\u00e7ilen \u0131spanaklar; besin de\u011ferini, do\u011fal lezzetini, canl\u0131 rengini ve yumu\u015fak dokusunu koruyarak mutfa\u011f\u0131n\u0131za pratik bir \u00e7\u00f6z\u00fcm sunuyor. Bu \u00fcr\u00fcn\u00fcm\u00fczle ay\u0131klama, y\u0131kama ve do\u011frama zahmetinden kurtulacak, yemeklerinizi \u00e7ok daha h\u0131zl\u0131 haz\u0131rlayabileceksiniz.\u00a0  \u00dcr\u00fcn\u00fcm\u00fczdeki blok formu sayesinde ihtiyac\u0131n\u0131z kadar kullanabilir, porsiyon ayar\u0131n\u0131 daha kolay yapabilirsiniz. Hijyenik \u015fartlarda dondurulup paketlenen \u0131spanak bloklar\u0131, sevilen lezzeti do\u011fall\u0131k ve kullan\u0131m kolayl\u0131\u011f\u0131yla sofralar\u0131n\u0131za getiriyor.","og_url":"https:\/\/beynur.eu\/fr\/produit\/ispanak-bloklari\/","og_site_name":"Beynur","article_modified_time":"2026-04-30T14:32:57+00:00","og_image":[{"width":1500,"height":1500,"url":"https:\/\/beynur.eu\/wp-content\/uploads\/2021\/10\/ispanak-bloklari.jpg","type":"image\/jpeg"}],"twitter_card":"summary_large_image","twitter_misc":{"Dur\u00e9e de lecture estim\u00e9e":"1 minute"},"schema":{"@context":"https:\/\/schema.org","@graph":[{"@type":"WebPage","@id":"https:\/\/beynur.eu\/urun\/ispanak-bloklari\/","url":"https:\/\/beynur.eu\/urun\/ispanak-bloklari\/","name":"Ispanak Bloklar\u0131 - Beynur","isPartOf":{"@id":"https:\/\/beynur.eu\/#website"},"primaryImageOfPage":{"@id":"https:\/\/beynur.eu\/urun\/ispanak-bloklari\/#primaryimage"},"image":{"@id":"https:\/\/beynur.eu\/urun\/ispanak-bloklari\/#primaryimage"},"thumbnailUrl":"https:\/\/beynur.eu\/wp-content\/uploads\/2021\/10\/ispanak-bloklari.jpg","datePublished":"2021-10-26T10:46:48+00:00","dateModified":"2026-04-30T14:32:57+00:00","breadcrumb":{"@id":"https:\/\/beynur.eu\/urun\/ispanak-bloklari\/#breadcrumb"},"inLanguage":"fr-FR","potentialAction":[{"@type":"ReadAction","target":["https:\/\/beynur.eu\/urun\/ispanak-bloklari\/"]}]},{"@type":"ImageObject","inLanguage":"fr-FR","@id":"https:\/\/beynur.eu\/urun\/ispanak-bloklari\/#primaryimage","url":"https:\/\/beynur.eu\/wp-content\/uploads\/2021\/10\/ispanak-bloklari.jpg","contentUrl":"https:\/\/beynur.eu\/wp-content\/uploads\/2021\/10\/ispanak-bloklari.jpg","width":1500,"height":1500},{"@type":"BreadcrumbList","@id":"https:\/\/beynur.eu\/urun\/ispanak-bloklari\/#breadcrumb","itemListElement":[{"@type":"ListItem","position":1,"name":"Home","item":"https:\/\/beynur.eu\/"},{"@type":"ListItem","position":2,"name":"\u00dcr\u00fcnlerimiz","item":"https:\/\/beynur.eu\/en\/urunlerimiz\/"},{"@type":"ListItem","position":3,"name":"Ispanak Bloklar\u0131"}]},{"@type":"WebSite","@id":"https:\/\/beynur.eu\/#website","url":"https:\/\/beynur.eu\/","name":"Beynur","description":"\u0130lk g\u00fcnk\u00fc a\u015fkla, muhte\u015fem tatlar.","potentialAction":[{"@type":"SearchAction","target":{"@type":"EntryPoint","urlTemplate":"https:\/\/beynur.eu\/?s={search_term_string}"},"query-input":{"@type":"PropertyValueSpecification","valueRequired":true,"valueName":"search_term_string"}}],"inLanguage":"fr-FR"}]}},"_links":{"self":[{"href":"https:\/\/beynur.eu\/fr\/wp-json\/wp\/v2\/product\/847","targetHints":{"allow":["GET"]}}],"collection":[{"href":"https:\/\/beynur.eu\/fr\/wp-json\/wp\/v2\/product"}],"about":[{"href":"https:\/\/beynur.eu\/fr\/wp-json\/wp\/v2\/types\/product"}],"wp:featuredmedia":[{"embeddable":true,"href":"https:\/\/beynur.eu\/fr\/wp-json\/wp\/v2\/media\/1687"}],"wp:attachment":[{"href":"https:\/\/beynur.eu\/fr\/wp-json\/wp\/v2\/media?parent=847"}],"wp:term":[{"taxonomy":"product_brand","embeddable":true,"href":"https:\/\/beynur.eu\/fr\/wp-json\/wp\/v2\/product_brand?post=847"},{"taxonomy":"product_cat","embeddable":true,"href":"https:\/\/beynur.eu\/fr\/wp-json\/wp\/v2\/product_cat?post=847"},{"taxonomy":"product_tag","embeddable":true,"href":"https:\/\/beynur.eu\/fr\/wp-json\/wp\/v2\/product_tag?post=847"}],"curies":[{"name":"wp","href":"https:\/\/api.w.org\/{rel}","templated":true}]}}