{"id":867,"date":"2021-12-07T16:44:42","date_gmt":"2021-12-07T16:44:42","guid":{"rendered":"https:\/\/beynur.eu\/?post_type=product&#038;p=867"},"modified":"2026-03-12T12:25:04","modified_gmt":"2026-03-12T12:25:04","slug":"balik-sis","status":"publish","type":"product","link":"https:\/\/beynur.eu\/fr\/produit\/balik-sis\/","title":{"rendered":"Brochette de poisson"},"content":{"rendered":"<p>Beynur Bal\u0131k \u015ei\u015f evinizde pratik bir bal\u0131k ziyafeti i\u00e7in sizlere ideal bir se\u00e7enek sunuyor.<\/p>\n<p>Alaska K\u00f6m\u00fcr Bal\u0131\u011f\u0131 ve Marina bal\u0131\u011f\u0131n\u0131n kar\u0131\u015f\u0131m\u0131ndan \u00fcretilen Beynur Bal\u0131k \u015ei\u015f defne yapra\u011f\u0131 ve kesilmi\u015f limon ile mangalda kolayca servise haz\u0131r hale getirilebilir. \u0130sterseniz k\u0131zg\u0131n tavada da k\u0131zartabilirsiniz.<\/p>\n<p>Beynur Bal\u0131k Cips salata, cips ve \u00f6zel soslarla \u00e7ocuklar\u0131n\u0131z\u0131n da keyifle yiyece\u011fi sa\u011fl\u0131k deposu bir \u00fcr\u00fcnd\u00fcr.<\/p>\n<p>Vous pouvez facilement pr\u00e9parer notre produit pr\u00e9- frit et surgel\u00e9 au four micro-ondes.<\/p>\n<p><strong>Les Conditions de Conservation :<\/strong><\/p>\n<p>Au frigidaire 2 jours<\/p>\n<p>Tek y\u0131ld\u0131zl\u0131 *dondurucuda 1hafta.<\/p>\n<p>Pour un cong\u00e9lateur ** \u00e9toiles 2 semaines<\/p>\n<p>Pour un cong\u00e9lateur *** \u00e9toiles (-18C) : Regardez la date d\u2019expiration.<\/p>","protected":false},"excerpt":{"rendered":"<p>Beynur Bal\u0131k \u015ei\u015f evinizde pratik bir bal\u0131k ziyafeti i\u00e7in sizlere ideal bir se\u00e7enek sunuyor.<\/p>\n<p>Alaska K\u00f6m\u00fcr Bal\u0131\u011f\u0131 ve Marina bal\u0131\u011f\u0131n\u0131n kar\u0131\u015f\u0131m\u0131ndan \u00fcretilen Beynur Bal\u0131k \u015ei\u015f defne yapra\u011f\u0131 ve kesilmi\u015f limon ile mangalda kolayca servise haz\u0131r hale getirilebilir. \u0130sterseniz k\u0131zg\u0131n tavada da k\u0131zartabilirsiniz.<\/p>\n<p>Beynur Bal\u0131k Cips salata, cips ve \u00f6zel soslarla \u00e7ocuklar\u0131n\u0131z\u0131n da keyifle yiyece\u011fi sa\u011fl\u0131k deposu bir \u00fcr\u00fcnd\u00fcr.<\/p>","protected":false},"featured_media":868,"template":"","meta":[],"product_brand":[],"product_cat":[19],"product_tag":[],"class_list":{"0":"post-867","1":"product","2":"type-product","3":"status-publish","4":"has-post-thumbnail","6":"product_cat-balik-urunleri","8":"first","9":"instock","10":"shipping-taxable","11":"product-type-simple"},"yoast_head":"<!-- This site is optimized with the Yoast SEO plugin v26.8 - https:\/\/yoast.com\/product\/yoast-seo-wordpress\/ -->\n<title>Bal\u0131k \u015ei\u015f - Beynur<\/title>\n<meta name=\"robots\" content=\"index, follow, max-snippet:-1, max-image-preview:large, max-video-preview:-1\" \/>\n<link rel=\"canonical\" href=\"https:\/\/beynur.eu\/fr\/produit\/balik-sis\/\" \/>\n<meta property=\"og:locale\" content=\"fr_FR\" \/>\n<meta property=\"og:type\" content=\"article\" \/>\n<meta property=\"og:title\" content=\"Bal\u0131k \u015ei\u015f - Beynur\" \/>\n<meta property=\"og:description\" content=\"Beynur Bal\u0131k \u015ei\u015f evinizde pratik bir bal\u0131k ziyafeti i\u00e7in sizlere ideal bir se\u00e7enek sunuyor.  Alaska K\u00f6m\u00fcr Bal\u0131\u011f\u0131 ve Marina bal\u0131\u011f\u0131n\u0131n kar\u0131\u015f\u0131m\u0131ndan \u00fcretilen Beynur Bal\u0131k \u015ei\u015f defne yapra\u011f\u0131 ve kesilmi\u015f limon ile mangalda kolayca servise haz\u0131r hale getirilebilir. \u0130sterseniz k\u0131zg\u0131n tavada da k\u0131zartabilirsiniz.  Beynur Bal\u0131k Cips salata, cips ve \u00f6zel soslarla \u00e7ocuklar\u0131n\u0131z\u0131n da keyifle yiyece\u011fi sa\u011fl\u0131k deposu bir \u00fcr\u00fcnd\u00fcr.\" \/>\n<meta property=\"og:url\" content=\"https:\/\/beynur.eu\/fr\/produit\/balik-sis\/\" \/>\n<meta property=\"og:site_name\" content=\"Beynur\" \/>\n<meta property=\"article:modified_time\" content=\"2026-03-12T12:25:04+00:00\" \/>\n<meta property=\"og:image\" content=\"https:\/\/beynur.eu\/wp-content\/uploads\/2021\/12\/Balik_Sis.jpg\" \/>\n\t<meta property=\"og:image:width\" content=\"1000\" \/>\n\t<meta property=\"og:image:height\" content=\"1000\" \/>\n\t<meta property=\"og:image:type\" content=\"image\/jpeg\" \/>\n<meta name=\"twitter:card\" content=\"summary_large_image\" \/>\n<meta name=\"twitter:label1\" content=\"Dur\u00e9e de lecture estim\u00e9e\" \/>\n\t<meta name=\"twitter:data1\" content=\"1 minute\" \/>\n<script type=\"application\/ld+json\" class=\"yoast-schema-graph\">{\"@context\":\"https:\/\/schema.org\",\"@graph\":[{\"@type\":\"WebPage\",\"@id\":\"https:\/\/beynur.eu\/urun\/balik-sis\/\",\"url\":\"https:\/\/beynur.eu\/urun\/balik-sis\/\",\"name\":\"Bal\u0131k \u015ei\u015f - Beynur\",\"isPartOf\":{\"@id\":\"https:\/\/beynur.eu\/#website\"},\"primaryImageOfPage\":{\"@id\":\"https:\/\/beynur.eu\/urun\/balik-sis\/#primaryimage\"},\"image\":{\"@id\":\"https:\/\/beynur.eu\/urun\/balik-sis\/#primaryimage\"},\"thumbnailUrl\":\"https:\/\/beynur.eu\/wp-content\/uploads\/2021\/12\/Balik_Sis.jpg\",\"datePublished\":\"2021-12-07T16:44:42+00:00\",\"dateModified\":\"2026-03-12T12:25:04+00:00\",\"breadcrumb\":{\"@id\":\"https:\/\/beynur.eu\/urun\/balik-sis\/#breadcrumb\"},\"inLanguage\":\"fr-FR\",\"potentialAction\":[{\"@type\":\"ReadAction\",\"target\":[\"https:\/\/beynur.eu\/urun\/balik-sis\/\"]}]},{\"@type\":\"ImageObject\",\"inLanguage\":\"fr-FR\",\"@id\":\"https:\/\/beynur.eu\/urun\/balik-sis\/#primaryimage\",\"url\":\"https:\/\/beynur.eu\/wp-content\/uploads\/2021\/12\/Balik_Sis.jpg\",\"contentUrl\":\"https:\/\/beynur.eu\/wp-content\/uploads\/2021\/12\/Balik_Sis.jpg\",\"width\":1000,\"height\":1000},{\"@type\":\"BreadcrumbList\",\"@id\":\"https:\/\/beynur.eu\/urun\/balik-sis\/#breadcrumb\",\"itemListElement\":[{\"@type\":\"ListItem\",\"position\":1,\"name\":\"Home\",\"item\":\"https:\/\/beynur.eu\/\"},{\"@type\":\"ListItem\",\"position\":2,\"name\":\"\u00dcr\u00fcnlerimiz\",\"item\":\"https:\/\/beynur.eu\/en\/urunlerimiz\/\"},{\"@type\":\"ListItem\",\"position\":3,\"name\":\"Bal\u0131k \u015ei\u015f\"}]},{\"@type\":\"WebSite\",\"@id\":\"https:\/\/beynur.eu\/#website\",\"url\":\"https:\/\/beynur.eu\/\",\"name\":\"Beynur\",\"description\":\"\u0130lk g\u00fcnk\u00fc a\u015fkla, muhte\u015fem tatlar.\",\"potentialAction\":[{\"@type\":\"SearchAction\",\"target\":{\"@type\":\"EntryPoint\",\"urlTemplate\":\"https:\/\/beynur.eu\/?s={search_term_string}\"},\"query-input\":{\"@type\":\"PropertyValueSpecification\",\"valueRequired\":true,\"valueName\":\"search_term_string\"}}],\"inLanguage\":\"fr-FR\"}]}<\/script>\n<!-- \/ Yoast SEO plugin. -->","yoast_head_json":{"title":"Bal\u0131k \u015ei\u015f - Beynur","robots":{"index":"index","follow":"follow","max-snippet":"max-snippet:-1","max-image-preview":"max-image-preview:large","max-video-preview":"max-video-preview:-1"},"canonical":"https:\/\/beynur.eu\/fr\/produit\/balik-sis\/","og_locale":"fr_FR","og_type":"article","og_title":"Bal\u0131k \u015ei\u015f - Beynur","og_description":"Beynur Bal\u0131k \u015ei\u015f evinizde pratik bir bal\u0131k ziyafeti i\u00e7in sizlere ideal bir se\u00e7enek sunuyor.  Alaska K\u00f6m\u00fcr Bal\u0131\u011f\u0131 ve Marina bal\u0131\u011f\u0131n\u0131n kar\u0131\u015f\u0131m\u0131ndan \u00fcretilen Beynur Bal\u0131k \u015ei\u015f defne yapra\u011f\u0131 ve kesilmi\u015f limon ile mangalda kolayca servise haz\u0131r hale getirilebilir. \u0130sterseniz k\u0131zg\u0131n tavada da k\u0131zartabilirsiniz.  Beynur Bal\u0131k Cips salata, cips ve \u00f6zel soslarla \u00e7ocuklar\u0131n\u0131z\u0131n da keyifle yiyece\u011fi sa\u011fl\u0131k deposu bir \u00fcr\u00fcnd\u00fcr.","og_url":"https:\/\/beynur.eu\/fr\/produit\/balik-sis\/","og_site_name":"Beynur","article_modified_time":"2026-03-12T12:25:04+00:00","og_image":[{"width":1000,"height":1000,"url":"https:\/\/beynur.eu\/wp-content\/uploads\/2021\/12\/Balik_Sis.jpg","type":"image\/jpeg"}],"twitter_card":"summary_large_image","twitter_misc":{"Dur\u00e9e de lecture estim\u00e9e":"1 minute"},"schema":{"@context":"https:\/\/schema.org","@graph":[{"@type":"WebPage","@id":"https:\/\/beynur.eu\/urun\/balik-sis\/","url":"https:\/\/beynur.eu\/urun\/balik-sis\/","name":"Bal\u0131k \u015ei\u015f - Beynur","isPartOf":{"@id":"https:\/\/beynur.eu\/#website"},"primaryImageOfPage":{"@id":"https:\/\/beynur.eu\/urun\/balik-sis\/#primaryimage"},"image":{"@id":"https:\/\/beynur.eu\/urun\/balik-sis\/#primaryimage"},"thumbnailUrl":"https:\/\/beynur.eu\/wp-content\/uploads\/2021\/12\/Balik_Sis.jpg","datePublished":"2021-12-07T16:44:42+00:00","dateModified":"2026-03-12T12:25:04+00:00","breadcrumb":{"@id":"https:\/\/beynur.eu\/urun\/balik-sis\/#breadcrumb"},"inLanguage":"fr-FR","potentialAction":[{"@type":"ReadAction","target":["https:\/\/beynur.eu\/urun\/balik-sis\/"]}]},{"@type":"ImageObject","inLanguage":"fr-FR","@id":"https:\/\/beynur.eu\/urun\/balik-sis\/#primaryimage","url":"https:\/\/beynur.eu\/wp-content\/uploads\/2021\/12\/Balik_Sis.jpg","contentUrl":"https:\/\/beynur.eu\/wp-content\/uploads\/2021\/12\/Balik_Sis.jpg","width":1000,"height":1000},{"@type":"BreadcrumbList","@id":"https:\/\/beynur.eu\/urun\/balik-sis\/#breadcrumb","itemListElement":[{"@type":"ListItem","position":1,"name":"Home","item":"https:\/\/beynur.eu\/"},{"@type":"ListItem","position":2,"name":"\u00dcr\u00fcnlerimiz","item":"https:\/\/beynur.eu\/en\/urunlerimiz\/"},{"@type":"ListItem","position":3,"name":"Bal\u0131k \u015ei\u015f"}]},{"@type":"WebSite","@id":"https:\/\/beynur.eu\/#website","url":"https:\/\/beynur.eu\/","name":"Beynur","description":"\u0130lk g\u00fcnk\u00fc a\u015fkla, muhte\u015fem tatlar.","potentialAction":[{"@type":"SearchAction","target":{"@type":"EntryPoint","urlTemplate":"https:\/\/beynur.eu\/?s={search_term_string}"},"query-input":{"@type":"PropertyValueSpecification","valueRequired":true,"valueName":"search_term_string"}}],"inLanguage":"fr-FR"}]}},"_links":{"self":[{"href":"https:\/\/beynur.eu\/fr\/wp-json\/wp\/v2\/product\/867","targetHints":{"allow":["GET"]}}],"collection":[{"href":"https:\/\/beynur.eu\/fr\/wp-json\/wp\/v2\/product"}],"about":[{"href":"https:\/\/beynur.eu\/fr\/wp-json\/wp\/v2\/types\/product"}],"wp:featuredmedia":[{"embeddable":true,"href":"https:\/\/beynur.eu\/fr\/wp-json\/wp\/v2\/media\/868"}],"wp:attachment":[{"href":"https:\/\/beynur.eu\/fr\/wp-json\/wp\/v2\/media?parent=867"}],"wp:term":[{"taxonomy":"product_brand","embeddable":true,"href":"https:\/\/beynur.eu\/fr\/wp-json\/wp\/v2\/product_brand?post=867"},{"taxonomy":"product_cat","embeddable":true,"href":"https:\/\/beynur.eu\/fr\/wp-json\/wp\/v2\/product_cat?post=867"},{"taxonomy":"product_tag","embeddable":true,"href":"https:\/\/beynur.eu\/fr\/wp-json\/wp\/v2\/product_tag?post=867"}],"curies":[{"name":"wp","href":"https:\/\/api.w.org\/{rel}","templated":true}]}}