{"id":869,"date":"2021-12-07T16:46:13","date_gmt":"2021-12-07T16:46:13","guid":{"rendered":"https:\/\/beynur.eu\/?post_type=product&#038;p=869"},"modified":"2026-04-30T13:13:07","modified_gmt":"2026-04-30T13:13:07","slug":"les-boulettes-de-viande-facon-izmir","status":"publish","type":"product","link":"https:\/\/beynur.eu\/fr\/urun\/cevapcici-izmir-kofte\/","title":{"rendered":"Cevapcici fa\u00e7on \u0130zmir"},"content":{"rendered":"<p><b>Conseils d\u2019utilisation<\/b><b><br \/>\n<\/b><span style=\"font-weight: 400;\">Vous pouvez pr\u00e9parer les boulettes tr\u00e8s facilement \u00e0 la po\u00eale, \u00e0 la friteuse ou au gril. Gr\u00e2ce \u00e0 leur forme pratique, le produit convient parfaitement aux repas rapides, aux repas en famille ou au service des invit\u00e9s. Avec des pommes de terre, du riz, des l\u00e9gumes grill\u00e9s ou des accompagnements au yaourt, il est possible de servir des plats vari\u00e9s et app\u00e9tissants. Gr\u00e2ce \u00e0 son assaisonnement \u00e9quilibr\u00e9, la k\u00f6fte est excellente aussi bien nature qu\u2019avec diff\u00e9rentes sauces.<\/span><\/p>\n<p><b>Instructions de conservation<\/b><\/p>\n<ul>\n<li style=\"font-weight: 400;\" aria-level=\"1\"><span style=\"font-weight: 400;\">Conserver le produit au cong\u00e9lateur sans d\u00e9cong\u00e9lation pr\u00e9alable.<\/span><\/li>\n<li style=\"font-weight: 400;\" aria-level=\"1\"><span style=\"font-weight: 400;\">Refermer soigneusement l\u2019emballage apr\u00e8s ouverture.<\/span><\/li>\n<li style=\"font-weight: 400;\" aria-level=\"1\"><span style=\"font-weight: 400;\">Ne pas recongeler un produit d\u00e9congel\u00e9.<\/span><\/li>\n<li style=\"font-weight: 400;\" aria-level=\"1\"><span style=\"font-weight: 400;\">Conserver le produit dans les conditions de stockage recommand\u00e9es.<\/span><\/li>\n<li style=\"font-weight: 400;\" aria-level=\"1\"><span style=\"font-weight: 400;\">Conserver surgel\u00e9 jusqu\u2019\u00e0 utilisation.<\/span><\/li>\n<\/ul>\n<p>&nbsp;<\/p>","protected":false},"excerpt":{"rendered":"<p><b>Cevapcici fa\u00e7on \u0130zmir surgel\u00e9s<\/b><b><br \/>\n<\/b><span style=\"font-weight: 400;\">Les cevapcici fa\u00e7on \u0130zmir surgel\u00e9s Beynur apportent le go\u00fbt traditionnel appr\u00e9ci\u00e9 \u00e0 votre table de mani\u00e8re particuli\u00e8rement pratique. Avec leur assaisonnement \u00e9quilibr\u00e9, leur texture juteuse et leur surface dor\u00e9e app\u00e9tissante, ils offrent des moments savoureux au quotidien comme lors d\u2019occasions particuli\u00e8res. Leur forme pr\u00eate \u00e0 cuire facilite une pr\u00e9paration rapide et fait de ce produit un choix id\u00e9al pour tous ceux qui souhaitent associer bon go\u00fbt et praticit\u00e9.\u00a0<\/span><\/p>\n<p><span style=\"font-weight: 400;\">Le produit est compos\u00e9 de b\u0153uf halal de premi\u00e8re qualit\u00e9 \u00e0 100%. Le paquet d\u2019un contenu net de 700 g contient environ 28 boulettes de viande, chaque boulette pesant 25 g.<\/span><\/p>","protected":false},"featured_media":1740,"template":"","meta":[],"product_brand":[],"product_cat":[17],"product_tag":[],"class_list":{"0":"post-869","1":"product","2":"type-product","3":"status-publish","4":"has-post-thumbnail","6":"product_cat-et-urunleri","8":"first","9":"instock","10":"shipping-taxable","11":"product-type-simple"},"yoast_head":"<!-- This site is optimized with the Yoast SEO plugin v26.8 - https:\/\/yoast.com\/product\/yoast-seo-wordpress\/ -->\n<title>Cevapcici \u0130zmir K\u00f6fte - Beynur<\/title>\n<meta name=\"robots\" content=\"index, follow, max-snippet:-1, max-image-preview:large, max-video-preview:-1\" \/>\n<link rel=\"canonical\" href=\"https:\/\/beynur.eu\/fr\/produit\/les-boulettes-de-viande-facon-izmir\/\" \/>\n<meta property=\"og:locale\" content=\"fr_FR\" \/>\n<meta property=\"og:type\" content=\"article\" \/>\n<meta property=\"og:title\" content=\"Cevapcici \u0130zmir K\u00f6fte - Beynur\" \/>\n<meta property=\"og:description\" content=\"Dondurulmu\u015f Cevapcici \u0130zmir K\u00f6fte Beynur Dondurulmu\u015f \u0130zmir K\u00f6fte, geleneksel \u0130zmir k\u00f6ftenin sevilen lezzetini pratik bir \u015fekilde sofralar\u0131n\u0131za ta\u015f\u0131yor. Bu \u00fcr\u00fcn\u00fcm\u00fcz, d\u0131\u015f\u0131 g\u00fczelce k\u0131zaran, i\u00e7i yumu\u015fak kalan yap\u0131s\u0131 ve dengeli baharat profiliyle hem g\u00fcnl\u00fck \u00f6\u011f\u00fcnlerde hem de \u00f6zenli sunumlarda i\u015ftah a\u00e7\u0131c\u0131 bir se\u00e7enek.\u00a0  Pi\u015firmeye haz\u0131r formu sayesinde mutfakta vakit kaybetmeden lezzetli sonu\u00e7lar elde etmenizi kolayla\u015ft\u0131ran bu \u00fcr\u00fcn %100 helal ve birinci s\u0131n\u0131f s\u0131\u011f\u0131r etinden olu\u015fuyor. Net 700 g i\u00e7eri\u011fe sahip pakette yakla\u015f\u0131k 28 adet k\u00f6fte bulunuyor ve her bir k\u00f6fte yakla\u015f\u0131k 25 g a\u011f\u0131rl\u0131\u011f\u0131nda.\" \/>\n<meta property=\"og:url\" content=\"https:\/\/beynur.eu\/fr\/produit\/les-boulettes-de-viande-facon-izmir\/\" \/>\n<meta property=\"og:site_name\" content=\"Beynur\" \/>\n<meta property=\"article:modified_time\" content=\"2026-04-30T13:13:07+00:00\" \/>\n<meta property=\"og:image\" content=\"https:\/\/beynur.eu\/wp-content\/uploads\/2021\/12\/Cevapcici-Izmir-1024x1024.png\" \/>\n\t<meta property=\"og:image:width\" content=\"1024\" \/>\n\t<meta property=\"og:image:height\" content=\"1024\" \/>\n\t<meta property=\"og:image:type\" content=\"image\/png\" \/>\n<meta name=\"twitter:card\" content=\"summary_large_image\" \/>\n<meta name=\"twitter:label1\" content=\"Dur\u00e9e de lecture estim\u00e9e\" \/>\n\t<meta name=\"twitter:data1\" content=\"1 minute\" \/>\n<script type=\"application\/ld+json\" class=\"yoast-schema-graph\">{\"@context\":\"https:\/\/schema.org\",\"@graph\":[{\"@type\":\"WebPage\",\"@id\":\"https:\/\/beynur.eu\/urun\/cevapcici-izmir-kofte\/\",\"url\":\"https:\/\/beynur.eu\/urun\/cevapcici-izmir-kofte\/\",\"name\":\"Cevapcici \u0130zmir K\u00f6fte - Beynur\",\"isPartOf\":{\"@id\":\"https:\/\/beynur.eu\/#website\"},\"primaryImageOfPage\":{\"@id\":\"https:\/\/beynur.eu\/urun\/cevapcici-izmir-kofte\/#primaryimage\"},\"image\":{\"@id\":\"https:\/\/beynur.eu\/urun\/cevapcici-izmir-kofte\/#primaryimage\"},\"thumbnailUrl\":\"https:\/\/beynur.eu\/wp-content\/uploads\/2021\/12\/Cevapcici-Izmir.png\",\"datePublished\":\"2021-12-07T16:46:13+00:00\",\"dateModified\":\"2026-04-30T13:13:07+00:00\",\"breadcrumb\":{\"@id\":\"https:\/\/beynur.eu\/urun\/cevapcici-izmir-kofte\/#breadcrumb\"},\"inLanguage\":\"fr-FR\",\"potentialAction\":[{\"@type\":\"ReadAction\",\"target\":[\"https:\/\/beynur.eu\/urun\/cevapcici-izmir-kofte\/\"]}]},{\"@type\":\"ImageObject\",\"inLanguage\":\"fr-FR\",\"@id\":\"https:\/\/beynur.eu\/urun\/cevapcici-izmir-kofte\/#primaryimage\",\"url\":\"https:\/\/beynur.eu\/wp-content\/uploads\/2021\/12\/Cevapcici-Izmir.png\",\"contentUrl\":\"https:\/\/beynur.eu\/wp-content\/uploads\/2021\/12\/Cevapcici-Izmir.png\",\"width\":2000,\"height\":2000},{\"@type\":\"BreadcrumbList\",\"@id\":\"https:\/\/beynur.eu\/urun\/cevapcici-izmir-kofte\/#breadcrumb\",\"itemListElement\":[{\"@type\":\"ListItem\",\"position\":1,\"name\":\"Home\",\"item\":\"https:\/\/beynur.eu\/\"},{\"@type\":\"ListItem\",\"position\":2,\"name\":\"\u00dcr\u00fcnlerimiz\",\"item\":\"https:\/\/beynur.eu\/en\/urunlerimiz\/\"},{\"@type\":\"ListItem\",\"position\":3,\"name\":\"Cevapcici \u0130zmir K\u00f6fte\"}]},{\"@type\":\"WebSite\",\"@id\":\"https:\/\/beynur.eu\/#website\",\"url\":\"https:\/\/beynur.eu\/\",\"name\":\"Beynur\",\"description\":\"\u0130lk g\u00fcnk\u00fc a\u015fkla, muhte\u015fem tatlar.\",\"potentialAction\":[{\"@type\":\"SearchAction\",\"target\":{\"@type\":\"EntryPoint\",\"urlTemplate\":\"https:\/\/beynur.eu\/?s={search_term_string}\"},\"query-input\":{\"@type\":\"PropertyValueSpecification\",\"valueRequired\":true,\"valueName\":\"search_term_string\"}}],\"inLanguage\":\"fr-FR\"}]}<\/script>\n<!-- \/ Yoast SEO plugin. -->","yoast_head_json":{"title":"Cevapcici \u0130zmir K\u00f6fte - Beynur","robots":{"index":"index","follow":"follow","max-snippet":"max-snippet:-1","max-image-preview":"max-image-preview:large","max-video-preview":"max-video-preview:-1"},"canonical":"https:\/\/beynur.eu\/fr\/produit\/les-boulettes-de-viande-facon-izmir\/","og_locale":"fr_FR","og_type":"article","og_title":"Cevapcici \u0130zmir K\u00f6fte - Beynur","og_description":"Dondurulmu\u015f Cevapcici \u0130zmir K\u00f6fte Beynur Dondurulmu\u015f \u0130zmir K\u00f6fte, geleneksel \u0130zmir k\u00f6ftenin sevilen lezzetini pratik bir \u015fekilde sofralar\u0131n\u0131za ta\u015f\u0131yor. Bu \u00fcr\u00fcn\u00fcm\u00fcz, d\u0131\u015f\u0131 g\u00fczelce k\u0131zaran, i\u00e7i yumu\u015fak kalan yap\u0131s\u0131 ve dengeli baharat profiliyle hem g\u00fcnl\u00fck \u00f6\u011f\u00fcnlerde hem de \u00f6zenli sunumlarda i\u015ftah a\u00e7\u0131c\u0131 bir se\u00e7enek.\u00a0  Pi\u015firmeye haz\u0131r formu sayesinde mutfakta vakit kaybetmeden lezzetli sonu\u00e7lar elde etmenizi kolayla\u015ft\u0131ran bu \u00fcr\u00fcn %100 helal ve birinci s\u0131n\u0131f s\u0131\u011f\u0131r etinden olu\u015fuyor. Net 700 g i\u00e7eri\u011fe sahip pakette yakla\u015f\u0131k 28 adet k\u00f6fte bulunuyor ve her bir k\u00f6fte yakla\u015f\u0131k 25 g a\u011f\u0131rl\u0131\u011f\u0131nda.","og_url":"https:\/\/beynur.eu\/fr\/produit\/les-boulettes-de-viande-facon-izmir\/","og_site_name":"Beynur","article_modified_time":"2026-04-30T13:13:07+00:00","og_image":[{"width":1024,"height":1024,"url":"https:\/\/beynur.eu\/wp-content\/uploads\/2021\/12\/Cevapcici-Izmir-1024x1024.png","type":"image\/png"}],"twitter_card":"summary_large_image","twitter_misc":{"Dur\u00e9e de lecture estim\u00e9e":"1 minute"},"schema":{"@context":"https:\/\/schema.org","@graph":[{"@type":"WebPage","@id":"https:\/\/beynur.eu\/urun\/cevapcici-izmir-kofte\/","url":"https:\/\/beynur.eu\/urun\/cevapcici-izmir-kofte\/","name":"Cevapcici \u0130zmir K\u00f6fte - Beynur","isPartOf":{"@id":"https:\/\/beynur.eu\/#website"},"primaryImageOfPage":{"@id":"https:\/\/beynur.eu\/urun\/cevapcici-izmir-kofte\/#primaryimage"},"image":{"@id":"https:\/\/beynur.eu\/urun\/cevapcici-izmir-kofte\/#primaryimage"},"thumbnailUrl":"https:\/\/beynur.eu\/wp-content\/uploads\/2021\/12\/Cevapcici-Izmir.png","datePublished":"2021-12-07T16:46:13+00:00","dateModified":"2026-04-30T13:13:07+00:00","breadcrumb":{"@id":"https:\/\/beynur.eu\/urun\/cevapcici-izmir-kofte\/#breadcrumb"},"inLanguage":"fr-FR","potentialAction":[{"@type":"ReadAction","target":["https:\/\/beynur.eu\/urun\/cevapcici-izmir-kofte\/"]}]},{"@type":"ImageObject","inLanguage":"fr-FR","@id":"https:\/\/beynur.eu\/urun\/cevapcici-izmir-kofte\/#primaryimage","url":"https:\/\/beynur.eu\/wp-content\/uploads\/2021\/12\/Cevapcici-Izmir.png","contentUrl":"https:\/\/beynur.eu\/wp-content\/uploads\/2021\/12\/Cevapcici-Izmir.png","width":2000,"height":2000},{"@type":"BreadcrumbList","@id":"https:\/\/beynur.eu\/urun\/cevapcici-izmir-kofte\/#breadcrumb","itemListElement":[{"@type":"ListItem","position":1,"name":"Home","item":"https:\/\/beynur.eu\/"},{"@type":"ListItem","position":2,"name":"\u00dcr\u00fcnlerimiz","item":"https:\/\/beynur.eu\/en\/urunlerimiz\/"},{"@type":"ListItem","position":3,"name":"Cevapcici \u0130zmir K\u00f6fte"}]},{"@type":"WebSite","@id":"https:\/\/beynur.eu\/#website","url":"https:\/\/beynur.eu\/","name":"Beynur","description":"\u0130lk g\u00fcnk\u00fc a\u015fkla, muhte\u015fem tatlar.","potentialAction":[{"@type":"SearchAction","target":{"@type":"EntryPoint","urlTemplate":"https:\/\/beynur.eu\/?s={search_term_string}"},"query-input":{"@type":"PropertyValueSpecification","valueRequired":true,"valueName":"search_term_string"}}],"inLanguage":"fr-FR"}]}},"_links":{"self":[{"href":"https:\/\/beynur.eu\/fr\/wp-json\/wp\/v2\/product\/869","targetHints":{"allow":["GET"]}}],"collection":[{"href":"https:\/\/beynur.eu\/fr\/wp-json\/wp\/v2\/product"}],"about":[{"href":"https:\/\/beynur.eu\/fr\/wp-json\/wp\/v2\/types\/product"}],"wp:featuredmedia":[{"embeddable":true,"href":"https:\/\/beynur.eu\/fr\/wp-json\/wp\/v2\/media\/1740"}],"wp:attachment":[{"href":"https:\/\/beynur.eu\/fr\/wp-json\/wp\/v2\/media?parent=869"}],"wp:term":[{"taxonomy":"product_brand","embeddable":true,"href":"https:\/\/beynur.eu\/fr\/wp-json\/wp\/v2\/product_brand?post=869"},{"taxonomy":"product_cat","embeddable":true,"href":"https:\/\/beynur.eu\/fr\/wp-json\/wp\/v2\/product_cat?post=869"},{"taxonomy":"product_tag","embeddable":true,"href":"https:\/\/beynur.eu\/fr\/wp-json\/wp\/v2\/product_tag?post=869"}],"curies":[{"name":"wp","href":"https:\/\/api.w.org\/{rel}","templated":true}]}}