{"id":871,"date":"2021-12-07T16:46:55","date_gmt":"2021-12-07T16:46:55","guid":{"rendered":"https:\/\/beynur.eu\/?post_type=product&#038;p=871"},"modified":"2026-05-05T10:38:50","modified_gmt":"2026-05-05T10:38:50","slug":"produit-batonnets-de-poulet-croustillants-28-pieces","status":"publish","type":"product","link":"https:\/\/beynur.eu\/fr\/urun\/citir-parmak-tavuk\/","title":{"rendered":"B\u00e2tonnets de poulet pan\u00e9"},"content":{"rendered":"<p><b>Conseils d\u2019utilisation<\/b><b><br \/>\n<\/b><span style=\"font-weight: 400;\">Les chicken fingers croustillants Beynur se pr\u00e9parent en peu de temps dans de l\u2019huile chaude. Vous pouvez cuire le produit sans d\u00e9cong\u00e9lation pr\u00e9alable et le servir facilement. Avec des frites, une salade, diff\u00e9rentes sauces dip ou des accompagnements de l\u00e9gumes, il est possible de composer des repas vari\u00e9s et rassasiants. Gr\u00e2ce \u00e0 leur forme pratique, ils conviennent \u00e9galement parfaitement aux menus enfants, aux plateaux de snacks et aux repas rapides.<\/span><\/p>\n<p><b>Instructions de conservation<\/b><\/p>\n<ul>\n<li style=\"font-weight: 400;\" aria-level=\"1\"><span style=\"font-weight: 400;\">Conserver le produit au cong\u00e9lateur sans d\u00e9cong\u00e9lation pr\u00e9alable.<\/span><\/li>\n<li style=\"font-weight: 400;\" aria-level=\"1\"><span style=\"font-weight: 400;\">Refermer soigneusement l\u2019emballage apr\u00e8s ouverture.<\/span><\/li>\n<li style=\"font-weight: 400;\" aria-level=\"1\"><span style=\"font-weight: 400;\">Ne pas recongeler un produit d\u00e9congel\u00e9.<\/span><\/li>\n<li style=\"font-weight: 400;\" aria-level=\"1\"><span style=\"font-weight: 400;\">Conserver le produit dans les conditions de stockage recommand\u00e9es.<\/span><\/li>\n<li style=\"font-weight: 400;\" aria-level=\"1\"><span style=\"font-weight: 400;\">Conserver surgel\u00e9 jusqu\u2019\u00e0 utilisation.<\/span><\/li>\n<li style=\"font-weight: 400;\" aria-level=\"1\"><span style=\"font-weight: 400;\">Pour un r\u00e9sultat optimal, chauffer le produit enti\u00e8rement jusqu\u2019au c\u0153ur.<\/span><\/li>\n<\/ul>\n<p>&nbsp;<\/p>","protected":false},"excerpt":{"rendered":"<p><b>Chicken fingers croustillants surgel\u00e9s<\/b><b><br \/>\n<\/b><span style=\"font-weight: 400;\">Les chicken fingers croustillants Beynur sont un produit surgel\u00e9 pratique et savoureux \u00e0 base de viande de poulet, avec une panure croustillante \u00e0 l\u2019ext\u00e9rieur et une texture tendre \u00e0 l\u2019int\u00e9rieur. Lors des journ\u00e9es charg\u00e9es, ils offrent une solution rapide comme repas principal ou comme snack sal\u00e9 entre les repas.\u00a0<\/span><\/p>\n<p><span style=\"font-weight: 400;\">Le produit est fabriqu\u00e9 \u00e0 partir de viande de poulet abattue selon le rite halal et, gr\u00e2ce \u00e0 son go\u00fbt appr\u00e9ci\u00e9, pla\u00eet particuli\u00e8rement aussi aux enfants. Gr\u00e2ce \u00e0 sa pr\u00e9paration rapide, il peut \u00eatre utilis\u00e9 de nombreuses fa\u00e7ons au quotidien, pour des plateaux de snacks ou pour des repas simples. Chaque paquet contient env. 28 pi\u00e8ces. Chaque pi\u00e8ce p\u00e8se env. 18 g, et le poids net total est de 500 g.<\/span><\/p>","protected":false},"featured_media":1798,"template":"","meta":[],"product_brand":[],"product_cat":[18],"product_tag":[],"class_list":{"0":"post-871","1":"product","2":"type-product","3":"status-publish","4":"has-post-thumbnail","6":"product_cat-tavuk-ve-hindi-urunleri","8":"first","9":"instock","10":"shipping-taxable","11":"product-type-simple"},"yoast_head":"<!-- This site is optimized with the Yoast SEO plugin v26.8 - https:\/\/yoast.com\/product\/yoast-seo-wordpress\/ -->\n<title>\u00c7\u0131t\u0131r Parmak Tavuk - Beynur<\/title>\n<meta name=\"robots\" content=\"index, follow, max-snippet:-1, max-image-preview:large, max-video-preview:-1\" \/>\n<link rel=\"canonical\" href=\"https:\/\/beynur.eu\/fr\/produit\/produit-batonnets-de-poulet-croustillants-28-pieces\/\" \/>\n<meta property=\"og:locale\" content=\"fr_FR\" \/>\n<meta property=\"og:type\" content=\"article\" \/>\n<meta property=\"og:title\" content=\"\u00c7\u0131t\u0131r Parmak Tavuk - Beynur\" \/>\n<meta property=\"og:description\" content=\"Dondurulmu\u015f \u00c7\u0131t\u0131r Parmak Tavuk Beynur \u00c7\u0131t\u0131r Parmak Tavuk, \u00e7\u0131t\u0131r pane kaplama d\u0131\u015f\u0131yla ve yumu\u015fak i\u00e7 yap\u0131s\u0131yla hem pratik hem de lezzetli bir tavuk \u00fcr\u00fcn\u00fc. Bu dondurulmu\u015f \u00fcr\u00fcn, yo\u011fun g\u00fcnlerinizde h\u0131zl\u0131 bir ana \u00f6\u011f\u00fcn ya da keyifle t\u00fcketilebilecek bir at\u0131\u015ft\u0131rmal\u0131k olarak mutfakta b\u00fcy\u00fck kolayl\u0131k sa\u011fl\u0131yor. Helal kesim tavuk etiyle haz\u0131rlad\u0131\u011f\u0131m\u0131z bu \u00fcr\u00fcn, \u00f6zellikle \u00e7ocuklar\u0131n damak tad\u0131na hitap eden lezzetiyle \u00f6ne \u00e7\u0131k\u0131yor.\u00a0  K\u0131sa s\u00fcrede haz\u0131rlanabilmesi sayesinde g\u00fcnl\u00fck \u00f6\u011f\u00fcnlerde, at\u0131\u015ft\u0131rmal\u0131k sunumlarda ve pratik tabaklarda rahatl\u0131kla tercih edilebilirsiniz. Paket i\u00e7inde yakla\u015f\u0131k 28 adet \u00fcr\u00fcn bulunuyor. Her biri yakla\u015f\u0131k 18 g olan \u00fcr\u00fcnlerin toplam net a\u011f\u0131rl\u0131\u011f\u0131 500 gram\u0131 buluyor.\" \/>\n<meta property=\"og:url\" content=\"https:\/\/beynur.eu\/fr\/produit\/produit-batonnets-de-poulet-croustillants-28-pieces\/\" \/>\n<meta property=\"og:site_name\" content=\"Beynur\" \/>\n<meta property=\"article:modified_time\" content=\"2026-05-05T10:38:50+00:00\" \/>\n<meta property=\"og:image\" content=\"https:\/\/beynur.eu\/wp-content\/uploads\/2021\/12\/Citir-Parmak-Tavuk-28.jpg\" \/>\n\t<meta property=\"og:image:width\" content=\"2000\" \/>\n\t<meta property=\"og:image:height\" content=\"2000\" \/>\n\t<meta property=\"og:image:type\" content=\"image\/jpeg\" \/>\n<meta name=\"twitter:card\" content=\"summary_large_image\" \/>\n<meta name=\"twitter:label1\" content=\"Dur\u00e9e de lecture estim\u00e9e\" \/>\n\t<meta name=\"twitter:data1\" content=\"1 minute\" \/>\n<script type=\"application\/ld+json\" class=\"yoast-schema-graph\">{\"@context\":\"https:\/\/schema.org\",\"@graph\":[{\"@type\":\"WebPage\",\"@id\":\"https:\/\/beynur.eu\/urun\/citir-parmak-tavuk\/\",\"url\":\"https:\/\/beynur.eu\/urun\/citir-parmak-tavuk\/\",\"name\":\"\u00c7\u0131t\u0131r Parmak Tavuk - Beynur\",\"isPartOf\":{\"@id\":\"https:\/\/beynur.eu\/#website\"},\"primaryImageOfPage\":{\"@id\":\"https:\/\/beynur.eu\/urun\/citir-parmak-tavuk\/#primaryimage\"},\"image\":{\"@id\":\"https:\/\/beynur.eu\/urun\/citir-parmak-tavuk\/#primaryimage\"},\"thumbnailUrl\":\"https:\/\/beynur.eu\/wp-content\/uploads\/2021\/12\/Citir-Parmak-Tavuk-28.jpg\",\"datePublished\":\"2021-12-07T16:46:55+00:00\",\"dateModified\":\"2026-05-05T10:38:50+00:00\",\"breadcrumb\":{\"@id\":\"https:\/\/beynur.eu\/urun\/citir-parmak-tavuk\/#breadcrumb\"},\"inLanguage\":\"fr-FR\",\"potentialAction\":[{\"@type\":\"ReadAction\",\"target\":[\"https:\/\/beynur.eu\/urun\/citir-parmak-tavuk\/\"]}]},{\"@type\":\"ImageObject\",\"inLanguage\":\"fr-FR\",\"@id\":\"https:\/\/beynur.eu\/urun\/citir-parmak-tavuk\/#primaryimage\",\"url\":\"https:\/\/beynur.eu\/wp-content\/uploads\/2021\/12\/Citir-Parmak-Tavuk-28.jpg\",\"contentUrl\":\"https:\/\/beynur.eu\/wp-content\/uploads\/2021\/12\/Citir-Parmak-Tavuk-28.jpg\",\"width\":2000,\"height\":2000},{\"@type\":\"BreadcrumbList\",\"@id\":\"https:\/\/beynur.eu\/urun\/citir-parmak-tavuk\/#breadcrumb\",\"itemListElement\":[{\"@type\":\"ListItem\",\"position\":1,\"name\":\"Home\",\"item\":\"https:\/\/beynur.eu\/\"},{\"@type\":\"ListItem\",\"position\":2,\"name\":\"\u00dcr\u00fcnlerimiz\",\"item\":\"https:\/\/beynur.eu\/en\/urunlerimiz\/\"},{\"@type\":\"ListItem\",\"position\":3,\"name\":\"\u00c7\u0131t\u0131r Parmak Tavuk\"}]},{\"@type\":\"WebSite\",\"@id\":\"https:\/\/beynur.eu\/#website\",\"url\":\"https:\/\/beynur.eu\/\",\"name\":\"Beynur\",\"description\":\"\u0130lk g\u00fcnk\u00fc a\u015fkla, muhte\u015fem tatlar.\",\"potentialAction\":[{\"@type\":\"SearchAction\",\"target\":{\"@type\":\"EntryPoint\",\"urlTemplate\":\"https:\/\/beynur.eu\/?s={search_term_string}\"},\"query-input\":{\"@type\":\"PropertyValueSpecification\",\"valueRequired\":true,\"valueName\":\"search_term_string\"}}],\"inLanguage\":\"fr-FR\"}]}<\/script>\n<!-- \/ Yoast SEO plugin. -->","yoast_head_json":{"title":"\u00c7\u0131t\u0131r Parmak Tavuk - Beynur","robots":{"index":"index","follow":"follow","max-snippet":"max-snippet:-1","max-image-preview":"max-image-preview:large","max-video-preview":"max-video-preview:-1"},"canonical":"https:\/\/beynur.eu\/fr\/produit\/produit-batonnets-de-poulet-croustillants-28-pieces\/","og_locale":"fr_FR","og_type":"article","og_title":"\u00c7\u0131t\u0131r Parmak Tavuk - Beynur","og_description":"Dondurulmu\u015f \u00c7\u0131t\u0131r Parmak Tavuk Beynur \u00c7\u0131t\u0131r Parmak Tavuk, \u00e7\u0131t\u0131r pane kaplama d\u0131\u015f\u0131yla ve yumu\u015fak i\u00e7 yap\u0131s\u0131yla hem pratik hem de lezzetli bir tavuk \u00fcr\u00fcn\u00fc. Bu dondurulmu\u015f \u00fcr\u00fcn, yo\u011fun g\u00fcnlerinizde h\u0131zl\u0131 bir ana \u00f6\u011f\u00fcn ya da keyifle t\u00fcketilebilecek bir at\u0131\u015ft\u0131rmal\u0131k olarak mutfakta b\u00fcy\u00fck kolayl\u0131k sa\u011fl\u0131yor. Helal kesim tavuk etiyle haz\u0131rlad\u0131\u011f\u0131m\u0131z bu \u00fcr\u00fcn, \u00f6zellikle \u00e7ocuklar\u0131n damak tad\u0131na hitap eden lezzetiyle \u00f6ne \u00e7\u0131k\u0131yor.\u00a0  K\u0131sa s\u00fcrede haz\u0131rlanabilmesi sayesinde g\u00fcnl\u00fck \u00f6\u011f\u00fcnlerde, at\u0131\u015ft\u0131rmal\u0131k sunumlarda ve pratik tabaklarda rahatl\u0131kla tercih edilebilirsiniz. Paket i\u00e7inde yakla\u015f\u0131k 28 adet \u00fcr\u00fcn bulunuyor. Her biri yakla\u015f\u0131k 18 g olan \u00fcr\u00fcnlerin toplam net a\u011f\u0131rl\u0131\u011f\u0131 500 gram\u0131 buluyor.","og_url":"https:\/\/beynur.eu\/fr\/produit\/produit-batonnets-de-poulet-croustillants-28-pieces\/","og_site_name":"Beynur","article_modified_time":"2026-05-05T10:38:50+00:00","og_image":[{"width":2000,"height":2000,"url":"https:\/\/beynur.eu\/wp-content\/uploads\/2021\/12\/Citir-Parmak-Tavuk-28.jpg","type":"image\/jpeg"}],"twitter_card":"summary_large_image","twitter_misc":{"Dur\u00e9e de lecture estim\u00e9e":"1 minute"},"schema":{"@context":"https:\/\/schema.org","@graph":[{"@type":"WebPage","@id":"https:\/\/beynur.eu\/urun\/citir-parmak-tavuk\/","url":"https:\/\/beynur.eu\/urun\/citir-parmak-tavuk\/","name":"\u00c7\u0131t\u0131r Parmak Tavuk - Beynur","isPartOf":{"@id":"https:\/\/beynur.eu\/#website"},"primaryImageOfPage":{"@id":"https:\/\/beynur.eu\/urun\/citir-parmak-tavuk\/#primaryimage"},"image":{"@id":"https:\/\/beynur.eu\/urun\/citir-parmak-tavuk\/#primaryimage"},"thumbnailUrl":"https:\/\/beynur.eu\/wp-content\/uploads\/2021\/12\/Citir-Parmak-Tavuk-28.jpg","datePublished":"2021-12-07T16:46:55+00:00","dateModified":"2026-05-05T10:38:50+00:00","breadcrumb":{"@id":"https:\/\/beynur.eu\/urun\/citir-parmak-tavuk\/#breadcrumb"},"inLanguage":"fr-FR","potentialAction":[{"@type":"ReadAction","target":["https:\/\/beynur.eu\/urun\/citir-parmak-tavuk\/"]}]},{"@type":"ImageObject","inLanguage":"fr-FR","@id":"https:\/\/beynur.eu\/urun\/citir-parmak-tavuk\/#primaryimage","url":"https:\/\/beynur.eu\/wp-content\/uploads\/2021\/12\/Citir-Parmak-Tavuk-28.jpg","contentUrl":"https:\/\/beynur.eu\/wp-content\/uploads\/2021\/12\/Citir-Parmak-Tavuk-28.jpg","width":2000,"height":2000},{"@type":"BreadcrumbList","@id":"https:\/\/beynur.eu\/urun\/citir-parmak-tavuk\/#breadcrumb","itemListElement":[{"@type":"ListItem","position":1,"name":"Home","item":"https:\/\/beynur.eu\/"},{"@type":"ListItem","position":2,"name":"\u00dcr\u00fcnlerimiz","item":"https:\/\/beynur.eu\/en\/urunlerimiz\/"},{"@type":"ListItem","position":3,"name":"\u00c7\u0131t\u0131r Parmak Tavuk"}]},{"@type":"WebSite","@id":"https:\/\/beynur.eu\/#website","url":"https:\/\/beynur.eu\/","name":"Beynur","description":"\u0130lk g\u00fcnk\u00fc a\u015fkla, muhte\u015fem tatlar.","potentialAction":[{"@type":"SearchAction","target":{"@type":"EntryPoint","urlTemplate":"https:\/\/beynur.eu\/?s={search_term_string}"},"query-input":{"@type":"PropertyValueSpecification","valueRequired":true,"valueName":"search_term_string"}}],"inLanguage":"fr-FR"}]}},"_links":{"self":[{"href":"https:\/\/beynur.eu\/fr\/wp-json\/wp\/v2\/product\/871","targetHints":{"allow":["GET"]}}],"collection":[{"href":"https:\/\/beynur.eu\/fr\/wp-json\/wp\/v2\/product"}],"about":[{"href":"https:\/\/beynur.eu\/fr\/wp-json\/wp\/v2\/types\/product"}],"wp:featuredmedia":[{"embeddable":true,"href":"https:\/\/beynur.eu\/fr\/wp-json\/wp\/v2\/media\/1798"}],"wp:attachment":[{"href":"https:\/\/beynur.eu\/fr\/wp-json\/wp\/v2\/media?parent=871"}],"wp:term":[{"taxonomy":"product_brand","embeddable":true,"href":"https:\/\/beynur.eu\/fr\/wp-json\/wp\/v2\/product_brand?post=871"},{"taxonomy":"product_cat","embeddable":true,"href":"https:\/\/beynur.eu\/fr\/wp-json\/wp\/v2\/product_cat?post=871"},{"taxonomy":"product_tag","embeddable":true,"href":"https:\/\/beynur.eu\/fr\/wp-json\/wp\/v2\/product_tag?post=871"}],"curies":[{"name":"wp","href":"https:\/\/api.w.org\/{rel}","templated":true}]}}