{"id":881,"date":"2021-12-07T16:50:48","date_gmt":"2021-12-07T16:50:48","guid":{"rendered":"https:\/\/beynur.eu\/?post_type=product&#038;p=881"},"modified":"2026-04-30T12:11:39","modified_gmt":"2026-04-30T12:11:39","slug":"feuillete-fromage-roule-en-cercle","status":"publish","type":"product","link":"https:\/\/beynur.eu\/fr\/urun\/simit-ankara\/","title":{"rendered":"Bague S\u00e9same Turque"},"content":{"rendered":"<p><b>Conseils d\u2019utilisation<\/b><\/p>\n<ul>\n<li style=\"font-weight: 400;\" aria-level=\"1\"><span style=\"font-weight: 400;\">\u00dcr\u00fcn\u00fc \u00e7\u00f6zd\u00fcrmeden dondurulmu\u015f olarak muhafaza edin.<\/span><\/li>\n<li style=\"font-weight: 400;\" aria-level=\"1\"><span style=\"font-weight: 400;\">R\u00e9chauffer les anneaux au s\u00e9same dans un four pr\u00e9chauff\u00e9 \u00e0 180 \u00b0C pendant environ 4 minutes.<\/span><\/li>\n<li style=\"font-weight: 400;\" aria-level=\"1\"><span style=\"font-weight: 400;\">Ne pas r\u00e9chauffer le produit au micro-ondes. <\/span>mikrodalgada \u0131s\u0131tmay\u0131n<span style=\"font-weight: 400;\">.<\/span><\/li>\n<li style=\"font-weight: 400;\" aria-level=\"1\"><span style=\"font-weight: 400;\">Ne pas recongeler un produit d\u00e9congel\u00e9.<\/span><\/li>\n<li style=\"font-weight: 400;\" aria-level=\"1\"><span style=\"font-weight: 400;\">Conserver le produit dans les conditions de stockage recommand\u00e9es.<\/span><\/li>\n<li style=\"font-weight: 400;\" aria-level=\"1\"><span style=\"font-weight: 400;\">Conserver surgel\u00e9 jusqu\u2019\u00e0 utilisation.<\/span><\/li>\n<\/ul>\n<p>&nbsp;<\/p>","protected":false},"excerpt":{"rendered":"<p><b>Anneaux au s\u00e9same surgel\u00e9s (paquet de 4)<\/b><\/p>\n<p><span style=\"font-weight: 400;\">Les anneaux au s\u00e9same sont une sp\u00e9cialit\u00e9 populaire de la cuisine turque. Avec ses anneaux au s\u00e9same surgel\u00e9s, Beynur apporte \u00e0 votre table le go\u00fbt traditionnel de cette p\u00e2tisserie classique de mani\u00e8re particuli\u00e8rement pratique. Avec leur ext\u00e9rieur l\u00e9g\u00e8rement croustillant et leur texture moelleuse \u00e0 l\u2019int\u00e9rieur, ce produit est une d\u00e9licieuse option pour le petit-d\u00e9jeuner, les en-cas et les pauses th\u00e9.<\/span><\/p>\n<p><span style=\"font-weight: 400;\">Soigneusement fabriqu\u00e9 et propos\u00e9 surgel\u00e9, ce produit permet une pr\u00e9paration rapide et simple, surtout lors des journ\u00e9es charg\u00e9es. Le paquet contient 4 anneaux au s\u00e9same et le poids net est de 420 g. <\/span>4 adet simit<span style=\"font-weight: 400;\"> bulunmakta olup \u00fcr\u00fcn\u00fcn <\/span>net a\u011f\u0131rl\u0131\u011f\u0131 420 g<span style=\"font-weight: 400;\">\u2019d\u0131r.<\/span><\/p>\n<p><span style=\"font-weight: 400;\">La pr\u00e9paration est particuli\u00e8rement simple : il suffit de r\u00e9chauffer les simit dans un four pr\u00e9chauff\u00e9 \u00e0 180 \u00b0C pendant environ 4 minutes. Ils sont ensuite rapidement pr\u00eats \u00e0 servir et accompagnent parfaitement le fromage, les olives, les tomates, le concombre, la confiture ou le th\u00e9. <\/span>180 derecede yakla\u015f\u0131k 4 dakika<span style=\"font-weight: 400;\"> \u0131s\u0131tman\u0131z yeterli. K\u0131sa s\u00fcrede servise haz\u0131r hale gelen simitleri; peynir, zeytin, domates, salatal\u0131k, re\u00e7el veya \u00e7ay ile birlikte son derece uyumlu bir \u015fekilde t\u00fcketebilirsiniz.<\/span><\/p>","protected":false},"featured_media":1628,"template":"","meta":[],"product_brand":[],"product_cat":[20],"product_tag":[],"class_list":{"0":"post-881","1":"product","2":"type-product","3":"status-publish","4":"has-post-thumbnail","6":"product_cat-unlu-mamuller","8":"first","9":"instock","10":"shipping-taxable","11":"product-type-simple"},"yoast_head":"<!-- This site is optimized with the Yoast SEO plugin v26.8 - https:\/\/yoast.com\/product\/yoast-seo-wordpress\/ -->\n<title>Simit Ankara - Beynur<\/title>\n<meta name=\"robots\" content=\"index, follow, max-snippet:-1, max-image-preview:large, max-video-preview:-1\" \/>\n<link rel=\"canonical\" href=\"https:\/\/beynur.eu\/fr\/produit\/feuillete-fromage-roule-en-cercle\/\" \/>\n<meta property=\"og:locale\" content=\"fr_FR\" \/>\n<meta property=\"og:type\" content=\"article\" \/>\n<meta property=\"og:title\" content=\"Simit Ankara - Beynur\" \/>\n<meta property=\"og:description\" content=\"Dondurulmu\u015f Simit (4\u2019l\u00fc Paket)  Beynur\u2019un dondurulmu\u015f simidi, geleneksel simit lezzetini pratik bir \u015fekilde sofralar\u0131n\u0131za ta\u015f\u0131yan ideal bir \u00fcr\u00fcn. D\u0131\u015f\u0131 bol susaml\u0131 ve hafif \u00e7\u0131t\u0131r, i\u00e7i ise yumu\u015fak dokusuyla \u00f6ne \u00e7\u0131kan bu simit; kahvalt\u0131larda, ara \u00f6\u011f\u00fcnlerde ve \u00e7ay saatlerinde keyifle t\u00fcketilebilecek lezzetli bir alternatif.  \u00d6zenle haz\u0131rlay\u0131p dondurulmu\u015f olarak sundu\u011fumuz bu \u00fcr\u00fcn, \u00f6zellikle yo\u011fun g\u00fcnlerde k\u0131sa s\u00fcrede haz\u0131r hale getirilebildi\u011fi i\u00e7in size b\u00fcy\u00fck kolayl\u0131k sa\u011flayacak. Paket i\u00e7erisinde 4 adet simit bulunmakta olup \u00fcr\u00fcn\u00fcn net a\u011f\u0131rl\u0131\u011f\u0131 420 g\u2019d\u0131r.  Haz\u0131rlamas\u0131 ise son derece pratik. Simitleri \u00f6nceden \u0131s\u0131t\u0131lm\u0131\u015f f\u0131r\u0131nda 180 derecede yakla\u015f\u0131k 4 dakika \u0131s\u0131tman\u0131z yeterli. K\u0131sa s\u00fcrede servise haz\u0131r hale gelen simitleri; peynir, zeytin, domates, salatal\u0131k, re\u00e7el veya \u00e7ay ile birlikte son derece uyumlu bir \u015fekilde t\u00fcketebilirsiniz.\" \/>\n<meta property=\"og:url\" content=\"https:\/\/beynur.eu\/fr\/produit\/feuillete-fromage-roule-en-cercle\/\" \/>\n<meta property=\"og:site_name\" content=\"Beynur\" \/>\n<meta property=\"article:modified_time\" content=\"2026-04-30T12:11:39+00:00\" \/>\n<meta property=\"og:image\" content=\"https:\/\/beynur.eu\/wp-content\/uploads\/2020\/12\/21.png\" \/>\n\t<meta property=\"og:image:width\" content=\"1000\" \/>\n\t<meta property=\"og:image:height\" content=\"1000\" \/>\n\t<meta property=\"og:image:type\" content=\"image\/png\" \/>\n<meta name=\"twitter:card\" content=\"summary_large_image\" \/>\n<meta name=\"twitter:label1\" content=\"Dur\u00e9e de lecture estim\u00e9e\" \/>\n\t<meta name=\"twitter:data1\" content=\"1 minute\" \/>\n<script type=\"application\/ld+json\" class=\"yoast-schema-graph\">{\"@context\":\"https:\/\/schema.org\",\"@graph\":[{\"@type\":\"WebPage\",\"@id\":\"https:\/\/beynur.eu\/urun\/simit-ankara\/\",\"url\":\"https:\/\/beynur.eu\/urun\/simit-ankara\/\",\"name\":\"Simit Ankara - Beynur\",\"isPartOf\":{\"@id\":\"https:\/\/beynur.eu\/#website\"},\"primaryImageOfPage\":{\"@id\":\"https:\/\/beynur.eu\/urun\/simit-ankara\/#primaryimage\"},\"image\":{\"@id\":\"https:\/\/beynur.eu\/urun\/simit-ankara\/#primaryimage\"},\"thumbnailUrl\":\"https:\/\/beynur.eu\/wp-content\/uploads\/2020\/12\/21.png\",\"datePublished\":\"2021-12-07T16:50:48+00:00\",\"dateModified\":\"2026-04-30T12:11:39+00:00\",\"breadcrumb\":{\"@id\":\"https:\/\/beynur.eu\/urun\/simit-ankara\/#breadcrumb\"},\"inLanguage\":\"fr-FR\",\"potentialAction\":[{\"@type\":\"ReadAction\",\"target\":[\"https:\/\/beynur.eu\/urun\/simit-ankara\/\"]}]},{\"@type\":\"ImageObject\",\"inLanguage\":\"fr-FR\",\"@id\":\"https:\/\/beynur.eu\/urun\/simit-ankara\/#primaryimage\",\"url\":\"https:\/\/beynur.eu\/wp-content\/uploads\/2020\/12\/21.png\",\"contentUrl\":\"https:\/\/beynur.eu\/wp-content\/uploads\/2020\/12\/21.png\",\"width\":1000,\"height\":1000},{\"@type\":\"BreadcrumbList\",\"@id\":\"https:\/\/beynur.eu\/urun\/simit-ankara\/#breadcrumb\",\"itemListElement\":[{\"@type\":\"ListItem\",\"position\":1,\"name\":\"Home\",\"item\":\"https:\/\/beynur.eu\/\"},{\"@type\":\"ListItem\",\"position\":2,\"name\":\"\u00dcr\u00fcnlerimiz\",\"item\":\"https:\/\/beynur.eu\/en\/urunlerimiz\/\"},{\"@type\":\"ListItem\",\"position\":3,\"name\":\"Simit Ankara\"}]},{\"@type\":\"WebSite\",\"@id\":\"https:\/\/beynur.eu\/#website\",\"url\":\"https:\/\/beynur.eu\/\",\"name\":\"Beynur\",\"description\":\"\u0130lk g\u00fcnk\u00fc a\u015fkla, muhte\u015fem tatlar.\",\"potentialAction\":[{\"@type\":\"SearchAction\",\"target\":{\"@type\":\"EntryPoint\",\"urlTemplate\":\"https:\/\/beynur.eu\/?s={search_term_string}\"},\"query-input\":{\"@type\":\"PropertyValueSpecification\",\"valueRequired\":true,\"valueName\":\"search_term_string\"}}],\"inLanguage\":\"fr-FR\"}]}<\/script>\n<!-- \/ Yoast SEO plugin. -->","yoast_head_json":{"title":"Simit Ankara - Beynur","robots":{"index":"index","follow":"follow","max-snippet":"max-snippet:-1","max-image-preview":"max-image-preview:large","max-video-preview":"max-video-preview:-1"},"canonical":"https:\/\/beynur.eu\/fr\/produit\/feuillete-fromage-roule-en-cercle\/","og_locale":"fr_FR","og_type":"article","og_title":"Simit Ankara - Beynur","og_description":"Dondurulmu\u015f Simit (4\u2019l\u00fc Paket)  Beynur\u2019un dondurulmu\u015f simidi, geleneksel simit lezzetini pratik bir \u015fekilde sofralar\u0131n\u0131za ta\u015f\u0131yan ideal bir \u00fcr\u00fcn. D\u0131\u015f\u0131 bol susaml\u0131 ve hafif \u00e7\u0131t\u0131r, i\u00e7i ise yumu\u015fak dokusuyla \u00f6ne \u00e7\u0131kan bu simit; kahvalt\u0131larda, ara \u00f6\u011f\u00fcnlerde ve \u00e7ay saatlerinde keyifle t\u00fcketilebilecek lezzetli bir alternatif.  \u00d6zenle haz\u0131rlay\u0131p dondurulmu\u015f olarak sundu\u011fumuz bu \u00fcr\u00fcn, \u00f6zellikle yo\u011fun g\u00fcnlerde k\u0131sa s\u00fcrede haz\u0131r hale getirilebildi\u011fi i\u00e7in size b\u00fcy\u00fck kolayl\u0131k sa\u011flayacak. Paket i\u00e7erisinde 4 adet simit bulunmakta olup \u00fcr\u00fcn\u00fcn net a\u011f\u0131rl\u0131\u011f\u0131 420 g\u2019d\u0131r.  Haz\u0131rlamas\u0131 ise son derece pratik. Simitleri \u00f6nceden \u0131s\u0131t\u0131lm\u0131\u015f f\u0131r\u0131nda 180 derecede yakla\u015f\u0131k 4 dakika \u0131s\u0131tman\u0131z yeterli. K\u0131sa s\u00fcrede servise haz\u0131r hale gelen simitleri; peynir, zeytin, domates, salatal\u0131k, re\u00e7el veya \u00e7ay ile birlikte son derece uyumlu bir \u015fekilde t\u00fcketebilirsiniz.","og_url":"https:\/\/beynur.eu\/fr\/produit\/feuillete-fromage-roule-en-cercle\/","og_site_name":"Beynur","article_modified_time":"2026-04-30T12:11:39+00:00","og_image":[{"width":1000,"height":1000,"url":"https:\/\/beynur.eu\/wp-content\/uploads\/2020\/12\/21.png","type":"image\/png"}],"twitter_card":"summary_large_image","twitter_misc":{"Dur\u00e9e de lecture estim\u00e9e":"1 minute"},"schema":{"@context":"https:\/\/schema.org","@graph":[{"@type":"WebPage","@id":"https:\/\/beynur.eu\/urun\/simit-ankara\/","url":"https:\/\/beynur.eu\/urun\/simit-ankara\/","name":"Simit Ankara - Beynur","isPartOf":{"@id":"https:\/\/beynur.eu\/#website"},"primaryImageOfPage":{"@id":"https:\/\/beynur.eu\/urun\/simit-ankara\/#primaryimage"},"image":{"@id":"https:\/\/beynur.eu\/urun\/simit-ankara\/#primaryimage"},"thumbnailUrl":"https:\/\/beynur.eu\/wp-content\/uploads\/2020\/12\/21.png","datePublished":"2021-12-07T16:50:48+00:00","dateModified":"2026-04-30T12:11:39+00:00","breadcrumb":{"@id":"https:\/\/beynur.eu\/urun\/simit-ankara\/#breadcrumb"},"inLanguage":"fr-FR","potentialAction":[{"@type":"ReadAction","target":["https:\/\/beynur.eu\/urun\/simit-ankara\/"]}]},{"@type":"ImageObject","inLanguage":"fr-FR","@id":"https:\/\/beynur.eu\/urun\/simit-ankara\/#primaryimage","url":"https:\/\/beynur.eu\/wp-content\/uploads\/2020\/12\/21.png","contentUrl":"https:\/\/beynur.eu\/wp-content\/uploads\/2020\/12\/21.png","width":1000,"height":1000},{"@type":"BreadcrumbList","@id":"https:\/\/beynur.eu\/urun\/simit-ankara\/#breadcrumb","itemListElement":[{"@type":"ListItem","position":1,"name":"Home","item":"https:\/\/beynur.eu\/"},{"@type":"ListItem","position":2,"name":"\u00dcr\u00fcnlerimiz","item":"https:\/\/beynur.eu\/en\/urunlerimiz\/"},{"@type":"ListItem","position":3,"name":"Simit Ankara"}]},{"@type":"WebSite","@id":"https:\/\/beynur.eu\/#website","url":"https:\/\/beynur.eu\/","name":"Beynur","description":"\u0130lk g\u00fcnk\u00fc a\u015fkla, muhte\u015fem tatlar.","potentialAction":[{"@type":"SearchAction","target":{"@type":"EntryPoint","urlTemplate":"https:\/\/beynur.eu\/?s={search_term_string}"},"query-input":{"@type":"PropertyValueSpecification","valueRequired":true,"valueName":"search_term_string"}}],"inLanguage":"fr-FR"}]}},"_links":{"self":[{"href":"https:\/\/beynur.eu\/fr\/wp-json\/wp\/v2\/product\/881","targetHints":{"allow":["GET"]}}],"collection":[{"href":"https:\/\/beynur.eu\/fr\/wp-json\/wp\/v2\/product"}],"about":[{"href":"https:\/\/beynur.eu\/fr\/wp-json\/wp\/v2\/types\/product"}],"wp:featuredmedia":[{"embeddable":true,"href":"https:\/\/beynur.eu\/fr\/wp-json\/wp\/v2\/media\/1628"}],"wp:attachment":[{"href":"https:\/\/beynur.eu\/fr\/wp-json\/wp\/v2\/media?parent=881"}],"wp:term":[{"taxonomy":"product_brand","embeddable":true,"href":"https:\/\/beynur.eu\/fr\/wp-json\/wp\/v2\/product_brand?post=881"},{"taxonomy":"product_cat","embeddable":true,"href":"https:\/\/beynur.eu\/fr\/wp-json\/wp\/v2\/product_cat?post=881"},{"taxonomy":"product_tag","embeddable":true,"href":"https:\/\/beynur.eu\/fr\/wp-json\/wp\/v2\/product_tag?post=881"}],"curies":[{"name":"wp","href":"https:\/\/api.w.org\/{rel}","templated":true}]}}