{"id":142,"date":"2018-03-31T21:24:43","date_gmt":"2018-03-31T21:24:43","guid":{"rendered":"https:\/\/beynur.eu\/?post_type=product&#038;p=142"},"modified":"2026-03-08T12:40:03","modified_gmt":"2026-03-08T12:40:03","slug":"balik-burger","status":"publish","type":"product","link":"https:\/\/beynur.eu\/nl\/product-2\/visburger\/","title":{"rendered":"Visburger"},"content":{"rendered":"<p>Beynur Fish Burger is een delicatesse van verse vis. De vis wordt verpletterd met paneermeel en knapperig brood.<\/p>\n<p>Je kunt Fish Burger proberen met verschillende sauzen en een leuke tafel bereiden met frietjes. Met Beynur Fish Burger zorgt u ervoor dat uw kinderen van vis houden en gezonder worden.<\/p>\n<p>Dit product, dat gefrituurd en diepgevroren is, kan eenvoudig worden bereid in een magnetron en verrijkt uw tafel met een hoge voedingswaarde.<\/p>\n<p><strong>Opslag:<\/strong><\/p>\n<p>2 dagen in de koelkast.<\/p>\n<p>E\u00e9n ster, 1 week in de vriezer.<\/p>\n<p>Dubbele ster ** 2 weken in de vriezer<\/p>\n<p>Drie sterren *** in de vriezer (-18 \u00b0 C): zie vervaldatum.<\/p>","protected":false},"excerpt":{"rendered":"<p>Beynur Fish Burger is een delicatesse van verse vis. De vis wordt verpletterd met paneermeel en knapperig brood.<\/p>\n<p>Je kunt Fish Burger proberen met verschillende sauzen en een leuke tafel bereiden met frietjes. Met Beynur Fish Burger zorgt u ervoor dat uw kinderen van vis houden en gezonder worden.<\/p>","protected":false},"featured_media":264,"template":"","meta":[],"product_brand":[],"product_cat":[19],"product_tag":[],"class_list":{"0":"post-142","1":"product","2":"type-product","3":"status-publish","4":"has-post-thumbnail","6":"product_cat-balik-urunleri","8":"first","9":"instock","10":"shipping-taxable","11":"product-type-simple"},"yoast_head":"<!-- This site is optimized with the Yoast SEO plugin v26.8 - https:\/\/yoast.com\/product\/yoast-seo-wordpress\/ -->\n<title>Bal\u0131k Burger - Beynur<\/title>\n<meta name=\"robots\" content=\"index, follow, max-snippet:-1, max-image-preview:large, max-video-preview:-1\" \/>\n<link rel=\"canonical\" href=\"https:\/\/beynur.eu\/nl\/product-2\/visburger\/\" \/>\n<meta property=\"og:locale\" content=\"nl_NL\" \/>\n<meta property=\"og:type\" content=\"article\" \/>\n<meta property=\"og:title\" content=\"Bal\u0131k Burger - Beynur\" \/>\n<meta property=\"og:description\" content=\"Beynur Bal\u0131k Burger, taze bal\u0131klar\u0131n k\u00f6fte haline getirilmesi ile olu\u015fan bir lezzettir. \u00c7ocuklar\u0131n\u0131z\u0131n severek yiyece\u011fi Bal\u0131k Burger ekmek k\u0131r\u0131nt\u0131lar\u0131 ve \u00e7\u0131t\u0131r pane harc\u0131 ile k\u0131zart\u0131larak \u00fcretilmi\u015ftir.  Haz\u0131rlan\u0131\u015f\u0131 pratik, lezzeti enfes olan Bal\u0131k Burger\u2019i farkl\u0131 soslarla deneyebilir yan\u0131na k\u0131zartmalarla g\u00fczel bir sofra haz\u0131rlayabilirsiniz. Beynur Bal\u0131k Burger ile \u00e7ocuklar\u0131n\u0131za bal\u0131\u011f\u0131 sevdirecek ve daha sa\u011fl\u0131kl\u0131 yeti\u015fmelerini sa\u011flayacaks\u0131n\u0131z.\" \/>\n<meta property=\"og:url\" content=\"https:\/\/beynur.eu\/nl\/product-2\/visburger\/\" \/>\n<meta property=\"og:site_name\" content=\"Beynur\" \/>\n<meta property=\"article:modified_time\" content=\"2026-03-08T12:40:03+00:00\" \/>\n<meta property=\"og:image\" content=\"https:\/\/beynur.eu\/wp-content\/uploads\/2018\/03\/balik-burger-1.jpg\" \/>\n\t<meta property=\"og:image:width\" content=\"1000\" \/>\n\t<meta property=\"og:image:height\" content=\"1000\" \/>\n\t<meta property=\"og:image:type\" content=\"image\/jpeg\" \/>\n<meta name=\"twitter:card\" content=\"summary_large_image\" \/>\n<meta name=\"twitter:label1\" content=\"Verwachte leestijd\" \/>\n\t<meta name=\"twitter:data1\" content=\"1 minuut\" \/>\n<script type=\"application\/ld+json\" class=\"yoast-schema-graph\">{\"@context\":\"https:\/\/schema.org\",\"@graph\":[{\"@type\":\"WebPage\",\"@id\":\"https:\/\/beynur.eu\/urun\/balik-burger\/\",\"url\":\"https:\/\/beynur.eu\/urun\/balik-burger\/\",\"name\":\"Bal\u0131k Burger - Beynur\",\"isPartOf\":{\"@id\":\"https:\/\/beynur.eu\/#website\"},\"primaryImageOfPage\":{\"@id\":\"https:\/\/beynur.eu\/urun\/balik-burger\/#primaryimage\"},\"image\":{\"@id\":\"https:\/\/beynur.eu\/urun\/balik-burger\/#primaryimage\"},\"thumbnailUrl\":\"https:\/\/beynur.eu\/wp-content\/uploads\/2018\/03\/balik-burger-1.jpg\",\"datePublished\":\"2018-03-31T21:24:43+00:00\",\"dateModified\":\"2026-03-08T12:40:03+00:00\",\"breadcrumb\":{\"@id\":\"https:\/\/beynur.eu\/urun\/balik-burger\/#breadcrumb\"},\"inLanguage\":\"nl-NL\",\"potentialAction\":[{\"@type\":\"ReadAction\",\"target\":[\"https:\/\/beynur.eu\/urun\/balik-burger\/\"]}]},{\"@type\":\"ImageObject\",\"inLanguage\":\"nl-NL\",\"@id\":\"https:\/\/beynur.eu\/urun\/balik-burger\/#primaryimage\",\"url\":\"https:\/\/beynur.eu\/wp-content\/uploads\/2018\/03\/balik-burger-1.jpg\",\"contentUrl\":\"https:\/\/beynur.eu\/wp-content\/uploads\/2018\/03\/balik-burger-1.jpg\",\"width\":1000,\"height\":1000},{\"@type\":\"BreadcrumbList\",\"@id\":\"https:\/\/beynur.eu\/urun\/balik-burger\/#breadcrumb\",\"itemListElement\":[{\"@type\":\"ListItem\",\"position\":1,\"name\":\"Home\",\"item\":\"https:\/\/beynur.eu\/\"},{\"@type\":\"ListItem\",\"position\":2,\"name\":\"\u00dcr\u00fcnlerimiz\",\"item\":\"https:\/\/beynur.eu\/en\/urunlerimiz\/\"},{\"@type\":\"ListItem\",\"position\":3,\"name\":\"Bal\u0131k Burger\"}]},{\"@type\":\"WebSite\",\"@id\":\"https:\/\/beynur.eu\/#website\",\"url\":\"https:\/\/beynur.eu\/\",\"name\":\"Beynur\",\"description\":\"\u0130lk g\u00fcnk\u00fc a\u015fkla, muhte\u015fem tatlar.\",\"potentialAction\":[{\"@type\":\"SearchAction\",\"target\":{\"@type\":\"EntryPoint\",\"urlTemplate\":\"https:\/\/beynur.eu\/?s={search_term_string}\"},\"query-input\":{\"@type\":\"PropertyValueSpecification\",\"valueRequired\":true,\"valueName\":\"search_term_string\"}}],\"inLanguage\":\"nl-NL\"}]}<\/script>\n<!-- \/ Yoast SEO plugin. -->","yoast_head_json":{"title":"Bal\u0131k Burger - Beynur","robots":{"index":"index","follow":"follow","max-snippet":"max-snippet:-1","max-image-preview":"max-image-preview:large","max-video-preview":"max-video-preview:-1"},"canonical":"https:\/\/beynur.eu\/nl\/product-2\/visburger\/","og_locale":"nl_NL","og_type":"article","og_title":"Bal\u0131k Burger - Beynur","og_description":"Beynur Bal\u0131k Burger, taze bal\u0131klar\u0131n k\u00f6fte haline getirilmesi ile olu\u015fan bir lezzettir. \u00c7ocuklar\u0131n\u0131z\u0131n severek yiyece\u011fi Bal\u0131k Burger ekmek k\u0131r\u0131nt\u0131lar\u0131 ve \u00e7\u0131t\u0131r pane harc\u0131 ile k\u0131zart\u0131larak \u00fcretilmi\u015ftir.  Haz\u0131rlan\u0131\u015f\u0131 pratik, lezzeti enfes olan Bal\u0131k Burger\u2019i farkl\u0131 soslarla deneyebilir yan\u0131na k\u0131zartmalarla g\u00fczel bir sofra haz\u0131rlayabilirsiniz. Beynur Bal\u0131k Burger ile \u00e7ocuklar\u0131n\u0131za bal\u0131\u011f\u0131 sevdirecek ve daha sa\u011fl\u0131kl\u0131 yeti\u015fmelerini sa\u011flayacaks\u0131n\u0131z.","og_url":"https:\/\/beynur.eu\/nl\/product-2\/visburger\/","og_site_name":"Beynur","article_modified_time":"2026-03-08T12:40:03+00:00","og_image":[{"width":1000,"height":1000,"url":"https:\/\/beynur.eu\/wp-content\/uploads\/2018\/03\/balik-burger-1.jpg","type":"image\/jpeg"}],"twitter_card":"summary_large_image","twitter_misc":{"Verwachte leestijd":"1 minuut"},"schema":{"@context":"https:\/\/schema.org","@graph":[{"@type":"WebPage","@id":"https:\/\/beynur.eu\/urun\/balik-burger\/","url":"https:\/\/beynur.eu\/urun\/balik-burger\/","name":"Bal\u0131k Burger - Beynur","isPartOf":{"@id":"https:\/\/beynur.eu\/#website"},"primaryImageOfPage":{"@id":"https:\/\/beynur.eu\/urun\/balik-burger\/#primaryimage"},"image":{"@id":"https:\/\/beynur.eu\/urun\/balik-burger\/#primaryimage"},"thumbnailUrl":"https:\/\/beynur.eu\/wp-content\/uploads\/2018\/03\/balik-burger-1.jpg","datePublished":"2018-03-31T21:24:43+00:00","dateModified":"2026-03-08T12:40:03+00:00","breadcrumb":{"@id":"https:\/\/beynur.eu\/urun\/balik-burger\/#breadcrumb"},"inLanguage":"nl-NL","potentialAction":[{"@type":"ReadAction","target":["https:\/\/beynur.eu\/urun\/balik-burger\/"]}]},{"@type":"ImageObject","inLanguage":"nl-NL","@id":"https:\/\/beynur.eu\/urun\/balik-burger\/#primaryimage","url":"https:\/\/beynur.eu\/wp-content\/uploads\/2018\/03\/balik-burger-1.jpg","contentUrl":"https:\/\/beynur.eu\/wp-content\/uploads\/2018\/03\/balik-burger-1.jpg","width":1000,"height":1000},{"@type":"BreadcrumbList","@id":"https:\/\/beynur.eu\/urun\/balik-burger\/#breadcrumb","itemListElement":[{"@type":"ListItem","position":1,"name":"Home","item":"https:\/\/beynur.eu\/"},{"@type":"ListItem","position":2,"name":"\u00dcr\u00fcnlerimiz","item":"https:\/\/beynur.eu\/en\/urunlerimiz\/"},{"@type":"ListItem","position":3,"name":"Bal\u0131k Burger"}]},{"@type":"WebSite","@id":"https:\/\/beynur.eu\/#website","url":"https:\/\/beynur.eu\/","name":"Beynur","description":"\u0130lk g\u00fcnk\u00fc a\u015fkla, muhte\u015fem tatlar.","potentialAction":[{"@type":"SearchAction","target":{"@type":"EntryPoint","urlTemplate":"https:\/\/beynur.eu\/?s={search_term_string}"},"query-input":{"@type":"PropertyValueSpecification","valueRequired":true,"valueName":"search_term_string"}}],"inLanguage":"nl-NL"}]}},"_links":{"self":[{"href":"https:\/\/beynur.eu\/nl\/wp-json\/wp\/v2\/product\/142","targetHints":{"allow":["GET"]}}],"collection":[{"href":"https:\/\/beynur.eu\/nl\/wp-json\/wp\/v2\/product"}],"about":[{"href":"https:\/\/beynur.eu\/nl\/wp-json\/wp\/v2\/types\/product"}],"wp:featuredmedia":[{"embeddable":true,"href":"https:\/\/beynur.eu\/nl\/wp-json\/wp\/v2\/media\/264"}],"wp:attachment":[{"href":"https:\/\/beynur.eu\/nl\/wp-json\/wp\/v2\/media?parent=142"}],"wp:term":[{"taxonomy":"product_brand","embeddable":true,"href":"https:\/\/beynur.eu\/nl\/wp-json\/wp\/v2\/product_brand?post=142"},{"taxonomy":"product_cat","embeddable":true,"href":"https:\/\/beynur.eu\/nl\/wp-json\/wp\/v2\/product_cat?post=142"},{"taxonomy":"product_tag","embeddable":true,"href":"https:\/\/beynur.eu\/nl\/wp-json\/wp\/v2\/product_tag?post=142"}],"curies":[{"name":"wp","href":"https:\/\/api.w.org\/{rel}","templated":true}]}}