{"id":157,"date":"2018-03-31T21:45:27","date_gmt":"2018-03-31T21:45:27","guid":{"rendered":"https:\/\/beynur.eu\/?post_type=product&#038;p=157"},"modified":"2026-03-12T12:20:01","modified_gmt":"2026-03-12T12:20:01","slug":"tavuk-tenders","status":"publish","type":"product","link":"https:\/\/beynur.eu\/nl\/product-2\/kip-tenders\/","title":{"rendered":"Kippen Tenders"},"content":{"rendered":"<p>Voorgekookte en ingevroren Chicken mini-filets zijn onmisbaar voor zowel snacks als hoofdmaaltijden.<\/p>\n<p>Beynur Chicken Tenders, die door uw kinderen worden geconsumeerd met verschillende sauzen, zullen u voorzien van een gezonde en gezonde manier van wit vlees met zijn 720g-pakket.<\/p>\n<p>Met Beynur Chicken Tenders kunt u uw gasten verrassen. Ons product, dat zowel zeer praktisch als heerlijk is, wordt geproduceerd van kippen die worden gesneden volgens islamitische methoden en worden verwerkt in een fabriek die eieren, melk, soja, selderij en mosterd verwerkt.<\/p>\n<p>&nbsp;<\/p>\n<p><strong>Koken Instructies:<\/strong><\/p>\n<p>Kook als bevroren. Frituurpan of frituurpan: 180 \u00b0 C, 3,5-5 minuten. Koken na ontdooien: frituurpan: 180 \u00b0 C, 3-4 minuten. Voorverwarmde oven: 220 \u00b0 C, 12-16 minuten. Na ontdooien: 8-12 minuten. Pan: 2 \u00d7 8 minuten.<\/p>\n<p>&nbsp;<\/p>\n<p><strong>Opslag:<\/strong><\/p>\n<p>Vriezer: 18 maanden onder -18 \u00b0 C na productiedatum.<\/p>\n<p>Vriezer: -12 \u00b0 C gedurende 1 maand.<\/p>\n<p>Koelkast: een dag onder 7 \u00b0 C.<\/p>\n<p>Gelieve niet opnieuw te bevriezen na ontdooien.<\/p>","protected":false},"excerpt":{"rendered":"<p>Voorgekookte en ingevroren Chicken mini-filets zijn onmisbaar voor zowel snacks als hoofdmaaltijden.<\/p>\n<p>Beynur Chicken Tenders, die door uw kinderen worden geconsumeerd met verschillende sauzen, zullen u voorzien van een gezonde en gezonde manier van wit vlees met zijn 720g-pakket.<\/p>","protected":false},"featured_media":282,"template":"","meta":[],"product_brand":[],"product_cat":[18],"product_tag":[],"class_list":{"0":"post-157","1":"product","2":"type-product","3":"status-publish","4":"has-post-thumbnail","6":"product_cat-tavuk-ve-hindi-urunleri","8":"first","9":"instock","10":"shipping-taxable","11":"product-type-simple"},"yoast_head":"<!-- This site is optimized with the Yoast SEO plugin v26.8 - https:\/\/yoast.com\/product\/yoast-seo-wordpress\/ -->\n<title>Tavuk Tenders - Beynur<\/title>\n<meta name=\"robots\" content=\"index, follow, max-snippet:-1, max-image-preview:large, max-video-preview:-1\" \/>\n<link rel=\"canonical\" href=\"https:\/\/beynur.eu\/nl\/product-2\/kip-tenders\/\" \/>\n<meta property=\"og:locale\" content=\"nl_NL\" \/>\n<meta property=\"og:type\" content=\"article\" \/>\n<meta property=\"og:title\" content=\"Tavuk Tenders - Beynur\" \/>\n<meta property=\"og:description\" content=\"\u00d6nceden pi\u015firilmi\u015f ve dondurulmu\u015f Tavuk mini filetolar hem at\u0131\u015ft\u0131rmal\u0131k hem de ana \u00f6\u011f\u00fcnlerinizin vazge\u00e7ilmezi olacak.  Yapaca\u011f\u0131n\u0131z \u00e7e\u015fitli soslarla \u00e7ocuklar\u0131n\u0131z\u0131n da severek t\u00fcketece\u011fi Beynur Tavuk Tenders 720gr\u2019l\u0131k paketi ile beyaz et ihtiyac\u0131n\u0131z\u0131 doyas\u0131ya ve sa\u011fl\u0131kl\u0131 bir \u015fekilde giderir. Pratik kullan\u0131m\u0131 ile ortalama besin de\u011ferlerinde sa\u011fl\u0131\u011f\u0131n\u0131za sa\u011fl\u0131k katar. Beynur Tavuk Tenders ile davetsiz misafirleriniz i\u00e7in k\u0131sa s\u00fcrede g\u00fczel bir sofra haz\u0131rlayarak e\u015fsiz ve farkl\u0131 soslarla konuklar\u0131n\u0131z\u0131 \u015fa\u015f\u0131rtabilirsiniz.\" \/>\n<meta property=\"og:url\" content=\"https:\/\/beynur.eu\/nl\/product-2\/kip-tenders\/\" \/>\n<meta property=\"og:site_name\" content=\"Beynur\" \/>\n<meta property=\"article:modified_time\" content=\"2026-03-12T12:20:01+00:00\" \/>\n<meta property=\"og:image\" content=\"https:\/\/beynur.eu\/wp-content\/uploads\/2018\/03\/tenders.jpg\" \/>\n\t<meta property=\"og:image:width\" content=\"1000\" \/>\n\t<meta property=\"og:image:height\" content=\"1000\" \/>\n\t<meta property=\"og:image:type\" content=\"image\/jpeg\" \/>\n<meta name=\"twitter:card\" content=\"summary_large_image\" \/>\n<meta name=\"twitter:label1\" content=\"Verwachte leestijd\" \/>\n\t<meta name=\"twitter:data1\" content=\"2 minuten\" \/>\n<script type=\"application\/ld+json\" class=\"yoast-schema-graph\">{\"@context\":\"https:\/\/schema.org\",\"@graph\":[{\"@type\":\"WebPage\",\"@id\":\"https:\/\/beynur.eu\/urun\/tavuk-tenders\/\",\"url\":\"https:\/\/beynur.eu\/urun\/tavuk-tenders\/\",\"name\":\"Tavuk Tenders - Beynur\",\"isPartOf\":{\"@id\":\"https:\/\/beynur.eu\/#website\"},\"primaryImageOfPage\":{\"@id\":\"https:\/\/beynur.eu\/urun\/tavuk-tenders\/#primaryimage\"},\"image\":{\"@id\":\"https:\/\/beynur.eu\/urun\/tavuk-tenders\/#primaryimage\"},\"thumbnailUrl\":\"https:\/\/beynur.eu\/wp-content\/uploads\/2018\/03\/tenders.jpg\",\"datePublished\":\"2018-03-31T21:45:27+00:00\",\"dateModified\":\"2026-03-12T12:20:01+00:00\",\"breadcrumb\":{\"@id\":\"https:\/\/beynur.eu\/urun\/tavuk-tenders\/#breadcrumb\"},\"inLanguage\":\"nl-NL\",\"potentialAction\":[{\"@type\":\"ReadAction\",\"target\":[\"https:\/\/beynur.eu\/urun\/tavuk-tenders\/\"]}]},{\"@type\":\"ImageObject\",\"inLanguage\":\"nl-NL\",\"@id\":\"https:\/\/beynur.eu\/urun\/tavuk-tenders\/#primaryimage\",\"url\":\"https:\/\/beynur.eu\/wp-content\/uploads\/2018\/03\/tenders.jpg\",\"contentUrl\":\"https:\/\/beynur.eu\/wp-content\/uploads\/2018\/03\/tenders.jpg\",\"width\":1000,\"height\":1000},{\"@type\":\"BreadcrumbList\",\"@id\":\"https:\/\/beynur.eu\/urun\/tavuk-tenders\/#breadcrumb\",\"itemListElement\":[{\"@type\":\"ListItem\",\"position\":1,\"name\":\"Home\",\"item\":\"https:\/\/beynur.eu\/\"},{\"@type\":\"ListItem\",\"position\":2,\"name\":\"\u00dcr\u00fcnlerimiz\",\"item\":\"https:\/\/beynur.eu\/en\/urunlerimiz\/\"},{\"@type\":\"ListItem\",\"position\":3,\"name\":\"Tavuk Tenders\"}]},{\"@type\":\"WebSite\",\"@id\":\"https:\/\/beynur.eu\/#website\",\"url\":\"https:\/\/beynur.eu\/\",\"name\":\"Beynur\",\"description\":\"\u0130lk g\u00fcnk\u00fc a\u015fkla, muhte\u015fem tatlar.\",\"potentialAction\":[{\"@type\":\"SearchAction\",\"target\":{\"@type\":\"EntryPoint\",\"urlTemplate\":\"https:\/\/beynur.eu\/?s={search_term_string}\"},\"query-input\":{\"@type\":\"PropertyValueSpecification\",\"valueRequired\":true,\"valueName\":\"search_term_string\"}}],\"inLanguage\":\"nl-NL\"}]}<\/script>\n<!-- \/ Yoast SEO plugin. -->","yoast_head_json":{"title":"Tavuk Tenders - Beynur","robots":{"index":"index","follow":"follow","max-snippet":"max-snippet:-1","max-image-preview":"max-image-preview:large","max-video-preview":"max-video-preview:-1"},"canonical":"https:\/\/beynur.eu\/nl\/product-2\/kip-tenders\/","og_locale":"nl_NL","og_type":"article","og_title":"Tavuk Tenders - Beynur","og_description":"\u00d6nceden pi\u015firilmi\u015f ve dondurulmu\u015f Tavuk mini filetolar hem at\u0131\u015ft\u0131rmal\u0131k hem de ana \u00f6\u011f\u00fcnlerinizin vazge\u00e7ilmezi olacak.  Yapaca\u011f\u0131n\u0131z \u00e7e\u015fitli soslarla \u00e7ocuklar\u0131n\u0131z\u0131n da severek t\u00fcketece\u011fi Beynur Tavuk Tenders 720gr\u2019l\u0131k paketi ile beyaz et ihtiyac\u0131n\u0131z\u0131 doyas\u0131ya ve sa\u011fl\u0131kl\u0131 bir \u015fekilde giderir. Pratik kullan\u0131m\u0131 ile ortalama besin de\u011ferlerinde sa\u011fl\u0131\u011f\u0131n\u0131za sa\u011fl\u0131k katar. Beynur Tavuk Tenders ile davetsiz misafirleriniz i\u00e7in k\u0131sa s\u00fcrede g\u00fczel bir sofra haz\u0131rlayarak e\u015fsiz ve farkl\u0131 soslarla konuklar\u0131n\u0131z\u0131 \u015fa\u015f\u0131rtabilirsiniz.","og_url":"https:\/\/beynur.eu\/nl\/product-2\/kip-tenders\/","og_site_name":"Beynur","article_modified_time":"2026-03-12T12:20:01+00:00","og_image":[{"width":1000,"height":1000,"url":"https:\/\/beynur.eu\/wp-content\/uploads\/2018\/03\/tenders.jpg","type":"image\/jpeg"}],"twitter_card":"summary_large_image","twitter_misc":{"Verwachte leestijd":"2 minuten"},"schema":{"@context":"https:\/\/schema.org","@graph":[{"@type":"WebPage","@id":"https:\/\/beynur.eu\/urun\/tavuk-tenders\/","url":"https:\/\/beynur.eu\/urun\/tavuk-tenders\/","name":"Tavuk Tenders - Beynur","isPartOf":{"@id":"https:\/\/beynur.eu\/#website"},"primaryImageOfPage":{"@id":"https:\/\/beynur.eu\/urun\/tavuk-tenders\/#primaryimage"},"image":{"@id":"https:\/\/beynur.eu\/urun\/tavuk-tenders\/#primaryimage"},"thumbnailUrl":"https:\/\/beynur.eu\/wp-content\/uploads\/2018\/03\/tenders.jpg","datePublished":"2018-03-31T21:45:27+00:00","dateModified":"2026-03-12T12:20:01+00:00","breadcrumb":{"@id":"https:\/\/beynur.eu\/urun\/tavuk-tenders\/#breadcrumb"},"inLanguage":"nl-NL","potentialAction":[{"@type":"ReadAction","target":["https:\/\/beynur.eu\/urun\/tavuk-tenders\/"]}]},{"@type":"ImageObject","inLanguage":"nl-NL","@id":"https:\/\/beynur.eu\/urun\/tavuk-tenders\/#primaryimage","url":"https:\/\/beynur.eu\/wp-content\/uploads\/2018\/03\/tenders.jpg","contentUrl":"https:\/\/beynur.eu\/wp-content\/uploads\/2018\/03\/tenders.jpg","width":1000,"height":1000},{"@type":"BreadcrumbList","@id":"https:\/\/beynur.eu\/urun\/tavuk-tenders\/#breadcrumb","itemListElement":[{"@type":"ListItem","position":1,"name":"Home","item":"https:\/\/beynur.eu\/"},{"@type":"ListItem","position":2,"name":"\u00dcr\u00fcnlerimiz","item":"https:\/\/beynur.eu\/en\/urunlerimiz\/"},{"@type":"ListItem","position":3,"name":"Tavuk Tenders"}]},{"@type":"WebSite","@id":"https:\/\/beynur.eu\/#website","url":"https:\/\/beynur.eu\/","name":"Beynur","description":"\u0130lk g\u00fcnk\u00fc a\u015fkla, muhte\u015fem tatlar.","potentialAction":[{"@type":"SearchAction","target":{"@type":"EntryPoint","urlTemplate":"https:\/\/beynur.eu\/?s={search_term_string}"},"query-input":{"@type":"PropertyValueSpecification","valueRequired":true,"valueName":"search_term_string"}}],"inLanguage":"nl-NL"}]}},"_links":{"self":[{"href":"https:\/\/beynur.eu\/nl\/wp-json\/wp\/v2\/product\/157","targetHints":{"allow":["GET"]}}],"collection":[{"href":"https:\/\/beynur.eu\/nl\/wp-json\/wp\/v2\/product"}],"about":[{"href":"https:\/\/beynur.eu\/nl\/wp-json\/wp\/v2\/types\/product"}],"wp:featuredmedia":[{"embeddable":true,"href":"https:\/\/beynur.eu\/nl\/wp-json\/wp\/v2\/media\/282"}],"wp:attachment":[{"href":"https:\/\/beynur.eu\/nl\/wp-json\/wp\/v2\/media?parent=157"}],"wp:term":[{"taxonomy":"product_brand","embeddable":true,"href":"https:\/\/beynur.eu\/nl\/wp-json\/wp\/v2\/product_brand?post=157"},{"taxonomy":"product_cat","embeddable":true,"href":"https:\/\/beynur.eu\/nl\/wp-json\/wp\/v2\/product_cat?post=157"},{"taxonomy":"product_tag","embeddable":true,"href":"https:\/\/beynur.eu\/nl\/wp-json\/wp\/v2\/product_tag?post=157"}],"curies":[{"name":"wp","href":"https:\/\/api.w.org\/{rel}","templated":true}]}}