{"id":159,"date":"2018-03-31T21:48:48","date_gmt":"2018-03-31T21:48:48","guid":{"rendered":"https:\/\/beynur.eu\/?post_type=product&#038;p=159"},"modified":"2026-03-12T11:01:23","modified_gmt":"2026-03-12T11:01:23","slug":"citir-tavuk-kanatlari","status":"publish","type":"product","link":"https:\/\/beynur.eu\/nl\/product-2\/citir-tavuk-kanatlari\/","title":{"rendered":"Krokante Kippenvleugels"},"content":{"rendered":"<p>Beynur Chicken Wings zal onmisbaar zijn in uw picknicks evenals uw keukens met knapperige gemarineerde kippenvleugels. Chicken Wings is een eenvoudig te gebruiken en praktisch product dat bij u past.<\/p>\n<p>Beynur Chicken Wings pakket van 700gr elimineert de behoefte aan wit vlees op een gezonde manier. Met praktisch gebruik is het geschikt voor de smaak van uw kinderen en draagt \u200b\u200bhet bij aan uw gezondheid. Met Beynur Chicken Wings kunt u uw gasten verrassen. De Chicken Wings die erg praktisch en heerlijk zijn, zijn gemaakt van kippen gesneden volgens Islamitische methoden.<\/p>\n<p>---<\/p>\n<p>&nbsp;<\/p>\n<p><strong>Opslag:<\/strong><\/p>\n<p>Vriezer: 18 maanden onder -18 C na productiedatum<\/p>\n<p>Icebox: -12C, 1 maand<\/p>\n<p>Koelkast: 1 dag onder 7C<\/p>\n<p>Na het ontdooien niet opnieuw invriezen.\n<br>\n<br>\nHet moet onmiddellijk na het ontdooien worden gebruikt. De wachttijd op het schap is beperkt na de resolutie.<\/p>","protected":false},"excerpt":{"rendered":"<p>Beynur Chicken Wings zal onmisbaar zijn in uw picknicks evenals uw keukens met knapperige gemarineerde kippenvleugels. Chicken Wings is een eenvoudig te gebruiken en praktisch product dat bij u past.<\/p>\n<p>Beynur Chicken Wings pakket van 700gr elimineert de behoefte aan wit vlees op een gezonde manier. Met praktisch gebruik is het geschikt voor de smaak van uw kinderen en draagt \u200b\u200bhet bij aan uw gezondheid. Met Beynur Chicken Wings kunt u uw gasten verrassen. De Chicken Wings die erg praktisch en heerlijk zijn, zijn gemaakt van kippen gesneden volgens Islamitische methoden.<\/p>","protected":false},"featured_media":1727,"template":"","meta":[],"product_brand":[],"product_cat":[18],"product_tag":[],"class_list":{"0":"post-159","1":"product","2":"type-product","3":"status-publish","4":"has-post-thumbnail","6":"product_cat-tavuk-ve-hindi-urunleri","8":"first","9":"instock","10":"featured","11":"shipping-taxable","12":"product-type-simple"},"yoast_head":"<!-- This site is optimized with the Yoast SEO plugin v26.8 - https:\/\/yoast.com\/product\/yoast-seo-wordpress\/ -->\n<title>\u00c7\u0131t\u0131r Tavuk Kanatlar\u0131 - Beynur<\/title>\n<meta name=\"robots\" content=\"index, follow, max-snippet:-1, max-image-preview:large, max-video-preview:-1\" \/>\n<link rel=\"canonical\" href=\"https:\/\/beynur.eu\/nl\/product-2\/citir-tavuk-kanatlari\/\" \/>\n<meta property=\"og:locale\" content=\"nl_NL\" \/>\n<meta property=\"og:type\" content=\"article\" \/>\n<meta property=\"og:title\" content=\"\u00c7\u0131t\u0131r Tavuk Kanatlar\u0131 - Beynur\" \/>\n<meta property=\"og:description\" content=\"Beynur Chicken Wings \u00e7\u0131t\u0131r marine edilmi\u015f tavuk kanatlar\u0131 ile mutfaklar\u0131n\u0131z\u0131n yan\u0131 s\u0131ra pikniklerinizde de vazge\u00e7ilmezi olacak. Chicken Wings damak tad\u0131n\u0131za uygun, tercih edilmesi kolay ve pratik bir \u00fcr\u00fcnd\u00fcr.  Beynur Chicken Wings 700gr\u2019l\u0131k paketi beyaz et ihtiyac\u0131n\u0131z\u0131 doyas\u0131ya ve sa\u011fl\u0131kl\u0131 bir \u015fekilde giderir. Pratik kullan\u0131m\u0131 ile \u00e7ocuklar\u0131n\u0131z\u0131n damak tad\u0131na uygun olup ortalama besin de\u011ferlerinde sa\u011fl\u0131\u011f\u0131n\u0131za sa\u011fl\u0131k katar. Beynur Chicken Wings ile davetsiz misafirleriniz i\u00e7in k\u0131sa s\u00fcrede g\u00fczel bir sofra haz\u0131rlayarak e\u015fsiz ve farkl\u0131 soslarla konuklar\u0131n\u0131z\u0131 \u015fa\u015f\u0131rtabilirsiniz.\" \/>\n<meta property=\"og:url\" content=\"https:\/\/beynur.eu\/nl\/product-2\/citir-tavuk-kanatlari\/\" \/>\n<meta property=\"og:site_name\" content=\"Beynur\" \/>\n<meta property=\"article:modified_time\" content=\"2026-03-12T11:01:23+00:00\" \/>\n<meta property=\"og:image\" content=\"https:\/\/beynur.eu\/wp-content\/uploads\/2018\/03\/crispy-chicken-wings-1024x1024.png\" \/>\n\t<meta property=\"og:image:width\" content=\"1024\" \/>\n\t<meta property=\"og:image:height\" content=\"1024\" \/>\n\t<meta property=\"og:image:type\" content=\"image\/png\" \/>\n<meta name=\"twitter:card\" content=\"summary_large_image\" \/>\n<meta name=\"twitter:label1\" content=\"Verwachte leestijd\" \/>\n\t<meta name=\"twitter:data1\" content=\"2 minuten\" \/>\n<script type=\"application\/ld+json\" class=\"yoast-schema-graph\">{\"@context\":\"https:\/\/schema.org\",\"@graph\":[{\"@type\":\"WebPage\",\"@id\":\"https:\/\/beynur.eu\/urun\/citir-tavuk-kanatlari\/\",\"url\":\"https:\/\/beynur.eu\/urun\/citir-tavuk-kanatlari\/\",\"name\":\"\u00c7\u0131t\u0131r Tavuk Kanatlar\u0131 - Beynur\",\"isPartOf\":{\"@id\":\"https:\/\/beynur.eu\/#website\"},\"primaryImageOfPage\":{\"@id\":\"https:\/\/beynur.eu\/urun\/citir-tavuk-kanatlari\/#primaryimage\"},\"image\":{\"@id\":\"https:\/\/beynur.eu\/urun\/citir-tavuk-kanatlari\/#primaryimage\"},\"thumbnailUrl\":\"https:\/\/beynur.eu\/wp-content\/uploads\/2018\/03\/crispy-chicken-wings.png\",\"datePublished\":\"2018-03-31T21:48:48+00:00\",\"dateModified\":\"2026-03-12T11:01:23+00:00\",\"breadcrumb\":{\"@id\":\"https:\/\/beynur.eu\/urun\/citir-tavuk-kanatlari\/#breadcrumb\"},\"inLanguage\":\"nl-NL\",\"potentialAction\":[{\"@type\":\"ReadAction\",\"target\":[\"https:\/\/beynur.eu\/urun\/citir-tavuk-kanatlari\/\"]}]},{\"@type\":\"ImageObject\",\"inLanguage\":\"nl-NL\",\"@id\":\"https:\/\/beynur.eu\/urun\/citir-tavuk-kanatlari\/#primaryimage\",\"url\":\"https:\/\/beynur.eu\/wp-content\/uploads\/2018\/03\/crispy-chicken-wings.png\",\"contentUrl\":\"https:\/\/beynur.eu\/wp-content\/uploads\/2018\/03\/crispy-chicken-wings.png\",\"width\":2000,\"height\":2000},{\"@type\":\"BreadcrumbList\",\"@id\":\"https:\/\/beynur.eu\/urun\/citir-tavuk-kanatlari\/#breadcrumb\",\"itemListElement\":[{\"@type\":\"ListItem\",\"position\":1,\"name\":\"Home\",\"item\":\"https:\/\/beynur.eu\/\"},{\"@type\":\"ListItem\",\"position\":2,\"name\":\"\u00dcr\u00fcnlerimiz\",\"item\":\"https:\/\/beynur.eu\/en\/urunlerimiz\/\"},{\"@type\":\"ListItem\",\"position\":3,\"name\":\"\u00c7\u0131t\u0131r Tavuk Kanatlar\u0131\"}]},{\"@type\":\"WebSite\",\"@id\":\"https:\/\/beynur.eu\/#website\",\"url\":\"https:\/\/beynur.eu\/\",\"name\":\"Beynur\",\"description\":\"\u0130lk g\u00fcnk\u00fc a\u015fkla, muhte\u015fem tatlar.\",\"potentialAction\":[{\"@type\":\"SearchAction\",\"target\":{\"@type\":\"EntryPoint\",\"urlTemplate\":\"https:\/\/beynur.eu\/?s={search_term_string}\"},\"query-input\":{\"@type\":\"PropertyValueSpecification\",\"valueRequired\":true,\"valueName\":\"search_term_string\"}}],\"inLanguage\":\"nl-NL\"}]}<\/script>\n<!-- \/ Yoast SEO plugin. -->","yoast_head_json":{"title":"\u00c7\u0131t\u0131r Tavuk Kanatlar\u0131 - Beynur","robots":{"index":"index","follow":"follow","max-snippet":"max-snippet:-1","max-image-preview":"max-image-preview:large","max-video-preview":"max-video-preview:-1"},"canonical":"https:\/\/beynur.eu\/nl\/product-2\/citir-tavuk-kanatlari\/","og_locale":"nl_NL","og_type":"article","og_title":"\u00c7\u0131t\u0131r Tavuk Kanatlar\u0131 - Beynur","og_description":"Beynur Chicken Wings \u00e7\u0131t\u0131r marine edilmi\u015f tavuk kanatlar\u0131 ile mutfaklar\u0131n\u0131z\u0131n yan\u0131 s\u0131ra pikniklerinizde de vazge\u00e7ilmezi olacak. Chicken Wings damak tad\u0131n\u0131za uygun, tercih edilmesi kolay ve pratik bir \u00fcr\u00fcnd\u00fcr.  Beynur Chicken Wings 700gr\u2019l\u0131k paketi beyaz et ihtiyac\u0131n\u0131z\u0131 doyas\u0131ya ve sa\u011fl\u0131kl\u0131 bir \u015fekilde giderir. Pratik kullan\u0131m\u0131 ile \u00e7ocuklar\u0131n\u0131z\u0131n damak tad\u0131na uygun olup ortalama besin de\u011ferlerinde sa\u011fl\u0131\u011f\u0131n\u0131za sa\u011fl\u0131k katar. Beynur Chicken Wings ile davetsiz misafirleriniz i\u00e7in k\u0131sa s\u00fcrede g\u00fczel bir sofra haz\u0131rlayarak e\u015fsiz ve farkl\u0131 soslarla konuklar\u0131n\u0131z\u0131 \u015fa\u015f\u0131rtabilirsiniz.","og_url":"https:\/\/beynur.eu\/nl\/product-2\/citir-tavuk-kanatlari\/","og_site_name":"Beynur","article_modified_time":"2026-03-12T11:01:23+00:00","og_image":[{"width":1024,"height":1024,"url":"https:\/\/beynur.eu\/wp-content\/uploads\/2018\/03\/crispy-chicken-wings-1024x1024.png","type":"image\/png"}],"twitter_card":"summary_large_image","twitter_misc":{"Verwachte leestijd":"2 minuten"},"schema":{"@context":"https:\/\/schema.org","@graph":[{"@type":"WebPage","@id":"https:\/\/beynur.eu\/urun\/citir-tavuk-kanatlari\/","url":"https:\/\/beynur.eu\/urun\/citir-tavuk-kanatlari\/","name":"\u00c7\u0131t\u0131r Tavuk Kanatlar\u0131 - Beynur","isPartOf":{"@id":"https:\/\/beynur.eu\/#website"},"primaryImageOfPage":{"@id":"https:\/\/beynur.eu\/urun\/citir-tavuk-kanatlari\/#primaryimage"},"image":{"@id":"https:\/\/beynur.eu\/urun\/citir-tavuk-kanatlari\/#primaryimage"},"thumbnailUrl":"https:\/\/beynur.eu\/wp-content\/uploads\/2018\/03\/crispy-chicken-wings.png","datePublished":"2018-03-31T21:48:48+00:00","dateModified":"2026-03-12T11:01:23+00:00","breadcrumb":{"@id":"https:\/\/beynur.eu\/urun\/citir-tavuk-kanatlari\/#breadcrumb"},"inLanguage":"nl-NL","potentialAction":[{"@type":"ReadAction","target":["https:\/\/beynur.eu\/urun\/citir-tavuk-kanatlari\/"]}]},{"@type":"ImageObject","inLanguage":"nl-NL","@id":"https:\/\/beynur.eu\/urun\/citir-tavuk-kanatlari\/#primaryimage","url":"https:\/\/beynur.eu\/wp-content\/uploads\/2018\/03\/crispy-chicken-wings.png","contentUrl":"https:\/\/beynur.eu\/wp-content\/uploads\/2018\/03\/crispy-chicken-wings.png","width":2000,"height":2000},{"@type":"BreadcrumbList","@id":"https:\/\/beynur.eu\/urun\/citir-tavuk-kanatlari\/#breadcrumb","itemListElement":[{"@type":"ListItem","position":1,"name":"Home","item":"https:\/\/beynur.eu\/"},{"@type":"ListItem","position":2,"name":"\u00dcr\u00fcnlerimiz","item":"https:\/\/beynur.eu\/en\/urunlerimiz\/"},{"@type":"ListItem","position":3,"name":"\u00c7\u0131t\u0131r Tavuk Kanatlar\u0131"}]},{"@type":"WebSite","@id":"https:\/\/beynur.eu\/#website","url":"https:\/\/beynur.eu\/","name":"Beynur","description":"\u0130lk g\u00fcnk\u00fc a\u015fkla, muhte\u015fem tatlar.","potentialAction":[{"@type":"SearchAction","target":{"@type":"EntryPoint","urlTemplate":"https:\/\/beynur.eu\/?s={search_term_string}"},"query-input":{"@type":"PropertyValueSpecification","valueRequired":true,"valueName":"search_term_string"}}],"inLanguage":"nl-NL"}]}},"_links":{"self":[{"href":"https:\/\/beynur.eu\/nl\/wp-json\/wp\/v2\/product\/159","targetHints":{"allow":["GET"]}}],"collection":[{"href":"https:\/\/beynur.eu\/nl\/wp-json\/wp\/v2\/product"}],"about":[{"href":"https:\/\/beynur.eu\/nl\/wp-json\/wp\/v2\/types\/product"}],"wp:featuredmedia":[{"embeddable":true,"href":"https:\/\/beynur.eu\/nl\/wp-json\/wp\/v2\/media\/1727"}],"wp:attachment":[{"href":"https:\/\/beynur.eu\/nl\/wp-json\/wp\/v2\/media?parent=159"}],"wp:term":[{"taxonomy":"product_brand","embeddable":true,"href":"https:\/\/beynur.eu\/nl\/wp-json\/wp\/v2\/product_brand?post=159"},{"taxonomy":"product_cat","embeddable":true,"href":"https:\/\/beynur.eu\/nl\/wp-json\/wp\/v2\/product_cat?post=159"},{"taxonomy":"product_tag","embeddable":true,"href":"https:\/\/beynur.eu\/nl\/wp-json\/wp\/v2\/product_tag?post=159"}],"curies":[{"name":"wp","href":"https:\/\/api.w.org\/{rel}","templated":true}]}}