{"id":1615,"date":"2024-09-25T14:48:38","date_gmt":"2024-09-25T14:48:38","guid":{"rendered":"https:\/\/beynur.eu\/?post_type=product&#038;p=1615"},"modified":"2026-04-30T07:57:34","modified_gmt":"2026-04-30T07:57:34","slug":"gepelde-tuinbonen-2","status":"publish","type":"product","link":"https:\/\/beynur.eu\/nl\/urun\/bezelye-ve-havuc\/","title":{"rendered":"Erwten met wortelen"},"content":{"rendered":"<p><b>Gebruiksaanbevelingen<\/b><\/p>\n<p><span style=\"font-weight: 400;\">Diepgevroren erwten met wortelen zijn ideaal voor rijstgerechten, groentepannen, soepen, stoofschotels en vele klassieke bijgerechten. U kunt de mix direct in de pan doen en zonder veel moeite bereiden. Samen met vlees, gevogelte of andere groentesoorten ontstaan snel evenwichtige en aromatische gerechten. Ook voor warme bijgerechten of als aanvulling op dagelijkse maaltijden biedt deze groentemix een praktische en veelzijdige oplossing.\u00a0<\/span><\/p>\n<p><b>Bewaarinstructies<\/b><\/p>\n<ul>\n<li style=\"font-weight: 400;\" aria-level=\"1\"><span style=\"font-weight: 400;\">Het product zonder vooraf te ontdooien in het vriesvak bewaren.<\/span><\/li>\n<li style=\"font-weight: 400;\" aria-level=\"1\"><span style=\"font-weight: 400;\">Sluit de verpakking na opening zorgvuldig af.<\/span><\/li>\n<li style=\"font-weight: 400;\" aria-level=\"1\"><span style=\"font-weight: 400;\">Na het ontdooien niet opnieuw invriezen.<\/span><\/li>\n<li style=\"font-weight: 400;\" aria-level=\"1\"><span style=\"font-weight: 400;\">Bewaar het product onder de aanbevolen bewaaromstandigheden.<\/span><\/li>\n<li style=\"font-weight: 400;\" aria-level=\"1\"><span style=\"font-weight: 400;\">Niet in het vriesvak bewaren naast sterk ruikende levensmiddelen.<\/span><\/li>\n<\/ul>","protected":false},"excerpt":{"rendered":"<p><b>Diepgevroren erwten met wortelen<\/b><\/p>\n<p><span style=\"font-weight: 400;\">Breng kleur, frisheid en praktische variatie in uw keuken met diepgevroren erwten en wortelen. Zorgvuldig geselecteerde seizoensgroenten overtuigen met hun natuurlijke smaak en kunnen snel en eenvoudig worden bereid. Deze evenwichtige mix bespaart tijd bij de voorbereiding en ondersteunt u in het dagelijks gebruik bij tal van klassieke en moderne recepten. Of het nu als bijgerecht is, voor roerbakgerechten of voor hartige groente-idee\u00ebn: diepgevroren erwten met wortelen combineren gemak, smaak en veelzijdige gebruiksmogelijkheden in \u00e9\u00e9n product.\u00a0<\/span><\/p>","protected":false},"featured_media":1732,"template":"","meta":[],"product_brand":[],"product_cat":[36],"product_tag":[],"class_list":{"0":"post-1615","1":"product","2":"type-product","3":"status-publish","4":"has-post-thumbnail","6":"product_cat-dondurulmus-sebze-urunleri","8":"first","9":"instock","10":"shipping-taxable","11":"product-type-simple"},"yoast_head":"<!-- This site is optimized with the Yoast SEO plugin v26.8 - https:\/\/yoast.com\/product\/yoast-seo-wordpress\/ -->\n<title>Bezelye ve Havu\u00e7 - Beynur<\/title>\n<meta name=\"robots\" content=\"index, follow, max-snippet:-1, max-image-preview:large, max-video-preview:-1\" \/>\n<link rel=\"canonical\" href=\"https:\/\/beynur.eu\/nl\/product-2\/gepelde-tuinbonen-2\/\" \/>\n<meta property=\"og:locale\" content=\"nl_NL\" \/>\n<meta property=\"og:type\" content=\"article\" \/>\n<meta property=\"og:title\" content=\"Bezelye ve Havu\u00e7 - Beynur\" \/>\n<meta property=\"og:description\" content=\"Dondurulmu\u015f Bezelye ve Havu\u00e7  Mevsiminde \u00f6zenle se\u00e7ilen bezelye ve havu\u00e7 \u00fcr\u00fcn\u00fcm\u00fcz, do\u011fal lezzetini ve canl\u0131 g\u00f6r\u00fcn\u00fcm\u00fcn\u00fc koruyarak mutfa\u011f\u0131n\u0131za pratik bir \u00e7\u00f6z\u00fcm sunuyor. G\u00fcnl\u00fck yemek haz\u0131rl\u0131\u011f\u0131n\u0131 kolayla\u015ft\u0131ran bu kar\u0131\u015f\u0131mla ay\u0131klama ve do\u011frama zahmetinden kurtulacak, zamandan tasarruf edeceksiniz. Hem klasik ev yemeklerinde hem de modern tariflerde rahatl\u0131kla kullanabilece\u011finiz dondurulmu\u015f bezelye ve havu\u00e7, dengeli tad\u0131 ve \u00e7ok y\u00f6nl\u00fc kullan\u0131m\u0131yla her an elinizin alt\u0131nda.\u00a0\" \/>\n<meta property=\"og:url\" content=\"https:\/\/beynur.eu\/nl\/product-2\/gepelde-tuinbonen-2\/\" \/>\n<meta property=\"og:site_name\" content=\"Beynur\" \/>\n<meta property=\"article:modified_time\" content=\"2026-04-30T07:57:34+00:00\" \/>\n<meta property=\"og:image\" content=\"https:\/\/beynur.eu\/wp-content\/uploads\/2024\/09\/Bezelye-Havuc-1024x1024.png\" \/>\n\t<meta property=\"og:image:width\" content=\"1024\" \/>\n\t<meta property=\"og:image:height\" content=\"1024\" \/>\n\t<meta property=\"og:image:type\" content=\"image\/png\" \/>\n<meta name=\"twitter:card\" content=\"summary_large_image\" \/>\n<meta name=\"twitter:label1\" content=\"Verwachte leestijd\" \/>\n\t<meta name=\"twitter:data1\" content=\"1 minuut\" \/>\n<script type=\"application\/ld+json\" class=\"yoast-schema-graph\">{\"@context\":\"https:\/\/schema.org\",\"@graph\":[{\"@type\":\"WebPage\",\"@id\":\"https:\/\/beynur.eu\/urun\/bezelye-ve-havuc\/\",\"url\":\"https:\/\/beynur.eu\/urun\/bezelye-ve-havuc\/\",\"name\":\"Bezelye ve Havu\u00e7 - Beynur\",\"isPartOf\":{\"@id\":\"https:\/\/beynur.eu\/#website\"},\"primaryImageOfPage\":{\"@id\":\"https:\/\/beynur.eu\/urun\/bezelye-ve-havuc\/#primaryimage\"},\"image\":{\"@id\":\"https:\/\/beynur.eu\/urun\/bezelye-ve-havuc\/#primaryimage\"},\"thumbnailUrl\":\"https:\/\/beynur.eu\/wp-content\/uploads\/2024\/09\/Bezelye-Havuc.png\",\"datePublished\":\"2024-09-25T14:48:38+00:00\",\"dateModified\":\"2026-04-30T07:57:34+00:00\",\"breadcrumb\":{\"@id\":\"https:\/\/beynur.eu\/urun\/bezelye-ve-havuc\/#breadcrumb\"},\"inLanguage\":\"nl-NL\",\"potentialAction\":[{\"@type\":\"ReadAction\",\"target\":[\"https:\/\/beynur.eu\/urun\/bezelye-ve-havuc\/\"]}]},{\"@type\":\"ImageObject\",\"inLanguage\":\"nl-NL\",\"@id\":\"https:\/\/beynur.eu\/urun\/bezelye-ve-havuc\/#primaryimage\",\"url\":\"https:\/\/beynur.eu\/wp-content\/uploads\/2024\/09\/Bezelye-Havuc.png\",\"contentUrl\":\"https:\/\/beynur.eu\/wp-content\/uploads\/2024\/09\/Bezelye-Havuc.png\",\"width\":2000,\"height\":2000},{\"@type\":\"BreadcrumbList\",\"@id\":\"https:\/\/beynur.eu\/urun\/bezelye-ve-havuc\/#breadcrumb\",\"itemListElement\":[{\"@type\":\"ListItem\",\"position\":1,\"name\":\"Home\",\"item\":\"https:\/\/beynur.eu\/\"},{\"@type\":\"ListItem\",\"position\":2,\"name\":\"\u00dcr\u00fcnlerimiz\",\"item\":\"https:\/\/beynur.eu\/en\/urunlerimiz\/\"},{\"@type\":\"ListItem\",\"position\":3,\"name\":\"Bezelye ve Havu\u00e7\"}]},{\"@type\":\"WebSite\",\"@id\":\"https:\/\/beynur.eu\/#website\",\"url\":\"https:\/\/beynur.eu\/\",\"name\":\"Beynur\",\"description\":\"\u0130lk g\u00fcnk\u00fc a\u015fkla, muhte\u015fem tatlar.\",\"potentialAction\":[{\"@type\":\"SearchAction\",\"target\":{\"@type\":\"EntryPoint\",\"urlTemplate\":\"https:\/\/beynur.eu\/?s={search_term_string}\"},\"query-input\":{\"@type\":\"PropertyValueSpecification\",\"valueRequired\":true,\"valueName\":\"search_term_string\"}}],\"inLanguage\":\"nl-NL\"}]}<\/script>\n<!-- \/ Yoast SEO plugin. -->","yoast_head_json":{"title":"Bezelye ve Havu\u00e7 - Beynur","robots":{"index":"index","follow":"follow","max-snippet":"max-snippet:-1","max-image-preview":"max-image-preview:large","max-video-preview":"max-video-preview:-1"},"canonical":"https:\/\/beynur.eu\/nl\/product-2\/gepelde-tuinbonen-2\/","og_locale":"nl_NL","og_type":"article","og_title":"Bezelye ve Havu\u00e7 - Beynur","og_description":"Dondurulmu\u015f Bezelye ve Havu\u00e7  Mevsiminde \u00f6zenle se\u00e7ilen bezelye ve havu\u00e7 \u00fcr\u00fcn\u00fcm\u00fcz, do\u011fal lezzetini ve canl\u0131 g\u00f6r\u00fcn\u00fcm\u00fcn\u00fc koruyarak mutfa\u011f\u0131n\u0131za pratik bir \u00e7\u00f6z\u00fcm sunuyor. G\u00fcnl\u00fck yemek haz\u0131rl\u0131\u011f\u0131n\u0131 kolayla\u015ft\u0131ran bu kar\u0131\u015f\u0131mla ay\u0131klama ve do\u011frama zahmetinden kurtulacak, zamandan tasarruf edeceksiniz. Hem klasik ev yemeklerinde hem de modern tariflerde rahatl\u0131kla kullanabilece\u011finiz dondurulmu\u015f bezelye ve havu\u00e7, dengeli tad\u0131 ve \u00e7ok y\u00f6nl\u00fc kullan\u0131m\u0131yla her an elinizin alt\u0131nda.\u00a0","og_url":"https:\/\/beynur.eu\/nl\/product-2\/gepelde-tuinbonen-2\/","og_site_name":"Beynur","article_modified_time":"2026-04-30T07:57:34+00:00","og_image":[{"width":1024,"height":1024,"url":"https:\/\/beynur.eu\/wp-content\/uploads\/2024\/09\/Bezelye-Havuc-1024x1024.png","type":"image\/png"}],"twitter_card":"summary_large_image","twitter_misc":{"Verwachte leestijd":"1 minuut"},"schema":{"@context":"https:\/\/schema.org","@graph":[{"@type":"WebPage","@id":"https:\/\/beynur.eu\/urun\/bezelye-ve-havuc\/","url":"https:\/\/beynur.eu\/urun\/bezelye-ve-havuc\/","name":"Bezelye ve Havu\u00e7 - Beynur","isPartOf":{"@id":"https:\/\/beynur.eu\/#website"},"primaryImageOfPage":{"@id":"https:\/\/beynur.eu\/urun\/bezelye-ve-havuc\/#primaryimage"},"image":{"@id":"https:\/\/beynur.eu\/urun\/bezelye-ve-havuc\/#primaryimage"},"thumbnailUrl":"https:\/\/beynur.eu\/wp-content\/uploads\/2024\/09\/Bezelye-Havuc.png","datePublished":"2024-09-25T14:48:38+00:00","dateModified":"2026-04-30T07:57:34+00:00","breadcrumb":{"@id":"https:\/\/beynur.eu\/urun\/bezelye-ve-havuc\/#breadcrumb"},"inLanguage":"nl-NL","potentialAction":[{"@type":"ReadAction","target":["https:\/\/beynur.eu\/urun\/bezelye-ve-havuc\/"]}]},{"@type":"ImageObject","inLanguage":"nl-NL","@id":"https:\/\/beynur.eu\/urun\/bezelye-ve-havuc\/#primaryimage","url":"https:\/\/beynur.eu\/wp-content\/uploads\/2024\/09\/Bezelye-Havuc.png","contentUrl":"https:\/\/beynur.eu\/wp-content\/uploads\/2024\/09\/Bezelye-Havuc.png","width":2000,"height":2000},{"@type":"BreadcrumbList","@id":"https:\/\/beynur.eu\/urun\/bezelye-ve-havuc\/#breadcrumb","itemListElement":[{"@type":"ListItem","position":1,"name":"Home","item":"https:\/\/beynur.eu\/"},{"@type":"ListItem","position":2,"name":"\u00dcr\u00fcnlerimiz","item":"https:\/\/beynur.eu\/en\/urunlerimiz\/"},{"@type":"ListItem","position":3,"name":"Bezelye ve Havu\u00e7"}]},{"@type":"WebSite","@id":"https:\/\/beynur.eu\/#website","url":"https:\/\/beynur.eu\/","name":"Beynur","description":"\u0130lk g\u00fcnk\u00fc a\u015fkla, muhte\u015fem tatlar.","potentialAction":[{"@type":"SearchAction","target":{"@type":"EntryPoint","urlTemplate":"https:\/\/beynur.eu\/?s={search_term_string}"},"query-input":{"@type":"PropertyValueSpecification","valueRequired":true,"valueName":"search_term_string"}}],"inLanguage":"nl-NL"}]}},"_links":{"self":[{"href":"https:\/\/beynur.eu\/nl\/wp-json\/wp\/v2\/product\/1615","targetHints":{"allow":["GET"]}}],"collection":[{"href":"https:\/\/beynur.eu\/nl\/wp-json\/wp\/v2\/product"}],"about":[{"href":"https:\/\/beynur.eu\/nl\/wp-json\/wp\/v2\/types\/product"}],"wp:featuredmedia":[{"embeddable":true,"href":"https:\/\/beynur.eu\/nl\/wp-json\/wp\/v2\/media\/1732"}],"wp:attachment":[{"href":"https:\/\/beynur.eu\/nl\/wp-json\/wp\/v2\/media?parent=1615"}],"wp:term":[{"taxonomy":"product_brand","embeddable":true,"href":"https:\/\/beynur.eu\/nl\/wp-json\/wp\/v2\/product_brand?post=1615"},{"taxonomy":"product_cat","embeddable":true,"href":"https:\/\/beynur.eu\/nl\/wp-json\/wp\/v2\/product_cat?post=1615"},{"taxonomy":"product_tag","embeddable":true,"href":"https:\/\/beynur.eu\/nl\/wp-json\/wp\/v2\/product_tag?post=1615"}],"curies":[{"name":"wp","href":"https:\/\/api.w.org\/{rel}","templated":true}]}}