{"id":1679,"date":"2026-02-04T14:13:05","date_gmt":"2026-02-04T14:13:05","guid":{"rendered":"https:\/\/beynur.eu\/?post_type=product&#038;p=1679"},"modified":"2026-05-05T10:50:12","modified_gmt":"2026-05-05T10:50:12","slug":"kemiksiz-tavuk-kanatlari","status":"publish","type":"product","link":"https:\/\/beynur.eu\/nl\/urun\/kemiksiz-tavuk-kanatlari\/","title":{"rendered":"Kippenvleugels Zonder Bot"},"content":{"rendered":"<p><b>Gebruiksaanbevelingen<\/b><b><br \/>\n<\/b><span style=\"font-weight: 400;\">Knapperige kippenvleugels zonder bot kunnen heel eenvoudig worden bereid in de pan, airfryer, oven of friteuse. U kunt het product zonder vooraf te ontdooien garen en in korte tijd serveren. Samen met friet, salade, dips of verschillende bijgerechten kunnen gevarieerde en vullende maaltijden worden samengesteld.\u00a0<\/span><\/p>\n<p><b>Bewaarinstructies<\/b><\/p>\n<ul>\n<li style=\"font-weight: 400;\" aria-level=\"1\"><span style=\"font-weight: 400;\">Het product zonder vooraf te ontdooien in het vriesvak bewaren.<\/span><\/li>\n<li style=\"font-weight: 400;\" aria-level=\"1\"><span style=\"font-weight: 400;\">Sluit de verpakking na opening zorgvuldig af.<\/span><\/li>\n<li style=\"font-weight: 400;\" aria-level=\"1\"><span style=\"font-weight: 400;\">Na het ontdooien niet opnieuw invriezen.<\/span><\/li>\n<li style=\"font-weight: 400;\" aria-level=\"1\"><span style=\"font-weight: 400;\">Bewaar het product onder de aanbevolen bewaaromstandigheden.<\/span><\/li>\n<li style=\"font-weight: 400;\" aria-level=\"1\"><span style=\"font-weight: 400;\">Tot gebruik diepgevroren bewaren.<\/span><\/li>\n<li style=\"font-weight: 400;\" aria-level=\"1\"><span style=\"font-weight: 400;\">Voor het beste resultaat het product volledig tot in de kern verhitten.<\/span><\/li>\n<\/ul>\n<p>&nbsp;<\/p>","protected":false},"excerpt":{"rendered":"<p><b>Diepgevroren kippenvleugels zonder bot<\/b><b><br \/>\n<\/b><span style=\"font-weight: 400;\">Knapperige kippenvleugels zonder bot bieden met hun knapperige paneerlaag en malse binnenkant van 100% kipfilet een praktische en bijzonder lekkere maaltijdoptie. Dit speciale product van Beynur overtuigt met zijn pikante kruiding en is daarmee een sterke keuze voor iedereen die van kruidige gevogeltegerechten houdt.\u00a0<\/span><\/p>\n<p><span style=\"font-weight: 400;\">Dankzij de voorgegaarde vorm kan het product in korte tijd worden bereid en zorgt het voor merkbare verlichting in de dagelijkse keuken. Het product wordt gemaakt van halal geslacht kippenvlees en is geschikt voor zowel dagelijkse maaltijden als smakelijke snackschotels.<\/span><\/p>","protected":false},"featured_media":1819,"template":"","meta":[],"product_brand":[],"product_cat":[18],"product_tag":[],"class_list":{"0":"post-1679","1":"product","2":"type-product","3":"status-publish","4":"has-post-thumbnail","6":"product_cat-tavuk-ve-hindi-urunleri","8":"first","9":"instock","10":"shipping-taxable","11":"product-type-simple"},"yoast_head":"<!-- This site is optimized with the Yoast SEO plugin v26.8 - https:\/\/yoast.com\/product\/yoast-seo-wordpress\/ -->\n<title>Kemiksiz Tavuk Kanatlar\u0131 - Beynur<\/title>\n<meta name=\"robots\" content=\"index, follow, max-snippet:-1, max-image-preview:large, max-video-preview:-1\" \/>\n<link rel=\"canonical\" href=\"https:\/\/beynur.eu\/nl\/product-2\/kemiksiz-tavuk-kanatlari\/\" \/>\n<meta property=\"og:locale\" content=\"nl_NL\" \/>\n<meta property=\"og:type\" content=\"article\" \/>\n<meta property=\"og:title\" content=\"Kemiksiz Tavuk Kanatlar\u0131 - Beynur\" \/>\n<meta property=\"og:description\" content=\"Dondurulmu\u015f Kemiksiz \u00c7\u0131t\u0131r Tavuk Kanatlar\u0131 Beynur\u2019un kemiksiz \u00e7\u0131t\u0131r tavuk kanatlar\u0131, d\u0131\u015f\u0131 \u00e7\u0131t\u0131r kaplamas\u0131 ve i\u00e7i yumu\u015fak tavuk filetosuyla pratik ve lezzetli bir \u00f6\u011f\u00fcn alternatifi sunuyor. Y\u00fczde y\u00fcz tavuk filetodandan elde edilen bu \u00f6zel \u00fcr\u00fcn, ac\u0131l\u0131 lezzetiyle baharatl\u0131 tatlar\u0131 sevenler i\u00e7in g\u00fc\u00e7l\u00fc bir se\u00e7enek olu\u015fturuyor. Kemiksiz olmas\u0131 ise t\u00fcketimi zahmetsiz hale getirir.\u00a0  Dondurulmu\u015f \u00fcr\u00fcn\u00fcm\u00fcz, \u00f6nceden pi\u015firilmi\u015f yap\u0131s\u0131 sayesinde k\u0131sa s\u00fcrede haz\u0131rlan\u0131r ve mutfakta b\u00fcy\u00fck kolayl\u0131k sa\u011flar. Helal kesim tavuk etinden \u00fcretilen bu \u00fcr\u00fcn, hem g\u00fcnl\u00fck \u00f6\u011f\u00fcnlerde hem de at\u0131\u015ft\u0131rmal\u0131k sunumlarda i\u015ftah a\u00e7\u0131c\u0131 ve doyurucu bir tercih olarak \u00f6ne \u00e7\u0131kar.\" \/>\n<meta property=\"og:url\" content=\"https:\/\/beynur.eu\/nl\/product-2\/kemiksiz-tavuk-kanatlari\/\" \/>\n<meta property=\"og:site_name\" content=\"Beynur\" \/>\n<meta property=\"article:modified_time\" content=\"2026-05-05T10:50:12+00:00\" \/>\n<meta property=\"og:image\" content=\"https:\/\/beynur.eu\/wp-content\/uploads\/2026\/02\/Boneless-Chicken-Wings.jpg\" \/>\n\t<meta property=\"og:image:width\" content=\"2000\" \/>\n\t<meta property=\"og:image:height\" content=\"2000\" \/>\n\t<meta property=\"og:image:type\" content=\"image\/jpeg\" \/>\n<meta name=\"twitter:card\" content=\"summary_large_image\" \/>\n<meta name=\"twitter:label1\" content=\"Verwachte leestijd\" \/>\n\t<meta name=\"twitter:data1\" content=\"1 minuut\" \/>\n<script type=\"application\/ld+json\" class=\"yoast-schema-graph\">{\"@context\":\"https:\/\/schema.org\",\"@graph\":[{\"@type\":\"WebPage\",\"@id\":\"https:\/\/beynur.eu\/urun\/kemiksiz-tavuk-kanatlari\/\",\"url\":\"https:\/\/beynur.eu\/urun\/kemiksiz-tavuk-kanatlari\/\",\"name\":\"Kemiksiz Tavuk Kanatlar\u0131 - Beynur\",\"isPartOf\":{\"@id\":\"https:\/\/beynur.eu\/#website\"},\"primaryImageOfPage\":{\"@id\":\"https:\/\/beynur.eu\/urun\/kemiksiz-tavuk-kanatlari\/#primaryimage\"},\"image\":{\"@id\":\"https:\/\/beynur.eu\/urun\/kemiksiz-tavuk-kanatlari\/#primaryimage\"},\"thumbnailUrl\":\"https:\/\/beynur.eu\/wp-content\/uploads\/2026\/02\/Boneless-Chicken-Wings.jpg\",\"datePublished\":\"2026-02-04T14:13:05+00:00\",\"dateModified\":\"2026-05-05T10:50:12+00:00\",\"breadcrumb\":{\"@id\":\"https:\/\/beynur.eu\/urun\/kemiksiz-tavuk-kanatlari\/#breadcrumb\"},\"inLanguage\":\"nl-NL\",\"potentialAction\":[{\"@type\":\"ReadAction\",\"target\":[\"https:\/\/beynur.eu\/urun\/kemiksiz-tavuk-kanatlari\/\"]}]},{\"@type\":\"ImageObject\",\"inLanguage\":\"nl-NL\",\"@id\":\"https:\/\/beynur.eu\/urun\/kemiksiz-tavuk-kanatlari\/#primaryimage\",\"url\":\"https:\/\/beynur.eu\/wp-content\/uploads\/2026\/02\/Boneless-Chicken-Wings.jpg\",\"contentUrl\":\"https:\/\/beynur.eu\/wp-content\/uploads\/2026\/02\/Boneless-Chicken-Wings.jpg\",\"width\":2000,\"height\":2000},{\"@type\":\"BreadcrumbList\",\"@id\":\"https:\/\/beynur.eu\/urun\/kemiksiz-tavuk-kanatlari\/#breadcrumb\",\"itemListElement\":[{\"@type\":\"ListItem\",\"position\":1,\"name\":\"Home\",\"item\":\"https:\/\/beynur.eu\/\"},{\"@type\":\"ListItem\",\"position\":2,\"name\":\"\u00dcr\u00fcnlerimiz\",\"item\":\"https:\/\/beynur.eu\/en\/urunlerimiz\/\"},{\"@type\":\"ListItem\",\"position\":3,\"name\":\"Kemiksiz Tavuk Kanatlar\u0131\"}]},{\"@type\":\"WebSite\",\"@id\":\"https:\/\/beynur.eu\/#website\",\"url\":\"https:\/\/beynur.eu\/\",\"name\":\"Beynur\",\"description\":\"\u0130lk g\u00fcnk\u00fc a\u015fkla, muhte\u015fem tatlar.\",\"potentialAction\":[{\"@type\":\"SearchAction\",\"target\":{\"@type\":\"EntryPoint\",\"urlTemplate\":\"https:\/\/beynur.eu\/?s={search_term_string}\"},\"query-input\":{\"@type\":\"PropertyValueSpecification\",\"valueRequired\":true,\"valueName\":\"search_term_string\"}}],\"inLanguage\":\"nl-NL\"}]}<\/script>\n<!-- \/ Yoast SEO plugin. -->","yoast_head_json":{"title":"Kemiksiz Tavuk Kanatlar\u0131 - Beynur","robots":{"index":"index","follow":"follow","max-snippet":"max-snippet:-1","max-image-preview":"max-image-preview:large","max-video-preview":"max-video-preview:-1"},"canonical":"https:\/\/beynur.eu\/nl\/product-2\/kemiksiz-tavuk-kanatlari\/","og_locale":"nl_NL","og_type":"article","og_title":"Kemiksiz Tavuk Kanatlar\u0131 - Beynur","og_description":"Dondurulmu\u015f Kemiksiz \u00c7\u0131t\u0131r Tavuk Kanatlar\u0131 Beynur\u2019un kemiksiz \u00e7\u0131t\u0131r tavuk kanatlar\u0131, d\u0131\u015f\u0131 \u00e7\u0131t\u0131r kaplamas\u0131 ve i\u00e7i yumu\u015fak tavuk filetosuyla pratik ve lezzetli bir \u00f6\u011f\u00fcn alternatifi sunuyor. Y\u00fczde y\u00fcz tavuk filetodandan elde edilen bu \u00f6zel \u00fcr\u00fcn, ac\u0131l\u0131 lezzetiyle baharatl\u0131 tatlar\u0131 sevenler i\u00e7in g\u00fc\u00e7l\u00fc bir se\u00e7enek olu\u015fturuyor. Kemiksiz olmas\u0131 ise t\u00fcketimi zahmetsiz hale getirir.\u00a0  Dondurulmu\u015f \u00fcr\u00fcn\u00fcm\u00fcz, \u00f6nceden pi\u015firilmi\u015f yap\u0131s\u0131 sayesinde k\u0131sa s\u00fcrede haz\u0131rlan\u0131r ve mutfakta b\u00fcy\u00fck kolayl\u0131k sa\u011flar. Helal kesim tavuk etinden \u00fcretilen bu \u00fcr\u00fcn, hem g\u00fcnl\u00fck \u00f6\u011f\u00fcnlerde hem de at\u0131\u015ft\u0131rmal\u0131k sunumlarda i\u015ftah a\u00e7\u0131c\u0131 ve doyurucu bir tercih olarak \u00f6ne \u00e7\u0131kar.","og_url":"https:\/\/beynur.eu\/nl\/product-2\/kemiksiz-tavuk-kanatlari\/","og_site_name":"Beynur","article_modified_time":"2026-05-05T10:50:12+00:00","og_image":[{"width":2000,"height":2000,"url":"https:\/\/beynur.eu\/wp-content\/uploads\/2026\/02\/Boneless-Chicken-Wings.jpg","type":"image\/jpeg"}],"twitter_card":"summary_large_image","twitter_misc":{"Verwachte leestijd":"1 minuut"},"schema":{"@context":"https:\/\/schema.org","@graph":[{"@type":"WebPage","@id":"https:\/\/beynur.eu\/urun\/kemiksiz-tavuk-kanatlari\/","url":"https:\/\/beynur.eu\/urun\/kemiksiz-tavuk-kanatlari\/","name":"Kemiksiz Tavuk Kanatlar\u0131 - Beynur","isPartOf":{"@id":"https:\/\/beynur.eu\/#website"},"primaryImageOfPage":{"@id":"https:\/\/beynur.eu\/urun\/kemiksiz-tavuk-kanatlari\/#primaryimage"},"image":{"@id":"https:\/\/beynur.eu\/urun\/kemiksiz-tavuk-kanatlari\/#primaryimage"},"thumbnailUrl":"https:\/\/beynur.eu\/wp-content\/uploads\/2026\/02\/Boneless-Chicken-Wings.jpg","datePublished":"2026-02-04T14:13:05+00:00","dateModified":"2026-05-05T10:50:12+00:00","breadcrumb":{"@id":"https:\/\/beynur.eu\/urun\/kemiksiz-tavuk-kanatlari\/#breadcrumb"},"inLanguage":"nl-NL","potentialAction":[{"@type":"ReadAction","target":["https:\/\/beynur.eu\/urun\/kemiksiz-tavuk-kanatlari\/"]}]},{"@type":"ImageObject","inLanguage":"nl-NL","@id":"https:\/\/beynur.eu\/urun\/kemiksiz-tavuk-kanatlari\/#primaryimage","url":"https:\/\/beynur.eu\/wp-content\/uploads\/2026\/02\/Boneless-Chicken-Wings.jpg","contentUrl":"https:\/\/beynur.eu\/wp-content\/uploads\/2026\/02\/Boneless-Chicken-Wings.jpg","width":2000,"height":2000},{"@type":"BreadcrumbList","@id":"https:\/\/beynur.eu\/urun\/kemiksiz-tavuk-kanatlari\/#breadcrumb","itemListElement":[{"@type":"ListItem","position":1,"name":"Home","item":"https:\/\/beynur.eu\/"},{"@type":"ListItem","position":2,"name":"\u00dcr\u00fcnlerimiz","item":"https:\/\/beynur.eu\/en\/urunlerimiz\/"},{"@type":"ListItem","position":3,"name":"Kemiksiz Tavuk Kanatlar\u0131"}]},{"@type":"WebSite","@id":"https:\/\/beynur.eu\/#website","url":"https:\/\/beynur.eu\/","name":"Beynur","description":"\u0130lk g\u00fcnk\u00fc a\u015fkla, muhte\u015fem tatlar.","potentialAction":[{"@type":"SearchAction","target":{"@type":"EntryPoint","urlTemplate":"https:\/\/beynur.eu\/?s={search_term_string}"},"query-input":{"@type":"PropertyValueSpecification","valueRequired":true,"valueName":"search_term_string"}}],"inLanguage":"nl-NL"}]}},"_links":{"self":[{"href":"https:\/\/beynur.eu\/nl\/wp-json\/wp\/v2\/product\/1679","targetHints":{"allow":["GET"]}}],"collection":[{"href":"https:\/\/beynur.eu\/nl\/wp-json\/wp\/v2\/product"}],"about":[{"href":"https:\/\/beynur.eu\/nl\/wp-json\/wp\/v2\/types\/product"}],"wp:featuredmedia":[{"embeddable":true,"href":"https:\/\/beynur.eu\/nl\/wp-json\/wp\/v2\/media\/1819"}],"wp:attachment":[{"href":"https:\/\/beynur.eu\/nl\/wp-json\/wp\/v2\/media?parent=1679"}],"wp:term":[{"taxonomy":"product_brand","embeddable":true,"href":"https:\/\/beynur.eu\/nl\/wp-json\/wp\/v2\/product_brand?post=1679"},{"taxonomy":"product_cat","embeddable":true,"href":"https:\/\/beynur.eu\/nl\/wp-json\/wp\/v2\/product_cat?post=1679"},{"taxonomy":"product_tag","embeddable":true,"href":"https:\/\/beynur.eu\/nl\/wp-json\/wp\/v2\/product_tag?post=1679"}],"curies":[{"name":"wp","href":"https:\/\/api.w.org\/{rel}","templated":true}]}}