{"id":1692,"date":"2026-02-04T14:25:36","date_gmt":"2026-02-04T14:25:36","guid":{"rendered":"https:\/\/beynur.eu\/?post_type=product&#038;p=1692"},"modified":"2026-05-05T10:48:26","modified_gmt":"2026-05-05T10:48:26","slug":"citir-tavuk-tenders","status":"publish","type":"product","link":"https:\/\/beynur.eu\/nl\/urun\/citir-tavuk-tenders\/","title":{"rendered":"Krokante Kippen Tenders"},"content":{"rendered":"<p><b>Gebruiksaanbevelingen<\/b><b><br \/>\n<\/b><span style=\"font-weight: 400;\">Crunchy Chicken Tenders kunnen heel eenvoudig worden bereid in de pan, airfryer, oven of friteuse. U kunt het product snel opwarmen en in korte tijd serveren. Samen met friet, salade, dips of in een sandwich kunnen gevarieerde en vullende maaltijden worden bereid. Dankzij hun knapperige structuur zijn ze geschikt als snelle hoofdmaaltijd en ook voor snackschotels.<\/span><\/p>\n<p><b>Bewaarinstructies<\/b><\/p>\n<ul>\n<li style=\"font-weight: 400;\" aria-level=\"1\"><span style=\"font-weight: 400;\">Het product zonder vooraf te ontdooien in het vriesvak bewaren.<\/span><\/li>\n<li style=\"font-weight: 400;\" aria-level=\"1\"><span style=\"font-weight: 400;\">Sluit de verpakking na opening zorgvuldig af.<\/span><\/li>\n<li style=\"font-weight: 400;\" aria-level=\"1\"><span style=\"font-weight: 400;\">Na het ontdooien niet opnieuw invriezen.<\/span><\/li>\n<li style=\"font-weight: 400;\" aria-level=\"1\"><span style=\"font-weight: 400;\">Bewaar het product onder de aanbevolen bewaaromstandigheden.<\/span><\/li>\n<li style=\"font-weight: 400;\" aria-level=\"1\"><span style=\"font-weight: 400;\">Tot gebruik diepgevroren bewaren.<\/span><\/li>\n<li style=\"font-weight: 400;\" aria-level=\"1\"><span style=\"font-weight: 400;\">Voor het beste resultaat het product volledig tot in de kern verhitten.<\/span><\/li>\n<\/ul>","protected":false},"excerpt":{"rendered":"<p><b>Diepgevroren knapperige chicken tenders<\/b><b><br \/>\n<\/b><span style=\"font-weight: 400;\">Beynur knapperige mini-kipfilets bieden met hun knapperige paneerlaag en malse mini-kipfiletstructuur een praktische en lekkere maaltijdoptie. Deze voorgegaarde en diepgevroren mini-kipfilets besparen tijd in de keuken en zorgen in korte tijd voor een smakelijk resultaat.\u00a0<\/span><\/p>\n<p><span style=\"font-weight: 400;\">De knapperige kipfilets worden 100% halal geproduceerd en zijn een ideale keuze voor vele toepassingen \u2013 van dagelijkse maaltijden tot snackschotels. Dankzij hun goede smaak en eenvoudige bereiding zijn ze geschikt voor zowel individuele porties als gezamenlijke genietmomenten.<\/span><\/p>","protected":false},"featured_media":1815,"template":"","meta":[],"product_brand":[],"product_cat":[18],"product_tag":[],"class_list":{"0":"post-1692","1":"product","2":"type-product","3":"status-publish","4":"has-post-thumbnail","6":"product_cat-tavuk-ve-hindi-urunleri","8":"first","9":"instock","10":"shipping-taxable","11":"product-type-simple"},"yoast_head":"<!-- This site is optimized with the Yoast SEO plugin v26.8 - https:\/\/yoast.com\/product\/yoast-seo-wordpress\/ -->\n<title>\u00c7\u0131t\u0131r Tavuk Tenders - Beynur<\/title>\n<meta name=\"robots\" content=\"index, follow, max-snippet:-1, max-image-preview:large, max-video-preview:-1\" \/>\n<link rel=\"canonical\" href=\"https:\/\/beynur.eu\/nl\/product-2\/citir-tavuk-tenders\/\" \/>\n<meta property=\"og:locale\" content=\"nl_NL\" \/>\n<meta property=\"og:type\" content=\"article\" \/>\n<meta property=\"og:title\" content=\"\u00c7\u0131t\u0131r Tavuk Tenders - Beynur\" \/>\n<meta property=\"og:description\" content=\"Dondurulmu\u015f Crunchy Chicken Tenders Crunchy Chicken Tenders, d\u0131\u015f\u0131 \u00e7\u0131t\u0131r kaplamas\u0131 ve i\u00e7i yumu\u015fak mini tavuk fileto yap\u0131s\u0131yla pratik ve lezzetli bir \u00f6\u011f\u00fcn alternatifi sunuyor. \u00d6nceden pi\u015firilip dondurulan bu \u00fcr\u00fcn, size mutfa\u011f\u0131n\u0131zda zaman kazand\u0131rmakla kalm\u0131yor, ayn\u0131 zamanda k\u0131sa s\u00fcrede i\u015ftah a\u00e7\u0131c\u0131 sonu\u00e7lar elde etmenizi sa\u011fl\u0131yor.\u00a0  Y\u00fczde y\u00fcz helal kaliteyle haz\u0131rlanan mini \u00e7\u0131t\u0131r filetolar, g\u00fcnl\u00fck \u00f6\u011f\u00fcnlerden at\u0131\u015ft\u0131rmal\u0131k sunumlara kadar pek \u00e7ok kullan\u0131m i\u00e7in ideal bir se\u00e7enek. Lezzetli yap\u0131s\u0131 ve kolay haz\u0131rlan\u0131\u015f\u0131 sayesinde hem bireysel \u00f6\u011f\u00fcnlerde hem de payla\u015fmal\u0131k tabaklarda rahatl\u0131kla tercih edebilirsiniz.\" \/>\n<meta property=\"og:url\" content=\"https:\/\/beynur.eu\/nl\/product-2\/citir-tavuk-tenders\/\" \/>\n<meta property=\"og:site_name\" content=\"Beynur\" \/>\n<meta property=\"article:modified_time\" content=\"2026-05-05T10:48:26+00:00\" \/>\n<meta property=\"og:image\" content=\"https:\/\/beynur.eu\/wp-content\/uploads\/2026\/02\/Crunchy-Chicken-Tenders.jpg\" \/>\n\t<meta property=\"og:image:width\" content=\"2000\" \/>\n\t<meta property=\"og:image:height\" content=\"2000\" \/>\n\t<meta property=\"og:image:type\" content=\"image\/jpeg\" \/>\n<meta name=\"twitter:card\" content=\"summary_large_image\" \/>\n<meta name=\"twitter:label1\" content=\"Verwachte leestijd\" \/>\n\t<meta name=\"twitter:data1\" content=\"1 minuut\" \/>\n<script type=\"application\/ld+json\" class=\"yoast-schema-graph\">{\"@context\":\"https:\/\/schema.org\",\"@graph\":[{\"@type\":\"WebPage\",\"@id\":\"https:\/\/beynur.eu\/urun\/citir-tavuk-tenders\/\",\"url\":\"https:\/\/beynur.eu\/urun\/citir-tavuk-tenders\/\",\"name\":\"\u00c7\u0131t\u0131r Tavuk Tenders - Beynur\",\"isPartOf\":{\"@id\":\"https:\/\/beynur.eu\/#website\"},\"primaryImageOfPage\":{\"@id\":\"https:\/\/beynur.eu\/urun\/citir-tavuk-tenders\/#primaryimage\"},\"image\":{\"@id\":\"https:\/\/beynur.eu\/urun\/citir-tavuk-tenders\/#primaryimage\"},\"thumbnailUrl\":\"https:\/\/beynur.eu\/wp-content\/uploads\/2026\/02\/Crunchy-Chicken-Tenders.jpg\",\"datePublished\":\"2026-02-04T14:25:36+00:00\",\"dateModified\":\"2026-05-05T10:48:26+00:00\",\"breadcrumb\":{\"@id\":\"https:\/\/beynur.eu\/urun\/citir-tavuk-tenders\/#breadcrumb\"},\"inLanguage\":\"nl-NL\",\"potentialAction\":[{\"@type\":\"ReadAction\",\"target\":[\"https:\/\/beynur.eu\/urun\/citir-tavuk-tenders\/\"]}]},{\"@type\":\"ImageObject\",\"inLanguage\":\"nl-NL\",\"@id\":\"https:\/\/beynur.eu\/urun\/citir-tavuk-tenders\/#primaryimage\",\"url\":\"https:\/\/beynur.eu\/wp-content\/uploads\/2026\/02\/Crunchy-Chicken-Tenders.jpg\",\"contentUrl\":\"https:\/\/beynur.eu\/wp-content\/uploads\/2026\/02\/Crunchy-Chicken-Tenders.jpg\",\"width\":2000,\"height\":2000},{\"@type\":\"BreadcrumbList\",\"@id\":\"https:\/\/beynur.eu\/urun\/citir-tavuk-tenders\/#breadcrumb\",\"itemListElement\":[{\"@type\":\"ListItem\",\"position\":1,\"name\":\"Home\",\"item\":\"https:\/\/beynur.eu\/\"},{\"@type\":\"ListItem\",\"position\":2,\"name\":\"\u00dcr\u00fcnlerimiz\",\"item\":\"https:\/\/beynur.eu\/en\/urunlerimiz\/\"},{\"@type\":\"ListItem\",\"position\":3,\"name\":\"\u00c7\u0131t\u0131r Tavuk Tenders\"}]},{\"@type\":\"WebSite\",\"@id\":\"https:\/\/beynur.eu\/#website\",\"url\":\"https:\/\/beynur.eu\/\",\"name\":\"Beynur\",\"description\":\"\u0130lk g\u00fcnk\u00fc a\u015fkla, muhte\u015fem tatlar.\",\"potentialAction\":[{\"@type\":\"SearchAction\",\"target\":{\"@type\":\"EntryPoint\",\"urlTemplate\":\"https:\/\/beynur.eu\/?s={search_term_string}\"},\"query-input\":{\"@type\":\"PropertyValueSpecification\",\"valueRequired\":true,\"valueName\":\"search_term_string\"}}],\"inLanguage\":\"nl-NL\"}]}<\/script>\n<!-- \/ Yoast SEO plugin. -->","yoast_head_json":{"title":"\u00c7\u0131t\u0131r Tavuk Tenders - Beynur","robots":{"index":"index","follow":"follow","max-snippet":"max-snippet:-1","max-image-preview":"max-image-preview:large","max-video-preview":"max-video-preview:-1"},"canonical":"https:\/\/beynur.eu\/nl\/product-2\/citir-tavuk-tenders\/","og_locale":"nl_NL","og_type":"article","og_title":"\u00c7\u0131t\u0131r Tavuk Tenders - Beynur","og_description":"Dondurulmu\u015f Crunchy Chicken Tenders Crunchy Chicken Tenders, d\u0131\u015f\u0131 \u00e7\u0131t\u0131r kaplamas\u0131 ve i\u00e7i yumu\u015fak mini tavuk fileto yap\u0131s\u0131yla pratik ve lezzetli bir \u00f6\u011f\u00fcn alternatifi sunuyor. \u00d6nceden pi\u015firilip dondurulan bu \u00fcr\u00fcn, size mutfa\u011f\u0131n\u0131zda zaman kazand\u0131rmakla kalm\u0131yor, ayn\u0131 zamanda k\u0131sa s\u00fcrede i\u015ftah a\u00e7\u0131c\u0131 sonu\u00e7lar elde etmenizi sa\u011fl\u0131yor.\u00a0  Y\u00fczde y\u00fcz helal kaliteyle haz\u0131rlanan mini \u00e7\u0131t\u0131r filetolar, g\u00fcnl\u00fck \u00f6\u011f\u00fcnlerden at\u0131\u015ft\u0131rmal\u0131k sunumlara kadar pek \u00e7ok kullan\u0131m i\u00e7in ideal bir se\u00e7enek. Lezzetli yap\u0131s\u0131 ve kolay haz\u0131rlan\u0131\u015f\u0131 sayesinde hem bireysel \u00f6\u011f\u00fcnlerde hem de payla\u015fmal\u0131k tabaklarda rahatl\u0131kla tercih edebilirsiniz.","og_url":"https:\/\/beynur.eu\/nl\/product-2\/citir-tavuk-tenders\/","og_site_name":"Beynur","article_modified_time":"2026-05-05T10:48:26+00:00","og_image":[{"width":2000,"height":2000,"url":"https:\/\/beynur.eu\/wp-content\/uploads\/2026\/02\/Crunchy-Chicken-Tenders.jpg","type":"image\/jpeg"}],"twitter_card":"summary_large_image","twitter_misc":{"Verwachte leestijd":"1 minuut"},"schema":{"@context":"https:\/\/schema.org","@graph":[{"@type":"WebPage","@id":"https:\/\/beynur.eu\/urun\/citir-tavuk-tenders\/","url":"https:\/\/beynur.eu\/urun\/citir-tavuk-tenders\/","name":"\u00c7\u0131t\u0131r Tavuk Tenders - Beynur","isPartOf":{"@id":"https:\/\/beynur.eu\/#website"},"primaryImageOfPage":{"@id":"https:\/\/beynur.eu\/urun\/citir-tavuk-tenders\/#primaryimage"},"image":{"@id":"https:\/\/beynur.eu\/urun\/citir-tavuk-tenders\/#primaryimage"},"thumbnailUrl":"https:\/\/beynur.eu\/wp-content\/uploads\/2026\/02\/Crunchy-Chicken-Tenders.jpg","datePublished":"2026-02-04T14:25:36+00:00","dateModified":"2026-05-05T10:48:26+00:00","breadcrumb":{"@id":"https:\/\/beynur.eu\/urun\/citir-tavuk-tenders\/#breadcrumb"},"inLanguage":"nl-NL","potentialAction":[{"@type":"ReadAction","target":["https:\/\/beynur.eu\/urun\/citir-tavuk-tenders\/"]}]},{"@type":"ImageObject","inLanguage":"nl-NL","@id":"https:\/\/beynur.eu\/urun\/citir-tavuk-tenders\/#primaryimage","url":"https:\/\/beynur.eu\/wp-content\/uploads\/2026\/02\/Crunchy-Chicken-Tenders.jpg","contentUrl":"https:\/\/beynur.eu\/wp-content\/uploads\/2026\/02\/Crunchy-Chicken-Tenders.jpg","width":2000,"height":2000},{"@type":"BreadcrumbList","@id":"https:\/\/beynur.eu\/urun\/citir-tavuk-tenders\/#breadcrumb","itemListElement":[{"@type":"ListItem","position":1,"name":"Home","item":"https:\/\/beynur.eu\/"},{"@type":"ListItem","position":2,"name":"\u00dcr\u00fcnlerimiz","item":"https:\/\/beynur.eu\/en\/urunlerimiz\/"},{"@type":"ListItem","position":3,"name":"\u00c7\u0131t\u0131r Tavuk Tenders"}]},{"@type":"WebSite","@id":"https:\/\/beynur.eu\/#website","url":"https:\/\/beynur.eu\/","name":"Beynur","description":"\u0130lk g\u00fcnk\u00fc a\u015fkla, muhte\u015fem tatlar.","potentialAction":[{"@type":"SearchAction","target":{"@type":"EntryPoint","urlTemplate":"https:\/\/beynur.eu\/?s={search_term_string}"},"query-input":{"@type":"PropertyValueSpecification","valueRequired":true,"valueName":"search_term_string"}}],"inLanguage":"nl-NL"}]}},"_links":{"self":[{"href":"https:\/\/beynur.eu\/nl\/wp-json\/wp\/v2\/product\/1692","targetHints":{"allow":["GET"]}}],"collection":[{"href":"https:\/\/beynur.eu\/nl\/wp-json\/wp\/v2\/product"}],"about":[{"href":"https:\/\/beynur.eu\/nl\/wp-json\/wp\/v2\/types\/product"}],"wp:featuredmedia":[{"embeddable":true,"href":"https:\/\/beynur.eu\/nl\/wp-json\/wp\/v2\/media\/1815"}],"wp:attachment":[{"href":"https:\/\/beynur.eu\/nl\/wp-json\/wp\/v2\/media?parent=1692"}],"wp:term":[{"taxonomy":"product_brand","embeddable":true,"href":"https:\/\/beynur.eu\/nl\/wp-json\/wp\/v2\/product_brand?post=1692"},{"taxonomy":"product_cat","embeddable":true,"href":"https:\/\/beynur.eu\/nl\/wp-json\/wp\/v2\/product_cat?post=1692"},{"taxonomy":"product_tag","embeddable":true,"href":"https:\/\/beynur.eu\/nl\/wp-json\/wp\/v2\/product_tag?post=1692"}],"curies":[{"name":"wp","href":"https:\/\/api.w.org\/{rel}","templated":true}]}}