{"id":170,"date":"2018-04-01T10:02:57","date_gmt":"2018-04-01T10:02:57","guid":{"rendered":"https:\/\/beynur.eu\/?post_type=product&#038;p=170"},"modified":"2026-03-08T12:10:38","modified_gmt":"2026-03-08T12:10:38","slug":"tekirdag-kofte","status":"publish","type":"product","link":"https:\/\/beynur.eu\/nl\/product-2\/tekirdag-meatballs\/","title":{"rendered":"Tekirdag Gehaktballen"},"content":{"rendered":"<p>Deze unieke smaak, waarvan bekend is dat het de Thessaloniki-migranten naar de regio Tekirda\u011f bracht in de jaren 1920, is bij u thuis met Beynur Tekirda\u011f Usul\u00fc K\u00f6fte.Beynur Tekirda\u011f Kofte kan op een indrukwekkende manier worden geserveerd met rijst na het roosteren van verse groenten.<\/p>\n<p>Met Beynur Tekirda\u011f K\u00f6fte, dat u gemakkelijk kunt koken in een barbecue, oven en pan, kunt u uw maaltijden bereiden met een uitgebalanceerd dieet terwijl uw kinderen ongeduldig wachten. Onze producten worden volgens islamitische methoden bereid en zijn halal.<\/p>\n<p>--<\/p>\n<p>--<\/p>\n<p>&nbsp;<\/p>\n<p><strong>Bereiding:<\/strong><\/p>\n<p>Diepgevroren Urfa-kebab in een voorverwarmde pan op middelhoge temperatuur. Goed koken voor het eten, niet geschikt voor rauwe consumptie. Het product bevat gluten en soja.<\/p>\n<p>&nbsp;<\/p>\n<p><strong>Opslag:<\/strong><\/p>\n<p>2 dagen in de koelkast.<\/p>\n<p>* 1 week in de vriezer.<\/p>\n<p>** 2 weken in de vriezer in de sterren,<\/p>\n<p>*** in de vriezer (-18c): zie de houdbaarheidsdatum.<\/p>\n<p>Na het ontdooien niet opnieuw invriezen.<\/p>","protected":false},"excerpt":{"rendered":"<p>Deze unieke smaak, waarvan bekend is dat het de Thessaloniki-migranten naar de regio Tekirda\u011f bracht in de jaren 1920, is bij u thuis met Beynur Tekirda\u011f Usul\u00fc K\u00f6fte.Beynur Tekirda\u011f Kofte kan op een indrukwekkende manier worden geserveerd met rijst na het roosteren van verse groenten.<\/p>\n<p>Met Beynur Tekirda\u011f K\u00f6fte, dat u gemakkelijk kunt koken in een barbecue, oven en pan, kunt u uw maaltijden bereiden met een uitgebalanceerd dieet terwijl uw kinderen ongeduldig wachten. Onze producten worden volgens islamitische methoden bereid en zijn halal.<\/p>","protected":false},"featured_media":1683,"template":"","meta":[],"product_brand":[],"product_cat":[17],"product_tag":[],"class_list":{"0":"post-170","1":"product","2":"type-product","3":"status-publish","4":"has-post-thumbnail","6":"product_cat-et-urunleri","8":"first","9":"instock","10":"shipping-taxable","11":"product-type-simple"},"yoast_head":"<!-- This site is optimized with the Yoast SEO plugin v26.8 - https:\/\/yoast.com\/product\/yoast-seo-wordpress\/ -->\n<title>Tekirda\u011f K\u00f6fte - Beynur<\/title>\n<meta name=\"robots\" content=\"index, follow, max-snippet:-1, max-image-preview:large, max-video-preview:-1\" \/>\n<link rel=\"canonical\" href=\"https:\/\/beynur.eu\/nl\/product-2\/tekirdag-meatballs\/\" \/>\n<meta property=\"og:locale\" content=\"nl_NL\" \/>\n<meta property=\"og:type\" content=\"article\" \/>\n<meta property=\"og:title\" content=\"Tekirda\u011f K\u00f6fte - Beynur\" \/>\n<meta property=\"og:description\" content=\"1920\u2019li y\u0131llarda Selanik\u2019ten g\u00f6\u00e7 edenlerin Tekirda\u011f b\u00f6lgesine getirdi\u011fi bilinen bu e\u015fsiz lezzet, Beynur Tekirda\u011f Usul\u00fc K\u00f6fte ile evinizde.  Tekirda\u011f y\u00f6resinden ad\u0131yla, tad\u0131yla t\u00fcm T\u00fcrkiye\u2019ye yay\u0131lan bir efsane lezzettir\u2026 Can\u0131n\u0131z ne zaman Tekirda\u011f K\u00f6ftesi isterse, Beynur Tekirda\u011f K\u00f6fte ile bu efsanevi lezzeti evinizde ya\u015fayabilirsiniz.\" \/>\n<meta property=\"og:url\" content=\"https:\/\/beynur.eu\/nl\/product-2\/tekirdag-meatballs\/\" \/>\n<meta property=\"og:site_name\" content=\"Beynur\" \/>\n<meta property=\"article:modified_time\" content=\"2026-03-08T12:10:38+00:00\" \/>\n<meta property=\"og:image\" content=\"https:\/\/beynur.eu\/wp-content\/uploads\/2018\/04\/tekirdag-kofte-2.jpg\" \/>\n\t<meta property=\"og:image:width\" content=\"1500\" \/>\n\t<meta property=\"og:image:height\" content=\"1500\" \/>\n\t<meta property=\"og:image:type\" content=\"image\/jpeg\" \/>\n<meta name=\"twitter:card\" content=\"summary_large_image\" \/>\n<meta name=\"twitter:label1\" content=\"Verwachte leestijd\" \/>\n\t<meta name=\"twitter:data1\" content=\"2 minuten\" \/>\n<script type=\"application\/ld+json\" class=\"yoast-schema-graph\">{\"@context\":\"https:\/\/schema.org\",\"@graph\":[{\"@type\":\"WebPage\",\"@id\":\"https:\/\/beynur.eu\/urun\/tekirdag-kofte\/\",\"url\":\"https:\/\/beynur.eu\/urun\/tekirdag-kofte\/\",\"name\":\"Tekirda\u011f K\u00f6fte - Beynur\",\"isPartOf\":{\"@id\":\"https:\/\/beynur.eu\/#website\"},\"primaryImageOfPage\":{\"@id\":\"https:\/\/beynur.eu\/urun\/tekirdag-kofte\/#primaryimage\"},\"image\":{\"@id\":\"https:\/\/beynur.eu\/urun\/tekirdag-kofte\/#primaryimage\"},\"thumbnailUrl\":\"https:\/\/beynur.eu\/wp-content\/uploads\/2018\/04\/tekirdag-kofte-2.jpg\",\"datePublished\":\"2018-04-01T10:02:57+00:00\",\"dateModified\":\"2026-03-08T12:10:38+00:00\",\"breadcrumb\":{\"@id\":\"https:\/\/beynur.eu\/urun\/tekirdag-kofte\/#breadcrumb\"},\"inLanguage\":\"nl-NL\",\"potentialAction\":[{\"@type\":\"ReadAction\",\"target\":[\"https:\/\/beynur.eu\/urun\/tekirdag-kofte\/\"]}]},{\"@type\":\"ImageObject\",\"inLanguage\":\"nl-NL\",\"@id\":\"https:\/\/beynur.eu\/urun\/tekirdag-kofte\/#primaryimage\",\"url\":\"https:\/\/beynur.eu\/wp-content\/uploads\/2018\/04\/tekirdag-kofte-2.jpg\",\"contentUrl\":\"https:\/\/beynur.eu\/wp-content\/uploads\/2018\/04\/tekirdag-kofte-2.jpg\",\"width\":1500,\"height\":1500},{\"@type\":\"BreadcrumbList\",\"@id\":\"https:\/\/beynur.eu\/urun\/tekirdag-kofte\/#breadcrumb\",\"itemListElement\":[{\"@type\":\"ListItem\",\"position\":1,\"name\":\"Home\",\"item\":\"https:\/\/beynur.eu\/\"},{\"@type\":\"ListItem\",\"position\":2,\"name\":\"\u00dcr\u00fcnlerimiz\",\"item\":\"https:\/\/beynur.eu\/en\/urunlerimiz\/\"},{\"@type\":\"ListItem\",\"position\":3,\"name\":\"Tekirda\u011f K\u00f6fte\"}]},{\"@type\":\"WebSite\",\"@id\":\"https:\/\/beynur.eu\/#website\",\"url\":\"https:\/\/beynur.eu\/\",\"name\":\"Beynur\",\"description\":\"\u0130lk g\u00fcnk\u00fc a\u015fkla, muhte\u015fem tatlar.\",\"potentialAction\":[{\"@type\":\"SearchAction\",\"target\":{\"@type\":\"EntryPoint\",\"urlTemplate\":\"https:\/\/beynur.eu\/?s={search_term_string}\"},\"query-input\":{\"@type\":\"PropertyValueSpecification\",\"valueRequired\":true,\"valueName\":\"search_term_string\"}}],\"inLanguage\":\"nl-NL\"}]}<\/script>\n<!-- \/ Yoast SEO plugin. -->","yoast_head_json":{"title":"Tekirda\u011f K\u00f6fte - Beynur","robots":{"index":"index","follow":"follow","max-snippet":"max-snippet:-1","max-image-preview":"max-image-preview:large","max-video-preview":"max-video-preview:-1"},"canonical":"https:\/\/beynur.eu\/nl\/product-2\/tekirdag-meatballs\/","og_locale":"nl_NL","og_type":"article","og_title":"Tekirda\u011f K\u00f6fte - Beynur","og_description":"1920\u2019li y\u0131llarda Selanik\u2019ten g\u00f6\u00e7 edenlerin Tekirda\u011f b\u00f6lgesine getirdi\u011fi bilinen bu e\u015fsiz lezzet, Beynur Tekirda\u011f Usul\u00fc K\u00f6fte ile evinizde.  Tekirda\u011f y\u00f6resinden ad\u0131yla, tad\u0131yla t\u00fcm T\u00fcrkiye\u2019ye yay\u0131lan bir efsane lezzettir\u2026 Can\u0131n\u0131z ne zaman Tekirda\u011f K\u00f6ftesi isterse, Beynur Tekirda\u011f K\u00f6fte ile bu efsanevi lezzeti evinizde ya\u015fayabilirsiniz.","og_url":"https:\/\/beynur.eu\/nl\/product-2\/tekirdag-meatballs\/","og_site_name":"Beynur","article_modified_time":"2026-03-08T12:10:38+00:00","og_image":[{"width":1500,"height":1500,"url":"https:\/\/beynur.eu\/wp-content\/uploads\/2018\/04\/tekirdag-kofte-2.jpg","type":"image\/jpeg"}],"twitter_card":"summary_large_image","twitter_misc":{"Verwachte leestijd":"2 minuten"},"schema":{"@context":"https:\/\/schema.org","@graph":[{"@type":"WebPage","@id":"https:\/\/beynur.eu\/urun\/tekirdag-kofte\/","url":"https:\/\/beynur.eu\/urun\/tekirdag-kofte\/","name":"Tekirda\u011f K\u00f6fte - Beynur","isPartOf":{"@id":"https:\/\/beynur.eu\/#website"},"primaryImageOfPage":{"@id":"https:\/\/beynur.eu\/urun\/tekirdag-kofte\/#primaryimage"},"image":{"@id":"https:\/\/beynur.eu\/urun\/tekirdag-kofte\/#primaryimage"},"thumbnailUrl":"https:\/\/beynur.eu\/wp-content\/uploads\/2018\/04\/tekirdag-kofte-2.jpg","datePublished":"2018-04-01T10:02:57+00:00","dateModified":"2026-03-08T12:10:38+00:00","breadcrumb":{"@id":"https:\/\/beynur.eu\/urun\/tekirdag-kofte\/#breadcrumb"},"inLanguage":"nl-NL","potentialAction":[{"@type":"ReadAction","target":["https:\/\/beynur.eu\/urun\/tekirdag-kofte\/"]}]},{"@type":"ImageObject","inLanguage":"nl-NL","@id":"https:\/\/beynur.eu\/urun\/tekirdag-kofte\/#primaryimage","url":"https:\/\/beynur.eu\/wp-content\/uploads\/2018\/04\/tekirdag-kofte-2.jpg","contentUrl":"https:\/\/beynur.eu\/wp-content\/uploads\/2018\/04\/tekirdag-kofte-2.jpg","width":1500,"height":1500},{"@type":"BreadcrumbList","@id":"https:\/\/beynur.eu\/urun\/tekirdag-kofte\/#breadcrumb","itemListElement":[{"@type":"ListItem","position":1,"name":"Home","item":"https:\/\/beynur.eu\/"},{"@type":"ListItem","position":2,"name":"\u00dcr\u00fcnlerimiz","item":"https:\/\/beynur.eu\/en\/urunlerimiz\/"},{"@type":"ListItem","position":3,"name":"Tekirda\u011f K\u00f6fte"}]},{"@type":"WebSite","@id":"https:\/\/beynur.eu\/#website","url":"https:\/\/beynur.eu\/","name":"Beynur","description":"\u0130lk g\u00fcnk\u00fc a\u015fkla, muhte\u015fem tatlar.","potentialAction":[{"@type":"SearchAction","target":{"@type":"EntryPoint","urlTemplate":"https:\/\/beynur.eu\/?s={search_term_string}"},"query-input":{"@type":"PropertyValueSpecification","valueRequired":true,"valueName":"search_term_string"}}],"inLanguage":"nl-NL"}]}},"_links":{"self":[{"href":"https:\/\/beynur.eu\/nl\/wp-json\/wp\/v2\/product\/170","targetHints":{"allow":["GET"]}}],"collection":[{"href":"https:\/\/beynur.eu\/nl\/wp-json\/wp\/v2\/product"}],"about":[{"href":"https:\/\/beynur.eu\/nl\/wp-json\/wp\/v2\/types\/product"}],"wp:featuredmedia":[{"embeddable":true,"href":"https:\/\/beynur.eu\/nl\/wp-json\/wp\/v2\/media\/1683"}],"wp:attachment":[{"href":"https:\/\/beynur.eu\/nl\/wp-json\/wp\/v2\/media?parent=170"}],"wp:term":[{"taxonomy":"product_brand","embeddable":true,"href":"https:\/\/beynur.eu\/nl\/wp-json\/wp\/v2\/product_brand?post=170"},{"taxonomy":"product_cat","embeddable":true,"href":"https:\/\/beynur.eu\/nl\/wp-json\/wp\/v2\/product_cat?post=170"},{"taxonomy":"product_tag","embeddable":true,"href":"https:\/\/beynur.eu\/nl\/wp-json\/wp\/v2\/product_tag?post=170"}],"curies":[{"name":"wp","href":"https:\/\/api.w.org\/{rel}","templated":true}]}}