{"id":1706,"date":"2026-02-04T15:00:19","date_gmt":"2026-02-04T15:00:19","guid":{"rendered":"https:\/\/beynur.eu\/?post_type=product&#038;p=1706"},"modified":"2026-04-29T13:24:39","modified_gmt":"2026-04-29T13:24:39","slug":"bamya-zero","status":"publish","type":"product","link":"https:\/\/beynur.eu\/nl\/urun\/bamya-zero\/","title":{"rendered":"Okra Zero"},"content":{"rendered":"<p><b>Gebruiksaanbevelingen<\/b><b><br \/>\n<\/b><span style=\"font-weight: 400;\">Okra Zero is uitstekend geschikt voor okra met olijfolie, okra met vlees, lichtzure okragerechten en verschillende stoofgerechten. U kunt het product direct in de pan doen en heel praktisch bereiden. Samen met uien, tomaten en naar smaak een beetje citroensap kunnen evenwichtige en aromatische gerechten worden bereid. <\/span><\/p>\n<p><span style=\"font-weight: 400;\">Dankzij haar kleine formaat en zachte structuur levert deze okra zeer goede resultaten, zowel in klassieke recepten als bij zorgvuldig gepresenteerde gerechten. Ze biedt praktische voordelen in de dagelijkse keuken en brengt tegelijkertijd de verfijnde smaak van hoogwaardige okra op tafel.<\/span><\/p>\n<p><b>Bewaarinstructies<\/b><\/p>\n<ul>\n<li style=\"font-weight: 400;\" aria-level=\"1\"><span style=\"font-weight: 400;\">Het product zonder vooraf te ontdooien in het vriesvak bewaren.<\/span><\/li>\n<li style=\"font-weight: 400;\" aria-level=\"1\"><span style=\"font-weight: 400;\">Sluit de verpakking na opening zorgvuldig af.<\/span><\/li>\n<li style=\"font-weight: 400;\" aria-level=\"1\"><span style=\"font-weight: 400;\">Na het ontdooien niet opnieuw invriezen.<\/span><\/li>\n<li style=\"font-weight: 400;\" aria-level=\"1\"><span style=\"font-weight: 400;\">Bewaar het product onder de aanbevolen bewaaromstandigheden.<\/span><\/li>\n<li style=\"font-weight: 400;\" aria-level=\"1\"><span style=\"font-weight: 400;\">Niet in het vriesvak bewaren naast sterk ruikende levensmiddelen.<\/span><\/li>\n<\/ul>","protected":false},"excerpt":{"rendered":"<p><b>Diepgevroren okra Zero<\/b><b><br \/>\n<\/b><span style=\"font-weight: 400;\">Unter unseren tiefgek\u00fchlten Gem\u00fcseprodukten findet sich auch Okra Zero, eine der ausgew\u00e4hltesten Okra-Sorten. Diese erstklassige Okra wird in ihrem kleinsten, j\u00fcngsten und frischesten Zustand geerntet, meist bei einer Gr\u00f6\u00dfe von 2 bis 3 cm, und bringt ihren nat\u00fcrlichen Geschmack, ihre zarte Struktur und ihren hohen N\u00e4hrwert direkt auf Ihren Tisch. <\/span><\/p>\n<p><span style=\"font-weight: 400;\">Dankzij de technologie van individueel snelvriezen, bekend als IQF, worden onze zorgvuldig geselecteerde producten afzonderlijk diepgevroren en bieden ze u daardoor een bijzonder praktisch gebruiksvoordeel. Met haar niet-slijmerige structuur en fijne consistentie is Bamya Zero een bijzondere keuze voor iedereen die hoogwaardige okra zoekt.<\/span><\/p>","protected":false},"featured_media":1730,"template":"","meta":[],"product_brand":[],"product_cat":[36],"product_tag":[],"class_list":{"0":"post-1706","1":"product","2":"type-product","3":"status-publish","4":"has-post-thumbnail","6":"product_cat-dondurulmus-sebze-urunleri","8":"first","9":"instock","10":"shipping-taxable","11":"product-type-simple"},"yoast_head":"<!-- This site is optimized with the Yoast SEO plugin v26.8 - https:\/\/yoast.com\/product\/yoast-seo-wordpress\/ -->\n<title>Bamya Zero - Beynur<\/title>\n<meta name=\"robots\" content=\"index, follow, max-snippet:-1, max-image-preview:large, max-video-preview:-1\" \/>\n<link rel=\"canonical\" href=\"https:\/\/beynur.eu\/nl\/product-2\/bamya-zero\/\" \/>\n<meta property=\"og:locale\" content=\"nl_NL\" \/>\n<meta property=\"og:type\" content=\"article\" \/>\n<meta property=\"og:title\" content=\"Bamya Zero - Beynur\" \/>\n<meta property=\"og:description\" content=\"Dondurulmu\u015f Bamya Zero Dondurulmu\u015f sebze \u00fcr\u00fcnlerimizin aras\u0131nda en se\u00e7kin bamya \u00e7e\u015fitlerinden biri olan Bamya Zero da yer al\u0131yor. En k\u00fc\u00e7\u00fck, en gen\u00e7 ve en taze haliyle, genellikle 2\u20133 cm boyutundayken hasat edilen bu birinci s\u0131n\u0131f bamya, do\u011fal lezzetini, yumu\u015fak yap\u0131s\u0131n\u0131 ve y\u00fcksek besin de\u011ferini koruyarak sofralar\u0131n\u0131za ula\u015f\u0131yor.   \u00d6zenle se\u00e7ilen \u00fcr\u00fcnlerimiz, bireysel h\u0131zl\u0131 dondurma teknolojisi olarak bilinen\u00a0 iQF sayesinde tane tane donduruluyor ve pratik kullan\u0131m avantaj\u0131 sunuyor. Bamya Zero, salyalanmayan yap\u0131s\u0131 ve narin dokusuyla kaliteli bamya arayanlar i\u00e7in \u00f6zel bir tercih olu\u015fturuyor.\" \/>\n<meta property=\"og:url\" content=\"https:\/\/beynur.eu\/nl\/product-2\/bamya-zero\/\" \/>\n<meta property=\"og:site_name\" content=\"Beynur\" \/>\n<meta property=\"article:modified_time\" content=\"2026-04-29T13:24:39+00:00\" \/>\n<meta property=\"og:image\" content=\"https:\/\/beynur.eu\/wp-content\/uploads\/2026\/02\/Bamya-zero-1024x1024.png\" \/>\n\t<meta property=\"og:image:width\" content=\"1024\" \/>\n\t<meta property=\"og:image:height\" content=\"1024\" \/>\n\t<meta property=\"og:image:type\" content=\"image\/png\" \/>\n<meta name=\"twitter:card\" content=\"summary_large_image\" \/>\n<meta name=\"twitter:label1\" content=\"Verwachte leestijd\" \/>\n\t<meta name=\"twitter:data1\" content=\"1 minuut\" \/>\n<script type=\"application\/ld+json\" class=\"yoast-schema-graph\">{\"@context\":\"https:\/\/schema.org\",\"@graph\":[{\"@type\":\"WebPage\",\"@id\":\"https:\/\/beynur.eu\/urun\/bamya-zero\/\",\"url\":\"https:\/\/beynur.eu\/urun\/bamya-zero\/\",\"name\":\"Bamya Zero - Beynur\",\"isPartOf\":{\"@id\":\"https:\/\/beynur.eu\/#website\"},\"primaryImageOfPage\":{\"@id\":\"https:\/\/beynur.eu\/urun\/bamya-zero\/#primaryimage\"},\"image\":{\"@id\":\"https:\/\/beynur.eu\/urun\/bamya-zero\/#primaryimage\"},\"thumbnailUrl\":\"https:\/\/beynur.eu\/wp-content\/uploads\/2026\/02\/Bamya-zero.png\",\"datePublished\":\"2026-02-04T15:00:19+00:00\",\"dateModified\":\"2026-04-29T13:24:39+00:00\",\"breadcrumb\":{\"@id\":\"https:\/\/beynur.eu\/urun\/bamya-zero\/#breadcrumb\"},\"inLanguage\":\"nl-NL\",\"potentialAction\":[{\"@type\":\"ReadAction\",\"target\":[\"https:\/\/beynur.eu\/urun\/bamya-zero\/\"]}]},{\"@type\":\"ImageObject\",\"inLanguage\":\"nl-NL\",\"@id\":\"https:\/\/beynur.eu\/urun\/bamya-zero\/#primaryimage\",\"url\":\"https:\/\/beynur.eu\/wp-content\/uploads\/2026\/02\/Bamya-zero.png\",\"contentUrl\":\"https:\/\/beynur.eu\/wp-content\/uploads\/2026\/02\/Bamya-zero.png\",\"width\":2000,\"height\":2000},{\"@type\":\"BreadcrumbList\",\"@id\":\"https:\/\/beynur.eu\/urun\/bamya-zero\/#breadcrumb\",\"itemListElement\":[{\"@type\":\"ListItem\",\"position\":1,\"name\":\"Home\",\"item\":\"https:\/\/beynur.eu\/\"},{\"@type\":\"ListItem\",\"position\":2,\"name\":\"\u00dcr\u00fcnlerimiz\",\"item\":\"https:\/\/beynur.eu\/en\/urunlerimiz\/\"},{\"@type\":\"ListItem\",\"position\":3,\"name\":\"Bamya Zero\"}]},{\"@type\":\"WebSite\",\"@id\":\"https:\/\/beynur.eu\/#website\",\"url\":\"https:\/\/beynur.eu\/\",\"name\":\"Beynur\",\"description\":\"\u0130lk g\u00fcnk\u00fc a\u015fkla, muhte\u015fem tatlar.\",\"potentialAction\":[{\"@type\":\"SearchAction\",\"target\":{\"@type\":\"EntryPoint\",\"urlTemplate\":\"https:\/\/beynur.eu\/?s={search_term_string}\"},\"query-input\":{\"@type\":\"PropertyValueSpecification\",\"valueRequired\":true,\"valueName\":\"search_term_string\"}}],\"inLanguage\":\"nl-NL\"}]}<\/script>\n<!-- \/ Yoast SEO plugin. -->","yoast_head_json":{"title":"Bamya Zero - Beynur","robots":{"index":"index","follow":"follow","max-snippet":"max-snippet:-1","max-image-preview":"max-image-preview:large","max-video-preview":"max-video-preview:-1"},"canonical":"https:\/\/beynur.eu\/nl\/product-2\/bamya-zero\/","og_locale":"nl_NL","og_type":"article","og_title":"Bamya Zero - Beynur","og_description":"Dondurulmu\u015f Bamya Zero Dondurulmu\u015f sebze \u00fcr\u00fcnlerimizin aras\u0131nda en se\u00e7kin bamya \u00e7e\u015fitlerinden biri olan Bamya Zero da yer al\u0131yor. En k\u00fc\u00e7\u00fck, en gen\u00e7 ve en taze haliyle, genellikle 2\u20133 cm boyutundayken hasat edilen bu birinci s\u0131n\u0131f bamya, do\u011fal lezzetini, yumu\u015fak yap\u0131s\u0131n\u0131 ve y\u00fcksek besin de\u011ferini koruyarak sofralar\u0131n\u0131za ula\u015f\u0131yor.   \u00d6zenle se\u00e7ilen \u00fcr\u00fcnlerimiz, bireysel h\u0131zl\u0131 dondurma teknolojisi olarak bilinen\u00a0 iQF sayesinde tane tane donduruluyor ve pratik kullan\u0131m avantaj\u0131 sunuyor. Bamya Zero, salyalanmayan yap\u0131s\u0131 ve narin dokusuyla kaliteli bamya arayanlar i\u00e7in \u00f6zel bir tercih olu\u015fturuyor.","og_url":"https:\/\/beynur.eu\/nl\/product-2\/bamya-zero\/","og_site_name":"Beynur","article_modified_time":"2026-04-29T13:24:39+00:00","og_image":[{"width":1024,"height":1024,"url":"https:\/\/beynur.eu\/wp-content\/uploads\/2026\/02\/Bamya-zero-1024x1024.png","type":"image\/png"}],"twitter_card":"summary_large_image","twitter_misc":{"Verwachte leestijd":"1 minuut"},"schema":{"@context":"https:\/\/schema.org","@graph":[{"@type":"WebPage","@id":"https:\/\/beynur.eu\/urun\/bamya-zero\/","url":"https:\/\/beynur.eu\/urun\/bamya-zero\/","name":"Bamya Zero - Beynur","isPartOf":{"@id":"https:\/\/beynur.eu\/#website"},"primaryImageOfPage":{"@id":"https:\/\/beynur.eu\/urun\/bamya-zero\/#primaryimage"},"image":{"@id":"https:\/\/beynur.eu\/urun\/bamya-zero\/#primaryimage"},"thumbnailUrl":"https:\/\/beynur.eu\/wp-content\/uploads\/2026\/02\/Bamya-zero.png","datePublished":"2026-02-04T15:00:19+00:00","dateModified":"2026-04-29T13:24:39+00:00","breadcrumb":{"@id":"https:\/\/beynur.eu\/urun\/bamya-zero\/#breadcrumb"},"inLanguage":"nl-NL","potentialAction":[{"@type":"ReadAction","target":["https:\/\/beynur.eu\/urun\/bamya-zero\/"]}]},{"@type":"ImageObject","inLanguage":"nl-NL","@id":"https:\/\/beynur.eu\/urun\/bamya-zero\/#primaryimage","url":"https:\/\/beynur.eu\/wp-content\/uploads\/2026\/02\/Bamya-zero.png","contentUrl":"https:\/\/beynur.eu\/wp-content\/uploads\/2026\/02\/Bamya-zero.png","width":2000,"height":2000},{"@type":"BreadcrumbList","@id":"https:\/\/beynur.eu\/urun\/bamya-zero\/#breadcrumb","itemListElement":[{"@type":"ListItem","position":1,"name":"Home","item":"https:\/\/beynur.eu\/"},{"@type":"ListItem","position":2,"name":"\u00dcr\u00fcnlerimiz","item":"https:\/\/beynur.eu\/en\/urunlerimiz\/"},{"@type":"ListItem","position":3,"name":"Bamya Zero"}]},{"@type":"WebSite","@id":"https:\/\/beynur.eu\/#website","url":"https:\/\/beynur.eu\/","name":"Beynur","description":"\u0130lk g\u00fcnk\u00fc a\u015fkla, muhte\u015fem tatlar.","potentialAction":[{"@type":"SearchAction","target":{"@type":"EntryPoint","urlTemplate":"https:\/\/beynur.eu\/?s={search_term_string}"},"query-input":{"@type":"PropertyValueSpecification","valueRequired":true,"valueName":"search_term_string"}}],"inLanguage":"nl-NL"}]}},"_links":{"self":[{"href":"https:\/\/beynur.eu\/nl\/wp-json\/wp\/v2\/product\/1706","targetHints":{"allow":["GET"]}}],"collection":[{"href":"https:\/\/beynur.eu\/nl\/wp-json\/wp\/v2\/product"}],"about":[{"href":"https:\/\/beynur.eu\/nl\/wp-json\/wp\/v2\/types\/product"}],"wp:featuredmedia":[{"embeddable":true,"href":"https:\/\/beynur.eu\/nl\/wp-json\/wp\/v2\/media\/1730"}],"wp:attachment":[{"href":"https:\/\/beynur.eu\/nl\/wp-json\/wp\/v2\/media?parent=1706"}],"wp:term":[{"taxonomy":"product_brand","embeddable":true,"href":"https:\/\/beynur.eu\/nl\/wp-json\/wp\/v2\/product_brand?post=1706"},{"taxonomy":"product_cat","embeddable":true,"href":"https:\/\/beynur.eu\/nl\/wp-json\/wp\/v2\/product_cat?post=1706"},{"taxonomy":"product_tag","embeddable":true,"href":"https:\/\/beynur.eu\/nl\/wp-json\/wp\/v2\/product_tag?post=1706"}],"curies":[{"name":"wp","href":"https:\/\/api.w.org\/{rel}","templated":true}]}}