{"id":172,"date":"2018-04-01T10:05:09","date_gmt":"2018-04-01T10:05:09","guid":{"rendered":"https:\/\/beynur.eu\/?post_type=product&#038;p=172"},"modified":"2026-03-08T12:10:18","modified_gmt":"2026-03-08T12:10:18","slug":"inegol-kofte","status":"publish","type":"product","link":"https:\/\/beynur.eu\/nl\/product-2\/inegol-kofte\/","title":{"rendered":"\u0130neg\u00f6l Gehaktballen"},"content":{"rendered":"<p>Ineg\u00f6l Kofte, dat een traditionele smaak is, is een onmisbare smaak van Balkan Turken die in de jaren 900 naar \u0130neg\u00f6l migreerden. Beynur brengt deze heerlijke smaak van 110 jaar naar uw tafels. De smaak van Beynur \u0130neg\u00f6l Kofte komt van de harmonie van lamsvlees en rundvlees met kruiden.<\/p>\n<p>Beynur \u0130neg\u00f6l Kofte, waar u de voorkeur aan kunt geven voor een praktische en heerlijke maaltijd, kan uw kinderen blij maken door rijst te serveren met knapperige gebakken aardappelen.<\/p>\n<p>Met Beynur \u0130neg\u00f6l Gehaktballetjes kunt u koken op de barbecue, bakken en in de pan kunt u uw maaltijden bereiden waar uw kinderen gretig op wachten terwijl uw eiwitbehoeften in balans zijn. Onze producten worden volgens islamitische methoden bereid en zijn halal.<\/p>\n<p>--<\/p>\n<p>&nbsp;<\/p>\n<p><strong>Bereiding:<\/strong><\/p>\n<p>Diepgevroren Urfa-kebab in een voorverwarmde pan op middelhoge temperatuur. Goed koken voor het eten, niet geschikt voor rauwe consumptie. Het product bevat gluten en soja.<\/p>\n<p>&nbsp;<\/p>\n<p><strong>Opslag:<\/strong><\/p>\n<p>2 dagen in de koelkast.<\/p>\n<p>* 1 week in de vriezer.<\/p>\n<p>** 2 weken in de vriezer in de sterren,<\/p>\n<p>*** in de vriezer (-18c): zie de houdbaarheidsdatum.<\/p>\n<p>Na het ontdooien niet opnieuw invriezen.<\/p>","protected":false},"excerpt":{"rendered":"<p>Ineg\u00f6l Kofte, dat een traditionele smaak is, is een onmisbare smaak van Balkan Turken die in de jaren 900 naar \u0130neg\u00f6l migreerden. Beynur brengt deze heerlijke smaak van 110 jaar naar uw tafels. De smaak van Beynur \u0130neg\u00f6l Kofte komt van de harmonie van lamsvlees en rundvlees met kruiden.<\/p>\n<p>Beynur \u0130neg\u00f6l Kofte, waar u de voorkeur aan kunt geven voor een praktische en heerlijke maaltijd, kan uw kinderen blij maken door rijst te serveren met knapperige gebakken aardappelen.<\/p>","protected":false},"featured_media":1682,"template":"","meta":[],"product_brand":[],"product_cat":[17],"product_tag":[],"class_list":{"0":"post-172","1":"product","2":"type-product","3":"status-publish","4":"has-post-thumbnail","6":"product_cat-et-urunleri","8":"first","9":"instock","10":"shipping-taxable","11":"product-type-simple"},"yoast_head":"<!-- This site is optimized with the Yoast SEO plugin v26.8 - https:\/\/yoast.com\/product\/yoast-seo-wordpress\/ -->\n<title>\u0130neg\u00f6l K\u00f6fte - Beynur<\/title>\n<meta name=\"robots\" content=\"index, follow, max-snippet:-1, max-image-preview:large, max-video-preview:-1\" \/>\n<link rel=\"canonical\" href=\"https:\/\/beynur.eu\/nl\/product-2\/inegol-kofte\/\" \/>\n<meta property=\"og:locale\" content=\"nl_NL\" \/>\n<meta property=\"og:type\" content=\"article\" \/>\n<meta property=\"og:title\" content=\"\u0130neg\u00f6l K\u00f6fte - Beynur\" \/>\n<meta property=\"og:description\" content=\"Geleneksel bir lezzet olan \u0130neg\u00f6l K\u00f6fte \u00a0900\u2019l\u00fc y\u0131llarda \u0130neg\u00f6l\u2019e g\u00f6\u00e7 eden Balkan T\u00fcrklerinin beraberlerinde getirdikleri vazge\u00e7ilmez bir lezzettir.  Beynur, 110 y\u0131ld\u0131r ku\u015faktan ku\u015fa\u011fa ya\u015fat\u0131lan bu lezzeti ger\u00e7ek tad\u0131nda sofralar\u0131n\u0131za getiriyor. Beynur \u0130neg\u00f6l K\u00f6fte\u2019nin lezzeti kuzu ve dana etinin belli bir oranda baharatla uyumundan gelir.\" \/>\n<meta property=\"og:url\" content=\"https:\/\/beynur.eu\/nl\/product-2\/inegol-kofte\/\" \/>\n<meta property=\"og:site_name\" content=\"Beynur\" \/>\n<meta property=\"article:modified_time\" content=\"2026-03-08T12:10:18+00:00\" \/>\n<meta property=\"og:image\" content=\"https:\/\/beynur.eu\/wp-content\/uploads\/2018\/04\/inegol-kofte-3.jpg\" \/>\n\t<meta property=\"og:image:width\" content=\"1500\" \/>\n\t<meta property=\"og:image:height\" content=\"1500\" \/>\n\t<meta property=\"og:image:type\" content=\"image\/jpeg\" \/>\n<meta name=\"twitter:card\" content=\"summary_large_image\" \/>\n<meta name=\"twitter:label1\" content=\"Verwachte leestijd\" \/>\n\t<meta name=\"twitter:data1\" content=\"2 minuten\" \/>\n<script type=\"application\/ld+json\" class=\"yoast-schema-graph\">{\"@context\":\"https:\/\/schema.org\",\"@graph\":[{\"@type\":\"WebPage\",\"@id\":\"https:\/\/beynur.eu\/urun\/inegol-kofte\/\",\"url\":\"https:\/\/beynur.eu\/urun\/inegol-kofte\/\",\"name\":\"\u0130neg\u00f6l K\u00f6fte - Beynur\",\"isPartOf\":{\"@id\":\"https:\/\/beynur.eu\/#website\"},\"primaryImageOfPage\":{\"@id\":\"https:\/\/beynur.eu\/urun\/inegol-kofte\/#primaryimage\"},\"image\":{\"@id\":\"https:\/\/beynur.eu\/urun\/inegol-kofte\/#primaryimage\"},\"thumbnailUrl\":\"https:\/\/beynur.eu\/wp-content\/uploads\/2018\/04\/inegol-kofte-3.jpg\",\"datePublished\":\"2018-04-01T10:05:09+00:00\",\"dateModified\":\"2026-03-08T12:10:18+00:00\",\"breadcrumb\":{\"@id\":\"https:\/\/beynur.eu\/urun\/inegol-kofte\/#breadcrumb\"},\"inLanguage\":\"nl-NL\",\"potentialAction\":[{\"@type\":\"ReadAction\",\"target\":[\"https:\/\/beynur.eu\/urun\/inegol-kofte\/\"]}]},{\"@type\":\"ImageObject\",\"inLanguage\":\"nl-NL\",\"@id\":\"https:\/\/beynur.eu\/urun\/inegol-kofte\/#primaryimage\",\"url\":\"https:\/\/beynur.eu\/wp-content\/uploads\/2018\/04\/inegol-kofte-3.jpg\",\"contentUrl\":\"https:\/\/beynur.eu\/wp-content\/uploads\/2018\/04\/inegol-kofte-3.jpg\",\"width\":1500,\"height\":1500},{\"@type\":\"BreadcrumbList\",\"@id\":\"https:\/\/beynur.eu\/urun\/inegol-kofte\/#breadcrumb\",\"itemListElement\":[{\"@type\":\"ListItem\",\"position\":1,\"name\":\"Home\",\"item\":\"https:\/\/beynur.eu\/\"},{\"@type\":\"ListItem\",\"position\":2,\"name\":\"\u00dcr\u00fcnlerimiz\",\"item\":\"https:\/\/beynur.eu\/en\/urunlerimiz\/\"},{\"@type\":\"ListItem\",\"position\":3,\"name\":\"\u0130neg\u00f6l K\u00f6fte\"}]},{\"@type\":\"WebSite\",\"@id\":\"https:\/\/beynur.eu\/#website\",\"url\":\"https:\/\/beynur.eu\/\",\"name\":\"Beynur\",\"description\":\"\u0130lk g\u00fcnk\u00fc a\u015fkla, muhte\u015fem tatlar.\",\"potentialAction\":[{\"@type\":\"SearchAction\",\"target\":{\"@type\":\"EntryPoint\",\"urlTemplate\":\"https:\/\/beynur.eu\/?s={search_term_string}\"},\"query-input\":{\"@type\":\"PropertyValueSpecification\",\"valueRequired\":true,\"valueName\":\"search_term_string\"}}],\"inLanguage\":\"nl-NL\"}]}<\/script>\n<!-- \/ Yoast SEO plugin. -->","yoast_head_json":{"title":"\u0130neg\u00f6l K\u00f6fte - Beynur","robots":{"index":"index","follow":"follow","max-snippet":"max-snippet:-1","max-image-preview":"max-image-preview:large","max-video-preview":"max-video-preview:-1"},"canonical":"https:\/\/beynur.eu\/nl\/product-2\/inegol-kofte\/","og_locale":"nl_NL","og_type":"article","og_title":"\u0130neg\u00f6l K\u00f6fte - Beynur","og_description":"Geleneksel bir lezzet olan \u0130neg\u00f6l K\u00f6fte \u00a0900\u2019l\u00fc y\u0131llarda \u0130neg\u00f6l\u2019e g\u00f6\u00e7 eden Balkan T\u00fcrklerinin beraberlerinde getirdikleri vazge\u00e7ilmez bir lezzettir.  Beynur, 110 y\u0131ld\u0131r ku\u015faktan ku\u015fa\u011fa ya\u015fat\u0131lan bu lezzeti ger\u00e7ek tad\u0131nda sofralar\u0131n\u0131za getiriyor. Beynur \u0130neg\u00f6l K\u00f6fte\u2019nin lezzeti kuzu ve dana etinin belli bir oranda baharatla uyumundan gelir.","og_url":"https:\/\/beynur.eu\/nl\/product-2\/inegol-kofte\/","og_site_name":"Beynur","article_modified_time":"2026-03-08T12:10:18+00:00","og_image":[{"width":1500,"height":1500,"url":"https:\/\/beynur.eu\/wp-content\/uploads\/2018\/04\/inegol-kofte-3.jpg","type":"image\/jpeg"}],"twitter_card":"summary_large_image","twitter_misc":{"Verwachte leestijd":"2 minuten"},"schema":{"@context":"https:\/\/schema.org","@graph":[{"@type":"WebPage","@id":"https:\/\/beynur.eu\/urun\/inegol-kofte\/","url":"https:\/\/beynur.eu\/urun\/inegol-kofte\/","name":"\u0130neg\u00f6l K\u00f6fte - Beynur","isPartOf":{"@id":"https:\/\/beynur.eu\/#website"},"primaryImageOfPage":{"@id":"https:\/\/beynur.eu\/urun\/inegol-kofte\/#primaryimage"},"image":{"@id":"https:\/\/beynur.eu\/urun\/inegol-kofte\/#primaryimage"},"thumbnailUrl":"https:\/\/beynur.eu\/wp-content\/uploads\/2018\/04\/inegol-kofte-3.jpg","datePublished":"2018-04-01T10:05:09+00:00","dateModified":"2026-03-08T12:10:18+00:00","breadcrumb":{"@id":"https:\/\/beynur.eu\/urun\/inegol-kofte\/#breadcrumb"},"inLanguage":"nl-NL","potentialAction":[{"@type":"ReadAction","target":["https:\/\/beynur.eu\/urun\/inegol-kofte\/"]}]},{"@type":"ImageObject","inLanguage":"nl-NL","@id":"https:\/\/beynur.eu\/urun\/inegol-kofte\/#primaryimage","url":"https:\/\/beynur.eu\/wp-content\/uploads\/2018\/04\/inegol-kofte-3.jpg","contentUrl":"https:\/\/beynur.eu\/wp-content\/uploads\/2018\/04\/inegol-kofte-3.jpg","width":1500,"height":1500},{"@type":"BreadcrumbList","@id":"https:\/\/beynur.eu\/urun\/inegol-kofte\/#breadcrumb","itemListElement":[{"@type":"ListItem","position":1,"name":"Home","item":"https:\/\/beynur.eu\/"},{"@type":"ListItem","position":2,"name":"\u00dcr\u00fcnlerimiz","item":"https:\/\/beynur.eu\/en\/urunlerimiz\/"},{"@type":"ListItem","position":3,"name":"\u0130neg\u00f6l K\u00f6fte"}]},{"@type":"WebSite","@id":"https:\/\/beynur.eu\/#website","url":"https:\/\/beynur.eu\/","name":"Beynur","description":"\u0130lk g\u00fcnk\u00fc a\u015fkla, muhte\u015fem tatlar.","potentialAction":[{"@type":"SearchAction","target":{"@type":"EntryPoint","urlTemplate":"https:\/\/beynur.eu\/?s={search_term_string}"},"query-input":{"@type":"PropertyValueSpecification","valueRequired":true,"valueName":"search_term_string"}}],"inLanguage":"nl-NL"}]}},"_links":{"self":[{"href":"https:\/\/beynur.eu\/nl\/wp-json\/wp\/v2\/product\/172","targetHints":{"allow":["GET"]}}],"collection":[{"href":"https:\/\/beynur.eu\/nl\/wp-json\/wp\/v2\/product"}],"about":[{"href":"https:\/\/beynur.eu\/nl\/wp-json\/wp\/v2\/types\/product"}],"wp:featuredmedia":[{"embeddable":true,"href":"https:\/\/beynur.eu\/nl\/wp-json\/wp\/v2\/media\/1682"}],"wp:attachment":[{"href":"https:\/\/beynur.eu\/nl\/wp-json\/wp\/v2\/media?parent=172"}],"wp:term":[{"taxonomy":"product_brand","embeddable":true,"href":"https:\/\/beynur.eu\/nl\/wp-json\/wp\/v2\/product_brand?post=172"},{"taxonomy":"product_cat","embeddable":true,"href":"https:\/\/beynur.eu\/nl\/wp-json\/wp\/v2\/product_cat?post=172"},{"taxonomy":"product_tag","embeddable":true,"href":"https:\/\/beynur.eu\/nl\/wp-json\/wp\/v2\/product_tag?post=172"}],"curies":[{"name":"wp","href":"https:\/\/api.w.org\/{rel}","templated":true}]}}