{"id":173,"date":"2018-04-01T10:05:55","date_gmt":"2018-04-01T10:05:55","guid":{"rendered":"https:\/\/beynur.eu\/?post_type=product&#038;p=173"},"modified":"2026-03-08T12:11:03","modified_gmt":"2026-03-08T12:11:03","slug":"ev-koftesi","status":"publish","type":"product","link":"https:\/\/beynur.eu\/nl\/product-2\/ev-koftesi\/","title":{"rendered":"Huis Gemaakte Gehaktballen"},"content":{"rendered":"<p>Iedereen houdt van gegrilde gehaktbal, maar niet iedereen kan ze maken. Beynur Gegrilde Gehaktballetjes gemaakt van hoogwaardig rundvlees.<\/p>\n<p>Als u buiten in de tuin van uw huis van een barbecue wilt genieten, zult u genieten van het memorabele met Beynur Gegrilde Gehaktballetjes.Met Beynur Gegrilde Gehaktballetjes, waar je gemakkelijk een barbecue kunt serveren, kun je je eiwitbehoeften op een evenwichtige manier vastleggen en kun je picknicks organiseren terwijl je kinderen ongeduldig wachten. Onze producten worden volgens islamitische methoden bereid en zijn halal.<\/p>\n<p>--<\/p>\n<p>&nbsp;<\/p>\n<p><strong>Bereiding:<\/strong><\/p>\n<p>Diepgevroren gegrilde gehaktbal kan zo direct mogelijk in de pan worden bereid. Goed koken voor het eten, niet geschikt voor rauwe consumptie. Het product bevat gluten en soja.<\/p>\n<p>&nbsp;<\/p>\n<p><strong>Opslag:<\/strong><\/p>\n<p>2 dagen in de koelkast.<\/p>\n<p>* 1 week in de vriezer.<\/p>\n<p>** 2 weken in de vriezer in de sterren,<\/p>\n<p>*** in de vriezer (-18c): zie de houdbaarheidsdatum.<\/p>\n<p>Na het ontdooien niet opnieuw invriezen.<\/p>","protected":false},"excerpt":{"rendered":"<p>Iedereen houdt van gegrilde gehaktbal, maar niet iedereen kan ze maken. Beynur Gegrilde Gehaktballetjes gemaakt van hoogwaardig rundvlees.<\/p>\n<p>Als u buiten in de tuin van uw huis van een barbecue wilt genieten, zult u genieten van het memorabele met Beynur Gegrilde Gehaktballetjes.Met Beynur Gegrilde Gehaktballetjes, waar je gemakkelijk een barbecue kunt serveren, kun je je eiwitbehoeften op een evenwichtige manier vastleggen en kun je picknicks organiseren terwijl je kinderen ongeduldig wachten. Onze producten worden volgens islamitische methoden bereid en zijn halal.<\/p>","protected":false},"featured_media":1681,"template":"","meta":[],"product_brand":[],"product_cat":[17],"product_tag":[],"class_list":{"0":"post-173","1":"product","2":"type-product","3":"status-publish","4":"has-post-thumbnail","6":"product_cat-et-urunleri","8":"first","9":"instock","10":"shipping-taxable","11":"product-type-simple"},"yoast_head":"<!-- This site is optimized with the Yoast SEO plugin v26.8 - https:\/\/yoast.com\/product\/yoast-seo-wordpress\/ -->\n<title>Ev K\u00f6ftesi - Beynur<\/title>\n<meta name=\"robots\" content=\"index, follow, max-snippet:-1, max-image-preview:large, max-video-preview:-1\" \/>\n<link rel=\"canonical\" href=\"https:\/\/beynur.eu\/nl\/product-2\/ev-koftesi\/\" \/>\n<meta property=\"og:locale\" content=\"nl_NL\" \/>\n<meta property=\"og:type\" content=\"article\" \/>\n<meta property=\"og:title\" content=\"Ev K\u00f6ftesi - Beynur\" \/>\n<meta property=\"og:description\" content=\"K\u00f6fte sevmeyen yoktur ama herkes k\u00f6fte yapamaz. Kaliteli s\u0131\u011f\u0131r etinden \u00fcretilen Beynur Ev K\u00f6ftesi ile art\u0131k siz de annenizin elinden k\u00f6fte yer gibi k\u00f6fte yiyebileceksiniz.  Evinizin bah\u00e7esinde, a\u00e7\u0131k havada mangal keyfi yapmay\u0131 seviyorsan\u0131z Beynur Izgara K\u00f6fte ile unutulmaz keyif alacaks\u0131n\u0131z.\" \/>\n<meta property=\"og:url\" content=\"https:\/\/beynur.eu\/nl\/product-2\/ev-koftesi\/\" \/>\n<meta property=\"og:site_name\" content=\"Beynur\" \/>\n<meta property=\"article:modified_time\" content=\"2026-03-08T12:11:03+00:00\" \/>\n<meta property=\"og:image\" content=\"https:\/\/beynur.eu\/wp-content\/uploads\/2018\/04\/ev-koftesi-4.jpg\" \/>\n\t<meta property=\"og:image:width\" content=\"1500\" \/>\n\t<meta property=\"og:image:height\" content=\"1500\" \/>\n\t<meta property=\"og:image:type\" content=\"image\/jpeg\" \/>\n<meta name=\"twitter:card\" content=\"summary_large_image\" \/>\n<meta name=\"twitter:label1\" content=\"Verwachte leestijd\" \/>\n\t<meta name=\"twitter:data1\" content=\"1 minuut\" \/>\n<script type=\"application\/ld+json\" class=\"yoast-schema-graph\">{\"@context\":\"https:\/\/schema.org\",\"@graph\":[{\"@type\":\"WebPage\",\"@id\":\"https:\/\/beynur.eu\/urun\/ev-koftesi\/\",\"url\":\"https:\/\/beynur.eu\/urun\/ev-koftesi\/\",\"name\":\"Ev K\u00f6ftesi - Beynur\",\"isPartOf\":{\"@id\":\"https:\/\/beynur.eu\/#website\"},\"primaryImageOfPage\":{\"@id\":\"https:\/\/beynur.eu\/urun\/ev-koftesi\/#primaryimage\"},\"image\":{\"@id\":\"https:\/\/beynur.eu\/urun\/ev-koftesi\/#primaryimage\"},\"thumbnailUrl\":\"https:\/\/beynur.eu\/wp-content\/uploads\/2018\/04\/ev-koftesi-4.jpg\",\"datePublished\":\"2018-04-01T10:05:55+00:00\",\"dateModified\":\"2026-03-08T12:11:03+00:00\",\"breadcrumb\":{\"@id\":\"https:\/\/beynur.eu\/urun\/ev-koftesi\/#breadcrumb\"},\"inLanguage\":\"nl-NL\",\"potentialAction\":[{\"@type\":\"ReadAction\",\"target\":[\"https:\/\/beynur.eu\/urun\/ev-koftesi\/\"]}]},{\"@type\":\"ImageObject\",\"inLanguage\":\"nl-NL\",\"@id\":\"https:\/\/beynur.eu\/urun\/ev-koftesi\/#primaryimage\",\"url\":\"https:\/\/beynur.eu\/wp-content\/uploads\/2018\/04\/ev-koftesi-4.jpg\",\"contentUrl\":\"https:\/\/beynur.eu\/wp-content\/uploads\/2018\/04\/ev-koftesi-4.jpg\",\"width\":1500,\"height\":1500},{\"@type\":\"BreadcrumbList\",\"@id\":\"https:\/\/beynur.eu\/urun\/ev-koftesi\/#breadcrumb\",\"itemListElement\":[{\"@type\":\"ListItem\",\"position\":1,\"name\":\"Home\",\"item\":\"https:\/\/beynur.eu\/\"},{\"@type\":\"ListItem\",\"position\":2,\"name\":\"\u00dcr\u00fcnlerimiz\",\"item\":\"https:\/\/beynur.eu\/en\/urunlerimiz\/\"},{\"@type\":\"ListItem\",\"position\":3,\"name\":\"Ev K\u00f6ftesi\"}]},{\"@type\":\"WebSite\",\"@id\":\"https:\/\/beynur.eu\/#website\",\"url\":\"https:\/\/beynur.eu\/\",\"name\":\"Beynur\",\"description\":\"\u0130lk g\u00fcnk\u00fc a\u015fkla, muhte\u015fem tatlar.\",\"potentialAction\":[{\"@type\":\"SearchAction\",\"target\":{\"@type\":\"EntryPoint\",\"urlTemplate\":\"https:\/\/beynur.eu\/?s={search_term_string}\"},\"query-input\":{\"@type\":\"PropertyValueSpecification\",\"valueRequired\":true,\"valueName\":\"search_term_string\"}}],\"inLanguage\":\"nl-NL\"}]}<\/script>\n<!-- \/ Yoast SEO plugin. -->","yoast_head_json":{"title":"Ev K\u00f6ftesi - Beynur","robots":{"index":"index","follow":"follow","max-snippet":"max-snippet:-1","max-image-preview":"max-image-preview:large","max-video-preview":"max-video-preview:-1"},"canonical":"https:\/\/beynur.eu\/nl\/product-2\/ev-koftesi\/","og_locale":"nl_NL","og_type":"article","og_title":"Ev K\u00f6ftesi - Beynur","og_description":"K\u00f6fte sevmeyen yoktur ama herkes k\u00f6fte yapamaz. Kaliteli s\u0131\u011f\u0131r etinden \u00fcretilen Beynur Ev K\u00f6ftesi ile art\u0131k siz de annenizin elinden k\u00f6fte yer gibi k\u00f6fte yiyebileceksiniz.  Evinizin bah\u00e7esinde, a\u00e7\u0131k havada mangal keyfi yapmay\u0131 seviyorsan\u0131z Beynur Izgara K\u00f6fte ile unutulmaz keyif alacaks\u0131n\u0131z.","og_url":"https:\/\/beynur.eu\/nl\/product-2\/ev-koftesi\/","og_site_name":"Beynur","article_modified_time":"2026-03-08T12:11:03+00:00","og_image":[{"width":1500,"height":1500,"url":"https:\/\/beynur.eu\/wp-content\/uploads\/2018\/04\/ev-koftesi-4.jpg","type":"image\/jpeg"}],"twitter_card":"summary_large_image","twitter_misc":{"Verwachte leestijd":"1 minuut"},"schema":{"@context":"https:\/\/schema.org","@graph":[{"@type":"WebPage","@id":"https:\/\/beynur.eu\/urun\/ev-koftesi\/","url":"https:\/\/beynur.eu\/urun\/ev-koftesi\/","name":"Ev K\u00f6ftesi - Beynur","isPartOf":{"@id":"https:\/\/beynur.eu\/#website"},"primaryImageOfPage":{"@id":"https:\/\/beynur.eu\/urun\/ev-koftesi\/#primaryimage"},"image":{"@id":"https:\/\/beynur.eu\/urun\/ev-koftesi\/#primaryimage"},"thumbnailUrl":"https:\/\/beynur.eu\/wp-content\/uploads\/2018\/04\/ev-koftesi-4.jpg","datePublished":"2018-04-01T10:05:55+00:00","dateModified":"2026-03-08T12:11:03+00:00","breadcrumb":{"@id":"https:\/\/beynur.eu\/urun\/ev-koftesi\/#breadcrumb"},"inLanguage":"nl-NL","potentialAction":[{"@type":"ReadAction","target":["https:\/\/beynur.eu\/urun\/ev-koftesi\/"]}]},{"@type":"ImageObject","inLanguage":"nl-NL","@id":"https:\/\/beynur.eu\/urun\/ev-koftesi\/#primaryimage","url":"https:\/\/beynur.eu\/wp-content\/uploads\/2018\/04\/ev-koftesi-4.jpg","contentUrl":"https:\/\/beynur.eu\/wp-content\/uploads\/2018\/04\/ev-koftesi-4.jpg","width":1500,"height":1500},{"@type":"BreadcrumbList","@id":"https:\/\/beynur.eu\/urun\/ev-koftesi\/#breadcrumb","itemListElement":[{"@type":"ListItem","position":1,"name":"Home","item":"https:\/\/beynur.eu\/"},{"@type":"ListItem","position":2,"name":"\u00dcr\u00fcnlerimiz","item":"https:\/\/beynur.eu\/en\/urunlerimiz\/"},{"@type":"ListItem","position":3,"name":"Ev K\u00f6ftesi"}]},{"@type":"WebSite","@id":"https:\/\/beynur.eu\/#website","url":"https:\/\/beynur.eu\/","name":"Beynur","description":"\u0130lk g\u00fcnk\u00fc a\u015fkla, muhte\u015fem tatlar.","potentialAction":[{"@type":"SearchAction","target":{"@type":"EntryPoint","urlTemplate":"https:\/\/beynur.eu\/?s={search_term_string}"},"query-input":{"@type":"PropertyValueSpecification","valueRequired":true,"valueName":"search_term_string"}}],"inLanguage":"nl-NL"}]}},"_links":{"self":[{"href":"https:\/\/beynur.eu\/nl\/wp-json\/wp\/v2\/product\/173","targetHints":{"allow":["GET"]}}],"collection":[{"href":"https:\/\/beynur.eu\/nl\/wp-json\/wp\/v2\/product"}],"about":[{"href":"https:\/\/beynur.eu\/nl\/wp-json\/wp\/v2\/types\/product"}],"wp:featuredmedia":[{"embeddable":true,"href":"https:\/\/beynur.eu\/nl\/wp-json\/wp\/v2\/media\/1681"}],"wp:attachment":[{"href":"https:\/\/beynur.eu\/nl\/wp-json\/wp\/v2\/media?parent=173"}],"wp:term":[{"taxonomy":"product_brand","embeddable":true,"href":"https:\/\/beynur.eu\/nl\/wp-json\/wp\/v2\/product_brand?post=173"},{"taxonomy":"product_cat","embeddable":true,"href":"https:\/\/beynur.eu\/nl\/wp-json\/wp\/v2\/product_cat?post=173"},{"taxonomy":"product_tag","embeddable":true,"href":"https:\/\/beynur.eu\/nl\/wp-json\/wp\/v2\/product_tag?post=173"}],"curies":[{"name":"wp","href":"https:\/\/api.w.org\/{rel}","templated":true}]}}