{"id":182,"date":"2018-04-01T11:39:56","date_gmt":"2018-04-01T11:39:56","guid":{"rendered":"https:\/\/beynur.eu\/?post_type=product&#038;p=182"},"modified":"2026-03-10T07:02:23","modified_gmt":"2026-03-10T07:02:23","slug":"ispanakli-peynirli-tepsi-boregi","status":"publish","type":"product","link":"https:\/\/beynur.eu\/nl\/product-2\/kaas-spinazie-tepsi-borek\/","title":{"rendered":"Traditionele Spinazie Kaasrol"},"content":{"rendered":"<p>Beynur met spinazie, mizithra en feta-kaas bladerdeeg is praktisch en gemakkelijk te bereiden. Met twee prachtige kazen en spinazie zal de buitengewone harmonie elke maaltijd u verassen.<\/p>\n<p>Beynur, dit product dat in bevroren staat wordt verkocht met kwaliteit en zekerheid, bespaart u tijd in uw keuken en waarnaar uw kinderen altijd naar zullen vragen.<\/p>\n<p>---<\/p>\n<p><strong>Ingredi\u00ebnten:<\/strong><\/p>\n<p>Tarwebloem, plantaardige oli\u00ebn en vetten, boter, water, zout, suiker, caroteen (vitamine A, D)<\/p>\n<p><strong>Vulling:<\/strong><\/p>\n<p>45% spinazie, 5% bevroren prei, 20% mizithra kaas, 15% maisgriesmeel, 20% feta kaas, 2% zonnebloemolie, 2% extra vergine olijfolie, zout, peper, peterselie, dille.<\/p>","protected":false},"excerpt":{"rendered":"<p>Beynur met spinazie, mizithra en feta-kaas bladerdeeg is praktisch en gemakkelijk te bereiden. Met twee prachtige kazen en spinazie zal de buitengewone harmonie elke maaltijd u verassen.<\/p>\n<p>Beynur, dit product dat in bevroren staat wordt verkocht met kwaliteit en zekerheid, bespaart u tijd in uw keuken en waarnaar uw kinderen altijd naar zullen vragen.<\/p>","protected":false},"featured_media":1611,"template":"","meta":[],"product_brand":[],"product_cat":[20],"product_tag":[],"class_list":{"0":"post-182","1":"product","2":"type-product","3":"status-publish","4":"has-post-thumbnail","6":"product_cat-unlu-mamuller","8":"first","9":"instock","10":"featured","11":"shipping-taxable","12":"product-type-simple"},"yoast_head":"<!-- This site is optimized with the Yoast SEO plugin v26.8 - https:\/\/yoast.com\/product\/yoast-seo-wordpress\/ -->\n<title>Ispanakl\u0131, Peynirli Tepsi B\u00f6re\u011fi - Beynur<\/title>\n<meta name=\"robots\" content=\"index, follow, max-snippet:-1, max-image-preview:large, max-video-preview:-1\" \/>\n<link rel=\"canonical\" href=\"https:\/\/beynur.eu\/nl\/product-2\/kaas-spinazie-tepsi-borek\/\" \/>\n<meta property=\"og:locale\" content=\"nl_NL\" \/>\n<meta property=\"og:type\" content=\"article\" \/>\n<meta property=\"og:title\" content=\"Ispanakl\u0131, Peynirli Tepsi B\u00f6re\u011fi - Beynur\" \/>\n<meta property=\"og:description\" content=\"Beynur\u2019un \u0131spanakl\u0131, mizithra ve feta peynirli tepsi b\u00f6re\u011fi pratik ve kolay haz\u0131rlan\u0131\u015f\u0131 ile mutfaklar\u0131n\u0131zdan eksik etmeyece\u011finiz bir \u00fcr\u00fcn. Beynur fark\u0131yla, muhte\u015fem iki peynirin \u0131spanak ve p\u0131rasa ile ola\u011fan\u00fcst\u00fc uyumunu ya\u015fayacak her \u00f6\u011f\u00fcn doyas\u0131ya siz de annenizin elinden \u00e7\u0131km\u0131\u015f kadar do\u011fal tepsi b\u00f6re\u011fi yiyebileceksiniz.  Beynur, kalite ve g\u00fcvencesiyle dondurulmu\u015f halde sat\u0131lan bu \u00fcr\u00fcn\u00fcm\u00fcz mutfa\u011f\u0131n\u0131zda size zaman kazand\u0131r\u0131rken \u00e7ocuklar\u0131n\u0131z\u0131n s\u00fcrekli arad\u0131\u011f\u0131 bir lezzet olacak.\" \/>\n<meta property=\"og:url\" content=\"https:\/\/beynur.eu\/nl\/product-2\/kaas-spinazie-tepsi-borek\/\" \/>\n<meta property=\"og:site_name\" content=\"Beynur\" \/>\n<meta property=\"article:modified_time\" content=\"2026-03-10T07:02:23+00:00\" \/>\n<meta property=\"og:image\" content=\"https:\/\/beynur.eu\/wp-content\/uploads\/2018\/04\/Ispanak-Peynirli-Tepsi-Boregi.jpg\" \/>\n\t<meta property=\"og:image:width\" content=\"1000\" \/>\n\t<meta property=\"og:image:height\" content=\"1000\" \/>\n\t<meta property=\"og:image:type\" content=\"image\/jpeg\" \/>\n<meta name=\"twitter:card\" content=\"summary_large_image\" \/>\n<meta name=\"twitter:label1\" content=\"Verwachte leestijd\" \/>\n\t<meta name=\"twitter:data1\" content=\"1 minuut\" \/>\n<script type=\"application\/ld+json\" class=\"yoast-schema-graph\">{\"@context\":\"https:\/\/schema.org\",\"@graph\":[{\"@type\":\"WebPage\",\"@id\":\"https:\/\/beynur.eu\/urun\/ispanakli-peynirli-tepsi-boregi\/\",\"url\":\"https:\/\/beynur.eu\/urun\/ispanakli-peynirli-tepsi-boregi\/\",\"name\":\"Ispanakl\u0131, Peynirli Tepsi B\u00f6re\u011fi - Beynur\",\"isPartOf\":{\"@id\":\"https:\/\/beynur.eu\/#website\"},\"primaryImageOfPage\":{\"@id\":\"https:\/\/beynur.eu\/urun\/ispanakli-peynirli-tepsi-boregi\/#primaryimage\"},\"image\":{\"@id\":\"https:\/\/beynur.eu\/urun\/ispanakli-peynirli-tepsi-boregi\/#primaryimage\"},\"thumbnailUrl\":\"https:\/\/beynur.eu\/wp-content\/uploads\/2018\/04\/Ispanak-Peynirli-Tepsi-Boregi.jpg\",\"datePublished\":\"2018-04-01T11:39:56+00:00\",\"dateModified\":\"2026-03-10T07:02:23+00:00\",\"breadcrumb\":{\"@id\":\"https:\/\/beynur.eu\/urun\/ispanakli-peynirli-tepsi-boregi\/#breadcrumb\"},\"inLanguage\":\"nl-NL\",\"potentialAction\":[{\"@type\":\"ReadAction\",\"target\":[\"https:\/\/beynur.eu\/urun\/ispanakli-peynirli-tepsi-boregi\/\"]}]},{\"@type\":\"ImageObject\",\"inLanguage\":\"nl-NL\",\"@id\":\"https:\/\/beynur.eu\/urun\/ispanakli-peynirli-tepsi-boregi\/#primaryimage\",\"url\":\"https:\/\/beynur.eu\/wp-content\/uploads\/2018\/04\/Ispanak-Peynirli-Tepsi-Boregi.jpg\",\"contentUrl\":\"https:\/\/beynur.eu\/wp-content\/uploads\/2018\/04\/Ispanak-Peynirli-Tepsi-Boregi.jpg\",\"width\":1000,\"height\":1000},{\"@type\":\"BreadcrumbList\",\"@id\":\"https:\/\/beynur.eu\/urun\/ispanakli-peynirli-tepsi-boregi\/#breadcrumb\",\"itemListElement\":[{\"@type\":\"ListItem\",\"position\":1,\"name\":\"Home\",\"item\":\"https:\/\/beynur.eu\/\"},{\"@type\":\"ListItem\",\"position\":2,\"name\":\"\u00dcr\u00fcnlerimiz\",\"item\":\"https:\/\/beynur.eu\/en\/urunlerimiz\/\"},{\"@type\":\"ListItem\",\"position\":3,\"name\":\"Ispanakl\u0131, Peynirli Tepsi B\u00f6re\u011fi\"}]},{\"@type\":\"WebSite\",\"@id\":\"https:\/\/beynur.eu\/#website\",\"url\":\"https:\/\/beynur.eu\/\",\"name\":\"Beynur\",\"description\":\"\u0130lk g\u00fcnk\u00fc a\u015fkla, muhte\u015fem tatlar.\",\"potentialAction\":[{\"@type\":\"SearchAction\",\"target\":{\"@type\":\"EntryPoint\",\"urlTemplate\":\"https:\/\/beynur.eu\/?s={search_term_string}\"},\"query-input\":{\"@type\":\"PropertyValueSpecification\",\"valueRequired\":true,\"valueName\":\"search_term_string\"}}],\"inLanguage\":\"nl-NL\"}]}<\/script>\n<!-- \/ Yoast SEO plugin. -->","yoast_head_json":{"title":"Ispanakl\u0131, Peynirli Tepsi B\u00f6re\u011fi - Beynur","robots":{"index":"index","follow":"follow","max-snippet":"max-snippet:-1","max-image-preview":"max-image-preview:large","max-video-preview":"max-video-preview:-1"},"canonical":"https:\/\/beynur.eu\/nl\/product-2\/kaas-spinazie-tepsi-borek\/","og_locale":"nl_NL","og_type":"article","og_title":"Ispanakl\u0131, Peynirli Tepsi B\u00f6re\u011fi - Beynur","og_description":"Beynur\u2019un \u0131spanakl\u0131, mizithra ve feta peynirli tepsi b\u00f6re\u011fi pratik ve kolay haz\u0131rlan\u0131\u015f\u0131 ile mutfaklar\u0131n\u0131zdan eksik etmeyece\u011finiz bir \u00fcr\u00fcn. Beynur fark\u0131yla, muhte\u015fem iki peynirin \u0131spanak ve p\u0131rasa ile ola\u011fan\u00fcst\u00fc uyumunu ya\u015fayacak her \u00f6\u011f\u00fcn doyas\u0131ya siz de annenizin elinden \u00e7\u0131km\u0131\u015f kadar do\u011fal tepsi b\u00f6re\u011fi yiyebileceksiniz.  Beynur, kalite ve g\u00fcvencesiyle dondurulmu\u015f halde sat\u0131lan bu \u00fcr\u00fcn\u00fcm\u00fcz mutfa\u011f\u0131n\u0131zda size zaman kazand\u0131r\u0131rken \u00e7ocuklar\u0131n\u0131z\u0131n s\u00fcrekli arad\u0131\u011f\u0131 bir lezzet olacak.","og_url":"https:\/\/beynur.eu\/nl\/product-2\/kaas-spinazie-tepsi-borek\/","og_site_name":"Beynur","article_modified_time":"2026-03-10T07:02:23+00:00","og_image":[{"width":1000,"height":1000,"url":"https:\/\/beynur.eu\/wp-content\/uploads\/2018\/04\/Ispanak-Peynirli-Tepsi-Boregi.jpg","type":"image\/jpeg"}],"twitter_card":"summary_large_image","twitter_misc":{"Verwachte leestijd":"1 minuut"},"schema":{"@context":"https:\/\/schema.org","@graph":[{"@type":"WebPage","@id":"https:\/\/beynur.eu\/urun\/ispanakli-peynirli-tepsi-boregi\/","url":"https:\/\/beynur.eu\/urun\/ispanakli-peynirli-tepsi-boregi\/","name":"Ispanakl\u0131, Peynirli Tepsi B\u00f6re\u011fi - Beynur","isPartOf":{"@id":"https:\/\/beynur.eu\/#website"},"primaryImageOfPage":{"@id":"https:\/\/beynur.eu\/urun\/ispanakli-peynirli-tepsi-boregi\/#primaryimage"},"image":{"@id":"https:\/\/beynur.eu\/urun\/ispanakli-peynirli-tepsi-boregi\/#primaryimage"},"thumbnailUrl":"https:\/\/beynur.eu\/wp-content\/uploads\/2018\/04\/Ispanak-Peynirli-Tepsi-Boregi.jpg","datePublished":"2018-04-01T11:39:56+00:00","dateModified":"2026-03-10T07:02:23+00:00","breadcrumb":{"@id":"https:\/\/beynur.eu\/urun\/ispanakli-peynirli-tepsi-boregi\/#breadcrumb"},"inLanguage":"nl-NL","potentialAction":[{"@type":"ReadAction","target":["https:\/\/beynur.eu\/urun\/ispanakli-peynirli-tepsi-boregi\/"]}]},{"@type":"ImageObject","inLanguage":"nl-NL","@id":"https:\/\/beynur.eu\/urun\/ispanakli-peynirli-tepsi-boregi\/#primaryimage","url":"https:\/\/beynur.eu\/wp-content\/uploads\/2018\/04\/Ispanak-Peynirli-Tepsi-Boregi.jpg","contentUrl":"https:\/\/beynur.eu\/wp-content\/uploads\/2018\/04\/Ispanak-Peynirli-Tepsi-Boregi.jpg","width":1000,"height":1000},{"@type":"BreadcrumbList","@id":"https:\/\/beynur.eu\/urun\/ispanakli-peynirli-tepsi-boregi\/#breadcrumb","itemListElement":[{"@type":"ListItem","position":1,"name":"Home","item":"https:\/\/beynur.eu\/"},{"@type":"ListItem","position":2,"name":"\u00dcr\u00fcnlerimiz","item":"https:\/\/beynur.eu\/en\/urunlerimiz\/"},{"@type":"ListItem","position":3,"name":"Ispanakl\u0131, Peynirli Tepsi B\u00f6re\u011fi"}]},{"@type":"WebSite","@id":"https:\/\/beynur.eu\/#website","url":"https:\/\/beynur.eu\/","name":"Beynur","description":"\u0130lk g\u00fcnk\u00fc a\u015fkla, muhte\u015fem tatlar.","potentialAction":[{"@type":"SearchAction","target":{"@type":"EntryPoint","urlTemplate":"https:\/\/beynur.eu\/?s={search_term_string}"},"query-input":{"@type":"PropertyValueSpecification","valueRequired":true,"valueName":"search_term_string"}}],"inLanguage":"nl-NL"}]}},"_links":{"self":[{"href":"https:\/\/beynur.eu\/nl\/wp-json\/wp\/v2\/product\/182","targetHints":{"allow":["GET"]}}],"collection":[{"href":"https:\/\/beynur.eu\/nl\/wp-json\/wp\/v2\/product"}],"about":[{"href":"https:\/\/beynur.eu\/nl\/wp-json\/wp\/v2\/types\/product"}],"wp:featuredmedia":[{"embeddable":true,"href":"https:\/\/beynur.eu\/nl\/wp-json\/wp\/v2\/media\/1611"}],"wp:attachment":[{"href":"https:\/\/beynur.eu\/nl\/wp-json\/wp\/v2\/media?parent=182"}],"wp:term":[{"taxonomy":"product_brand","embeddable":true,"href":"https:\/\/beynur.eu\/nl\/wp-json\/wp\/v2\/product_brand?post=182"},{"taxonomy":"product_cat","embeddable":true,"href":"https:\/\/beynur.eu\/nl\/wp-json\/wp\/v2\/product_cat?post=182"},{"taxonomy":"product_tag","embeddable":true,"href":"https:\/\/beynur.eu\/nl\/wp-json\/wp\/v2\/product_tag?post=182"}],"curies":[{"name":"wp","href":"https:\/\/api.w.org\/{rel}","templated":true}]}}