{"id":742,"date":"2020-12-02T12:38:47","date_gmt":"2020-12-02T12:38:47","guid":{"rendered":"https:\/\/beynur.eu\/?post_type=product&#038;p=742"},"modified":"2026-03-08T12:31:08","modified_gmt":"2026-03-08T12:31:08","slug":"tavuk-fileto-doner","status":"publish","type":"product","link":"https:\/\/beynur.eu\/nl\/product-2\/tavuk-fileto-doner\/","title":{"rendered":"Kipfilet D\u00f6ner"},"content":{"rendered":"<p><strong>Koken Instructies:<\/strong><\/p>\n<p>In de magnetron: Verwarm de bevroren kebab op 400 Watt gedurende 4 minuten, maak 1 minuut los.<\/p>\n<p>&nbsp;<\/p>\n<p><strong>Opslag:<\/strong><\/p>\n<p>2 dagen in de koelkast.<\/p>\n<p>E\u00e9n ster * 1 week in de vriezer<\/p>\n<p>Dubbele ster ** 2 weken in de vriezer<\/p>\n<p>Drie sterren *** -18C in vriezer: zie vervaldatum<\/p>\n<p>Na het ontdooien niet opnieuw invriezen.<\/p>","protected":false},"excerpt":{"rendered":"<p>Beynur Filet D\u00f6ner Kebap 600gr\u2019l\u0131k paketi beyaz et ihtiyac\u0131n\u0131z\u0131 sa\u011fl\u0131kl\u0131 bir \u015fekilde giderir. Pratik kullan\u0131m\u0131 ile \u00e7ocuklar\u0131n\u0131z\u0131n damak tad\u0131na uygun olup ortalama besin de\u011ferlerinde sa\u011fl\u0131\u011f\u0131n\u0131za sa\u011fl\u0131k katar. Beynur Kebap ile davetsiz misafirleriniz i\u00e7in k\u0131sa s\u00fcrede g\u00fczel bir sofra haz\u0131rlayarak e\u015fsiz ve farkl\u0131 soslarla konuklar\u0131n\u0131z\u0131 \u015fa\u015f\u0131rtabilirsiniz.<\/p>\n<p>Hem \u00e7ok pratik hem de leziz olan Beynur Filet D\u00f6ner Kebap \u0130slami usullere uygun \u015fekilde \u00fcretilmi\u015ftir.<\/p>","protected":false},"featured_media":1634,"template":"","meta":[],"product_brand":[],"product_cat":[18],"product_tag":[],"class_list":{"0":"post-742","1":"product","2":"type-product","3":"status-publish","4":"has-post-thumbnail","6":"product_cat-tavuk-ve-hindi-urunleri","8":"first","9":"instock","10":"shipping-taxable","11":"product-type-simple"},"yoast_head":"<!-- This site is optimized with the Yoast SEO plugin v26.8 - https:\/\/yoast.com\/product\/yoast-seo-wordpress\/ -->\n<title>Tavuk Fileto D\u00f6ner - Beynur<\/title>\n<meta name=\"robots\" content=\"index, follow, max-snippet:-1, max-image-preview:large, max-video-preview:-1\" \/>\n<link rel=\"canonical\" href=\"https:\/\/beynur.eu\/nl\/product-2\/tavuk-fileto-doner\/\" \/>\n<meta property=\"og:locale\" content=\"nl_NL\" \/>\n<meta property=\"og:type\" content=\"article\" \/>\n<meta property=\"og:title\" content=\"Tavuk Fileto D\u00f6ner - Beynur\" \/>\n<meta property=\"og:description\" content=\"Beynur Filet D\u00f6ner Kebap 600gr\u2019l\u0131k paketi beyaz et ihtiyac\u0131n\u0131z\u0131 sa\u011fl\u0131kl\u0131 bir \u015fekilde giderir. Pratik kullan\u0131m\u0131 ile \u00e7ocuklar\u0131n\u0131z\u0131n damak tad\u0131na uygun olup ortalama besin de\u011ferlerinde sa\u011fl\u0131\u011f\u0131n\u0131za sa\u011fl\u0131k katar. Beynur Kebap ile davetsiz misafirleriniz i\u00e7in k\u0131sa s\u00fcrede g\u00fczel bir sofra haz\u0131rlayarak e\u015fsiz ve farkl\u0131 soslarla konuklar\u0131n\u0131z\u0131 \u015fa\u015f\u0131rtabilirsiniz.  Hem \u00e7ok pratik hem de leziz olan Beynur Filet D\u00f6ner Kebap \u0130slami usullere uygun \u015fekilde \u00fcretilmi\u015ftir.\" \/>\n<meta property=\"og:url\" content=\"https:\/\/beynur.eu\/nl\/product-2\/tavuk-fileto-doner\/\" \/>\n<meta property=\"og:site_name\" content=\"Beynur\" \/>\n<meta property=\"article:modified_time\" content=\"2026-03-08T12:31:08+00:00\" \/>\n<meta property=\"og:image\" content=\"https:\/\/beynur.eu\/wp-content\/uploads\/2020\/12\/13.png\" \/>\n\t<meta property=\"og:image:width\" content=\"1000\" \/>\n\t<meta property=\"og:image:height\" content=\"1000\" \/>\n\t<meta property=\"og:image:type\" content=\"image\/png\" \/>\n<meta name=\"twitter:card\" content=\"summary_large_image\" \/>\n<meta name=\"twitter:label1\" content=\"Verwachte leestijd\" \/>\n\t<meta name=\"twitter:data1\" content=\"1 minuut\" \/>\n<script type=\"application\/ld+json\" class=\"yoast-schema-graph\">{\"@context\":\"https:\/\/schema.org\",\"@graph\":[{\"@type\":\"WebPage\",\"@id\":\"https:\/\/beynur.eu\/urun\/tavuk-fileto-doner\/\",\"url\":\"https:\/\/beynur.eu\/urun\/tavuk-fileto-doner\/\",\"name\":\"Tavuk Fileto D\u00f6ner - Beynur\",\"isPartOf\":{\"@id\":\"https:\/\/beynur.eu\/#website\"},\"primaryImageOfPage\":{\"@id\":\"https:\/\/beynur.eu\/urun\/tavuk-fileto-doner\/#primaryimage\"},\"image\":{\"@id\":\"https:\/\/beynur.eu\/urun\/tavuk-fileto-doner\/#primaryimage\"},\"thumbnailUrl\":\"https:\/\/beynur.eu\/wp-content\/uploads\/2020\/12\/13.png\",\"datePublished\":\"2020-12-02T12:38:47+00:00\",\"dateModified\":\"2026-03-08T12:31:08+00:00\",\"breadcrumb\":{\"@id\":\"https:\/\/beynur.eu\/urun\/tavuk-fileto-doner\/#breadcrumb\"},\"inLanguage\":\"nl-NL\",\"potentialAction\":[{\"@type\":\"ReadAction\",\"target\":[\"https:\/\/beynur.eu\/urun\/tavuk-fileto-doner\/\"]}]},{\"@type\":\"ImageObject\",\"inLanguage\":\"nl-NL\",\"@id\":\"https:\/\/beynur.eu\/urun\/tavuk-fileto-doner\/#primaryimage\",\"url\":\"https:\/\/beynur.eu\/wp-content\/uploads\/2020\/12\/13.png\",\"contentUrl\":\"https:\/\/beynur.eu\/wp-content\/uploads\/2020\/12\/13.png\",\"width\":1000,\"height\":1000},{\"@type\":\"BreadcrumbList\",\"@id\":\"https:\/\/beynur.eu\/urun\/tavuk-fileto-doner\/#breadcrumb\",\"itemListElement\":[{\"@type\":\"ListItem\",\"position\":1,\"name\":\"Home\",\"item\":\"https:\/\/beynur.eu\/\"},{\"@type\":\"ListItem\",\"position\":2,\"name\":\"\u00dcr\u00fcnlerimiz\",\"item\":\"https:\/\/beynur.eu\/en\/urunlerimiz\/\"},{\"@type\":\"ListItem\",\"position\":3,\"name\":\"Tavuk Fileto D\u00f6ner\"}]},{\"@type\":\"WebSite\",\"@id\":\"https:\/\/beynur.eu\/#website\",\"url\":\"https:\/\/beynur.eu\/\",\"name\":\"Beynur\",\"description\":\"\u0130lk g\u00fcnk\u00fc a\u015fkla, muhte\u015fem tatlar.\",\"potentialAction\":[{\"@type\":\"SearchAction\",\"target\":{\"@type\":\"EntryPoint\",\"urlTemplate\":\"https:\/\/beynur.eu\/?s={search_term_string}\"},\"query-input\":{\"@type\":\"PropertyValueSpecification\",\"valueRequired\":true,\"valueName\":\"search_term_string\"}}],\"inLanguage\":\"nl-NL\"}]}<\/script>\n<!-- \/ Yoast SEO plugin. -->","yoast_head_json":{"title":"Tavuk Fileto D\u00f6ner - Beynur","robots":{"index":"index","follow":"follow","max-snippet":"max-snippet:-1","max-image-preview":"max-image-preview:large","max-video-preview":"max-video-preview:-1"},"canonical":"https:\/\/beynur.eu\/nl\/product-2\/tavuk-fileto-doner\/","og_locale":"nl_NL","og_type":"article","og_title":"Tavuk Fileto D\u00f6ner - Beynur","og_description":"Beynur Filet D\u00f6ner Kebap 600gr\u2019l\u0131k paketi beyaz et ihtiyac\u0131n\u0131z\u0131 sa\u011fl\u0131kl\u0131 bir \u015fekilde giderir. Pratik kullan\u0131m\u0131 ile \u00e7ocuklar\u0131n\u0131z\u0131n damak tad\u0131na uygun olup ortalama besin de\u011ferlerinde sa\u011fl\u0131\u011f\u0131n\u0131za sa\u011fl\u0131k katar. Beynur Kebap ile davetsiz misafirleriniz i\u00e7in k\u0131sa s\u00fcrede g\u00fczel bir sofra haz\u0131rlayarak e\u015fsiz ve farkl\u0131 soslarla konuklar\u0131n\u0131z\u0131 \u015fa\u015f\u0131rtabilirsiniz.  Hem \u00e7ok pratik hem de leziz olan Beynur Filet D\u00f6ner Kebap \u0130slami usullere uygun \u015fekilde \u00fcretilmi\u015ftir.","og_url":"https:\/\/beynur.eu\/nl\/product-2\/tavuk-fileto-doner\/","og_site_name":"Beynur","article_modified_time":"2026-03-08T12:31:08+00:00","og_image":[{"width":1000,"height":1000,"url":"https:\/\/beynur.eu\/wp-content\/uploads\/2020\/12\/13.png","type":"image\/png"}],"twitter_card":"summary_large_image","twitter_misc":{"Verwachte leestijd":"1 minuut"},"schema":{"@context":"https:\/\/schema.org","@graph":[{"@type":"WebPage","@id":"https:\/\/beynur.eu\/urun\/tavuk-fileto-doner\/","url":"https:\/\/beynur.eu\/urun\/tavuk-fileto-doner\/","name":"Tavuk Fileto D\u00f6ner - Beynur","isPartOf":{"@id":"https:\/\/beynur.eu\/#website"},"primaryImageOfPage":{"@id":"https:\/\/beynur.eu\/urun\/tavuk-fileto-doner\/#primaryimage"},"image":{"@id":"https:\/\/beynur.eu\/urun\/tavuk-fileto-doner\/#primaryimage"},"thumbnailUrl":"https:\/\/beynur.eu\/wp-content\/uploads\/2020\/12\/13.png","datePublished":"2020-12-02T12:38:47+00:00","dateModified":"2026-03-08T12:31:08+00:00","breadcrumb":{"@id":"https:\/\/beynur.eu\/urun\/tavuk-fileto-doner\/#breadcrumb"},"inLanguage":"nl-NL","potentialAction":[{"@type":"ReadAction","target":["https:\/\/beynur.eu\/urun\/tavuk-fileto-doner\/"]}]},{"@type":"ImageObject","inLanguage":"nl-NL","@id":"https:\/\/beynur.eu\/urun\/tavuk-fileto-doner\/#primaryimage","url":"https:\/\/beynur.eu\/wp-content\/uploads\/2020\/12\/13.png","contentUrl":"https:\/\/beynur.eu\/wp-content\/uploads\/2020\/12\/13.png","width":1000,"height":1000},{"@type":"BreadcrumbList","@id":"https:\/\/beynur.eu\/urun\/tavuk-fileto-doner\/#breadcrumb","itemListElement":[{"@type":"ListItem","position":1,"name":"Home","item":"https:\/\/beynur.eu\/"},{"@type":"ListItem","position":2,"name":"\u00dcr\u00fcnlerimiz","item":"https:\/\/beynur.eu\/en\/urunlerimiz\/"},{"@type":"ListItem","position":3,"name":"Tavuk Fileto D\u00f6ner"}]},{"@type":"WebSite","@id":"https:\/\/beynur.eu\/#website","url":"https:\/\/beynur.eu\/","name":"Beynur","description":"\u0130lk g\u00fcnk\u00fc a\u015fkla, muhte\u015fem tatlar.","potentialAction":[{"@type":"SearchAction","target":{"@type":"EntryPoint","urlTemplate":"https:\/\/beynur.eu\/?s={search_term_string}"},"query-input":{"@type":"PropertyValueSpecification","valueRequired":true,"valueName":"search_term_string"}}],"inLanguage":"nl-NL"}]}},"_links":{"self":[{"href":"https:\/\/beynur.eu\/nl\/wp-json\/wp\/v2\/product\/742","targetHints":{"allow":["GET"]}}],"collection":[{"href":"https:\/\/beynur.eu\/nl\/wp-json\/wp\/v2\/product"}],"about":[{"href":"https:\/\/beynur.eu\/nl\/wp-json\/wp\/v2\/types\/product"}],"wp:featuredmedia":[{"embeddable":true,"href":"https:\/\/beynur.eu\/nl\/wp-json\/wp\/v2\/media\/1634"}],"wp:attachment":[{"href":"https:\/\/beynur.eu\/nl\/wp-json\/wp\/v2\/media?parent=742"}],"wp:term":[{"taxonomy":"product_brand","embeddable":true,"href":"https:\/\/beynur.eu\/nl\/wp-json\/wp\/v2\/product_brand?post=742"},{"taxonomy":"product_cat","embeddable":true,"href":"https:\/\/beynur.eu\/nl\/wp-json\/wp\/v2\/product_cat?post=742"},{"taxonomy":"product_tag","embeddable":true,"href":"https:\/\/beynur.eu\/nl\/wp-json\/wp\/v2\/product_tag?post=742"}],"curies":[{"name":"wp","href":"https:\/\/api.w.org\/{rel}","templated":true}]}}