{"id":846,"date":"2021-10-26T10:45:58","date_gmt":"2021-10-26T10:45:58","guid":{"rendered":"https:\/\/beynur.eu\/?post_type=product&#038;p=846"},"modified":"2026-03-12T11:08:30","modified_gmt":"2026-03-12T11:08:30","slug":"enginar","status":"publish","type":"product","link":"https:\/\/beynur.eu\/nl\/product-2\/artisjok\/","title":{"rendered":"Artisjok"},"content":{"rendered":"","protected":false},"excerpt":{"rendered":"","protected":false},"featured_media":1734,"template":"","meta":[],"product_brand":[],"product_cat":[36],"product_tag":[],"class_list":{"0":"post-846","1":"product","2":"type-product","3":"status-publish","4":"has-post-thumbnail","6":"product_cat-dondurulmus-sebze-urunleri","8":"first","9":"instock","10":"shipping-taxable","11":"product-type-simple"},"yoast_head":"<!-- This site is optimized with the Yoast SEO plugin v26.8 - https:\/\/yoast.com\/product\/yoast-seo-wordpress\/ -->\n<title>Enginar - Beynur<\/title>\n<meta name=\"robots\" content=\"index, follow, max-snippet:-1, max-image-preview:large, max-video-preview:-1\" \/>\n<link rel=\"canonical\" href=\"https:\/\/beynur.eu\/nl\/product-2\/artisjok\/\" \/>\n<meta property=\"og:locale\" content=\"nl_NL\" \/>\n<meta property=\"og:type\" content=\"article\" \/>\n<meta property=\"og:title\" content=\"Enginar - Beynur\" \/>\n<meta property=\"og:url\" content=\"https:\/\/beynur.eu\/nl\/product-2\/artisjok\/\" \/>\n<meta property=\"og:site_name\" content=\"Beynur\" \/>\n<meta property=\"article:modified_time\" content=\"2026-03-12T11:08:30+00:00\" \/>\n<meta property=\"og:image\" content=\"https:\/\/beynur.eu\/wp-content\/uploads\/2021\/10\/Enginar-1024x1024.png\" \/>\n\t<meta property=\"og:image:width\" content=\"1024\" \/>\n\t<meta property=\"og:image:height\" content=\"1024\" \/>\n\t<meta property=\"og:image:type\" content=\"image\/png\" \/>\n<meta name=\"twitter:card\" content=\"summary_large_image\" \/>\n<script type=\"application\/ld+json\" class=\"yoast-schema-graph\">{\"@context\":\"https:\/\/schema.org\",\"@graph\":[{\"@type\":\"WebPage\",\"@id\":\"https:\/\/beynur.eu\/urun\/enginar\/\",\"url\":\"https:\/\/beynur.eu\/urun\/enginar\/\",\"name\":\"Enginar - Beynur\",\"isPartOf\":{\"@id\":\"https:\/\/beynur.eu\/#website\"},\"primaryImageOfPage\":{\"@id\":\"https:\/\/beynur.eu\/urun\/enginar\/#primaryimage\"},\"image\":{\"@id\":\"https:\/\/beynur.eu\/urun\/enginar\/#primaryimage\"},\"thumbnailUrl\":\"https:\/\/beynur.eu\/wp-content\/uploads\/2021\/10\/Enginar.png\",\"datePublished\":\"2021-10-26T10:45:58+00:00\",\"dateModified\":\"2026-03-12T11:08:30+00:00\",\"breadcrumb\":{\"@id\":\"https:\/\/beynur.eu\/urun\/enginar\/#breadcrumb\"},\"inLanguage\":\"nl-NL\",\"potentialAction\":[{\"@type\":\"ReadAction\",\"target\":[\"https:\/\/beynur.eu\/urun\/enginar\/\"]}]},{\"@type\":\"ImageObject\",\"inLanguage\":\"nl-NL\",\"@id\":\"https:\/\/beynur.eu\/urun\/enginar\/#primaryimage\",\"url\":\"https:\/\/beynur.eu\/wp-content\/uploads\/2021\/10\/Enginar.png\",\"contentUrl\":\"https:\/\/beynur.eu\/wp-content\/uploads\/2021\/10\/Enginar.png\",\"width\":2000,\"height\":2000},{\"@type\":\"BreadcrumbList\",\"@id\":\"https:\/\/beynur.eu\/urun\/enginar\/#breadcrumb\",\"itemListElement\":[{\"@type\":\"ListItem\",\"position\":1,\"name\":\"Home\",\"item\":\"https:\/\/beynur.eu\/\"},{\"@type\":\"ListItem\",\"position\":2,\"name\":\"\u00dcr\u00fcnlerimiz\",\"item\":\"https:\/\/beynur.eu\/en\/urunlerimiz\/\"},{\"@type\":\"ListItem\",\"position\":3,\"name\":\"Enginar\"}]},{\"@type\":\"WebSite\",\"@id\":\"https:\/\/beynur.eu\/#website\",\"url\":\"https:\/\/beynur.eu\/\",\"name\":\"Beynur\",\"description\":\"\u0130lk g\u00fcnk\u00fc a\u015fkla, muhte\u015fem tatlar.\",\"potentialAction\":[{\"@type\":\"SearchAction\",\"target\":{\"@type\":\"EntryPoint\",\"urlTemplate\":\"https:\/\/beynur.eu\/?s={search_term_string}\"},\"query-input\":{\"@type\":\"PropertyValueSpecification\",\"valueRequired\":true,\"valueName\":\"search_term_string\"}}],\"inLanguage\":\"nl-NL\"}]}<\/script>\n<!-- \/ Yoast SEO plugin. -->","yoast_head_json":{"title":"Enginar - Beynur","robots":{"index":"index","follow":"follow","max-snippet":"max-snippet:-1","max-image-preview":"max-image-preview:large","max-video-preview":"max-video-preview:-1"},"canonical":"https:\/\/beynur.eu\/nl\/product-2\/artisjok\/","og_locale":"nl_NL","og_type":"article","og_title":"Enginar - Beynur","og_url":"https:\/\/beynur.eu\/nl\/product-2\/artisjok\/","og_site_name":"Beynur","article_modified_time":"2026-03-12T11:08:30+00:00","og_image":[{"width":1024,"height":1024,"url":"https:\/\/beynur.eu\/wp-content\/uploads\/2021\/10\/Enginar-1024x1024.png","type":"image\/png"}],"twitter_card":"summary_large_image","schema":{"@context":"https:\/\/schema.org","@graph":[{"@type":"WebPage","@id":"https:\/\/beynur.eu\/urun\/enginar\/","url":"https:\/\/beynur.eu\/urun\/enginar\/","name":"Enginar - Beynur","isPartOf":{"@id":"https:\/\/beynur.eu\/#website"},"primaryImageOfPage":{"@id":"https:\/\/beynur.eu\/urun\/enginar\/#primaryimage"},"image":{"@id":"https:\/\/beynur.eu\/urun\/enginar\/#primaryimage"},"thumbnailUrl":"https:\/\/beynur.eu\/wp-content\/uploads\/2021\/10\/Enginar.png","datePublished":"2021-10-26T10:45:58+00:00","dateModified":"2026-03-12T11:08:30+00:00","breadcrumb":{"@id":"https:\/\/beynur.eu\/urun\/enginar\/#breadcrumb"},"inLanguage":"nl-NL","potentialAction":[{"@type":"ReadAction","target":["https:\/\/beynur.eu\/urun\/enginar\/"]}]},{"@type":"ImageObject","inLanguage":"nl-NL","@id":"https:\/\/beynur.eu\/urun\/enginar\/#primaryimage","url":"https:\/\/beynur.eu\/wp-content\/uploads\/2021\/10\/Enginar.png","contentUrl":"https:\/\/beynur.eu\/wp-content\/uploads\/2021\/10\/Enginar.png","width":2000,"height":2000},{"@type":"BreadcrumbList","@id":"https:\/\/beynur.eu\/urun\/enginar\/#breadcrumb","itemListElement":[{"@type":"ListItem","position":1,"name":"Home","item":"https:\/\/beynur.eu\/"},{"@type":"ListItem","position":2,"name":"\u00dcr\u00fcnlerimiz","item":"https:\/\/beynur.eu\/en\/urunlerimiz\/"},{"@type":"ListItem","position":3,"name":"Enginar"}]},{"@type":"WebSite","@id":"https:\/\/beynur.eu\/#website","url":"https:\/\/beynur.eu\/","name":"Beynur","description":"\u0130lk g\u00fcnk\u00fc a\u015fkla, muhte\u015fem tatlar.","potentialAction":[{"@type":"SearchAction","target":{"@type":"EntryPoint","urlTemplate":"https:\/\/beynur.eu\/?s={search_term_string}"},"query-input":{"@type":"PropertyValueSpecification","valueRequired":true,"valueName":"search_term_string"}}],"inLanguage":"nl-NL"}]}},"_links":{"self":[{"href":"https:\/\/beynur.eu\/nl\/wp-json\/wp\/v2\/product\/846","targetHints":{"allow":["GET"]}}],"collection":[{"href":"https:\/\/beynur.eu\/nl\/wp-json\/wp\/v2\/product"}],"about":[{"href":"https:\/\/beynur.eu\/nl\/wp-json\/wp\/v2\/types\/product"}],"wp:featuredmedia":[{"embeddable":true,"href":"https:\/\/beynur.eu\/nl\/wp-json\/wp\/v2\/media\/1734"}],"wp:attachment":[{"href":"https:\/\/beynur.eu\/nl\/wp-json\/wp\/v2\/media?parent=846"}],"wp:term":[{"taxonomy":"product_brand","embeddable":true,"href":"https:\/\/beynur.eu\/nl\/wp-json\/wp\/v2\/product_brand?post=846"},{"taxonomy":"product_cat","embeddable":true,"href":"https:\/\/beynur.eu\/nl\/wp-json\/wp\/v2\/product_cat?post=846"},{"taxonomy":"product_tag","embeddable":true,"href":"https:\/\/beynur.eu\/nl\/wp-json\/wp\/v2\/product_tag?post=846"}],"curies":[{"name":"wp","href":"https:\/\/api.w.org\/{rel}","templated":true}]}}