{"id":847,"date":"2021-10-26T10:46:48","date_gmt":"2021-10-26T10:46:48","guid":{"rendered":"https:\/\/beynur.eu\/?post_type=product&#038;p=847"},"modified":"2026-04-30T14:32:57","modified_gmt":"2026-04-30T14:32:57","slug":"ispanak-bloklari","status":"publish","type":"product","link":"https:\/\/beynur.eu\/nl\/urun\/ispanak-bloklari\/","title":{"rendered":"Spinazieblokjes"},"content":{"rendered":"<p><b>Gebruiksaanbevelingen<\/b><span style=\"font-weight: 400;\"><br \/>\n<\/span><span style=\"font-weight: 400;\">Onze diepvriesspinazie is een bijzonder praktische keuze voor groentegerechten, soepen, b\u00f6rekvullingen, omeletten en verschillende eenpansgerechten. U kunt de portiespinazieblokjes direct in de pan doen en heel eenvoudig gebruiken. Samen met uien, knoflook en, naar smaak, ook met yoghurt, room of kaas kunnen lekkere gerechten worden bereid. <\/span><\/p>\n<p><span style=\"font-weight: 400;\">Ook in vleesgerechten, ovenrecepten of lichte groentegerechten met olijfolie komt de typische smaak van spinazie uitstekend tot zijn recht. De blokvorm helpt u bovendien om alleen de hoeveelheid te gebruiken die u echt nodig heeft, zonder te veel product in \u00e9\u00e9n keer te hoeven ontdooien.<\/span><\/p>\n<p><b>Bewaarinstructies<\/b><\/p>\n<ul>\n<li style=\"font-weight: 400;\" aria-level=\"1\"><span style=\"font-weight: 400;\">Het product zonder vooraf te ontdooien in het vriesvak bewaren.<\/span><\/li>\n<li style=\"font-weight: 400;\" aria-level=\"1\"><span style=\"font-weight: 400;\">\u00a0Sluit de verpakking na opening zorgvuldig af.<\/span><\/li>\n<li style=\"font-weight: 400;\" aria-level=\"1\"><span style=\"font-weight: 400;\">\u00a0Na het ontdooien niet opnieuw invriezen.<\/span><\/li>\n<li style=\"font-weight: 400;\" aria-level=\"1\"><span style=\"font-weight: 400;\">\u00a0Bewaar het product onder de aanbevolen bewaaromstandigheden.<\/span><\/li>\n<li style=\"font-weight: 400;\" aria-level=\"1\"><span style=\"font-weight: 400;\">\u00a0Niet in het vriesvak bewaren naast sterk ruikende levensmiddelen.<\/span><\/li>\n<\/ul>\n<p>&nbsp;<\/p>","protected":false},"excerpt":{"rendered":"<p><b>Diepvries-spinazieblokjes<\/b><span style=\"font-weight: 400;\"><br \/>\n<\/span><span style=\"font-weight: 400;\">Onder onze diepgevroren groenteproducten vindt u ook keukenklaar bereide spinazieblokjes. Zorgvuldig geselecteerde seizoensspinazie behoudt haar voedingswaarde, natuurlijke smaak, frisse kleur en zachte structuur en biedt u daarmee een praktische oplossing voor de dagelijkse keuken. Met dit product bespaart u zich het tijdrovende schoonmaken, wassen en snijden en kunt u uw gerechten aanzienlijk sneller bereiden.\u00a0<\/span><\/p>\n<p><span style=\"font-weight: 400;\">Dankzij de blokvorm kunt u precies de hoeveelheid nemen die u op dat moment nodig heeft en de porties bijzonder eenvoudig aanpassen. Ons onder hygi\u00ebnische omstandigheden diepgevroren en verpakte product brengt de geliefde smaak van spinazie samen met natuurlijkheid en praktisch gebruiksgemak direct op uw tafel.<\/span><\/p>","protected":false},"featured_media":1687,"template":"","meta":[],"product_brand":[],"product_cat":[36],"product_tag":[],"class_list":{"0":"post-847","1":"product","2":"type-product","3":"status-publish","4":"has-post-thumbnail","6":"product_cat-dondurulmus-sebze-urunleri","8":"first","9":"instock","10":"shipping-taxable","11":"product-type-simple"},"yoast_head":"<!-- This site is optimized with the Yoast SEO plugin v26.8 - https:\/\/yoast.com\/product\/yoast-seo-wordpress\/ -->\n<title>Ispanak Bloklar\u0131 - Beynur<\/title>\n<meta name=\"robots\" content=\"index, follow, max-snippet:-1, max-image-preview:large, max-video-preview:-1\" \/>\n<link rel=\"canonical\" href=\"https:\/\/beynur.eu\/nl\/product-2\/ispanak-bloklari\/\" \/>\n<meta property=\"og:locale\" content=\"nl_NL\" \/>\n<meta property=\"og:type\" content=\"article\" \/>\n<meta property=\"og:title\" content=\"Ispanak Bloklar\u0131 - Beynur\" \/>\n<meta property=\"og:description\" content=\"Dondurulmu\u015f Ispanak Bloklar\u0131 Dondurulmu\u015f sebze \u00fcr\u00fcnlerimizin aras\u0131nda pi\u015firmeye haz\u0131r hale getirilmi\u015f \u0131spanak bloklar\u0131 da yer al\u0131yor. Mevsiminde \u00f6zenle se\u00e7ilen \u0131spanaklar; besin de\u011ferini, do\u011fal lezzetini, canl\u0131 rengini ve yumu\u015fak dokusunu koruyarak mutfa\u011f\u0131n\u0131za pratik bir \u00e7\u00f6z\u00fcm sunuyor. Bu \u00fcr\u00fcn\u00fcm\u00fczle ay\u0131klama, y\u0131kama ve do\u011frama zahmetinden kurtulacak, yemeklerinizi \u00e7ok daha h\u0131zl\u0131 haz\u0131rlayabileceksiniz.\u00a0  \u00dcr\u00fcn\u00fcm\u00fczdeki blok formu sayesinde ihtiyac\u0131n\u0131z kadar kullanabilir, porsiyon ayar\u0131n\u0131 daha kolay yapabilirsiniz. Hijyenik \u015fartlarda dondurulup paketlenen \u0131spanak bloklar\u0131, sevilen lezzeti do\u011fall\u0131k ve kullan\u0131m kolayl\u0131\u011f\u0131yla sofralar\u0131n\u0131za getiriyor.\" \/>\n<meta property=\"og:url\" content=\"https:\/\/beynur.eu\/nl\/product-2\/ispanak-bloklari\/\" \/>\n<meta property=\"og:site_name\" content=\"Beynur\" \/>\n<meta property=\"article:modified_time\" content=\"2026-04-30T14:32:57+00:00\" \/>\n<meta property=\"og:image\" content=\"https:\/\/beynur.eu\/wp-content\/uploads\/2021\/10\/ispanak-bloklari.jpg\" \/>\n\t<meta property=\"og:image:width\" content=\"1500\" \/>\n\t<meta property=\"og:image:height\" content=\"1500\" \/>\n\t<meta property=\"og:image:type\" content=\"image\/jpeg\" \/>\n<meta name=\"twitter:card\" content=\"summary_large_image\" \/>\n<meta name=\"twitter:label1\" content=\"Verwachte leestijd\" \/>\n\t<meta name=\"twitter:data1\" content=\"1 minuut\" \/>\n<script type=\"application\/ld+json\" class=\"yoast-schema-graph\">{\"@context\":\"https:\/\/schema.org\",\"@graph\":[{\"@type\":\"WebPage\",\"@id\":\"https:\/\/beynur.eu\/urun\/ispanak-bloklari\/\",\"url\":\"https:\/\/beynur.eu\/urun\/ispanak-bloklari\/\",\"name\":\"Ispanak Bloklar\u0131 - Beynur\",\"isPartOf\":{\"@id\":\"https:\/\/beynur.eu\/#website\"},\"primaryImageOfPage\":{\"@id\":\"https:\/\/beynur.eu\/urun\/ispanak-bloklari\/#primaryimage\"},\"image\":{\"@id\":\"https:\/\/beynur.eu\/urun\/ispanak-bloklari\/#primaryimage\"},\"thumbnailUrl\":\"https:\/\/beynur.eu\/wp-content\/uploads\/2021\/10\/ispanak-bloklari.jpg\",\"datePublished\":\"2021-10-26T10:46:48+00:00\",\"dateModified\":\"2026-04-30T14:32:57+00:00\",\"breadcrumb\":{\"@id\":\"https:\/\/beynur.eu\/urun\/ispanak-bloklari\/#breadcrumb\"},\"inLanguage\":\"nl-NL\",\"potentialAction\":[{\"@type\":\"ReadAction\",\"target\":[\"https:\/\/beynur.eu\/urun\/ispanak-bloklari\/\"]}]},{\"@type\":\"ImageObject\",\"inLanguage\":\"nl-NL\",\"@id\":\"https:\/\/beynur.eu\/urun\/ispanak-bloklari\/#primaryimage\",\"url\":\"https:\/\/beynur.eu\/wp-content\/uploads\/2021\/10\/ispanak-bloklari.jpg\",\"contentUrl\":\"https:\/\/beynur.eu\/wp-content\/uploads\/2021\/10\/ispanak-bloklari.jpg\",\"width\":1500,\"height\":1500},{\"@type\":\"BreadcrumbList\",\"@id\":\"https:\/\/beynur.eu\/urun\/ispanak-bloklari\/#breadcrumb\",\"itemListElement\":[{\"@type\":\"ListItem\",\"position\":1,\"name\":\"Home\",\"item\":\"https:\/\/beynur.eu\/\"},{\"@type\":\"ListItem\",\"position\":2,\"name\":\"\u00dcr\u00fcnlerimiz\",\"item\":\"https:\/\/beynur.eu\/en\/urunlerimiz\/\"},{\"@type\":\"ListItem\",\"position\":3,\"name\":\"Ispanak Bloklar\u0131\"}]},{\"@type\":\"WebSite\",\"@id\":\"https:\/\/beynur.eu\/#website\",\"url\":\"https:\/\/beynur.eu\/\",\"name\":\"Beynur\",\"description\":\"\u0130lk g\u00fcnk\u00fc a\u015fkla, muhte\u015fem tatlar.\",\"potentialAction\":[{\"@type\":\"SearchAction\",\"target\":{\"@type\":\"EntryPoint\",\"urlTemplate\":\"https:\/\/beynur.eu\/?s={search_term_string}\"},\"query-input\":{\"@type\":\"PropertyValueSpecification\",\"valueRequired\":true,\"valueName\":\"search_term_string\"}}],\"inLanguage\":\"nl-NL\"}]}<\/script>\n<!-- \/ Yoast SEO plugin. -->","yoast_head_json":{"title":"Ispanak Bloklar\u0131 - Beynur","robots":{"index":"index","follow":"follow","max-snippet":"max-snippet:-1","max-image-preview":"max-image-preview:large","max-video-preview":"max-video-preview:-1"},"canonical":"https:\/\/beynur.eu\/nl\/product-2\/ispanak-bloklari\/","og_locale":"nl_NL","og_type":"article","og_title":"Ispanak Bloklar\u0131 - Beynur","og_description":"Dondurulmu\u015f Ispanak Bloklar\u0131 Dondurulmu\u015f sebze \u00fcr\u00fcnlerimizin aras\u0131nda pi\u015firmeye haz\u0131r hale getirilmi\u015f \u0131spanak bloklar\u0131 da yer al\u0131yor. Mevsiminde \u00f6zenle se\u00e7ilen \u0131spanaklar; besin de\u011ferini, do\u011fal lezzetini, canl\u0131 rengini ve yumu\u015fak dokusunu koruyarak mutfa\u011f\u0131n\u0131za pratik bir \u00e7\u00f6z\u00fcm sunuyor. Bu \u00fcr\u00fcn\u00fcm\u00fczle ay\u0131klama, y\u0131kama ve do\u011frama zahmetinden kurtulacak, yemeklerinizi \u00e7ok daha h\u0131zl\u0131 haz\u0131rlayabileceksiniz.\u00a0  \u00dcr\u00fcn\u00fcm\u00fczdeki blok formu sayesinde ihtiyac\u0131n\u0131z kadar kullanabilir, porsiyon ayar\u0131n\u0131 daha kolay yapabilirsiniz. Hijyenik \u015fartlarda dondurulup paketlenen \u0131spanak bloklar\u0131, sevilen lezzeti do\u011fall\u0131k ve kullan\u0131m kolayl\u0131\u011f\u0131yla sofralar\u0131n\u0131za getiriyor.","og_url":"https:\/\/beynur.eu\/nl\/product-2\/ispanak-bloklari\/","og_site_name":"Beynur","article_modified_time":"2026-04-30T14:32:57+00:00","og_image":[{"width":1500,"height":1500,"url":"https:\/\/beynur.eu\/wp-content\/uploads\/2021\/10\/ispanak-bloklari.jpg","type":"image\/jpeg"}],"twitter_card":"summary_large_image","twitter_misc":{"Verwachte leestijd":"1 minuut"},"schema":{"@context":"https:\/\/schema.org","@graph":[{"@type":"WebPage","@id":"https:\/\/beynur.eu\/urun\/ispanak-bloklari\/","url":"https:\/\/beynur.eu\/urun\/ispanak-bloklari\/","name":"Ispanak Bloklar\u0131 - Beynur","isPartOf":{"@id":"https:\/\/beynur.eu\/#website"},"primaryImageOfPage":{"@id":"https:\/\/beynur.eu\/urun\/ispanak-bloklari\/#primaryimage"},"image":{"@id":"https:\/\/beynur.eu\/urun\/ispanak-bloklari\/#primaryimage"},"thumbnailUrl":"https:\/\/beynur.eu\/wp-content\/uploads\/2021\/10\/ispanak-bloklari.jpg","datePublished":"2021-10-26T10:46:48+00:00","dateModified":"2026-04-30T14:32:57+00:00","breadcrumb":{"@id":"https:\/\/beynur.eu\/urun\/ispanak-bloklari\/#breadcrumb"},"inLanguage":"nl-NL","potentialAction":[{"@type":"ReadAction","target":["https:\/\/beynur.eu\/urun\/ispanak-bloklari\/"]}]},{"@type":"ImageObject","inLanguage":"nl-NL","@id":"https:\/\/beynur.eu\/urun\/ispanak-bloklari\/#primaryimage","url":"https:\/\/beynur.eu\/wp-content\/uploads\/2021\/10\/ispanak-bloklari.jpg","contentUrl":"https:\/\/beynur.eu\/wp-content\/uploads\/2021\/10\/ispanak-bloklari.jpg","width":1500,"height":1500},{"@type":"BreadcrumbList","@id":"https:\/\/beynur.eu\/urun\/ispanak-bloklari\/#breadcrumb","itemListElement":[{"@type":"ListItem","position":1,"name":"Home","item":"https:\/\/beynur.eu\/"},{"@type":"ListItem","position":2,"name":"\u00dcr\u00fcnlerimiz","item":"https:\/\/beynur.eu\/en\/urunlerimiz\/"},{"@type":"ListItem","position":3,"name":"Ispanak Bloklar\u0131"}]},{"@type":"WebSite","@id":"https:\/\/beynur.eu\/#website","url":"https:\/\/beynur.eu\/","name":"Beynur","description":"\u0130lk g\u00fcnk\u00fc a\u015fkla, muhte\u015fem tatlar.","potentialAction":[{"@type":"SearchAction","target":{"@type":"EntryPoint","urlTemplate":"https:\/\/beynur.eu\/?s={search_term_string}"},"query-input":{"@type":"PropertyValueSpecification","valueRequired":true,"valueName":"search_term_string"}}],"inLanguage":"nl-NL"}]}},"_links":{"self":[{"href":"https:\/\/beynur.eu\/nl\/wp-json\/wp\/v2\/product\/847","targetHints":{"allow":["GET"]}}],"collection":[{"href":"https:\/\/beynur.eu\/nl\/wp-json\/wp\/v2\/product"}],"about":[{"href":"https:\/\/beynur.eu\/nl\/wp-json\/wp\/v2\/types\/product"}],"wp:featuredmedia":[{"embeddable":true,"href":"https:\/\/beynur.eu\/nl\/wp-json\/wp\/v2\/media\/1687"}],"wp:attachment":[{"href":"https:\/\/beynur.eu\/nl\/wp-json\/wp\/v2\/media?parent=847"}],"wp:term":[{"taxonomy":"product_brand","embeddable":true,"href":"https:\/\/beynur.eu\/nl\/wp-json\/wp\/v2\/product_brand?post=847"},{"taxonomy":"product_cat","embeddable":true,"href":"https:\/\/beynur.eu\/nl\/wp-json\/wp\/v2\/product_cat?post=847"},{"taxonomy":"product_tag","embeddable":true,"href":"https:\/\/beynur.eu\/nl\/wp-json\/wp\/v2\/product_tag?post=847"}],"curies":[{"name":"wp","href":"https:\/\/api.w.org\/{rel}","templated":true}]}}