{"id":848,"date":"2021-10-26T10:47:45","date_gmt":"2021-10-26T10:47:45","guid":{"rendered":"https:\/\/beynur.eu\/?post_type=product&#038;p=848"},"modified":"2026-04-29T11:19:47","modified_gmt":"2026-04-29T11:19:47","slug":"molokhia","status":"publish","type":"product","link":"https:\/\/beynur.eu\/nl\/urun\/muhliye\/","title":{"rendered":"Molochia"},"content":{"rendered":"<p><b>Dondurulmu\u015f M\u00fchliye<\/b><b><br \/>\n<\/b><span style=\"font-weight: 400;\">Dondurulmu\u015f sebze \u00fcr\u00fcnlerimizin aras\u0131nda pi\u015firmeye haz\u0131r hale getirilmi\u015f m\u00fchliye de yer al\u0131yor. Mevsiminde \u00f6zenle se\u00e7ilen m\u00fchliye; do\u011fal lezzetini, kendine \u00f6zg\u00fc yap\u0131s\u0131n\u0131 ve besleyici niteli\u011fini koruyarak mutfa\u011f\u0131n\u0131za pratik bir \u00e7\u00f6z\u00fcm sunuyor. Bu \u00fcr\u00fcn\u00fcm\u00fczle ay\u0131klama, temizleme ve haz\u0131rl\u0131k zahmetinden kurtulacak, yemeklerinizi \u00e7ok daha h\u0131zl\u0131 ve kolay bir \u015fekilde haz\u0131rlayabileceksiniz.\u00a0<\/span><\/p>\n<p><span style=\"font-weight: 400;\">M\u00fchliye, kendine has aromas\u0131 ve geleneksel mutfaktaki \u00f6zel yeriyle sevilen bir sebzedir. Hijyenik \u015fartlarda dondurulup paketlenen \u00fcr\u00fcn\u00fcm\u00fcz, bu tan\u0131d\u0131k lezzeti do\u011fall\u0131k ve kullan\u0131m kolayl\u0131\u011f\u0131yla sofralar\u0131n\u0131za getiriyor.<\/span><\/p>\n<p><b>Gebruiksaanbevelingen<\/b><b><br \/>\n<\/b><span style=\"font-weight: 400;\">Dondurulmu\u015f m\u00fchliye; etli yemeklerde, tavuklu tariflerde, sulu tencere yemeklerinde ve geleneksel sebze yemeklerinde olduk\u00e7a pratik bir tercih sunuyor. \u00dcr\u00fcn\u00fc do\u011frudan tencereye ekleyerek kolayca kullanabilirsiniz. So\u011fan, domates, sar\u0131msak ve iste\u011fe g\u00f6re limonla bir araya getirerek lezzetli tarifler haz\u0131rlayabilirsiniz. Et suyu ya da tavuk suyuyla pi\u015firerek daha yo\u011fun ve dengeli bir tat elde edebilirsiniz. Ayr\u0131ca g\u00fcnl\u00fck \u00f6\u011f\u00fcnlerde, klasik ev yemeklerinde ve y\u00f6resel tariflerde de rahatl\u0131kla de\u011ferlendirebilirsiniz.<\/span><\/p>\n<p><b>Bewaarinstructies<\/b><b><br \/>\n<\/b><span style=\"font-weight: 400;\">Het product zonder vooraf te ontdooien in het vriesvak bewaren.<\/span><span style=\"font-weight: 400;\"><br \/>\n<\/span><span style=\"font-weight: 400;\">Sluit de verpakking na opening zorgvuldig af.<\/span><span style=\"font-weight: 400;\"><br \/>\n<\/span><span style=\"font-weight: 400;\">Na het ontdooien niet opnieuw invriezen.<\/span><span style=\"font-weight: 400;\"><br \/>\n<\/span><span style=\"font-weight: 400;\">Bewaar het product onder de aanbevolen bewaaromstandigheden.<\/span><span style=\"font-weight: 400;\"><br \/>\n<\/span><span style=\"font-weight: 400;\">Niet in het vriesvak bewaren naast sterk ruikende levensmiddelen.<\/span><\/p>","protected":false},"excerpt":{"rendered":"<p>Dondurulmu\u015f M\u00fchliye Dondurulmu\u015f sebze \u00fcr\u00fcnlerimizin aras\u0131nda pi\u015firmeye haz\u0131r hale getirilmi\u015f m\u00fchliye de yer al\u0131yor. Mevsiminde \u00f6zenle se\u00e7ilen m\u00fchliye; do\u011fal lezzetini, kendine \u00f6zg\u00fc yap\u0131s\u0131n\u0131 ve besleyici niteli\u011fini<span class=\"excerpt-hellip\"> [\u2026]<\/span><\/p>\n","protected":false},"featured_media":1735,"template":"","meta":[],"product_brand":[],"product_cat":[36],"product_tag":[],"class_list":{"0":"post-848","1":"product","2":"type-product","3":"status-publish","4":"has-post-thumbnail","6":"product_cat-dondurulmus-sebze-urunleri","8":"first","9":"instock","10":"shipping-taxable","11":"product-type-simple"},"yoast_head":"<!-- This site is optimized with the Yoast SEO plugin v26.8 - https:\/\/yoast.com\/product\/yoast-seo-wordpress\/ -->\n<title>Muhliye - Beynur<\/title>\n<meta name=\"robots\" content=\"index, follow, max-snippet:-1, max-image-preview:large, max-video-preview:-1\" \/>\n<link rel=\"canonical\" href=\"https:\/\/beynur.eu\/nl\/product-2\/molokhia\/\" \/>\n<meta property=\"og:locale\" content=\"nl_NL\" \/>\n<meta property=\"og:type\" content=\"article\" \/>\n<meta property=\"og:title\" content=\"Muhliye - Beynur\" \/>\n<meta property=\"og:description\" content=\"Dondurulmu\u015f M\u00fchliye Dondurulmu\u015f sebze \u00fcr\u00fcnlerimizin aras\u0131nda pi\u015firmeye haz\u0131r hale getirilmi\u015f m\u00fchliye de yer al\u0131yor. Mevsiminde \u00f6zenle se\u00e7ilen m\u00fchliye; do\u011fal lezzetini, kendine \u00f6zg\u00fc yap\u0131s\u0131n\u0131 ve besleyici niteli\u011fini [\u2026]\" \/>\n<meta property=\"og:url\" content=\"https:\/\/beynur.eu\/nl\/product-2\/molokhia\/\" \/>\n<meta property=\"og:site_name\" content=\"Beynur\" \/>\n<meta property=\"article:modified_time\" content=\"2026-04-29T11:19:47+00:00\" \/>\n<meta property=\"og:image\" content=\"https:\/\/beynur.eu\/wp-content\/uploads\/2021\/10\/Molokhia-1024x1024.png\" \/>\n\t<meta property=\"og:image:width\" content=\"1024\" \/>\n\t<meta property=\"og:image:height\" content=\"1024\" \/>\n\t<meta property=\"og:image:type\" content=\"image\/png\" \/>\n<meta name=\"twitter:card\" content=\"summary_large_image\" \/>\n<meta name=\"twitter:label1\" content=\"Verwachte leestijd\" \/>\n\t<meta name=\"twitter:data1\" content=\"1 minuut\" \/>\n<script type=\"application\/ld+json\" class=\"yoast-schema-graph\">{\"@context\":\"https:\/\/schema.org\",\"@graph\":[{\"@type\":\"WebPage\",\"@id\":\"https:\/\/beynur.eu\/urun\/muhliye\/\",\"url\":\"https:\/\/beynur.eu\/urun\/muhliye\/\",\"name\":\"Muhliye - Beynur\",\"isPartOf\":{\"@id\":\"https:\/\/beynur.eu\/#website\"},\"primaryImageOfPage\":{\"@id\":\"https:\/\/beynur.eu\/urun\/muhliye\/#primaryimage\"},\"image\":{\"@id\":\"https:\/\/beynur.eu\/urun\/muhliye\/#primaryimage\"},\"thumbnailUrl\":\"https:\/\/beynur.eu\/wp-content\/uploads\/2021\/10\/Molokhia.png\",\"datePublished\":\"2021-10-26T10:47:45+00:00\",\"dateModified\":\"2026-04-29T11:19:47+00:00\",\"breadcrumb\":{\"@id\":\"https:\/\/beynur.eu\/urun\/muhliye\/#breadcrumb\"},\"inLanguage\":\"nl-NL\",\"potentialAction\":[{\"@type\":\"ReadAction\",\"target\":[\"https:\/\/beynur.eu\/urun\/muhliye\/\"]}]},{\"@type\":\"ImageObject\",\"inLanguage\":\"nl-NL\",\"@id\":\"https:\/\/beynur.eu\/urun\/muhliye\/#primaryimage\",\"url\":\"https:\/\/beynur.eu\/wp-content\/uploads\/2021\/10\/Molokhia.png\",\"contentUrl\":\"https:\/\/beynur.eu\/wp-content\/uploads\/2021\/10\/Molokhia.png\",\"width\":2000,\"height\":2000},{\"@type\":\"BreadcrumbList\",\"@id\":\"https:\/\/beynur.eu\/urun\/muhliye\/#breadcrumb\",\"itemListElement\":[{\"@type\":\"ListItem\",\"position\":1,\"name\":\"Home\",\"item\":\"https:\/\/beynur.eu\/\"},{\"@type\":\"ListItem\",\"position\":2,\"name\":\"\u00dcr\u00fcnlerimiz\",\"item\":\"https:\/\/beynur.eu\/en\/urunlerimiz\/\"},{\"@type\":\"ListItem\",\"position\":3,\"name\":\"Muhliye\"}]},{\"@type\":\"WebSite\",\"@id\":\"https:\/\/beynur.eu\/#website\",\"url\":\"https:\/\/beynur.eu\/\",\"name\":\"Beynur\",\"description\":\"\u0130lk g\u00fcnk\u00fc a\u015fkla, muhte\u015fem tatlar.\",\"potentialAction\":[{\"@type\":\"SearchAction\",\"target\":{\"@type\":\"EntryPoint\",\"urlTemplate\":\"https:\/\/beynur.eu\/?s={search_term_string}\"},\"query-input\":{\"@type\":\"PropertyValueSpecification\",\"valueRequired\":true,\"valueName\":\"search_term_string\"}}],\"inLanguage\":\"nl-NL\"}]}<\/script>\n<!-- \/ Yoast SEO plugin. -->","yoast_head_json":{"title":"Muhliye - Beynur","robots":{"index":"index","follow":"follow","max-snippet":"max-snippet:-1","max-image-preview":"max-image-preview:large","max-video-preview":"max-video-preview:-1"},"canonical":"https:\/\/beynur.eu\/nl\/product-2\/molokhia\/","og_locale":"nl_NL","og_type":"article","og_title":"Muhliye - Beynur","og_description":"Dondurulmu\u015f M\u00fchliye Dondurulmu\u015f sebze \u00fcr\u00fcnlerimizin aras\u0131nda pi\u015firmeye haz\u0131r hale getirilmi\u015f m\u00fchliye de yer al\u0131yor. Mevsiminde \u00f6zenle se\u00e7ilen m\u00fchliye; do\u011fal lezzetini, kendine \u00f6zg\u00fc yap\u0131s\u0131n\u0131 ve besleyici niteli\u011fini [\u2026]","og_url":"https:\/\/beynur.eu\/nl\/product-2\/molokhia\/","og_site_name":"Beynur","article_modified_time":"2026-04-29T11:19:47+00:00","og_image":[{"width":1024,"height":1024,"url":"https:\/\/beynur.eu\/wp-content\/uploads\/2021\/10\/Molokhia-1024x1024.png","type":"image\/png"}],"twitter_card":"summary_large_image","twitter_misc":{"Verwachte leestijd":"1 minuut"},"schema":{"@context":"https:\/\/schema.org","@graph":[{"@type":"WebPage","@id":"https:\/\/beynur.eu\/urun\/muhliye\/","url":"https:\/\/beynur.eu\/urun\/muhliye\/","name":"Muhliye - Beynur","isPartOf":{"@id":"https:\/\/beynur.eu\/#website"},"primaryImageOfPage":{"@id":"https:\/\/beynur.eu\/urun\/muhliye\/#primaryimage"},"image":{"@id":"https:\/\/beynur.eu\/urun\/muhliye\/#primaryimage"},"thumbnailUrl":"https:\/\/beynur.eu\/wp-content\/uploads\/2021\/10\/Molokhia.png","datePublished":"2021-10-26T10:47:45+00:00","dateModified":"2026-04-29T11:19:47+00:00","breadcrumb":{"@id":"https:\/\/beynur.eu\/urun\/muhliye\/#breadcrumb"},"inLanguage":"nl-NL","potentialAction":[{"@type":"ReadAction","target":["https:\/\/beynur.eu\/urun\/muhliye\/"]}]},{"@type":"ImageObject","inLanguage":"nl-NL","@id":"https:\/\/beynur.eu\/urun\/muhliye\/#primaryimage","url":"https:\/\/beynur.eu\/wp-content\/uploads\/2021\/10\/Molokhia.png","contentUrl":"https:\/\/beynur.eu\/wp-content\/uploads\/2021\/10\/Molokhia.png","width":2000,"height":2000},{"@type":"BreadcrumbList","@id":"https:\/\/beynur.eu\/urun\/muhliye\/#breadcrumb","itemListElement":[{"@type":"ListItem","position":1,"name":"Home","item":"https:\/\/beynur.eu\/"},{"@type":"ListItem","position":2,"name":"\u00dcr\u00fcnlerimiz","item":"https:\/\/beynur.eu\/en\/urunlerimiz\/"},{"@type":"ListItem","position":3,"name":"Muhliye"}]},{"@type":"WebSite","@id":"https:\/\/beynur.eu\/#website","url":"https:\/\/beynur.eu\/","name":"Beynur","description":"\u0130lk g\u00fcnk\u00fc a\u015fkla, muhte\u015fem tatlar.","potentialAction":[{"@type":"SearchAction","target":{"@type":"EntryPoint","urlTemplate":"https:\/\/beynur.eu\/?s={search_term_string}"},"query-input":{"@type":"PropertyValueSpecification","valueRequired":true,"valueName":"search_term_string"}}],"inLanguage":"nl-NL"}]}},"_links":{"self":[{"href":"https:\/\/beynur.eu\/nl\/wp-json\/wp\/v2\/product\/848","targetHints":{"allow":["GET"]}}],"collection":[{"href":"https:\/\/beynur.eu\/nl\/wp-json\/wp\/v2\/product"}],"about":[{"href":"https:\/\/beynur.eu\/nl\/wp-json\/wp\/v2\/types\/product"}],"wp:featuredmedia":[{"embeddable":true,"href":"https:\/\/beynur.eu\/nl\/wp-json\/wp\/v2\/media\/1735"}],"wp:attachment":[{"href":"https:\/\/beynur.eu\/nl\/wp-json\/wp\/v2\/media?parent=848"}],"wp:term":[{"taxonomy":"product_brand","embeddable":true,"href":"https:\/\/beynur.eu\/nl\/wp-json\/wp\/v2\/product_brand?post=848"},{"taxonomy":"product_cat","embeddable":true,"href":"https:\/\/beynur.eu\/nl\/wp-json\/wp\/v2\/product_cat?post=848"},{"taxonomy":"product_tag","embeddable":true,"href":"https:\/\/beynur.eu\/nl\/wp-json\/wp\/v2\/product_tag?post=848"}],"curies":[{"name":"wp","href":"https:\/\/api.w.org\/{rel}","templated":true}]}}