{"id":871,"date":"2021-12-07T16:46:55","date_gmt":"2021-12-07T16:46:55","guid":{"rendered":"https:\/\/beynur.eu\/?post_type=product&#038;p=871"},"modified":"2026-04-30T13:02:03","modified_gmt":"2026-04-30T13:02:03","slug":"crispy-finger-chicken-28-stuks","status":"publish","type":"product","link":"https:\/\/beynur.eu\/nl\/urun\/citir-parmak-tavuk\/","title":{"rendered":"Krokante Kipvingers"},"content":{"rendered":"<p><b>Gebruiksaanbevelingen<\/b><b><br \/>\n<\/b><span style=\"font-weight: 400;\">Beynur knapperige chicken fingers kunnen in korte tijd in hete olie worden bereid. U kunt het product zonder vooraf te ontdooien garen en praktisch serveren. Samen met friet, salade, verschillende dips of groentebijgerechten kunnen gevarieerde en vullende maaltijden worden samengesteld. Dankzij hun handzame vorm zijn ze ook ideaal voor kindermenu\u2019s, snackschotels en snelle maaltijden.<\/span><\/p>\n<p><b>Bewaarinstructies<\/b><\/p>\n<ul>\n<li style=\"font-weight: 400;\" aria-level=\"1\"><span style=\"font-weight: 400;\">Het product zonder vooraf te ontdooien in het vriesvak bewaren.<\/span><\/li>\n<li style=\"font-weight: 400;\" aria-level=\"1\"><span style=\"font-weight: 400;\">Sluit de verpakking na opening zorgvuldig af.<\/span><\/li>\n<li style=\"font-weight: 400;\" aria-level=\"1\"><span style=\"font-weight: 400;\">Na het ontdooien niet opnieuw invriezen.<\/span><\/li>\n<li style=\"font-weight: 400;\" aria-level=\"1\"><span style=\"font-weight: 400;\">Bewaar het product onder de aanbevolen bewaaromstandigheden.<\/span><\/li>\n<li style=\"font-weight: 400;\" aria-level=\"1\"><span style=\"font-weight: 400;\">Tot gebruik diepgevroren bewaren.<\/span><\/li>\n<li style=\"font-weight: 400;\" aria-level=\"1\"><span style=\"font-weight: 400;\">Voor het beste resultaat het product volledig tot in de kern verhitten.<\/span><\/li>\n<\/ul>\n<p>&nbsp;<\/p>","protected":false},"excerpt":{"rendered":"<p><b>Diepgevroren knapperige kipfingers<\/b><b><br \/>\n<\/b><span style=\"font-weight: 400;\">Beynur knapperige chicken fingers zijn met hun knapperige paneerlaag aan de buitenkant en malse consistentie van binnen een praktisch en lekker diepvriesproduct van kippenvlees. Op drukke dagen bieden ze een snelle oplossing als hoofdmaaltijd of als hartige snack tussendoor.\u00a0<\/span><\/p>\n<p><span style=\"font-weight: 400;\">Het product wordt gemaakt van halal geslacht kippenvlees en spreekt met zijn geliefde smaak vooral ook kinderen aan. Dankzij de snelle bereiding kan het in het dagelijks leven, voor snackschotels of voor eenvoudige maaltijden veelzijdig worden gebruikt. In elke verpakking zitten ca. 28 stuks. Elk stuk weegt ca. 18 g, het totale nettogewicht bedraagt 500 g.<\/span><\/p>","protected":false},"featured_media":1620,"template":"","meta":[],"product_brand":[],"product_cat":[18],"product_tag":[],"class_list":{"0":"post-871","1":"product","2":"type-product","3":"status-publish","4":"has-post-thumbnail","6":"product_cat-tavuk-ve-hindi-urunleri","8":"first","9":"instock","10":"shipping-taxable","11":"product-type-simple"},"yoast_head":"<!-- This site is optimized with the Yoast SEO plugin v26.8 - https:\/\/yoast.com\/product\/yoast-seo-wordpress\/ -->\n<title>\u00c7\u0131t\u0131r Parmak Tavuk - Beynur<\/title>\n<meta name=\"robots\" content=\"index, follow, max-snippet:-1, max-image-preview:large, max-video-preview:-1\" \/>\n<link rel=\"canonical\" href=\"https:\/\/beynur.eu\/nl\/product-2\/crispy-finger-chicken-28-stuks\/\" \/>\n<meta property=\"og:locale\" content=\"nl_NL\" \/>\n<meta property=\"og:type\" content=\"article\" \/>\n<meta property=\"og:title\" content=\"\u00c7\u0131t\u0131r Parmak Tavuk - Beynur\" \/>\n<meta property=\"og:description\" content=\"Dondurulmu\u015f \u00c7\u0131t\u0131r Parmak Tavuk Beynur \u00c7\u0131t\u0131r Parmak Tavuk, \u00e7\u0131t\u0131r pane kaplama d\u0131\u015f\u0131yla ve yumu\u015fak i\u00e7 yap\u0131s\u0131yla hem pratik hem de lezzetli bir tavuk \u00fcr\u00fcn\u00fc. Bu dondurulmu\u015f \u00fcr\u00fcn, yo\u011fun g\u00fcnlerinizde h\u0131zl\u0131 bir ana \u00f6\u011f\u00fcn ya da keyifle t\u00fcketilebilecek bir at\u0131\u015ft\u0131rmal\u0131k olarak mutfakta b\u00fcy\u00fck kolayl\u0131k sa\u011fl\u0131yor. Helal kesim tavuk etiyle haz\u0131rlad\u0131\u011f\u0131m\u0131z bu \u00fcr\u00fcn, \u00f6zellikle \u00e7ocuklar\u0131n damak tad\u0131na hitap eden lezzetiyle \u00f6ne \u00e7\u0131k\u0131yor.\u00a0  K\u0131sa s\u00fcrede haz\u0131rlanabilmesi sayesinde g\u00fcnl\u00fck \u00f6\u011f\u00fcnlerde, at\u0131\u015ft\u0131rmal\u0131k sunumlarda ve pratik tabaklarda rahatl\u0131kla tercih edilebilirsiniz. Paket i\u00e7inde yakla\u015f\u0131k 28 adet \u00fcr\u00fcn bulunuyor. Her biri yakla\u015f\u0131k 18 g olan \u00fcr\u00fcnlerin toplam net a\u011f\u0131rl\u0131\u011f\u0131 500 gram\u0131 buluyor.\" \/>\n<meta property=\"og:url\" content=\"https:\/\/beynur.eu\/nl\/product-2\/crispy-finger-chicken-28-stuks\/\" \/>\n<meta property=\"og:site_name\" content=\"Beynur\" \/>\n<meta property=\"article:modified_time\" content=\"2026-04-30T13:02:03+00:00\" \/>\n<meta property=\"og:image\" content=\"https:\/\/beynur.eu\/wp-content\/uploads\/2020\/12\/8.png\" \/>\n\t<meta property=\"og:image:width\" content=\"1000\" \/>\n\t<meta property=\"og:image:height\" content=\"1000\" \/>\n\t<meta property=\"og:image:type\" content=\"image\/png\" \/>\n<meta name=\"twitter:card\" content=\"summary_large_image\" \/>\n<meta name=\"twitter:label1\" content=\"Verwachte leestijd\" \/>\n\t<meta name=\"twitter:data1\" content=\"1 minuut\" \/>\n<script type=\"application\/ld+json\" class=\"yoast-schema-graph\">{\"@context\":\"https:\/\/schema.org\",\"@graph\":[{\"@type\":\"WebPage\",\"@id\":\"https:\/\/beynur.eu\/urun\/citir-parmak-tavuk\/\",\"url\":\"https:\/\/beynur.eu\/urun\/citir-parmak-tavuk\/\",\"name\":\"\u00c7\u0131t\u0131r Parmak Tavuk - Beynur\",\"isPartOf\":{\"@id\":\"https:\/\/beynur.eu\/#website\"},\"primaryImageOfPage\":{\"@id\":\"https:\/\/beynur.eu\/urun\/citir-parmak-tavuk\/#primaryimage\"},\"image\":{\"@id\":\"https:\/\/beynur.eu\/urun\/citir-parmak-tavuk\/#primaryimage\"},\"thumbnailUrl\":\"https:\/\/beynur.eu\/wp-content\/uploads\/2020\/12\/8.png\",\"datePublished\":\"2021-12-07T16:46:55+00:00\",\"dateModified\":\"2026-04-30T13:02:03+00:00\",\"breadcrumb\":{\"@id\":\"https:\/\/beynur.eu\/urun\/citir-parmak-tavuk\/#breadcrumb\"},\"inLanguage\":\"nl-NL\",\"potentialAction\":[{\"@type\":\"ReadAction\",\"target\":[\"https:\/\/beynur.eu\/urun\/citir-parmak-tavuk\/\"]}]},{\"@type\":\"ImageObject\",\"inLanguage\":\"nl-NL\",\"@id\":\"https:\/\/beynur.eu\/urun\/citir-parmak-tavuk\/#primaryimage\",\"url\":\"https:\/\/beynur.eu\/wp-content\/uploads\/2020\/12\/8.png\",\"contentUrl\":\"https:\/\/beynur.eu\/wp-content\/uploads\/2020\/12\/8.png\",\"width\":1000,\"height\":1000},{\"@type\":\"BreadcrumbList\",\"@id\":\"https:\/\/beynur.eu\/urun\/citir-parmak-tavuk\/#breadcrumb\",\"itemListElement\":[{\"@type\":\"ListItem\",\"position\":1,\"name\":\"Home\",\"item\":\"https:\/\/beynur.eu\/\"},{\"@type\":\"ListItem\",\"position\":2,\"name\":\"\u00dcr\u00fcnlerimiz\",\"item\":\"https:\/\/beynur.eu\/en\/urunlerimiz\/\"},{\"@type\":\"ListItem\",\"position\":3,\"name\":\"\u00c7\u0131t\u0131r Parmak Tavuk\"}]},{\"@type\":\"WebSite\",\"@id\":\"https:\/\/beynur.eu\/#website\",\"url\":\"https:\/\/beynur.eu\/\",\"name\":\"Beynur\",\"description\":\"\u0130lk g\u00fcnk\u00fc a\u015fkla, muhte\u015fem tatlar.\",\"potentialAction\":[{\"@type\":\"SearchAction\",\"target\":{\"@type\":\"EntryPoint\",\"urlTemplate\":\"https:\/\/beynur.eu\/?s={search_term_string}\"},\"query-input\":{\"@type\":\"PropertyValueSpecification\",\"valueRequired\":true,\"valueName\":\"search_term_string\"}}],\"inLanguage\":\"nl-NL\"}]}<\/script>\n<!-- \/ Yoast SEO plugin. -->","yoast_head_json":{"title":"\u00c7\u0131t\u0131r Parmak Tavuk - Beynur","robots":{"index":"index","follow":"follow","max-snippet":"max-snippet:-1","max-image-preview":"max-image-preview:large","max-video-preview":"max-video-preview:-1"},"canonical":"https:\/\/beynur.eu\/nl\/product-2\/crispy-finger-chicken-28-stuks\/","og_locale":"nl_NL","og_type":"article","og_title":"\u00c7\u0131t\u0131r Parmak Tavuk - Beynur","og_description":"Dondurulmu\u015f \u00c7\u0131t\u0131r Parmak Tavuk Beynur \u00c7\u0131t\u0131r Parmak Tavuk, \u00e7\u0131t\u0131r pane kaplama d\u0131\u015f\u0131yla ve yumu\u015fak i\u00e7 yap\u0131s\u0131yla hem pratik hem de lezzetli bir tavuk \u00fcr\u00fcn\u00fc. Bu dondurulmu\u015f \u00fcr\u00fcn, yo\u011fun g\u00fcnlerinizde h\u0131zl\u0131 bir ana \u00f6\u011f\u00fcn ya da keyifle t\u00fcketilebilecek bir at\u0131\u015ft\u0131rmal\u0131k olarak mutfakta b\u00fcy\u00fck kolayl\u0131k sa\u011fl\u0131yor. Helal kesim tavuk etiyle haz\u0131rlad\u0131\u011f\u0131m\u0131z bu \u00fcr\u00fcn, \u00f6zellikle \u00e7ocuklar\u0131n damak tad\u0131na hitap eden lezzetiyle \u00f6ne \u00e7\u0131k\u0131yor.\u00a0  K\u0131sa s\u00fcrede haz\u0131rlanabilmesi sayesinde g\u00fcnl\u00fck \u00f6\u011f\u00fcnlerde, at\u0131\u015ft\u0131rmal\u0131k sunumlarda ve pratik tabaklarda rahatl\u0131kla tercih edilebilirsiniz. Paket i\u00e7inde yakla\u015f\u0131k 28 adet \u00fcr\u00fcn bulunuyor. Her biri yakla\u015f\u0131k 18 g olan \u00fcr\u00fcnlerin toplam net a\u011f\u0131rl\u0131\u011f\u0131 500 gram\u0131 buluyor.","og_url":"https:\/\/beynur.eu\/nl\/product-2\/crispy-finger-chicken-28-stuks\/","og_site_name":"Beynur","article_modified_time":"2026-04-30T13:02:03+00:00","og_image":[{"width":1000,"height":1000,"url":"https:\/\/beynur.eu\/wp-content\/uploads\/2020\/12\/8.png","type":"image\/png"}],"twitter_card":"summary_large_image","twitter_misc":{"Verwachte leestijd":"1 minuut"},"schema":{"@context":"https:\/\/schema.org","@graph":[{"@type":"WebPage","@id":"https:\/\/beynur.eu\/urun\/citir-parmak-tavuk\/","url":"https:\/\/beynur.eu\/urun\/citir-parmak-tavuk\/","name":"\u00c7\u0131t\u0131r Parmak Tavuk - Beynur","isPartOf":{"@id":"https:\/\/beynur.eu\/#website"},"primaryImageOfPage":{"@id":"https:\/\/beynur.eu\/urun\/citir-parmak-tavuk\/#primaryimage"},"image":{"@id":"https:\/\/beynur.eu\/urun\/citir-parmak-tavuk\/#primaryimage"},"thumbnailUrl":"https:\/\/beynur.eu\/wp-content\/uploads\/2020\/12\/8.png","datePublished":"2021-12-07T16:46:55+00:00","dateModified":"2026-04-30T13:02:03+00:00","breadcrumb":{"@id":"https:\/\/beynur.eu\/urun\/citir-parmak-tavuk\/#breadcrumb"},"inLanguage":"nl-NL","potentialAction":[{"@type":"ReadAction","target":["https:\/\/beynur.eu\/urun\/citir-parmak-tavuk\/"]}]},{"@type":"ImageObject","inLanguage":"nl-NL","@id":"https:\/\/beynur.eu\/urun\/citir-parmak-tavuk\/#primaryimage","url":"https:\/\/beynur.eu\/wp-content\/uploads\/2020\/12\/8.png","contentUrl":"https:\/\/beynur.eu\/wp-content\/uploads\/2020\/12\/8.png","width":1000,"height":1000},{"@type":"BreadcrumbList","@id":"https:\/\/beynur.eu\/urun\/citir-parmak-tavuk\/#breadcrumb","itemListElement":[{"@type":"ListItem","position":1,"name":"Home","item":"https:\/\/beynur.eu\/"},{"@type":"ListItem","position":2,"name":"\u00dcr\u00fcnlerimiz","item":"https:\/\/beynur.eu\/en\/urunlerimiz\/"},{"@type":"ListItem","position":3,"name":"\u00c7\u0131t\u0131r Parmak Tavuk"}]},{"@type":"WebSite","@id":"https:\/\/beynur.eu\/#website","url":"https:\/\/beynur.eu\/","name":"Beynur","description":"\u0130lk g\u00fcnk\u00fc a\u015fkla, muhte\u015fem tatlar.","potentialAction":[{"@type":"SearchAction","target":{"@type":"EntryPoint","urlTemplate":"https:\/\/beynur.eu\/?s={search_term_string}"},"query-input":{"@type":"PropertyValueSpecification","valueRequired":true,"valueName":"search_term_string"}}],"inLanguage":"nl-NL"}]}},"_links":{"self":[{"href":"https:\/\/beynur.eu\/nl\/wp-json\/wp\/v2\/product\/871","targetHints":{"allow":["GET"]}}],"collection":[{"href":"https:\/\/beynur.eu\/nl\/wp-json\/wp\/v2\/product"}],"about":[{"href":"https:\/\/beynur.eu\/nl\/wp-json\/wp\/v2\/types\/product"}],"wp:featuredmedia":[{"embeddable":true,"href":"https:\/\/beynur.eu\/nl\/wp-json\/wp\/v2\/media\/1620"}],"wp:attachment":[{"href":"https:\/\/beynur.eu\/nl\/wp-json\/wp\/v2\/media?parent=871"}],"wp:term":[{"taxonomy":"product_brand","embeddable":true,"href":"https:\/\/beynur.eu\/nl\/wp-json\/wp\/v2\/product_brand?post=871"},{"taxonomy":"product_cat","embeddable":true,"href":"https:\/\/beynur.eu\/nl\/wp-json\/wp\/v2\/product_cat?post=871"},{"taxonomy":"product_tag","embeddable":true,"href":"https:\/\/beynur.eu\/nl\/wp-json\/wp\/v2\/product_tag?post=871"}],"curies":[{"name":"wp","href":"https:\/\/api.w.org\/{rel}","templated":true}]}}