{"id":961,"date":"2022-06-09T20:56:32","date_gmt":"2022-06-09T20:56:32","guid":{"rendered":"https:\/\/beynur.eu\/?post_type=product&#038;p=961"},"modified":"2026-03-10T07:05:39","modified_gmt":"2026-03-10T07:05:39","slug":"pizza-salami","status":"publish","type":"product","link":"https:\/\/beynur.eu\/nl\/product-2\/pizza-salami\/","title":{"rendered":"Pizza Salami"},"content":{"rendered":"","protected":false},"excerpt":{"rendered":"<p>Beynur&#8217;un be\u011feninize sundu\u011fu Sucuklu Pizza, pizzaseverler i\u00e7in lezzetin tam anlam\u0131yla y\u00fckselen y\u0131ld\u0131z\u0131. Bu \u00fcr\u00fcn sadece tarifi imkans\u0131z lezzetiyle \u00f6ne \u00e7\u0131km\u0131yor, ayn\u0131 zamanda inan\u0131lmaz derecede kolay haz\u0131lan\u0131\u015f\u0131 ile de pizza tercihlerinin ba\u015f\u0131n\u0131 \u00e7ekiyor. Bu lezzeti tadarken dana etinden elde etti\u011fimiz sucuk ile do\u011fal peynirin olu\u015fturdu\u011fu o m\u00fckemmel ahengin fark\u0131na varacak ve bu pizzay\u0131 derin dondurucunuzdan eksik etmeyeceksiniz. B\u00f6ylelikle beklenmedik misafirlerinizi ve aniden ac\u0131kan \u00e7ocuklar\u0131n\u0131za s\u00fcrpriz yapacak, onlar\u0131 bu lezzetin tiryakisi haline getireceksiniz. Bu pizza ile b\u00fct\u00fcn \u00f6\u011f\u00fcnlerinizi zenginle\u015ftirmek art\u0131k \u00e7ok kolay.<\/p>","protected":false},"featured_media":963,"template":"","meta":[],"product_brand":[],"product_cat":[20],"product_tag":[],"class_list":{"0":"post-961","1":"product","2":"type-product","3":"status-publish","4":"has-post-thumbnail","6":"product_cat-unlu-mamuller","8":"first","9":"instock","10":"featured","11":"shipping-taxable","12":"product-type-simple"},"yoast_head":"<!-- This site is optimized with the Yoast SEO plugin v26.8 - https:\/\/yoast.com\/product\/yoast-seo-wordpress\/ -->\n<title>Pizza Salami - Beynur<\/title>\n<meta name=\"robots\" content=\"index, follow, max-snippet:-1, max-image-preview:large, max-video-preview:-1\" \/>\n<link rel=\"canonical\" href=\"https:\/\/beynur.eu\/nl\/product-2\/pizza-salami\/\" \/>\n<meta property=\"og:locale\" content=\"nl_NL\" \/>\n<meta property=\"og:type\" content=\"article\" \/>\n<meta property=\"og:title\" content=\"Pizza Salami - Beynur\" \/>\n<meta property=\"og:description\" content=\"Beynur&#039;un be\u011feninize sundu\u011fu Sucuklu Pizza, pizzaseverler i\u00e7in lezzetin tam anlam\u0131yla y\u00fckselen y\u0131ld\u0131z\u0131. Bu \u00fcr\u00fcn sadece tarifi imkans\u0131z lezzetiyle \u00f6ne \u00e7\u0131km\u0131yor, ayn\u0131 zamanda inan\u0131lmaz derecede kolay haz\u0131lan\u0131\u015f\u0131 ile de pizza tercihlerinin ba\u015f\u0131n\u0131 \u00e7ekiyor. Bu lezzeti tadarken dana etinden elde etti\u011fimiz sucuk ile do\u011fal peynirin olu\u015fturdu\u011fu o m\u00fckemmel ahengin fark\u0131na varacak ve bu pizzay\u0131 derin dondurucunuzdan eksik etmeyeceksiniz. B\u00f6ylelikle beklenmedik misafirlerinizi ve aniden ac\u0131kan \u00e7ocuklar\u0131n\u0131za s\u00fcrpriz yapacak, onlar\u0131 bu lezzetin tiryakisi haline getireceksiniz. Bu pizza ile b\u00fct\u00fcn \u00f6\u011f\u00fcnlerinizi zenginle\u015ftirmek art\u0131k \u00e7ok kolay.\" \/>\n<meta property=\"og:url\" content=\"https:\/\/beynur.eu\/nl\/product-2\/pizza-salami\/\" \/>\n<meta property=\"og:site_name\" content=\"Beynur\" \/>\n<meta property=\"article:modified_time\" content=\"2026-03-10T07:05:39+00:00\" \/>\n<meta property=\"og:image\" content=\"https:\/\/beynur.eu\/wp-content\/uploads\/2022\/06\/pizza_sucuk11.jpg\" \/>\n\t<meta property=\"og:image:width\" content=\"1000\" \/>\n\t<meta property=\"og:image:height\" content=\"1000\" \/>\n\t<meta property=\"og:image:type\" content=\"image\/jpeg\" \/>\n<meta name=\"twitter:card\" content=\"summary_large_image\" \/>\n<meta name=\"twitter:label1\" content=\"Verwachte leestijd\" \/>\n\t<meta name=\"twitter:data1\" content=\"1 minuut\" \/>\n<script type=\"application\/ld+json\" class=\"yoast-schema-graph\">{\"@context\":\"https:\/\/schema.org\",\"@graph\":[{\"@type\":\"WebPage\",\"@id\":\"https:\/\/beynur.eu\/urun\/pizza-salami\/\",\"url\":\"https:\/\/beynur.eu\/urun\/pizza-salami\/\",\"name\":\"Pizza Salami - Beynur\",\"isPartOf\":{\"@id\":\"https:\/\/beynur.eu\/#website\"},\"primaryImageOfPage\":{\"@id\":\"https:\/\/beynur.eu\/urun\/pizza-salami\/#primaryimage\"},\"image\":{\"@id\":\"https:\/\/beynur.eu\/urun\/pizza-salami\/#primaryimage\"},\"thumbnailUrl\":\"https:\/\/beynur.eu\/wp-content\/uploads\/2022\/06\/pizza_sucuk11.jpg\",\"datePublished\":\"2022-06-09T20:56:32+00:00\",\"dateModified\":\"2026-03-10T07:05:39+00:00\",\"breadcrumb\":{\"@id\":\"https:\/\/beynur.eu\/urun\/pizza-salami\/#breadcrumb\"},\"inLanguage\":\"nl-NL\",\"potentialAction\":[{\"@type\":\"ReadAction\",\"target\":[\"https:\/\/beynur.eu\/urun\/pizza-salami\/\"]}]},{\"@type\":\"ImageObject\",\"inLanguage\":\"nl-NL\",\"@id\":\"https:\/\/beynur.eu\/urun\/pizza-salami\/#primaryimage\",\"url\":\"https:\/\/beynur.eu\/wp-content\/uploads\/2022\/06\/pizza_sucuk11.jpg\",\"contentUrl\":\"https:\/\/beynur.eu\/wp-content\/uploads\/2022\/06\/pizza_sucuk11.jpg\",\"width\":1000,\"height\":1000},{\"@type\":\"BreadcrumbList\",\"@id\":\"https:\/\/beynur.eu\/urun\/pizza-salami\/#breadcrumb\",\"itemListElement\":[{\"@type\":\"ListItem\",\"position\":1,\"name\":\"Home\",\"item\":\"https:\/\/beynur.eu\/\"},{\"@type\":\"ListItem\",\"position\":2,\"name\":\"\u00dcr\u00fcnlerimiz\",\"item\":\"https:\/\/beynur.eu\/en\/urunlerimiz\/\"},{\"@type\":\"ListItem\",\"position\":3,\"name\":\"Pizza Salami\"}]},{\"@type\":\"WebSite\",\"@id\":\"https:\/\/beynur.eu\/#website\",\"url\":\"https:\/\/beynur.eu\/\",\"name\":\"Beynur\",\"description\":\"\u0130lk g\u00fcnk\u00fc a\u015fkla, muhte\u015fem tatlar.\",\"potentialAction\":[{\"@type\":\"SearchAction\",\"target\":{\"@type\":\"EntryPoint\",\"urlTemplate\":\"https:\/\/beynur.eu\/?s={search_term_string}\"},\"query-input\":{\"@type\":\"PropertyValueSpecification\",\"valueRequired\":true,\"valueName\":\"search_term_string\"}}],\"inLanguage\":\"nl-NL\"}]}<\/script>\n<!-- \/ Yoast SEO plugin. -->","yoast_head_json":{"title":"Pizza Salami - Beynur","robots":{"index":"index","follow":"follow","max-snippet":"max-snippet:-1","max-image-preview":"max-image-preview:large","max-video-preview":"max-video-preview:-1"},"canonical":"https:\/\/beynur.eu\/nl\/product-2\/pizza-salami\/","og_locale":"nl_NL","og_type":"article","og_title":"Pizza Salami - Beynur","og_description":"Beynur'un be\u011feninize sundu\u011fu Sucuklu Pizza, pizzaseverler i\u00e7in lezzetin tam anlam\u0131yla y\u00fckselen y\u0131ld\u0131z\u0131. Bu \u00fcr\u00fcn sadece tarifi imkans\u0131z lezzetiyle \u00f6ne \u00e7\u0131km\u0131yor, ayn\u0131 zamanda inan\u0131lmaz derecede kolay haz\u0131lan\u0131\u015f\u0131 ile de pizza tercihlerinin ba\u015f\u0131n\u0131 \u00e7ekiyor. Bu lezzeti tadarken dana etinden elde etti\u011fimiz sucuk ile do\u011fal peynirin olu\u015fturdu\u011fu o m\u00fckemmel ahengin fark\u0131na varacak ve bu pizzay\u0131 derin dondurucunuzdan eksik etmeyeceksiniz. B\u00f6ylelikle beklenmedik misafirlerinizi ve aniden ac\u0131kan \u00e7ocuklar\u0131n\u0131za s\u00fcrpriz yapacak, onlar\u0131 bu lezzetin tiryakisi haline getireceksiniz. Bu pizza ile b\u00fct\u00fcn \u00f6\u011f\u00fcnlerinizi zenginle\u015ftirmek art\u0131k \u00e7ok kolay.","og_url":"https:\/\/beynur.eu\/nl\/product-2\/pizza-salami\/","og_site_name":"Beynur","article_modified_time":"2026-03-10T07:05:39+00:00","og_image":[{"width":1000,"height":1000,"url":"https:\/\/beynur.eu\/wp-content\/uploads\/2022\/06\/pizza_sucuk11.jpg","type":"image\/jpeg"}],"twitter_card":"summary_large_image","twitter_misc":{"Verwachte leestijd":"1 minuut"},"schema":{"@context":"https:\/\/schema.org","@graph":[{"@type":"WebPage","@id":"https:\/\/beynur.eu\/urun\/pizza-salami\/","url":"https:\/\/beynur.eu\/urun\/pizza-salami\/","name":"Pizza Salami - Beynur","isPartOf":{"@id":"https:\/\/beynur.eu\/#website"},"primaryImageOfPage":{"@id":"https:\/\/beynur.eu\/urun\/pizza-salami\/#primaryimage"},"image":{"@id":"https:\/\/beynur.eu\/urun\/pizza-salami\/#primaryimage"},"thumbnailUrl":"https:\/\/beynur.eu\/wp-content\/uploads\/2022\/06\/pizza_sucuk11.jpg","datePublished":"2022-06-09T20:56:32+00:00","dateModified":"2026-03-10T07:05:39+00:00","breadcrumb":{"@id":"https:\/\/beynur.eu\/urun\/pizza-salami\/#breadcrumb"},"inLanguage":"nl-NL","potentialAction":[{"@type":"ReadAction","target":["https:\/\/beynur.eu\/urun\/pizza-salami\/"]}]},{"@type":"ImageObject","inLanguage":"nl-NL","@id":"https:\/\/beynur.eu\/urun\/pizza-salami\/#primaryimage","url":"https:\/\/beynur.eu\/wp-content\/uploads\/2022\/06\/pizza_sucuk11.jpg","contentUrl":"https:\/\/beynur.eu\/wp-content\/uploads\/2022\/06\/pizza_sucuk11.jpg","width":1000,"height":1000},{"@type":"BreadcrumbList","@id":"https:\/\/beynur.eu\/urun\/pizza-salami\/#breadcrumb","itemListElement":[{"@type":"ListItem","position":1,"name":"Home","item":"https:\/\/beynur.eu\/"},{"@type":"ListItem","position":2,"name":"\u00dcr\u00fcnlerimiz","item":"https:\/\/beynur.eu\/en\/urunlerimiz\/"},{"@type":"ListItem","position":3,"name":"Pizza Salami"}]},{"@type":"WebSite","@id":"https:\/\/beynur.eu\/#website","url":"https:\/\/beynur.eu\/","name":"Beynur","description":"\u0130lk g\u00fcnk\u00fc a\u015fkla, muhte\u015fem tatlar.","potentialAction":[{"@type":"SearchAction","target":{"@type":"EntryPoint","urlTemplate":"https:\/\/beynur.eu\/?s={search_term_string}"},"query-input":{"@type":"PropertyValueSpecification","valueRequired":true,"valueName":"search_term_string"}}],"inLanguage":"nl-NL"}]}},"_links":{"self":[{"href":"https:\/\/beynur.eu\/nl\/wp-json\/wp\/v2\/product\/961","targetHints":{"allow":["GET"]}}],"collection":[{"href":"https:\/\/beynur.eu\/nl\/wp-json\/wp\/v2\/product"}],"about":[{"href":"https:\/\/beynur.eu\/nl\/wp-json\/wp\/v2\/types\/product"}],"wp:featuredmedia":[{"embeddable":true,"href":"https:\/\/beynur.eu\/nl\/wp-json\/wp\/v2\/media\/963"}],"wp:attachment":[{"href":"https:\/\/beynur.eu\/nl\/wp-json\/wp\/v2\/media?parent=961"}],"wp:term":[{"taxonomy":"product_brand","embeddable":true,"href":"https:\/\/beynur.eu\/nl\/wp-json\/wp\/v2\/product_brand?post=961"},{"taxonomy":"product_cat","embeddable":true,"href":"https:\/\/beynur.eu\/nl\/wp-json\/wp\/v2\/product_cat?post=961"},{"taxonomy":"product_tag","embeddable":true,"href":"https:\/\/beynur.eu\/nl\/wp-json\/wp\/v2\/product_tag?post=961"}],"curies":[{"name":"wp","href":"https:\/\/api.w.org\/{rel}","templated":true}]}}